{"id":1237,"date":"2019-02-13T09:06:30","date_gmt":"2019-02-13T08:06:30","guid":{"rendered":"https:\/\/srs-certification.com\/?page_id=1237"},"modified":"2026-03-25T12:00:53","modified_gmt":"2026-03-25T11:00:53","slug":"datenschutzrichtlinie","status":"publish","type":"page","link":"https:\/\/srs-certification.com\/de\/datenschutzrichtlinie\/","title":{"rendered":"Datenschutzrichtlinie"},"content":{"rendered":"<p>Der Schutz Ihrer Privatsph\u00e4re und Ihrer\npers\u00f6nlichen Daten ist uns wichtig, und dies ist ein Schl\u00fcsselfaktor bei der Gestaltung und Umsetzung unserer\nunserer Aktivit\u00e4ten im Internet.<\/p>\n\n\n\n<p><strong>Verantwortung, Anwendungsbereich<\/strong><\/p>\n\n\n\n<p>Diese Datenschutzerkl\u00e4rung gilt f\u00fcr unsere Website:<br>www.srs-certification.com<br>betrieben von:<br>SRS Zertifizierung GmbH<br>Friedl\u00e4nder Weg 20<br>37085 G\u00f6ttingen<br>Deutschland<br>E-Mail: info@srscert-global.com<br>tel: +49 (0) 551- 89024542<br>(\"SRS\" oder \"wir\") als Datenverantwortlicher.<\/p>\n\n\n\n<p>Mit dieser Datenschutzerkl\u00e4rung informieren wir Sie\n\u00fcber Art, Umfang und Zwecke der Erhebung, Verarbeitung und Nutzung von\nIhrer personenbezogenen Daten beim Besuch oder der Nutzung unserer Website. Dies geschieht in\nin \u00dcbereinstimmung mit den Bestimmungen der General Data Protection Regulation\n(GDPR), des deutschen Bundesdatenschutzgesetzes (BDSG), des deutschen Telemediengesetzes\n(TMG) und anderer anwendbarer Datenschutzbestimmungen (im Folgenden gemeinsam\nunten als \"Anwendbares Datenschutzrecht\" bezeichnet).<\/p>\n\n\n\n<p><strong>Es wird keine automatische Entscheidungsfindung\/Profilierung durchgef\u00fchrt.<\/strong><\/p>\n\n\n\n<p>Umgang mit personenbezogenen Daten, Rechtsgrundlagen der Daten\nVerarbeitung<\/p>\n\n\n\n<p>Personenbezogene Daten beziehen sich auf Informationen, die\ndie zur Identifizierung einer Person verwendet werden k\u00f6nnen, d.h. Details, die zu einer Person zur\u00fcckverfolgt werden k\u00f6nnen.\nDazu geh\u00f6ren zum Beispiel der Name, die E-Mail-Adresse oder die Telefonnummer der Person.\nNummer. Personenbezogene Daten werden von SRS nur dann erhoben, verarbeitet und genutzt, wenn der Nutzer\nin die Datenerhebung eingewilligt hat oder im Falle eines anderen zul\u00e4ssigen\nUmstandes nach geltendem Datenschutzrecht.<\/p>\n\n\n\n<p>Wenn wir die Einwilligung der Nutzer f\u00fcr die Verarbeitung\nvon personenbezogenen Daten einholen, ist die Rechtsgrundlage f\u00fcr diese Datenverarbeitung Art. 6 (1) a)\nGDPR.<\/p>\n\n\n\n<p>Die Verarbeitung von personenbezogenen Daten, die wir\nf\u00fcr die Erf\u00fcllung eines Vertrages mit dem Nutzer ben\u00f6tigen, unterliegt Art. 6\n(1) b) GDPR als Rechtsgrundlage f\u00fcr die Datenverarbeitung. Dies gilt auch f\u00fcr\nVerarbeitungsvorg\u00e4nge, die die Durchf\u00fchrung vorvertraglicher Ma\u00dfnahmen erm\u00f6glichen.<\/p>\n\n\n\n<p>Wenn wir verpflichtet sind, personenbezogene Daten zu verarbeiten, um\num einer gesetzlichen Verpflichtung nachzukommen, ist die Rechtsgrundlage Art. 6 (1) c) GDPR.<\/p>\n\n\n\n<p>Dar\u00fcber hinaus k\u00f6nnen wir personenbezogene Daten auch verarbeiten, wenn\ndie Verarbeitung notwendig ist, um die lebenswichtigen Interessen des Nutzers oder einer\neiner anderen nat\u00fcrlichen Person erforderlich ist (Art. 6 (1) d) GDPR).<\/p>\n\n\n\n<p>Wenn die Verarbeitung Ihrer personenbezogenen Daten erforderlich ist\nf\u00fcr die Zwecke eines von uns oder einem Dritten verfolgten berechtigten Interesses erforderlich ist\ndas nicht durch die Interessen, Grundrechte oder Grundfreiheiten des Nutzers \u00fcberlagert wird\nGrundfreiheiten des Nutzers nicht \u00fcberwiegen, beruht die Datenverarbeitung auf Art. 6 (1) f)\nGDPR.<\/p>\n\n\n\n<p><strong>Zugangsdaten \/ Server-Protokolldateien<\/strong><\/p>\n\n\n\n<p>SRS erhebt Daten \u00fcber jeden Zugriff auf die Webseiten (so genannte Serverlogfiles). Zu den Zugriffsdaten geh\u00f6ren: Name der abgerufenen Webseite oder des Webservices, Datei, Datum und Uhrzeit des Abrufs, Browsertyp nebst Version, Betriebssystem des Nutzers, Referrer URL (die zuvor besuchte Seite), IP-Adresse, ggf. Nutzername und der anfragende Provider. SRS verwendet die Protokolldaten ausschlie\u00dflich f\u00fcr statistische Analysen und zum Zweck des Betriebs, der Sicherung und der Optimierung der Websites. Diese Daten werden nicht mit anderen Datenquellen oder anderen pers\u00f6nlichen Daten \u00fcber Sie zusammengef\u00fchrt. Das System muss die IP-Adressen vor\u00fcbergehend speichern, damit die Websites an Sie ausgeliefert werden k\u00f6nnen. Zu diesem Zweck wird die IP-Adresse f\u00fcr die Dauer der Sitzung gespeichert. Die Daten werden in Server-Protokolldateien gespeichert, um die Funktionalit\u00e4t der Websites zu gew\u00e4hrleisten. Die Daten helfen SRS auch dabei, die Websites zu optimieren und die Sicherheit der IT-Systeme zu gew\u00e4hrleisten. SRS beh\u00e4lt sich au\u00dferdem das Recht vor, die Protokolldaten nachtr\u00e4glich zu \u00fcberpr\u00fcfen, wenn konkrete Anhaltspunkte vorliegen, die den Verdacht einer rechtswidrigen Nutzung begr\u00fcnden. Diese Zwecke stellen ein berechtigtes Interesse von SRS an der Datenverarbeitung dar. Die Rechtsgrundlage hierf\u00fcr ist Art. 6 (1) f) GDPR.<\/p>\n\n\n\n<p><strong>Kontakt Einweihung<\/strong><\/p>\n\n\n\n<p>Wenn Sie mit SRS in Kontakt treten (z.B. \u00fcber ein Kontakt\nKontaktformular, Telefon oder E-Mail), werden Ihre Angaben zum Zwecke der\nBearbeitung der Anfrage sowie f\u00fcr eventuelle Anschlussfragen (Rechtsgrundlage: Art.\n6 (1) b) GDPR).<\/p>\n\n\n\n<p><strong>Kommentare und Beitr\u00e4ge<\/strong><\/p>\n\n\n\n<p>Wenn Sie Kommentare in diesem Blog hinterlassen oder\nandere Beitr\u00e4ge verfassen, wird Ihre IP-Adresse gespeichert. Dies geschieht zum Schutz von SRS f\u00fcr den Fall\nFall, dass ein Benutzer ungesetzliche Inhalte in Kommentaren und Beitr\u00e4gen ver\u00f6ffentlicht (Beleidigungen,\nverbotene politische Propaganda, usw.). In diesem Fall kann SRS selbst gerichtlich belangt werden\nSRS kann in diesem Fall selbst wegen des Kommentars oder Beitrags belangt werden und hat daher ein Interesse an der Identit\u00e4t des\ndes Verfassers zum Zwecke der Verteidigung der Klage oder der Geltendmachung von Regressanspr\u00fcchen oder kann\nsogar verpflichtet sein, diese Informationen an Dritte, Gerichte oder Beh\u00f6rden weiterzugeben.\nBeh\u00f6rden. SRS hat wiederum ein berechtigtes Interesse an diesen Zwecken, wobei die\nRechtsgrundlage ist Art. 6 (1) c) und f) GDPR.<\/p>\n\n\n\n<p><strong>Offenlegung gegen\u00fcber Dritten<\/strong><\/p>\n\n\n\n<p>Wir geben Ihre pers\u00f6nlichen Daten nur weiter an\nDritte weiter, wenn Sie Ihre Zustimmung gegeben haben oder im Falle eines anderen\nzul\u00e4ssigen Umstandes in \u00dcbereinstimmung mit dem anwendbaren Datenschutzgesetz.\nDazu geh\u00f6ren in erster Linie von uns beauftragte Dienstleister, die\ndie unseren Gesch\u00e4ftsbetrieb unterst\u00fctzen (Art. 28 GDPR). Dies betrifft z.B. Webspace\nProvider f\u00fcr den Betrieb unserer Websites oder die Weiterleitung von Rechnungs- oder\nsteuerlich relevanter Informationen an Dienstleister zum Zwecke der Rechnungsstellung und\nBuchhaltung oder Controlling. In diesen F\u00e4llen beschr\u00e4nkt sich der Umfang der\n\u00fcbermittelten Daten jedoch nur auf das zur Erreichung der mit der\nZwecke, die mit der Datenverarbeitung verfolgt werden.<\/p>\n\n\n\n<p>Wenn wir gesetzlich verpflichtet sind, bestimmte\npersonenbezogene Daten aufgrund einer gerichtlichen Entscheidung oder eines Auskunftsersuchens\nAuskunftsersuchen von Strafverfolgungs- oder Aufsichtsbeh\u00f6rden oder berechtigten Dritten\nim Zusammenhang mit einem Ermittlungsverfahren oder dem Verdacht auf eine\neiner Straftat, einer rechtswidrigen Handlung oder anderer Handlungen, die zu einer rechtlichen\nHaftung f\u00fcr Sie oder uns begr\u00fcnden k\u00f6nnen, geben wir die f\u00fcr die Untersuchung erforderlichen Daten\nErmittlungen erforderlichen Daten, wie Name, Adresse, E-Mail-Adresse oder andere relevante\nInformationen (Art. 6 (1) c) GDPR). Desgleichen behalten wir uns das Recht vor, die\nund die personenbezogenen Daten der Nutzer zu verarbeiten und zu verwenden, um Anspr\u00fcche durchzusetzen oder abzuwehren.<\/p>\n\n\n\n<p><strong>Weitergabe von Daten an L\u00e4nder au\u00dferhalb des EWR\/der EU<\/strong><\/p>\n\n\n\n<p>Personenbezogene Daten k\u00f6nnen auf diese Weise weitergegeben werden an\nDritte, die in Nicht-EWR- oder Nicht-EU-L\u00e4ndern ans\u00e4ssig sind und in denen die\nEU-Kommission kein mit der EU vergleichbares Datenschutzniveau festgelegt hat\nEU vergleichbar ist (z.B. USA). In diesem Fall stellen wir vor der Weiterleitung entweder sicher, dass ein\nein angemessenes Datenschutzniveau beim Empf\u00e4nger gew\u00e4hrleistet ist, insbesondere\nindem wir vorab Ihre Zustimmung einholen oder durch besondere Garantien (Art. 44 ff.\nseq. GDPR) sowie insbesondere die Selbstzertifizierung eines Empf\u00e4ngers mit Sitz in den\nin den USA gem\u00e4\u00df den Grunds\u00e4tzen des EU-US Privacy Shield oder\ndie Vereinbarung mit dem Empf\u00e4nger im Drittland zu den so genannten EU\nStandardvertragsklauseln. Eine Kopie der entsprechenden Garantien erhalten Sie auf\n\u00fcber die am Ende dieser Datenschutzerkl\u00e4rung angegebene E-Mail-Adresse angefordert werden.\nErkl\u00e4rung technical@srs-certification.com. Grundlegende Informationen \u00fcber die\nTeilnehmer des EU-US-Datenschutzschilds finden Sie au\u00dferdem unter\nwww.privacyshield.gov\/list; Informationen \u00fcber die EU-Standardvertragsklauseln\nStandardvertragsklauseln finden Sie hier und Informationen zu den Angemessenheitsbeschl\u00fcssen hier.<\/p>\n\n\n\n<p><strong>Integration von Inhalten und Diensten Dritter<\/strong><\/p>\n\n\n\n<p>Inhalte von Dritten, wie z.B. YouTube-Videos,\nRSS-Feeds oder Grafiken von anderen Websites, k\u00f6nnen in diese Online-Angebote integriert werden.\nAngebote integriert werden. Dabei wird in der Regel davon ausgegangen, dass die Anbieter dieser Inhalte (im Folgenden\nals \"Drittanbieter\" bezeichnet) die IP-Adresse der Nutzer kennen.\nIP-Adresse kennen. Dies liegt daran, dass sie nicht in der Lage w\u00e4ren, die Inhalte an den Browser des\nohne die IP-Adresse nicht an den Browser des betreffenden Nutzers \u00fcbermitteln k\u00f6nnen. Die IP-Adresse ist\ndaher notwendig, um diese Inhalte anzuzeigen. Wir bem\u00fchen uns nur um die Verwendung\nsolche Inhalte zu verwenden, bei denen der jeweilige Anbieter die IP-Adresse lediglich zur Auslieferung der Inhalte verwendet.\nden Inhalt zu liefern. Gleichzeitig haben wir keinen Einfluss darauf, ob die\nDrittanbieter die IP-Adresse z.B. zu statistischen Zwecken verwenden. Wenn\nwir davon Kenntnis haben, werden wir die Nutzer entsprechend informieren. Die Verwendung von erweiterten\nDarstellungsoptionen zu Informationszwecken und zur Optimierung Ihres Nutzererlebnisses\nliegt in unserem beiderseitigen berechtigten Interesse (Art. 6 (1) f) GDPR).<\/p>\n\n\n\n<p><strong>Cookies<\/strong><\/p>\n\n\n\n<p>Cookies sind kleine Dateien, die es erm\u00f6glichen, bestimmte\nInformationen \u00fcber das Ger\u00e4t auf dem zugreifenden Ger\u00e4t des Benutzers gespeichert werden k\u00f6nnen\n(PC, Smartphone usw.). Sie verbessern erstens die Benutzerfreundlichkeit von Websites und helfen so\nund helfen so dem Benutzer (z.B. durch Speicherung von Anmeldedaten) und erm\u00f6glichen zweitens die Aufzeichnung von\nstatistischer Daten \u00fcber die Nutzung der Website und Analysen zur Verbesserung der Websites. Sie\nk\u00f6nnen beeinflussen, wie Cookies verwendet werden. Die meisten Browser verf\u00fcgen \u00fcber eine Option, die die Speicherung von Cookies einschr\u00e4nkt oder\ndie Speicherung von Cookies einschr\u00e4nkt oder ganz verbietet. Es ist jedoch zu beachten, dass\ndie Nutzung und insbesondere der Benutzerkomfort ohne Cookies eingeschr\u00e4nkt sein k\u00f6nnen. Unsere\nNutzer k\u00f6nnen viele Online-Werbe-Cookies von Unternehmen \u00fcber die US-Seite\nhttp:\/\/www.aboutads.info\/choices\/ oder die EU-Seite\nhttp:\/\/www.youronlinechoices.com\/uk\/your-ad-choices\/. Wir speichern Cookies auf den Festplatten unserer\nFestplatten unserer Nutzer, es sei denn, sie blockieren sie aktiv.<\/p>\n\n\n\n<p>Die Rechtsgrundlage f\u00fcr das Setzen von Cookies f\u00fcr den\ntechnischen Betrieb unserer Website und die Bereitstellung der vom Nutzer gew\u00fcnschten Dienste\nNutzers ist Art. 6 (1) f) GDPR.<\/p>\n\n\n\n<p>F\u00fcr weitere Informationen \u00fcber die Verwendung von\nCookies und wie Sie Cookies deaktivieren k\u00f6nnen, finden Sie unter www.meine-cookies.org oder\nwww.youronlinechoices.com.<\/p>\n\n\n\n<p><em>Nutzung von Social Plugins durch Integration mit der Zwei-Klick-L\u00f6sung<\/em><\/p>\n\n\n\n<p>Auf unseren Websites verwenden wir Schaltfl\u00e4chen von sozialen\nNetzwerken, so genannte Social Plugins (\"Plugins\"), wie weiter unten erkl\u00e4rt\nweiter unten n\u00e4her erl\u00e4utert werden. Diese erm\u00f6glichen es Ihnen, Aktionen im Zusammenhang mit den\nInhalten unserer Websites. Die Rechtsgrundlage f\u00fcr die Bereitstellung der Social\nPlugins auf unserer Website ist unser berechtigtes Interesse an der benutzerfreundlichen Gestaltung\nunserer Website (Art. 6 (1) f) GDPR).<\/p>\n\n\n\n<p>Wenn Sie bei dem jeweiligen sozialen Netzwerk angemeldet sind\nsozialen Netzwerk registriert und eingeloggt sind, k\u00f6nnen Sie direkt mit dem sozialen Netzwerk kommunizieren.\nNetzwerk kommunizieren. Um den Schutz der pers\u00f6nlichen Daten der Nutzer beim Besuch unserer\nWebsite zu erh\u00f6hen, werden die Plugins mit der \"Zwei-Klick-L\u00f6sung\" in die Website integriert.\nL\u00f6sung\". Dies garantiert, dass beim Aufruf unserer Webseiten, die ein solches Plugin\naufgerufen werden, zun\u00e4chst keine Verbindung mit den Servern des Anbieters des\nsozialen Netzwerks hergestellt wird. Erst wenn ein Nutzer ein Plugin aktiviert, stellt der Browser des Nutzers\nBrowser des Nutzers eine direkte Verbindung zu den Servern des Anbieters des sozialen Netzwerks her\nNetzwerks her. Der Inhalt des jeweiligen Plugins wird direkt an den Browser des Nutzers \u00fcbermittelt und in die\nBrowser des Nutzers \u00fcbertragen und in die Seite integriert.<\/p>\n\n\n\n<p>Durch die Integration des Plugins erh\u00e4lt der\nAnbieter des sozialen Netzwerks die Information, dass ein Nutzer die\ndie betreffende Seite aufgerufen hat. Wenn der Nutzer bei dem sozialen Netzwerk angemeldet ist,\nkann der Anbieter des sozialen Netzwerks den Besuch dem Konto des Nutzers zuordnen\nbei dem sozialen Netzwerk zuordnen. Wenn Nutzer mit den Plugins interagieren, zum Beispiel durch\nauf eine Schaltfl\u00e4che zum Teilen klicken oder einen Kommentar abgeben, werden die entsprechenden Informationen\nvom Browser des Nutzers direkt an das soziale Netzwerk \u00fcbermittelt und dort gespeichert.\ndort gespeichert. Als Anbieter dieser Seite haben wir keinen Einfluss auf den Inhalt der\n\u00fcber den Inhalt der \u00fcbermittelten Daten oder deren Verwendung durch das soziale Netzwerk.<\/p>\n\n\n\n<p>Wenn ein Nutzer Mitglied eines sozialen Netzwerks ist und\nnicht m\u00f6chte, dass das Netzwerk \u00fcber diese Websites Daten \u00fcber ihn sammelt und mit den\nmit den bei dem sozialen Netzwerk gespeicherten Mitgliedsdaten verkn\u00fcpft, muss er sich vor dem Besuch der Website bei dem sozialen Netzwerk abmelden.\ndem sozialen Netzwerk abmelden, bevor er die Website besucht. In \u00e4hnlicher Weise ist es generell\nPlugins mit Add-Ons f\u00fcr Ihren Browser zu blockieren, zum Beispiel mit dem\nSkript-Blocker \"NoScript\" (http:\/\/noscript.net\/).<\/p>\n\n\n\n<p>Konkret sind die folgenden Plugins\nmit der Zwei-Klick-L\u00f6sung in unsere Website integriert.<\/p>\n\n\n\n<p><em>Facebook Sozial\nPlugins<\/em><\/p>\n\n\n\n<p>Diese Websites verwenden Plugins des sozialen\nNetzwerkes facebook.com, betrieben von Facebook Ireland Limited, 4 Grand Canal\nSquare, Dublin 2, Irland, einer Tochtergesellschaft der Facebook Inc. mit Sitz in 1601 S. California\nAve, Palo Alto, CA 94304, USA (\"Facebook\"). Nach Angaben von Facebook,\nwird in Deutschland nur eine anonymisierte IP-Adresse gespeichert. Als Anbieter dieser\nSeite sind wir nicht \u00fcber den Inhalt der \u00fcbermittelten Daten oder deren Verwendung durch Facebook informiert.\ndurch Facebook. Wir erfahren nicht, wann der Nutzer auf welche Schaltfl\u00e4che geklickt hat. F\u00fcr\nInformationen \u00fcber den Zweck und den Umfang der Datenerhebung und die weitere\nVerarbeitung und Nutzung der Daten durch Facebook sowie \u00fcber Ihre diesbez\u00fcglichen Rechte\nsowie Ihre diesbez\u00fcglichen Rechte und Einstellungsm\u00f6glichkeiten zum Schutz Ihrer Privatsph\u00e4re entnehmen Sie bitte den Facebook\nDatenschutzrichtlinie: https:\/\/www.facebook.com\/about\/privacy\/.<\/p>\n\n\n\n<p>Benutzer k\u00f6nnen das Laden der Facebook-Plugins auch vollst\u00e4ndig verhindern.\nder Facebook-Plugins \u00fcber Browser-Add-Ons mit \"Facebook Blocker\" komplett verhindern,\nz.B. f\u00fcr Mozilla Firefox:\nhttps:\/\/addons.mozilla.org\/de\/firefox\/addon\/facebook-blocker\/; f\u00fcr Opera:\nhttps:\/\/addons.opera.com\/de\/extensions\/details\/facebook-blocker\/?display=en;\nf\u00fcr Chrome:\nhttps:\/\/chrome.google.com\/webstore\/detail\/facebookblocker\/chlhacbfddknadmnmjmkdobipdpjakmc?hl=de[U8]\n<\/p>\n\n\n\n<p><em>Twitter Sozial\nPlugins<\/em><\/p>\n\n\n\n<p>Wir verwenden auch Plugins des Anbieters Twitter.\nDiese werden von der Twitter Inc. betrieben, 795 1355 Market Street, Suite 900, San Francisco, CA 94103, USA (im Folgenden \"Twitter\" genannt).\nFrancisco, CA 94103, USA (im Folgenden \"Twitter\" genannt). F\u00fcr\nInformationen \u00fcber den Zweck und den Umfang der Datenerhebung und die weitere\nVerarbeitung und Nutzung der Daten durch Twitter, sowie \u00fcber Ihre diesbez\u00fcglichen Rechte\nsowie Ihre diesbez\u00fcglichen Rechte und Einstellungsm\u00f6glichkeiten zum Schutz Ihrer Privatsph\u00e4re finden Sie in der Twitter\nDatenschutzrichtlinie: https:\/\/twitter.com\/privacy.<\/p>\n\n\n\n<p><em>LinkedIn Soziales\nPlugins<\/em><\/p>\n\n\n\n<p>Plugins des sozialen Netzwerks LinkedIn,\nLinkedIn Corporation, 2029 Stierlin Court, Mountain View, CA 94043, USA\n(\"LinkedIn\") sind ebenfalls in diese Website integriert. F\u00fcr Informationen\n\u00fcber den Zweck und Umfang der Datenerhebung und die weitere Verarbeitung\nund Nutzung der Daten durch LinkedIn sowie \u00fcber Ihre diesbez\u00fcglichen Rechte und\nKonfigurationsm\u00f6glichkeiten zum Schutz Ihrer Privatsph\u00e4re finden Sie in der LinkedIn-Datenschutzerkl\u00e4rung\nRichtlinie: https:\/\/www.linkedin.com\/legal\/privacy-policy.<\/p>\n\n\n\n<p><em>Instagram Sozial\nPlugins<\/em><\/p>\n\n\n\n<p>Au\u00dferdem Plugins des sozialen Netzwerks\nInstagram, betrieben von Facebook Ireland Limited, 4 Grand Canal Square, Dublin\n2, Irland, einer Tochtergesellschaft der Facebook Inc. 1601 S. California Ave, Palo Alto,\nCA 94304, USA, betrieben wird, sind in diese Website integriert. F\u00fcr Informationen \u00fcber den Zweck\nund Umfang der Datenerhebung und die weitere Verarbeitung und Nutzung der Daten\ndurch Instagram, sowie \u00fcber Ihre diesbez\u00fcglichen Rechte und Einstellungsm\u00f6glichkeiten\nzum Schutz Ihrer Privatsph\u00e4re finden Sie in der Instagram-Datenrichtlinie:\nhttps:\/\/help.instagram.com\/519522125107875.<\/p>\n\n\n\n<p><strong>Rechte der betroffenen Personen<\/strong><\/p>\n\n\n\n<p>Sie haben die folgenden Rechte:<\/p>\n\n\n\n<p>das Recht, eine Best\u00e4tigung dar\u00fcber zu verlangen, ob\nob Sie betreffende personenbezogene Daten verarbeitet werden und Einzelheiten \u00fcber diese Daten und\nalle zus\u00e4tzlichen Informationen und eine Kopie der Daten (Art. 15 GDPR);<\/p>\n\n\n\n<p>das Recht, die Vervollst\u00e4ndigung von\nunvollst\u00e4ndiger personenbezogener Daten oder die Berichtigung unrichtiger personenbezogener Daten (Art.\n16 GDPR);<\/p>\n\n\n\n<p>gem\u00e4\u00df Art. 17 GDPR, das Recht zu verlangen, dass\ndie unverz\u00fcgliche L\u00f6schung der personenbezogenen Daten zu verlangen, oder, falls erforderlich, gem\u00e4\u00df Art. 18 GDPR, dass\ndie Datenverarbeitung einzuschr\u00e4nken (wenn diese Daten gesetzlichen\nAufbewahrungsfristen unterliegen, werden wir sie f\u00fcr die Dauer der Aufbewahrungsfrist sperren);<\/p>\n\n\n\n<p>das Recht, die betreffenden personenbezogenen Daten, die Sie uns\nDritten die entsprechenden personenbezogenen Daten, die Sie uns zur Verf\u00fcgung gestellt haben und die\ndie wir auf der Grundlage Ihrer Einwilligung oder in Erf\u00fcllung eines Vertrags automatisiert verarbeiten.\nErf\u00fcllung eines Vertrags verarbeiten. Die Daten werden in einem maschinenlesbaren\nFormat. Wenn Sie die direkte \u00dcbermittlung der Daten an einen anderen\nVerantwortlichen verlangen, erfolgt dies nur, wenn es technisch machbar ist (Art. 20\nGDPR).<\/p>\n\n\n\n<p>das Recht, jederzeit Widerspruch gegen die\nVerarbeitung personenbezogener Daten, die von uns auf der Grundlage eines berechtigten\nunseres berechtigten Interesses (Art. 6 (1) f) DGSVO), gem\u00e4\u00df Art. 21 GDPR; und<\/p>\n\n\n\n<p>das Recht, erteilte Einwilligungen zu widerrufen\ngem\u00e4\u00df Art. 7 (3) GDPR mit Wirkung f\u00fcr die Zukunft zu widerrufen. Dies hat keinen Einfluss auf die\nRechtm\u00e4\u00dfigkeit der aufgrund einer solchen Einwilligung bis zum Widerruf erfolgten Verarbeitung\nWiderruf.<\/p>\n\n\n\n<p>Wir benachrichtigen alle Empf\u00e4nger, denen wir\nIhre personenbezogenen Daten weitergegeben haben, \u00fcber die Berichtigung oder L\u00f6schung der personenbezogenen Daten\nDaten oder die Einschr\u00e4nkung der Verarbeitung, es sei denn, dies erweist sich als unm\u00f6glich\noder mit unverh\u00e4ltnism\u00e4\u00dfigem Aufwand verbunden w\u00e4re.<\/p>\n\n\n\n<p>Sie k\u00f6nnen die oben genannten Rechte gegen\u00fcber uns geltend machen,\nz.B. indem Sie uns per Post oder E-Mail an technical@srs-certification.com benachrichtigen.<\/p>\n\n\n\n<p>Dessen ungeachtet haben Sie das Recht\neine Beschwerde bei der zust\u00e4ndigen Aufsichtsbeh\u00f6rde einzureichen (Art. 77 GDPR).<\/p>\n\n\n\n<p><strong>Dauer der Datenspeicherung<\/strong><\/p>\n\n\n\n<p>Unter Ber\u00fccksichtigung der geltenden Bestimmungen\ndes Datenschutzrechts werden wir die \u00fcber Sie gespeicherten personenbezogenen Daten l\u00f6schen\nohne Ihr Zutun, wenn die Daten nicht mehr ben\u00f6tigt werden, um den\nf\u00fcr die Erf\u00fcllung des mit der Speicherung verbundenen Zwecks nicht mehr erforderlich ist oder\nwenn die Speicherung der Daten aus anderen rechtlichen Gr\u00fcnden unzul\u00e4ssig ist. In einigen\nF\u00e4llen, die gesetzlich vorgesehen sind (z.B. gesetzliche Aufbewahrungspflichten), k\u00f6nnen Ihre Daten\nnicht gel\u00f6scht, sondern gesperrt werden.<\/p>\n\n\n\n<p>Im Falle von Bewerbungen werden die Bewerbungs\nwerden die Bewerbungsunterlagen gem\u00e4\u00df den folgenden Ma\u00dfnahmen gel\u00f6scht oder gesperrt\nund alle pers\u00f6nlichen Daten, die in Papierform zur Verf\u00fcgung gestellt wurden, an den Bewerber zur\u00fcckgegeben. Wenn\nBewerber sich nur auf eine bestimmte ausgeschriebene Stelle beworben haben, werden ihre Bewerbungsdaten\nDaten gespeichert, bis die endg\u00fcltige Entscheidung \u00fcber die Besetzung der Stelle\nplus maximal sechs Monate ab der Bekanntgabe dieser Entscheidung.<\/p>\n\n\n\n<p>Dementsprechend werden die Daten oder Dokumente, die von den\nBewerbern zur Verf\u00fcgung gestellten Daten oder Dokumente in \u00dcbereinstimmung mit den Datenschutzbestimmungen gel\u00f6scht werden.\nVorschriften.<\/p>\n\n\n\n<p>Nur wenn ein Antrag zum Zustandekommen eines\nein Arbeitsverh\u00e4ltnis zustande kommt oder eine gesetzliche Vorschrift die\neine gesetzliche Regelung die weitere Speicherung dieser Daten ausnahmsweise zul\u00e4sst, gilt dies nicht.\nFall werden die Bewerbungsdaten verarbeitet, um das Arbeitsverh\u00e4ltnis\nBesch\u00e4ftigungsverh\u00e4ltnisses zu erm\u00f6glichen oder nach Ma\u00dfgabe der gesetzlichen Bestimmungen l\u00e4nger zu speichern.\ngespeichert und, soweit eine Rechtsvorschrift dies zul\u00e4sst, verarbeitet\nund genutzt (\u00a7 26 Abs. 1 BDSG bzw. Art. 6 (1) b) und f) GDPR). In diesem Fall,\nbenachrichtigen wir den Antragsteller vor dem konkreten Akt der Speicherung, Verarbeitung oder\nVerarbeitung oder Nutzung seiner personenbezogenen Daten gem\u00e4\u00df den geltenden Bestimmungen des\nDatenschutzgesetzes informieren, sofern sie nicht bereits im Besitz dieser Informationen sind.\nInformationen.<\/p>\n\n\n\n<p><strong>Kontaktinformationen des Datenschutzbeauftragten<\/strong><\/p>\n\n\n\n<p>F\u00fcr Fragen zum Datenschutz wenden Sie sich bitte an unseren Datenschutzbeauftragten, den Sie per E-Mail erreichen unter <a href=\"mailto:technical@srs-certification.com\">info@srscert-global.com<\/a>.<\/p>\n\n\n\n<p><strong>Aktualisierungen der Erkl\u00e4rung zum Datenschutz<\/strong><\/p>\n\n\n\n<p>Im Zuge der kontinuierlichen Weiterentwicklung der\nunserer Websites werden wir auch unsere Datenschutzerkl\u00e4rung kontinuierlich \u00e4ndern. Alle\n\u00c4nderungen werden rechtzeitig auf dieser Seite bekannt gegeben. Aus diesem Grund sollten unsere\nNutzer diese Seite regelm\u00e4\u00dfig aufrufen, um sich \u00fcber den aktuellen Stand der Datenschutzerkl\u00e4rung zu informieren.\nStatus der Datenschutzerkl\u00e4rung zu informieren.<\/p>","protected":false},"excerpt":{"rendered":"<p>The protection of your privacy and your personal data is important to us, and this is a key factor in how we design and implement our activities on the Internet. Responsibility, scope of application This Data Privacy Statement applies to our website:www.srs-certification.comoperated by:SRS Certification GmbHFriedl\u00e4nder Weg 2037085 G\u00f6ttingenGermanye-mail: info@srscert-global.comtel: +49 (0) 551- 89024542(&#8220;SRS&#8221; or &#8220;we&#8221;) &hellip;<\/p>\n<p class=\"read-more\"> <a class=\"\" href=\"https:\/\/srs-certification.com\/de\/datenschutzrichtlinie\/\"> <span class=\"screen-reader-text\">Datenschutzrichtlinie<\/span> Read More \u00bb<\/a><\/p>","protected":false},"author":8,"featured_media":0,"parent":0,"menu_order":9,"comment_status":"closed","ping_status":"closed","template":"","meta":{"inline_featured_image":false,"site-sidebar-layout":"default","site-content-layout":"default","ast-global-header-display":"","ast-main-header-display":"","ast-hfb-above-header-display":"","ast-hfb-below-header-display":"","ast-hfb-mobile-header-display":"","site-post-title":"","ast-breadcrumbs-content":"","ast-featured-img":"","footer-sml-layout":"","theme-transparent-header-meta":"","adv-header-id-meta":"","stick-header-meta":"","header-above-stick-meta":"","header-main-stick-meta":"","header-below-stick-meta":"","footnotes":""},"class_list":["post-1237","page","type-page","status-publish","hentry"],"_links":{"self":[{"href":"https:\/\/srs-certification.com\/de\/wp-json\/wp\/v2\/pages\/1237","targetHints":{"allow":["GET"]}}],"collection":[{"href":"https:\/\/srs-certification.com\/de\/wp-json\/wp\/v2\/pages"}],"about":[{"href":"https:\/\/srs-certification.com\/de\/wp-json\/wp\/v2\/types\/page"}],"author":[{"embeddable":true,"href":"https:\/\/srs-certification.com\/de\/wp-json\/wp\/v2\/users\/8"}],"replies":[{"embeddable":true,"href":"https:\/\/srs-certification.com\/de\/wp-json\/wp\/v2\/comments?post=1237"}],"version-history":[{"count":5,"href":"https:\/\/srs-certification.com\/de\/wp-json\/wp\/v2\/pages\/1237\/revisions"}],"predecessor-version":[{"id":4900,"href":"https:\/\/srs-certification.com\/de\/wp-json\/wp\/v2\/pages\/1237\/revisions\/4900"}],"wp:attachment":[{"href":"https:\/\/srs-certification.com\/de\/wp-json\/wp\/v2\/media?parent=1237"}],"curies":[{"name":"wp","href":"https:\/\/api.w.org\/{rel}","templated":true}]}}