{"id":188,"date":"2018-05-01T13:53:38","date_gmt":"2018-05-01T11:53:38","guid":{"rendered":"http:\/\/srs-certification.de\/?page_id=188"},"modified":"2022-09-09T23:30:41","modified_gmt":"2022-09-09T21:30:41","slug":"3-verifizierung","status":"publish","type":"page","link":"https:\/\/srs-certification.com\/de\/certserv\/3-verifizierung\/","title":{"rendered":"Lieferanten-Audits"},"content":{"rendered":"<p class=\"has-ast-global-color-8-color has-text-color\">SRS begr\u00fc\u00dft alle internationalen Akteure auf dem Bio-Markt, die eine Gesch\u00e4ftsbeziehung mit Lieferanten aufbauen m\u00f6chten. Wir bieten unsere Erfahrung und unser Fachwissen f\u00fcr Inspektionen in den Produktionsst\u00e4tten Ihrer Lieferanten und an anderen Standorten an. H\u00e4ndler von Mehrwertprodukten wissen, dass der blo\u00dfe Blick auf die Zertifizierung eines Produkts nicht unbedingt dessen erwartete Qualit\u00e4t garantiert. SRS bietet die \u00dcberwachung der von Ihnen gew\u00fcnschten Qualit\u00e4tskriterien an. Dabei kann es sich um eine garantierte Herkunft, Rasse oder Sorte, die Best\u00e4tigung der R\u00fcckverfolgbarkeit, spezifische Produktionsstandards, die Einhaltung von Hygiene- oder Qualit\u00e4tsparametern, die \u00dcberwachung der \u00f6kologischen Produktion, der Arbeitsbedingungen, der Kontaminationsfreiheit eines Produkts oder der nachhaltig bewirtschafteten Ressourcen handeln. Kontaktieren Sie uns jederzeit f\u00fcr diesen Service.<\/p>","protected":false},"excerpt":{"rendered":"<p>SRS welcomes all international players in the organic market who want to set up business relation with suppliers. We offer our experience and expertise for inspections at your suppliers\u2019 production site and other sites of activities. Distributors of value-added products know that simply looking at the certification of a product does not necessarily guarantee its \u2026<\/p>\n<p class=\"read-more\"> <a class=\"\" href=\"https:\/\/srs-certification.com\/de\/certserv\/3-verifizierung\/\"> <span class=\"screen-reader-text\">Lieferanten-Audits<\/span> Read More \u00bb<\/a><\/p>","protected":false},"author":2,"featured_media":0,"parent":37,"menu_order":5,"comment_status":"closed","ping_status":"closed","template":"","meta":{"inline_featured_image":false,"site-sidebar-layout":"default","site-content-layout":"default","ast-global-header-display":"","ast-main-header-display":"","ast-hfb-above-header-display":"","ast-hfb-below-header-display":"","ast-hfb-mobile-header-display":"","site-post-title":"disabled","ast-breadcrumbs-content":"","ast-featured-img":"","footer-sml-layout":"","theme-transparent-header-meta":"","adv-header-id-meta":"","stick-header-meta":"","header-above-stick-meta":"","header-main-stick-meta":"","header-below-stick-meta":"","footnotes":""},"class_list":["post-188","page","type-page","status-publish","hentry"],"_links":{"self":[{"href":"https:\/\/srs-certification.com\/de\/wp-json\/wp\/v2\/pages\/188","targetHints":{"allow":["GET"]}}],"collection":[{"href":"https:\/\/srs-certification.com\/de\/wp-json\/wp\/v2\/pages"}],"about":[{"href":"https:\/\/srs-certification.com\/de\/wp-json\/wp\/v2\/types\/page"}],"author":[{"embeddable":true,"href":"https:\/\/srs-certification.com\/de\/wp-json\/wp\/v2\/users\/2"}],"replies":[{"embeddable":true,"href":"https:\/\/srs-certification.com\/de\/wp-json\/wp\/v2\/comments?post=188"}],"version-history":[{"count":5,"href":"https:\/\/srs-certification.com\/de\/wp-json\/wp\/v2\/pages\/188\/revisions"}],"predecessor-version":[{"id":3989,"href":"https:\/\/srs-certification.com\/de\/wp-json\/wp\/v2\/pages\/188\/revisions\/3989"}],"up":[{"embeddable":true,"href":"https:\/\/srs-certification.com\/de\/wp-json\/wp\/v2\/pages\/37"}],"wp:attachment":[{"href":"https:\/\/srs-certification.com\/de\/wp-json\/wp\/v2\/media?parent=188"}],"curies":[{"name":"wp","href":"https:\/\/api.w.org\/{rel}","templated":true}]}}