{"id":203,"date":"2019-02-01T16:08:41","date_gmt":"2019-02-01T15:08:41","guid":{"rendered":"http:\/\/srs-certification.de\/?page_id=203"},"modified":"2026-03-25T14:27:54","modified_gmt":"2026-03-25T13:27:54","slug":"steps-org","status":"publish","type":"page","link":"https:\/\/srs-certification.com\/de\/certserv\/org-2\/steps-org\/","title":{"rendered":"Schritte zur Bio-Zertifizierung"},"content":{"rendered":"<p>&nbsp;<\/p>\n\n\n\n<figure class=\"wp-block-image size-large\"><img loading=\"lazy\" decoding=\"async\" width=\"1024\" height=\"576\" src=\"https:\/\/srs-certification.com\/wp-content\/uploads\/2020\/11\/SRS-Certification-Flowchart-upd-1024x576.png\" alt=\"\" class=\"wp-image-2434\" srcset=\"https:\/\/srs-certification.com\/wp-content\/uploads\/2020\/11\/SRS-Certification-Flowchart-upd-1024x576.png 1024w, https:\/\/srs-certification.com\/wp-content\/uploads\/2020\/11\/SRS-Certification-Flowchart-upd-300x169.png 300w, https:\/\/srs-certification.com\/wp-content\/uploads\/2020\/11\/SRS-Certification-Flowchart-upd-150x84.png 150w, https:\/\/srs-certification.com\/wp-content\/uploads\/2020\/11\/SRS-Certification-Flowchart-upd-768x432.png 768w, https:\/\/srs-certification.com\/wp-content\/uploads\/2020\/11\/SRS-Certification-Flowchart-upd-480x270.png 480w, https:\/\/srs-certification.com\/wp-content\/uploads\/2020\/11\/SRS-Certification-Flowchart-upd.png 1280w\" sizes=\"auto, (max-width: 1024px) 100vw, 1024px\" \/><\/figure>\n\n\n\n<p class=\"has-ast-global-color-8-color has-text-color\"><strong>Bewerbung \/ Wiederbewerbung:<\/strong> Der Betreiber beantragt \/ erneuert die Zertifizierung, indem er das ausgef\u00fcllte <u><a href=\"https:\/\/srs-certification.com\/de\/doclink\/\" target=\"_blank\" rel=\"noreferrer noopener\"><span class=\"has-inline-color has-black-color\">Bewerbungsformular<\/span><\/a><\/u> zu <a href=\"mailto:info@srs-certification.com\"><span class=\"has-inline-color has-black-color\">info@srscert-global.com<\/span><\/a><span class=\"has-inline-color has-black-color\">.<\/span><\/p>\n\n\n\n<p class=\"has-ast-global-color-8-color has-text-color\"><strong>Antragspr\u00fcfung, Genehmigung, Angebot &amp; Vertrag:<\/strong> Die zust\u00e4ndigen SRS-Mitarbeiter pr\u00fcfen den Antrag und k\u00f6nnen weitere Informationen anfordern, um den Antrag zu genehmigen und ein Angebot zu erstellen. Zusammen mit der Genehmigung erh\u00e4lt der Betreiber den Zertifizierungsvertrag, den er unterschreiben und bei SRS einreichen muss.<\/p>\n\n\n\n<p class=\"has-ast-global-color-8-color has-text-color\"><strong>Einreichung der \u00f6kologischen Projektbeschreibung (OPD) \/ j\u00e4hrliche OPD-Aktualisierung:<\/strong> Nachdem SRS den unterzeichneten Vertrag erhalten hat, wird dem Betreiber ein OPD-Formular zugesandt, das er ausf\u00fcllt und zusammen mit den erforderlichen Informationen und der Zahlung der Zertifizierungsgeb\u00fchr zur\u00fcckschickt. Betreiber, die eine Neuzertifizierung beantragen, reichen die aktuelle, d.h. aktualisierte Betriebsbeschreibung ein.<\/p>\n\n\n\n<p class=\"has-ast-global-color-8-color has-text-color\"><strong>OPD Review &amp; Feedback:<\/strong> Die SRS-Mitarbeiter pr\u00fcfen das OPD und erstellen eine Risikobewertung, die sie dem Betreiber vor der geplanten Inspektion mitteilen. Ein SRS-Inspektor erh\u00e4lt einen detaillierten Auftrag f\u00fcr die Inspektion. Der Termin f\u00fcr die Inspektion wird nach R\u00fccksprache mit dem Betreiber (bei angek\u00fcndigten Inspektionen) oder intern ohne Benachrichtigung des Betreibers (im Falle unangek\u00fcndigter Inspektionen) festgelegt.<\/p>\n\n\n\n<p class=\"has-ast-global-color-8-color has-text-color\"><strong>Antwort an SRS &amp; Inspektion vorbereiten:<\/strong> Der Betreiber reicht bei SRS zus\u00e4tzliche Informationen oder Dokumente entsprechend der R\u00fcckmeldung ein und bereitet sich auf die Inspektion vor.<\/p>\n\n\n\n<p class=\"has-ast-global-color-8-color has-text-color\"><strong>J\u00e4hrliche Inspektion:<\/strong> Die allererste Inspektion wird immer angek\u00fcndigt. Der SRS-Inspektor f\u00fchrt die Inspektion vor Ort durch, wobei er alle Bereiche des Biobetriebs eingehend pr\u00fcft und dem Betreiber vor seiner Abreise alle Ergebnisse mitteilt. W\u00e4hrend der Inspektion k\u00f6nnen Proben genommen werden. Kurz nach der Inspektion f\u00fcllt der SRS-Inspektor den Inspektionsbericht aus und reicht ihn zur \u00dcberpr\u00fcfung und Zertifizierung bei SRS ein.<\/p>\n\n\n\n<p class=\"has-ast-global-color-8-color has-text-color\"><strong>\u00dcberpr\u00fcfung des Inspektionsberichts:<\/strong> Der Inspektionsbericht und (falls zutreffend) die Ergebnisse der Probenanalysen werden vom SRS-Bewertungsbeauftragten ausgewertet. Diese werden dem Betrieb zusammen mit dem Auswertungsergebnis zugesandt. Sollten in den entnommenen Proben R\u00fcckst\u00e4nde verbotener Substanzen oder Kontaminanten gefunden werden, wird ein Untersuchungsverfahren eingeleitet, \u00fcber das der Betreiber informiert wird.<\/p>\n\n\n\n<p class=\"has-ast-global-color-8-color has-text-color translation-block\">Wenn bei der Inspektion <u>keine Verst\u00f6\u00dfe<\/u> (NCs) festgestellt werden, erh\u00e4lt der Betrieb ein Benachrichtigungsschreiben mit der Zertifizierungsentscheidung und das Zertifikat wird ausgestellt.<\/p>\n\n\n\n<p class=\"has-ast-global-color-8-color has-text-color translation-block\"><u>Wenn NCs entdeckt werden<\/u>, wird der Betreiber aufgefordert, die Korrekturma\u00dfnahmen bei SRS einzureichen. Wenn der Kunde erfolgreich nachweisen konnte, dass die NCs korrigiert wurden und ein Plan f\u00fcr die Korrekturen plausibel ist, wird die endg\u00fcltige Zertifizierungsentscheidung an den Betreiber gesendet und das Zertifikat wird ausgestellt. Falls die festgestellten NCs vom Betreiber nicht innerhalb des vereinbarten Zeitrahmens korrigiert wurden oder die NCs nicht korrigierbar sind, wird SRS die entsprechenden Sanktionen verh\u00e4ngen: Verweigerung, Aussetzung, Entzug.<\/p>\n\n\n\n<p class=\"has-ast-global-color-8-color has-text-color\">Der Betreiber hat die M\u00f6glichkeit, seinen Antrag auf Zertifizierung jederzeit unter bestimmten Bedingungen zur\u00fcckzuziehen.<\/p>\n\n\n\n<p class=\"has-ast-global-color-8-color has-text-color\"><strong>\u00dcberwachen:<\/strong> Nach der ersten Bio-Zertifizierung werden zum Zweck der \u00dcberwachung regelm\u00e4\u00dfige und zus\u00e4tzliche angek\u00fcndigte oder unangek\u00fcndigte Inspektionen durchgef\u00fchrt und es k\u00f6nnen Proben entnommen werden.<\/p>","protected":false},"excerpt":{"rendered":"<p>&nbsp; Application \/ Re-application: Operator applies \/ re-applies for certification by submitting the completed Application Form to info@srscert-global.com. Application Review, Approval, Offer &amp; Contract: The responsible SRS staff reviews the application and may ask for further information to approve the application and issue an offer. Together with the approval, the operator will receive the certification &hellip;<\/p>\n<p class=\"read-more\"> <a class=\"\" href=\"https:\/\/srs-certification.com\/de\/certserv\/org-2\/steps-org\/\"> <span class=\"screen-reader-text\">Schritte zur Bio-Zertifizierung<\/span> Read More \u00bb<\/a><\/p>","protected":false},"author":2,"featured_media":0,"parent":42,"menu_order":1,"comment_status":"closed","ping_status":"closed","template":"","meta":{"inline_featured_image":false,"site-sidebar-layout":"default","site-content-layout":"default","ast-global-header-display":"","ast-main-header-display":"","ast-hfb-above-header-display":"","ast-hfb-below-header-display":"","ast-hfb-mobile-header-display":"","site-post-title":"","ast-breadcrumbs-content":"","ast-featured-img":"","footer-sml-layout":"","theme-transparent-header-meta":"","adv-header-id-meta":"","stick-header-meta":"","header-above-stick-meta":"","header-main-stick-meta":"","header-below-stick-meta":"","footnotes":""},"class_list":["post-203","page","type-page","status-publish","hentry"],"_links":{"self":[{"href":"https:\/\/srs-certification.com\/de\/wp-json\/wp\/v2\/pages\/203","targetHints":{"allow":["GET"]}}],"collection":[{"href":"https:\/\/srs-certification.com\/de\/wp-json\/wp\/v2\/pages"}],"about":[{"href":"https:\/\/srs-certification.com\/de\/wp-json\/wp\/v2\/types\/page"}],"author":[{"embeddable":true,"href":"https:\/\/srs-certification.com\/de\/wp-json\/wp\/v2\/users\/2"}],"replies":[{"embeddable":true,"href":"https:\/\/srs-certification.com\/de\/wp-json\/wp\/v2\/comments?post=203"}],"version-history":[{"count":5,"href":"https:\/\/srs-certification.com\/de\/wp-json\/wp\/v2\/pages\/203\/revisions"}],"predecessor-version":[{"id":4902,"href":"https:\/\/srs-certification.com\/de\/wp-json\/wp\/v2\/pages\/203\/revisions\/4902"}],"up":[{"embeddable":true,"href":"https:\/\/srs-certification.com\/de\/wp-json\/wp\/v2\/pages\/42"}],"wp:attachment":[{"href":"https:\/\/srs-certification.com\/de\/wp-json\/wp\/v2\/media?parent=203"}],"curies":[{"name":"wp","href":"https:\/\/api.w.org\/{rel}","templated":true}]}}