{"id":29,"date":"2018-03-05T10:33:27","date_gmt":"2018-03-05T09:33:27","guid":{"rendered":"http:\/\/srs-certification.de\/?page_id=29"},"modified":"2026-03-23T17:53:41","modified_gmt":"2026-03-23T16:53:41","slug":"srs-team","status":"publish","type":"page","link":"https:\/\/srs-certification.com\/de\/uber-srs\/srs-team\/","title":{"rendered":"SRS-Team"},"content":{"rendered":"<h4 class=\"wp-block-heading\"><strong> MartinaMelapie (Dr. agr.)<\/strong><\/h4>\n\n\n\n<p>Nach ihrem erfolgreichen Abschluss in tropischer\/subtropischer Agronomie an der Tschechischen Universit\u00e4t f\u00fcr Biowissenschaften in Prag, Tschechische Republik, absolvierte Martina ein Aufbaustudium in internationaler \u00f6kologischer Landwirtschaft an der Universit\u00e4t Kassel, Deutschland, was ihr einen breiten Hintergrund in vielen Formen der Landwirtschaft verschaffte. W\u00e4hrend ihres Promotionsstudiums konzentrierte sie sich auf die Effizienz der N\u00e4hrstoffverwendung in st\u00e4dtischen G\u00e4rten westafrikanischer St\u00e4dte und wechselte sp\u00e4ter zum Fachbereich \u00d6kologische Agrarwissenschaften der Universit\u00e4t Kassel, wo sie 5 Jahre lang als Forschungsassistentin und Projektkoordinatorin arbeitete. Danach wechselte sie zu einer Zertifizierungsstelle, wo sie haupts\u00e4chlich an der Bio-Zertifizierung chinesischer Betriebe nach verschiedenen Standards beteiligt war und zur Koordination der Arbeitsgruppe beitrug. Seit der Mitbegr\u00fcndung von SRS im Jahr 2017 leitet sie die Zertifizierungsabteilung und ist nun Gesch\u00e4ftsf\u00fchrerin sowie Senior Certification Officer und Leiterin der Zertifizierungsabteilung.<\/p>\n\n\n\n<h4 class=\"wp-block-heading\"><strong>Alexandra zum Felde (Dr. agr.)<\/strong><\/h4>\n\n\n\n<p>Nach ihrem Studium der Umweltbiologie und des \u00f6kologischen Landbaus an der McGill University in Montreal, Kanada, spezialisierte sich Alexandra w\u00e4hrend ihres Graduiertenstudiums an der Universit\u00e4t Bonn in Deutschland auf biologische Sch\u00e4dlingsbek\u00e4mpfung. Sie hat einen sehr breiten Hintergrund in der tropischen und \u00f6kologischen Landwirtschaft. Sp\u00e4ter arbeitete sie als Wegerich-Agronomin bei IITA in Nigeria, als Dozentin und wissenschaftliche Mitarbeiterin am Fachbereich \u00d6kologische Agrarwissenschaften der Universit\u00e4t Kassel und zuletzt als freiberufliche landwirtschaftliche Beraterin, Redakteurin, Gutachterin und \u00dcbersetzerin. Bei SRS arbeitet sie als Qualit\u00e4tsmanagerin, Senior Certification Officer in der Zertifizierungsabteilung und Regionalkoordinatorin f\u00fcr Afrika.<\/p>\n\n\n\n<h4 class=\"wp-block-heading\"><strong>Regina Ordowski (Dipl.-Ing. agr.)<\/strong><\/h4>\n\n\n\n<p>W\u00e4hrend ihres Agronomiestudiums an der Universit\u00e4t Hohenheim, Deutschland, nahm Regina an staatlich gef\u00f6rderter Forschung teil, die sie zum ersten Mal nach China f\u00fchrte. Danach war sie an weiteren Forschungsprojekten und Kontrollt\u00e4tigkeiten in einer Reihe von L\u00e4ndern im globalen Norden und S\u00fcden beteiligt. Als sie sp\u00e4ter zu einer gro\u00dfen Zertifizierungsstelle kam, war sie eine der ersten, die die Zertifizierung nach internationalen Bio-Standards f\u00fcr chinesische Erzeuger einf\u00fchrte. Seitdem war sie als Zertifiziererin, Ausbilderin, Standardmanagerin und Koordinatorin f\u00fcr verschiedene Bio- und Nachhaltigkeitsstandards t\u00e4tig, bevor sie 2017 SRS mitbegr\u00fcndete, wo sie bis 2025 als Gesch\u00e4ftsf\u00fchrerin fungierte.<\/p>\n\n\n\n<h4 class=\"wp-block-heading\"><strong>Karin Hellige<\/strong><\/h4>\n\n\n\n<p>Sie verf\u00fcgt \u00fcber einen reichen Erfahrungsschatz in der Verwaltung und dem Management der von den Zertifizierungsstellen angebotenen Dienste und hat \u00fcber 10 Jahre als Verwaltungsangestellte in der Allgemeinen Abteilung gearbeitet. Karin ist f\u00fcr alle Verwaltungsangelegenheiten, Personalwesen und IT-Unterst\u00fctzung zust\u00e4ndig. Im Jahr 2017 war sie Mitbegr\u00fcnderin von SRS und unterst\u00fctzt nun die Gesch\u00e4ftsf\u00fchrer sowie die Abteilungen f\u00fcr Zertifizierung und Kundenservice.<\/p>\n\n\n\n<h4 class=\"wp-block-heading\"><strong>Eilika W\u00fclfing (Dipl.-Biol.)<\/strong><\/h4>\n\n\n\n<p>Eilika studierte Mikrobiologie an der Universit\u00e4t G\u00f6ttingen und sammelte w\u00e4hrend eines zweij\u00e4hrigen Forschungsstipendiums f\u00fcr Virologie am University College Dublin internationale Arbeitserfahrung. Danach kehrte sie nach G\u00f6ttingen zur\u00fcck, um als Labortechnikerin in einer Arbeitsgruppe f\u00fcr Phytopathologie zu arbeiten, bevor sie zwei Jahre in der Ukraine verbrachte, wo sie sich an freiwilligen gemeinn\u00fctzigen Projekten beteiligte und mit Jugendlichen und der regionalen Geschichte arbeitete. Derzeit verst\u00e4rkt sie die Zertifizierungsabteilung als Senior Certification Officer und Regionalkoordinatorin f\u00fcr China.<\/p>\n\n\n\n<h4 class=\"wp-block-heading\"><strong><strong>Jessica N. Andriamparany (Dr. agr.)<\/strong><\/strong><\/h4>\n\n\n\n<p>Nach ihrem Studium der Pflanzenbiologie und \u00d6kologie an der Universit\u00e4t von Antananarivo, Madagaskar, setzte Jessica ihre Ausbildung in Deutschland fort und promovierte an der Universit\u00e4t Kassel im Bereich des internationalen \u00f6kologischen Landbaus. W\u00e4hrend ihres Promotionsstudiums f\u00fchrte sie interdisziplin\u00e4re Forschungen \u00fcber die Nutzung und den Anbau von Nutz- und Wildpflanzen im S\u00fcden Madagaskars durch. Nach ihrer Promotion arbeitete sie als Postdoktorandin an den Universit\u00e4ten Kassel und G\u00f6ttingen mit den Schwerpunkten \u00f6kologischer Landbau und nachhaltiges Landnutzungsmanagement sowie internationales Projektmanagement und Technologien zur Pflanzen\u00fcberwachung, bevor sie zu SRS kam, wo sie als Senior Certification Officer in der Zertifizierungsabteilung, Regionalkoordinatorin f\u00fcr Indien und Programmmanagerin f\u00fcr NOP arbeitet.<\/p>\n\n\n\n<h4 class=\"wp-block-heading\"><\/h4>\n\n\n\n<p><\/p>","protected":false},"excerpt":{"rendered":"<p>MartinaMelapie (Dr. agr.) After successfully completing a degree in tropical\/subtropical agronomy at the Czech University of Life Sciences in Prague, Czech Republic, Martina went on to graduate studies in international organic agriculture at the University of Kassel, Germany, giving her a broad background in many forms of agriculture. During her doctoral studies, she focused on &hellip;<\/p>\n<p class=\"read-more\"> <a class=\"\" href=\"https:\/\/srs-certification.com\/de\/uber-srs\/srs-team\/\"> <span class=\"screen-reader-text\">SRS-Team<\/span> Read More \u00bb<\/a><\/p>","protected":false},"author":2,"featured_media":0,"parent":26,"menu_order":1,"comment_status":"closed","ping_status":"closed","template":"","meta":{"inline_featured_image":false,"site-sidebar-layout":"default","site-content-layout":"default","ast-global-header-display":"","ast-main-header-display":"","ast-hfb-above-header-display":"","ast-hfb-below-header-display":"","ast-hfb-mobile-header-display":"","site-post-title":"disabled","ast-breadcrumbs-content":"","ast-featured-img":"","footer-sml-layout":"","theme-transparent-header-meta":"","adv-header-id-meta":"","stick-header-meta":"","header-above-stick-meta":"","header-main-stick-meta":"","header-below-stick-meta":"","footnotes":""},"class_list":["post-29","page","type-page","status-publish","hentry"],"_links":{"self":[{"href":"https:\/\/srs-certification.com\/de\/wp-json\/wp\/v2\/pages\/29","targetHints":{"allow":["GET"]}}],"collection":[{"href":"https:\/\/srs-certification.com\/de\/wp-json\/wp\/v2\/pages"}],"about":[{"href":"https:\/\/srs-certification.com\/de\/wp-json\/wp\/v2\/types\/page"}],"author":[{"embeddable":true,"href":"https:\/\/srs-certification.com\/de\/wp-json\/wp\/v2\/users\/2"}],"replies":[{"embeddable":true,"href":"https:\/\/srs-certification.com\/de\/wp-json\/wp\/v2\/comments?post=29"}],"version-history":[{"count":13,"href":"https:\/\/srs-certification.com\/de\/wp-json\/wp\/v2\/pages\/29\/revisions"}],"predecessor-version":[{"id":4897,"href":"https:\/\/srs-certification.com\/de\/wp-json\/wp\/v2\/pages\/29\/revisions\/4897"}],"up":[{"embeddable":true,"href":"https:\/\/srs-certification.com\/de\/wp-json\/wp\/v2\/pages\/26"}],"wp:attachment":[{"href":"https:\/\/srs-certification.com\/de\/wp-json\/wp\/v2\/media?parent=29"}],"curies":[{"name":"wp","href":"https:\/\/api.w.org\/{rel}","templated":true}]}}