{"id":3580,"date":"2022-05-03T20:26:54","date_gmt":"2022-05-03T18:26:54","guid":{"rendered":"https:\/\/srs-certification.com\/?page_id=3580"},"modified":"2025-10-22T18:29:26","modified_gmt":"2025-10-22T16:29:26","slug":"zuhause","status":"publish","type":"page","link":"https:\/\/srs-certification.com\/de\/","title":{"rendered":"WILLKOMMEN bei SRS Certification"},"content":{"rendered":"<figure class=\"wp-block-image size-large is-resized\"><img loading=\"lazy\" decoding=\"async\" width=\"581\" height=\"151\" src=\"https:\/\/srs-certification.com\/wp-content\/uploads\/2022\/05\/srs_certification_gmbh_logo.svg\" alt=\"\" class=\"wp-image-3766\" style=\"width:911px;height:238px\"\/><\/figure>\n\n\n\n<hr class=\"wp-block-separator has-text-color has-ast-global-color-0-color has-css-opacity has-ast-global-color-0-background-color has-background\"\/>\n\n\n\n<div style=\"height:40px\" aria-hidden=\"true\" class=\"wp-block-spacer\"><\/div>\n\n\n\n<p>SRS Certification GmbH ist eine deutsche Zertifizierungsstelle, deren Manager \u00fcber 15 Jahre Erfahrung in der landwirtschaftlichen Forschung, Lehre, biologischen und guten landwirtschaftlichen Praktiken sowie in der Inspektion und Zertifizierung in vielen L\u00e4ndern rund um den Globus haben. Wir glauben an die Idee des \u00f6kologischen Landbaus, der nachhaltigen Produktion und der Integrit\u00e4t der Lieferkette als Mittel zum Schutz der Umwelt, zur Erzeugung und Lieferung gesunder Lebensmittel und zur Schaffung von Einkommen f\u00fcr die Beteiligten.<\/p>\n\n\n\n<p>SRS ist nach ISO\/IEC 17065:2012 akkreditiert und bietet derzeit Zertifizierungen nach der Verordnung (EU) 2018\/848, NOP\/USDA - dem National Organic Program 7 CFR Part 205 des United States Department of Agriculture und Organic JAS (Japanese Agricultural Standard) - in Europa, West-, Zentral- und Ostafrika und China an. Weitere Akkreditierungen und T\u00e4tigkeitsbereiche sind in Vorbereitung. Mit Vertretern in vielen Regionen der Welt bieten wir auch Lieferantenaudits und Input-\u00dcberpr\u00fcfungen an.<\/p>\n\n\n\n<p><strong>Unser Team ist bestrebt, kompetente Inspektions- und Zertifizierungsdienste anzubieten, denen die Verbraucher vertrauen k\u00f6nnen, von denen die Umwelt profitiert und auf die sich alle Beteiligten verlassen k\u00f6nnen<\/strong>.<\/p>","protected":false},"excerpt":{"rendered":"<p>SRS Certification GmbH is a German certification body, whose managers have over 15 years of experience in agricultural research, teaching, organic &amp; good agricultural practices and inspection &amp; certification, in many countries around the globe. We believe in the idea of organic farming, sustainable production, supply chain integrity as means of protecting the environment, producing \u2026<\/p>\n<p class=\"read-more\"> <a class=\"\" href=\"https:\/\/srs-certification.com\/de\/\"> <span class=\"screen-reader-text\">WILLKOMMEN bei SRS Certification<\/span> Read More \u00bb<\/a><\/p>","protected":false},"author":9,"featured_media":0,"parent":0,"menu_order":0,"comment_status":"closed","ping_status":"closed","template":"","meta":{"inline_featured_image":false,"site-sidebar-layout":"default","site-content-layout":"default","ast-global-header-display":"","ast-main-header-display":"","ast-hfb-above-header-display":"","ast-hfb-below-header-display":"","ast-hfb-mobile-header-display":"","site-post-title":"","ast-breadcrumbs-content":"","ast-featured-img":"","footer-sml-layout":"","theme-transparent-header-meta":"","adv-header-id-meta":"","stick-header-meta":"","header-above-stick-meta":"","header-main-stick-meta":"","header-below-stick-meta":"","footnotes":""},"class_list":["post-3580","page","type-page","status-publish","hentry"],"_links":{"self":[{"href":"https:\/\/srs-certification.com\/de\/wp-json\/wp\/v2\/pages\/3580","targetHints":{"allow":["GET"]}}],"collection":[{"href":"https:\/\/srs-certification.com\/de\/wp-json\/wp\/v2\/pages"}],"about":[{"href":"https:\/\/srs-certification.com\/de\/wp-json\/wp\/v2\/types\/page"}],"author":[{"embeddable":true,"href":"https:\/\/srs-certification.com\/de\/wp-json\/wp\/v2\/users\/9"}],"replies":[{"embeddable":true,"href":"https:\/\/srs-certification.com\/de\/wp-json\/wp\/v2\/comments?post=3580"}],"version-history":[{"count":6,"href":"https:\/\/srs-certification.com\/de\/wp-json\/wp\/v2\/pages\/3580\/revisions"}],"predecessor-version":[{"id":4815,"href":"https:\/\/srs-certification.com\/de\/wp-json\/wp\/v2\/pages\/3580\/revisions\/4815"}],"wp:attachment":[{"href":"https:\/\/srs-certification.com\/de\/wp-json\/wp\/v2\/media?parent=3580"}],"curies":[{"name":"wp","href":"https:\/\/api.w.org\/{rel}","templated":true}]}}