{"id":37,"date":"2018-03-05T10:39:34","date_gmt":"2018-03-05T09:39:34","guid":{"rendered":"http:\/\/srs-certification.de\/?page_id=37"},"modified":"2024-11-13T13:26:03","modified_gmt":"2024-11-13T12:26:03","slug":"certserv","status":"publish","type":"page","link":"https:\/\/srs-certification.com\/de\/certserv\/","title":{"rendered":"Zertifizierung &amp; Dienstleistungen"},"content":{"rendered":"<h3 class=\"wp-block-heading has-ast-global-color-8-color has-text-color\">Bio-Zertifizierungsdienste<\/h3>\n\n\n\n<p class=\"has-ast-global-color-8-color has-text-color\">Die SRS Certification GmbH ist derzeit akkreditiert f\u00fcr die Zertifizierung von Bioprodukten gem\u00e4\u00df der <strong>SRS Bio-Standard - <\/strong>gleichbedeutend mit<strong> Verordnung (EG) Nr. 834\/2007 <\/strong>und<strong> Regulation (EC) No 889\/2008<\/strong>, to <strong>Regulation (EU) 2018\/848<\/strong> in third countries, to <strong>NOP (USDA National Organic Program 7 CFR Part 205<\/strong>) and to <strong>Bio JAS (Japanischer Agrarstandard).<\/strong><\/p>\n\n\n\n<p class=\"has-ast-global-color-8-color has-text-color\">Wir k\u00f6nnen als Zertifizierungsstelle f\u00fcr jeden dienen, der einen professionellen Service f\u00fcr:<\/p>\n\n\n\n<ol class=\"wp-block-list has-black-color has-text-color\">\n<li style=\"margin-top:var(--wp--preset--spacing--20);margin-right:var(--wp--preset--spacing--20);margin-bottom:var(--wp--preset--spacing--20);margin-left:var(--wp--preset--spacing--20)\">Bio-Produkt-Zertifizierung<\/li>\n\n\n\n<li style=\"margin-top:var(--wp--preset--spacing--20);margin-right:var(--wp--preset--spacing--20);margin-bottom:var(--wp--preset--spacing--20);margin-left:var(--wp--preset--spacing--20)\">Bio in der Konvertierung<\/li>\n\n\n\n<li style=\"margin-top:var(--wp--preset--spacing--20);margin-right:var(--wp--preset--spacing--20);margin-bottom:var(--wp--preset--spacing--20);margin-left:var(--wp--preset--spacing--20);font-style:normal;font-weight:500\">Land History Best\u00e4tigung<\/li>\n\n\n\n<li style=\"margin-top:var(--wp--preset--spacing--20);margin-right:var(--wp--preset--spacing--20);margin-bottom:var(--wp--preset--spacing--20);margin-left:var(--wp--preset--spacing--20);font-style:normal;font-weight:500\">\u00dcberpr\u00fcfung der Eingabekonformit\u00e4t<\/li>\n<\/ol>\n\n\n\n<h4 class=\"wp-block-heading has-black-color has-text-color\"><strong>1. Zertifizierung von Bio-Produkten<\/strong><\/h4>\n\n\n\n<p class=\"has-link-color wp-elements-6e3594751aa34224b30346b4f77494cc\"><strong><a href=\"https:\/\/ec.europa.eu\/info\/food-farming-fisheries\/farming\/organic-farming\/legislation_en\" target=\"_blank\" rel=\"noreferrer noopener\"><mark style=\"background-color:rgba(0, 0, 0, 0)\" class=\"has-inline-color has-black-color\">EU Organic Regulations<\/mark><\/a><\/strong>: <a href=\"https:\/\/srs-certification.com\/de\/srs-bio-standard-eu-v2-1_3-01-02-2022\/\" target=\"_blank\" rel=\"noreferrer noopener\"><mark style=\"background-color:rgba(0, 0, 0, 0)\" class=\"has-inline-color has-black-color\">SRS Bio-Standard<\/mark><\/a> has been recognised by the EU Commission for offering certification equivalent to the EU organic regulations (Regulation (EC) No 834\/2007 and its implementation rules Regulation (EC) No 889\/2008). We offer this service in all countries listed in <mark style=\"background-color:rgba(0, 0, 0, 0)\" class=\"has-inline-color has-black-color\"><a href=\"https:\/\/srs-certification.com\/de\/akkreditierungen\/#EU-Reg-2021-2325\">R<\/a><a href=\"https:\/\/srs-certification.com\/de\/akkreditierungen\/#EU-Reg-2021-2325\" target=\"_blank\" rel=\"noreferrer noopener\">egulation (EU) No 2021\/2325<\/a><\/mark>.<\/p>\n\n\n\n<p class=\"has-ast-global-color-8-color has-text-color has-link-color wp-elements-595575dbf3a816031aff52d4f07273e1\">As of January 2025, only <strong><a href=\"https:\/\/srs-certification.com\/de\/akkreditierungen\/legislative\/\" data-type=\"link\" data-id=\"https:\/\/srs-certification.com\/accreditations\/legisorg\/\">Regulation (EU) 2018\/848<\/a><\/strong> will be applicable for third countries. We offer this service in all countries listed in <mark><a href=\"https:\/\/eur-lex.europa.eu\/legal-content\/EN\/TXT\/PDF\/?uri=OJ:L_202402794&amp;qid=1730967041114\" target=\"_blank\" rel=\"noreferrer noopener\"><mark style=\"background-color:var(--ast-global-color-5)\" class=\"has-inline-color\">Regulation<\/mark><\/a><\/mark><a href=\"https:\/\/eur-lex.europa.eu\/legal-content\/EN\/TXT\/HTML\/?uri=OJ:L_202402794&amp;qid=1730967041114\" target=\"_blank\" rel=\"noreferrer noopener\">&nbsp;(EU)&nbsp;<\/a><a href=\"https:\/\/eur-lex.europa.eu\/legal-content\/EN\/TXT\/PDF\/?uri=OJ:L_202402794&amp;qid=1730967041114\" target=\"_blank\" rel=\"noreferrer noopener\">No<\/a><a href=\"https:\/\/eur-lex.europa.eu\/legal-content\/EN\/TXT\/HTML\/?uri=OJ:L_202402794&amp;qid=1730967041114\" target=\"_blank\" rel=\"noreferrer noopener\">&nbsp;2024\/2794<\/a>. See the&nbsp;<a href=\"https:\/\/srs-certification.com\/wp-content\/uploads\/2024\/11\/Extract-S14-Pol3.2-EU-Annex-I-Products-2024-02-05.pdf\">linked table<\/a>&nbsp;for products listed in Annex 1 of Regulation (EU) 2018\/848, for which we accept applications for certification.<\/p>\n\n\n\n<p class=\"has-ast-global-color-8-color has-text-color has-link-color wp-elements-728bf75942c172d409e208fe91c21627\">Our equivalent <a href=\"https:\/\/srs-certification.com\/de\/srs-bio-standard-eu-v2-1_3-01-02-2022\/\" target=\"_blank\" rel=\"noreferrer noopener\"><mark style=\"background-color:rgba(0, 0, 0, 0)\" class=\"has-inline-color has-black-color\">SRS Bio-Standard<\/mark><\/a> continues to be valid until the end of 2025 for exporters from China and Taiwan to Great Britain. <\/p>\n\n\n\n<p>Certification involves an annual inspection of your organic operation sites, including subcontractors and possible sample taking.<\/p>\n\n\n\n<h4 class=\"wp-block-heading has-ast-global-color-8-color has-text-color\"><strong>2. Organisch bei der Umwandlung <\/strong><\/h4>\n\n\n\n<p class=\"has-ast-global-color-8-color has-text-color\">Von dem Zeitpunkt, an dem Sie beginnen, Ihr Land \u00f6kologisch zu bewirtschaften, bis zu dem Zeitpunkt, an dem es vollst\u00e4ndig f\u00fcr die \u00f6kologische Produktion anerkannt werden kann, ist ein Zeitraum von bis zu drei Jahren (36 Monaten) erforderlich, in dem keine verbotenen Produkte angewendet werden d\u00fcrfen. Dies ist die sogenannte <em>Umrechnungszeitraum<\/em>. Es ist ratsam, oft sogar obligatorisch, sich w\u00e4hrend des Umstellungszeitraums zertifizieren zu lassen, um nachzuweisen, dass die Bewirtschaftung des Landes mit dem geforderten Bio-Standard \u00fcbereingestimmt hat. SRS kann Inspektionen durchf\u00fchren und die Einhaltung der Standards w\u00e4hrend der Umstellungszeit best\u00e4tigen. Ihre Produkte k\u00f6nnen als \"Bio in Umstellung\" zertifiziert werden.<\/p>\n\n\n\n<h4 class=\"wp-block-heading has-ast-global-color-8-color has-text-color\"><strong>3. Land History-Best\u00e4tigung<\/strong><\/h4>\n\n\n\n<p>Dieses Programm gilt f\u00fcr Betriebe, die sich auf eine Bio-Zertifizierung auf neu bewirtschafteten Fl\u00e4chen oder auf Fl\u00e4chen vorbereiten, die aufgegeben wurden und seit einigen Jahren \u00fcberhaupt nicht mehr bewirtschaftet werden. In diesem Fall ist es ratsam, oft sogar obligatorisch, das Land vor der ersten Anpflanzung einer \u00f6kologischen Kultur zu inspizieren und zu best\u00e4tigen. SRS kann das Land inspizieren und eine Best\u00e4tigung ausstellen, die bescheinigt, dass auf dem Land, das Sie bewirtschaften wollen, w\u00e4hrend des gesamten oder eines Teils des Umstellungszeitraums keine verbotenen Substanzen ausgebracht wurden.<\/p>\n\n\n\n<h4 class=\"wp-block-heading has-ast-global-color-8-color has-text-color\"><strong>4. \u00dcberpr\u00fcfung der Eingabekonformit\u00e4t<\/strong><\/h4>\n\n\n\n<p class=\"has-ast-global-color-8-color has-text-color\">If you are a manufacturer of agricultural inputs, such as fertilisers, soil amendments, plant protection substances, etc., SRS may review the description of your input and its processing protocol, inspect your operation and verify your products as suitable \u201cfor use in organic agriculture\u201d, i.e. they are suitable for farms in compliance with the standards you require: Regulation (EU) 2018\/848, NOP Rule (National Organic Program) and\/or Organic JAS (Japanese Agricultural Standard).<\/p>\n\n\n\n<h3 class=\"wp-block-heading has-ast-global-color-8-color has-text-color\">Lieferantenaudits durch SRS<\/h3>\n\n\n\n<p>SRS begr\u00fc\u00dft alle internationalen Akteure auf dem Bio-Markt, die eine Gesch\u00e4ftsbeziehung mit Lieferanten aufbauen m\u00f6chten. Wir bieten unsere Erfahrung und unser Fachwissen f\u00fcr Inspektionen in den Produktionsst\u00e4tten Ihrer Lieferanten und an anderen Standorten an. H\u00e4ndler von Mehrwertprodukten wissen, dass der blo\u00dfe Blick auf die Zertifizierung eines Produkts nicht unbedingt dessen erwartete Qualit\u00e4t garantiert. SRS bietet die \u00dcberwachung der von Ihnen gew\u00fcnschten Qualit\u00e4tskriterien an. Dabei kann es sich um eine garantierte Herkunft, Rasse oder Sorte, die Best\u00e4tigung der R\u00fcckverfolgbarkeit, spezifische Produktionsstandards, die Einhaltung von Hygiene- oder Qualit\u00e4tsparametern, die \u00dcberwachung der \u00f6kologischen Produktion, der Arbeitsbedingungen, der Kontaminationsfreiheit eines Produkts oder der nachhaltig bewirtschafteten Ressourcen handeln. Kontaktieren Sie uns jederzeit f\u00fcr diesen Service.<\/p>\n\n\n\n<p><\/p>","protected":false},"excerpt":{"rendered":"<p>Organic Certification Services Die SRS Certification GmbH ist derzeit f\u00fcr die Zertifizierung von Bioprodukten nach dem SRS Organic Standard akkreditiert. Dieser Standard entspricht der Verordnung (EG) Nr. 834\/2007 und der Verordnung (EG) Nr. 889\/2008, der Verordnung (EU) 2018\/848 in Drittl\u00e4ndern, dem NOP (USDA National Organic Program 7 CFR Part 205) und dem Organic JAS (Japanese Agricultural Standard). ...<\/p>\n<p class=\"read-more\"> <a class=\"\" href=\"https:\/\/srs-certification.com\/de\/certserv\/\"> <span class=\"screen-reader-text\">Zertifizierung &amp; Dienstleistungen<\/span> Read More \u00bb<\/a><\/p>","protected":false},"author":2,"featured_media":0,"parent":0,"menu_order":2,"comment_status":"closed","ping_status":"closed","template":"","meta":{"inline_featured_image":false,"site-sidebar-layout":"default","site-content-layout":"default","ast-global-header-display":"","ast-main-header-display":"","ast-hfb-above-header-display":"","ast-hfb-below-header-display":"","ast-hfb-mobile-header-display":"","site-post-title":"disabled","ast-breadcrumbs-content":"","ast-featured-img":"","footer-sml-layout":"","theme-transparent-header-meta":"","adv-header-id-meta":"","stick-header-meta":"","header-above-stick-meta":"","header-main-stick-meta":"","header-below-stick-meta":"","footnotes":""},"class_list":["post-37","page","type-page","status-publish","hentry"],"_links":{"self":[{"href":"https:\/\/srs-certification.com\/de\/wp-json\/wp\/v2\/pages\/37","targetHints":{"allow":["GET"]}}],"collection":[{"href":"https:\/\/srs-certification.com\/de\/wp-json\/wp\/v2\/pages"}],"about":[{"href":"https:\/\/srs-certification.com\/de\/wp-json\/wp\/v2\/types\/page"}],"author":[{"embeddable":true,"href":"https:\/\/srs-certification.com\/de\/wp-json\/wp\/v2\/users\/2"}],"replies":[{"embeddable":true,"href":"https:\/\/srs-certification.com\/de\/wp-json\/wp\/v2\/comments?post=37"}],"version-history":[{"count":5,"href":"https:\/\/srs-certification.com\/de\/wp-json\/wp\/v2\/pages\/37\/revisions"}],"predecessor-version":[{"id":4667,"href":"https:\/\/srs-certification.com\/de\/wp-json\/wp\/v2\/pages\/37\/revisions\/4667"}],"wp:attachment":[{"href":"https:\/\/srs-certification.com\/de\/wp-json\/wp\/v2\/media?parent=37"}],"curies":[{"name":"wp","href":"https:\/\/api.w.org\/{rel}","templated":true}]}}