{"id":42,"date":"2018-03-05T10:41:24","date_gmt":"2018-03-05T09:41:24","guid":{"rendered":"http:\/\/srs-certification.de\/?page_id=42"},"modified":"2024-11-13T13:33:15","modified_gmt":"2024-11-13T12:33:15","slug":"org-2","status":"publish","type":"page","link":"https:\/\/srs-certification.com\/de\/certserv\/org-2\/","title":{"rendered":"Bio"},"content":{"rendered":"<p class=\"has-ast-global-color-8-color has-text-color\">Nachfolgend finden Sie Links zu einer Reihe bekannter und weit verbreiteter Bio-Standards.<br>Produkte, die in einem Land (z.B. USA, Japan, ...) oder einer Region (z.B. EU) als \u00f6kologisch gekennzeichnet werden sollen, m\u00fcssen nach dem jeweiligen Standard produziert werden.<\/p>\n\n\n\n<p class=\"has-ast-global-color-8-color has-text-color\">Wir bieten bereits Zertifizierungen f\u00fcr die folgenden Standards an:<\/p>\n\n\n\n<p class=\"has-ast-global-color-8-color has-text-color\"><span style=\"text-decoration: underline;\"><\/span><\/p>\n\n\n\n<div class=\"wp-block-columns is-layout-flex wp-container-core-columns-is-layout-28f84493 wp-block-columns-is-layout-flex\">\n<div class=\"wp-block-column is-layout-flow wp-block-column-is-layout-flow\" style=\"flex-basis:33.33%\">\n<figure class=\"wp-block-image alignleft size-thumbnail is-resized\"><img loading=\"lazy\" decoding=\"async\" width=\"150\" height=\"100\" src=\"https:\/\/srs-certification.com\/wp-content\/uploads\/2018\/06\/EU_Organic_Logo_Colour_rgb-300x200-150x100.gif\" alt=\"\" class=\"wp-image-439\" style=\"width:150px;height:100px\" srcset=\"https:\/\/srs-certification.com\/wp-content\/uploads\/2018\/06\/EU_Organic_Logo_Colour_rgb-300x200-150x100.gif 150w, https:\/\/srs-certification.com\/wp-content\/uploads\/2018\/06\/EU_Organic_Logo_Colour_rgb-300x200-300x200.gif 300w\" sizes=\"auto, (max-width: 150px) 100vw, 150px\" \/><\/figure>\n<\/div>\n\n\n\n<div class=\"wp-block-column is-layout-flow wp-block-column-is-layout-flow\" style=\"flex-basis:66.66%\">\n<p class=\"has-ast-global-color-8-color has-text-color has-link-color wp-elements-aeda7eee7e26392ea442ceed509ba8fb\"><a href=\"https:\/\/ec.europa.eu\/info\/food-farming-fisheries\/farming\/organic-farming\/legislation_en\" target=\"_blank\" rel=\"noreferrer noopener\"><mark style=\"background-color:rgba(0, 0, 0, 0)\" class=\"has-inline-color has-black-color\">EU Organic Regulations<\/mark><\/a>: <a href=\"https:\/\/srs-certification.com\/de\/srs-bio-standard-eu-v2-1_3-01-02-2022\/\" target=\"_blank\" rel=\"noreferrer noopener\"><mark style=\"background-color:rgba(0, 0, 0, 0)\" class=\"has-inline-color has-black-color\">SRS Bio-Standard<\/mark><\/a> has been recognised by the EU Commission for offering certification equivalent to the EU organic regulations (Regulation (EC) No 834\/2007 and its implementation rules Regulation (EC) No 889\/2008). We offer this service in all countries listed in <mark style=\"background-color:rgba(0, 0, 0, 0)\" class=\"has-inline-color has-black-color\"><a href=\"https:\/\/srs-certification.com\/de\/akkreditierungen\/#EU-Reg-2021-2325\">R<\/a><a href=\"https:\/\/srs-certification.com\/de\/akkreditierungen\/#EU-Reg-2021-2325\" target=\"_blank\" rel=\"noreferrer noopener\">egulation (EU) No 2021\/2325<\/a><\/mark>.<\/p>\n\n\n\n<p class=\"has-black-color has-text-color\">As of January 2025, only <a href=\"https:\/\/srs-certification.com\/de\/akkreditierungen\/legislative\/\" data-type=\"link\" data-id=\"https:\/\/srs-certification.com\/accreditations\/legisorg\/\">Regulation (EU) 2018\/848<\/a> will be applicable for third countries. We offer this service in all countries listed in <a href=\"https:\/\/eur-lex.europa.eu\/legal-content\/EN\/TXT\/HTML\/?uri=OJ:L_202402794&amp;qid=1730967041114\">Regulation (EU)\u00a0No\u00a02024\/2794<\/a>. See the\u00a0<a href=\"https:\/\/srs-certification.com\/wp-content\/uploads\/2024\/11\/Extract-S14-Pol3.2-EU-Annex-I-Products-2024-02-05.pdf\">linked table<\/a>\u00a0for products listed in Annex 1 of Regulation (EU) 2018\/848, for which we accept applications for certification.<\/p>\n\n\n\n<p class=\"has-ast-global-color-8-color has-text-color\">Our equivalen<mark style=\"background-color:rgba(0, 0, 0, 0)\" class=\"has-inline-color has-black-color\">t <a href=\"https:\/\/srs-certification.com\/de\/srs-bio-standard-eu-v2-1_3-01-02-2022\/\">SRS Bio-Standard<\/a><\/mark> continues to be valid until the end of 2025 for exporters from China and Taiwan to Great Britain.<\/p>\n\n\n\n<p class=\"has-black-color has-text-color\">EU certification involves inspection of your organic operation sites, including subcontractors, certification of organic products and the issuance of transaction documents for organic trade, so-called Certificates of Inspection (CoI).&nbsp;<\/p>\n<\/div>\n\n\n\n<div class=\"wp-block-column is-layout-flow wp-block-column-is-layout-flow\"><\/div>\n<\/div>\n\n\n\n<p><\/p>\n\n\n\n<div class=\"wp-block-columns is-layout-flex wp-container-core-columns-is-layout-28f84493 wp-block-columns-is-layout-flex\">\n<div class=\"wp-block-column is-layout-flow wp-block-column-is-layout-flow\" style=\"flex-basis:33.33%\">\n<figure class=\"wp-block-image alignleft size-thumbnail\"><img loading=\"lazy\" decoding=\"async\" width=\"150\" height=\"100\" src=\"https:\/\/srs-certification.com\/wp-content\/uploads\/2020\/02\/jas_srs_logo_2020-250p-150x100.png\" alt=\"\" class=\"wp-image-2047\" srcset=\"https:\/\/srs-certification.com\/wp-content\/uploads\/2020\/02\/jas_srs_logo_2020-250p-150x100.png 150w, https:\/\/srs-certification.com\/wp-content\/uploads\/2020\/02\/jas_srs_logo_2020-250p.png 250w\" sizes=\"auto, (max-width: 150px) 100vw, 150px\" \/><\/figure>\n<\/div>\n\n\n\n<div class=\"wp-block-column is-layout-flow wp-block-column-is-layout-flow\" style=\"flex-basis:66.66%\">\n<p class=\"has-ast-global-color-8-color has-text-color\">JAS: <a href=\"https:\/\/www.maff.go.jp\/e\/policies\/standard\/specific\/organic_JAS.html\">Japanische Bio-Standards<\/a><mark style=\"background-color:rgba(0, 0, 0, 0)\" class=\"has-inline-color has-black-color\"> sind Vorschriften f\u00fcr die Landwirtschaft und die Lebensmittelindustrie, die Aufrechterhaltung<\/mark>die von der japanischen Regierung ins Leben gerufen wurde. Sie legt die Standards f\u00fcr zertifizierte Bio-Produkte f\u00fcr den japanischen Markt fest. Es besteht aus einer Reihe von Dokumenten mit Meldungen f\u00fcr die Produktion, Verarbeitung und Wiederverpackung sowie technischen Kriterien f\u00fcr das Personal, das mit \u00f6kologischen Verfahren arbeitet, und deren Aufgaben.<\/p>\n<\/div>\n<\/div>\n\n\n\n<p class=\"has-ast-global-color-8-color has-text-color\"><\/p>\n\n\n\n<div class=\"wp-block-columns is-layout-flex wp-container-core-columns-is-layout-28f84493 wp-block-columns-is-layout-flex\">\n<div class=\"wp-block-column is-layout-flow wp-block-column-is-layout-flow\" style=\"flex-basis:33.33%\">\n<figure class=\"wp-block-image alignleft size-thumbnail\"><img loading=\"lazy\" decoding=\"async\" width=\"150\" height=\"150\" src=\"https:\/\/srs-certification.com\/wp-content\/uploads\/2019\/02\/USDA-Organic-150x150.gif\" alt=\"\" class=\"wp-image-1322\" srcset=\"https:\/\/srs-certification.com\/wp-content\/uploads\/2019\/02\/USDA-Organic-150x150.gif 150w, https:\/\/srs-certification.com\/wp-content\/uploads\/2019\/02\/USDA-Organic-300x300.gif 300w, https:\/\/srs-certification.com\/wp-content\/uploads\/2019\/02\/USDA-Organic-768x768.gif 768w, https:\/\/srs-certification.com\/wp-content\/uploads\/2019\/02\/USDA-Organic-1024x1024.gif 1024w, https:\/\/srs-certification.com\/wp-content\/uploads\/2019\/02\/USDA-Organic-270x270.gif 270w, https:\/\/srs-certification.com\/wp-content\/uploads\/2019\/02\/USDA-Organic-50x50.gif 50w\" sizes=\"auto, (max-width: 150px) 100vw, 150px\" \/><\/figure>\n<\/div>\n\n\n\n<div class=\"wp-block-column is-layout-flow wp-block-column-is-layout-flow\" style=\"flex-basis:66.66%\">\n<p class=\"has-ast-global-color-8-color has-text-color has-link-color wp-elements-6dca1b469dc94fd6d1d2ae12c1ef190f\">NOP\/USDA: Steht f\u00fcr die <a href=\"https:\/\/www.ecfr.gov\/current\/title-7\/subtitle-B\/chapter-I\/subchapter-M\/part-205?toc=1\" target=\"_blank\" rel=\"noreferrer noopener\">Nationales Bio-Programm 7 CFR Teil 205<\/a>ein Regulierungsprogramm des United States Department of Agriculture (USDA) Agriculture and Marketing Service. Das NOP ist f\u00fcr die Entwicklung und Durchsetzung der US-Standards f\u00fcr \u00f6kologische Agrarprodukte zust\u00e4ndig.<\/p>\n<\/div>\n<\/div>\n\n\n\n<p><\/p>\n\n\n\n<div class=\"wp-block-columns is-layout-flex wp-container-core-columns-is-layout-28f84493 wp-block-columns-is-layout-flex\">\n<div class=\"wp-block-column is-layout-flow wp-block-column-is-layout-flow\" style=\"flex-basis:33.33%\">\n<figure class=\"wp-block-image alignleft size-thumbnail\"><img loading=\"lazy\" decoding=\"async\" width=\"150\" height=\"150\" src=\"https:\/\/srs-certification.com\/wp-content\/uploads\/2020\/02\/\u4e2d\u56fd\u6709\u673aGBT-150x150.png\" alt=\"\" class=\"wp-image-2033\" srcset=\"https:\/\/srs-certification.com\/wp-content\/uploads\/2020\/02\/\u4e2d\u56fd\u6709\u673aGBT-150x150.png 150w, https:\/\/srs-certification.com\/wp-content\/uploads\/2020\/02\/\u4e2d\u56fd\u6709\u673aGBT-300x300.png 300w, https:\/\/srs-certification.com\/wp-content\/uploads\/2020\/02\/\u4e2d\u56fd\u6709\u673aGBT-270x270.png 270w, https:\/\/srs-certification.com\/wp-content\/uploads\/2020\/02\/\u4e2d\u56fd\u6709\u673aGBT-50x50.png 50w, https:\/\/srs-certification.com\/wp-content\/uploads\/2020\/02\/\u4e2d\u56fd\u6709\u673aGBT.png 570w\" sizes=\"auto, (max-width: 150px) 100vw, 150px\" \/><\/figure>\n<\/div>\n\n\n\n<div class=\"wp-block-column is-layout-flow wp-block-column-is-layout-flow\" style=\"flex-basis:66.66%\">\n<p class=\"has-ast-global-color-8-color has-text-color has-link-color wp-elements-756ba9fd2fb3074a7ca5b0b0e26435c4\">Das China<mark style=\"background-color:rgba(0, 0, 0, 0)\" class=\"has-inline-color has-black-color\"> \u00d6kologische Produktnorm GB\/T 19630-2019<\/mark> enth\u00e4lt die Vorschriften, gegen die alle Produkte, die auf dem chinesischen Markt als biologisch hergestellt und zertifiziert werden sollen. Wir empfehlen Ihnen, sich an unsere Schwesterfirma zu wenden - &nbsp;<a rel=\"noreferrer noopener\" href=\"http:\/\/srs-cert.com\/\" target=\"_blank\">SRS (Shanghai) Certification Co., Ltd<\/a> \u4e0a\u6d77\u65f6\u8fce\u8ba4\u8bc1\u670d\u52a1\u6709\u9650\u516c\u53f8 - die f\u00fcr diesen Standard akkreditiert ist, wenn Sie an einer Zertifizierung f\u00fcr den chinesischen Bio-Standard GB\/T 19630-2019 interessiert sind.<\/p>\n<\/div>\n<\/div>\n\n\n\n<p><\/p>","protected":false},"excerpt":{"rendered":"<p>Below are links to a number of widely-known and broadly applied organic standards.Products which shall be labelled as organic in a country (e.g. USA, Japan, \u2026) or region (e.g. EU) must be produced according to the respective standard. We already offer certification for the following standards: EU Organic Regulations: SRS Organic Standard has been recognised \u2026<\/p>\n<p class=\"read-more\"> <a class=\"\" href=\"https:\/\/srs-certification.com\/de\/certserv\/org-2\/\"> <span class=\"screen-reader-text\">Bio<\/span> Read More \u00bb<\/a><\/p>","protected":false},"author":5,"featured_media":0,"parent":37,"menu_order":1,"comment_status":"closed","ping_status":"closed","template":"","meta":{"inline_featured_image":false,"site-sidebar-layout":"default","site-content-layout":"default","ast-global-header-display":"","ast-main-header-display":"","ast-hfb-above-header-display":"","ast-hfb-below-header-display":"","ast-hfb-mobile-header-display":"","site-post-title":"disabled","ast-breadcrumbs-content":"","ast-featured-img":"","footer-sml-layout":"","theme-transparent-header-meta":"","adv-header-id-meta":"","stick-header-meta":"","header-above-stick-meta":"","header-main-stick-meta":"","header-below-stick-meta":"","footnotes":""},"class_list":["post-42","page","type-page","status-publish","hentry"],"_links":{"self":[{"href":"https:\/\/srs-certification.com\/de\/wp-json\/wp\/v2\/pages\/42","targetHints":{"allow":["GET"]}}],"collection":[{"href":"https:\/\/srs-certification.com\/de\/wp-json\/wp\/v2\/pages"}],"about":[{"href":"https:\/\/srs-certification.com\/de\/wp-json\/wp\/v2\/types\/page"}],"author":[{"embeddable":true,"href":"https:\/\/srs-certification.com\/de\/wp-json\/wp\/v2\/users\/5"}],"replies":[{"embeddable":true,"href":"https:\/\/srs-certification.com\/de\/wp-json\/wp\/v2\/comments?post=42"}],"version-history":[{"count":4,"href":"https:\/\/srs-certification.com\/de\/wp-json\/wp\/v2\/pages\/42\/revisions"}],"predecessor-version":[{"id":4672,"href":"https:\/\/srs-certification.com\/de\/wp-json\/wp\/v2\/pages\/42\/revisions\/4672"}],"up":[{"embeddable":true,"href":"https:\/\/srs-certification.com\/de\/wp-json\/wp\/v2\/pages\/37"}],"wp:attachment":[{"href":"https:\/\/srs-certification.com\/de\/wp-json\/wp\/v2\/media?parent=42"}],"curies":[{"name":"wp","href":"https:\/\/api.w.org\/{rel}","templated":true}]}}