{"id":4375,"date":"2023-12-20T15:43:29","date_gmt":"2023-12-20T14:43:29","guid":{"rendered":"https:\/\/srs-certification.com\/?page_id=4375"},"modified":"2025-06-16T13:00:37","modified_gmt":"2025-06-16T11:00:37","slug":"legislative","status":"publish","type":"page","link":"https:\/\/srs-certification.com\/de\/akkreditierungen\/legislative\/","title":{"rendered":"Gesetzgebung f\u00fcr Bio-Betreiber"},"content":{"rendered":"<h5 class=\"wp-block-heading has-text-align-center\"><strong>Relevante Rechtsvorschriften f\u00fcr die Zertifizierung von Betreibern gem\u00e4\u00df der Verordnung (EU) 2018\/848<\/strong>:<\/h5>\n\n\n\n<h6 class=\"wp-block-heading has-text-align-center\"><strong>\u00dcbersetzungen in andere Sprachen k\u00f6nnen bei unserem B\u00fcro angefordert werden.<\/strong><\/h6>\n\n\n\n<p><\/p>\n\n\n\n<ul class=\"wp-block-list\">\n<li><strong>Verordnung \u00fcber die \u00f6kologische Erzeugung und die Kennzeichnung von \u00f6kologischen Erzeugnissen<\/strong> (Verordnung (EU) 2018\/848 - Basisrechtsakt)<br><a href=\"https:\/\/eur-lex.europa.eu\/legal-content\/EN\/TXT\/PDF\/?uri=CELEX:02018R0848-20241201\">https:\/\/eur-lex.europa.eu\/legal-content\/EN\/TXT\/PDF\/?uri=CELEX:02018R0848-20241201<\/a><\/li>\n\n\n\n<li><strong>R\u00fcckwirkende Anerkennung des Umstellungszeitraums<\/strong> (Durchf\u00fchrungsverordnung (EU) 2020\/464 der Kommission -Kapitel 1)<br><a href=\"https:\/\/eur-lex.europa.eu\/legal-content\/EN\/TXT\/PDF\/?uri=CELEX:02020R0464-20211125\">https:\/\/eur-lex.europa.eu\/legal-content\/EN\/TXT\/PDF\/?uri=CELEX:02020R0464-20211125<\/a><\/li>\n\n\n\n<li><strong>Ausnahmeregeln f\u00fcr die Produktion unter katastrophalen Umst\u00e4nden<\/strong> (Delegierte Verordnung (EU) 2020\/2146 der Kommission)<br><a href=\"https:\/\/eur-lex.europa.eu\/legal-content\/EN\/TXT\/PDF\/?uri=CELEX:02020R2146-20240111&amp;qid=1733321056083\">https:\/\/eur-lex.europa.eu\/legal-content\/EN\/TXT\/PDF\/?uri=CELEX:02020R2146-20240111&amp;qid=1733321056083<\/a><\/li>\n\n\n\n<li><strong>Regeln f\u00fcr die Behandlung von F\u00e4llen, in denen ein Verdacht auf Nichteinhaltung besteht und die Erzeugergemeinschaften betreffen<\/strong> (Durchf\u00fchrungsverordnung (EU) 2021\/279 der Kommission)<br><a href=\"https:\/\/eur-lex.europa.eu\/legal-content\/EN\/TXT\/PDF\/?uri=CELEX:32021R0279\">https:\/\/eur-lex.europa.eu\/legal-content\/EN\/TXT\/PDF\/?uri=CELEX:32021R0279<\/a><\/li>\n\n\n\n<li><strong>Kontrolle der Buchf\u00fchrung und der Erzeugergemeinschaften durch die Zertifizierungsstelle<\/strong> (Delegierte Verordnung (EU) 2021\/771 der Kommission)<br><a href=\"https:\/\/eur-lex.europa.eu\/legal-content\/EN\/TXT\/PDF\/?uri=CELEX:02021R0771-20210511\">https:\/\/eur-lex.europa.eu\/legal-content\/EN\/TXT\/PDF\/?uri=CELEX:02021R0771-20210511<\/a><\/li>\n\n\n\n<li><strong>Liste der zugelassenen Produkte und Substanzen<\/strong> (Durchf\u00fchrungsverordnung (EU) 2021\/1165 der Kommission)<br><a href=\"https:\/\/eur-lex.europa.eu\/legal-content\/EN\/TXT\/HTML\/?uri=CELEX:02021R1165-20231115\">https:\/\/eur-lex.europa.eu\/legal-content\/EN\/TXT\/HTML\/?uri=CELEX:02021R1165-20231115<\/a><\/li>\n\n\n\n<li><strong>Erzeugung und Vermarktung von Pflanzenvermehrungsmaterial <\/strong>(Delegierte Verordnung (EU) 2021\/1189 der Kommission)<br><a href=\"https:\/\/eur-lex.europa.eu\/legal-content\/EN\/TXT\/PDF\/?uri=CELEX:02021R1189-20220705\">https:\/\/eur-lex.europa.eu\/legal-content\/EN\/TXT\/PDF\/?uri=CELEX:02021R1189-20220705<\/a><\/li>\n\n\n\n<li><strong>Von Betreibern und Gruppen von Betreibern geforderte Aufzeichnungen<\/strong> (Durchf\u00fchrungsverordnung (EU) 2021\/2119 der Kommission)<br><a href=\"https:\/\/eur-lex.europa.eu\/legal-content\/EN\/TXT\/PDF\/?uri=CELEX:02021R2119-20221118\">https:\/\/eur-lex.europa.eu\/legal-content\/EN\/TXT\/PDF\/?uri=CELEX:02021R2119-20221118<\/a><\/li>\n\n\n\n<li><strong>Kennzeichnung von Tiernahrung <\/strong>(Verordnung (EU) 2023\/2419)<br><a href=\"https:\/\/eur-lex.europa.eu\/legal-content\/EN\/TXT\/PDF\/?uri=OJ:L_202302419&amp;qid=1701252421924\">https:\/\/eur-lex.europa.eu\/legal-content\/EN\/TXT\/PDF\/?uri=OJ:L_202302419&amp;qid=1701252421924<\/a><\/li>\n<\/ul>\n\n\n\n<p><\/p>\n\n\n\n<h5 class=\"wp-block-heading has-text-align-center\"><strong><strong>Relevante Rechtsvorschriften f\u00fcr die Zertifizierung von Betreibern gem\u00e4\u00df der Verordnung (UE) 2018\/848<\/strong><\/strong><\/h5>\n\n\n\n<p><\/p>\n\n\n\n<ul class=\"wp-block-list\">\n<li><strong>Verordnung \u00fcber die biologische Produktion und die Etikettierung von Bioprodukten<\/strong> (r\u00e8glement (UE) 2018\/848 - acte de base)<br><a href=\"https:\/\/eur-lex.europa.eu\/legal-content\/FR\/TXT\/PDF\/?uri=CELEX:02018R0848-20241201\" target=\"_blank\" rel=\"noreferrer noopener\">https:\/\/eur-lex.europa.eu\/legal-content\/FR\/TXT\/PDF\/?uri=CELEX:02018R0848-20241201<\/a><\/li>\n\n\n\n<li><strong>Reconnaissance r\u00e9troactive de la p\u00e9riode de conversion <\/strong>(r\u00e8glement d'ex\u00e9cution (UE) 2020\/464 de la Commission - chapitre 1)<br><a href=\"https:\/\/eur-lex.europa.eu\/legal-content\/FR\/TXT\/PDF\/?uri=CELEX:02020R0464-20211125\">https:\/\/eur-lex.europa.eu\/legal-content\/FR\/TXT\/PDF\/?uri=CELEX:02020R0464-20211125<\/a><\/li>\n\n\n\n<li><strong>R\u00e8gles de production exceptionnelles pendant catastrophes<\/strong> (r\u00e8glement d\u00e9l\u00e9gu\u00e9 (UE) 2020\/2146 de la Commission)<br><a href=\"https:\/\/eur-lex.europa.eu\/legal-content\/FR\/TXT\/PDF\/?uri=CELEX:02020R2146-20240111&amp;qid=1733321056083\">https:\/\/eur-lex.europa.eu\/legal-content\/FR\/TXT\/PDF\/?uri=CELEX:02020R2146-20240111&amp;qid=1733321056083<\/a><\/li>\n\n\n\n<li><strong>Regeln f\u00fcr die Verwaltung von Manipulationssuppen und Betriebsgruppen<\/strong> (r\u00e8glement d'ex\u00e9cution (UE) 2021\/279 de la Commission)<br><a href=\"https:\/\/eur-lex.europa.eu\/legal-content\/FR\/TXT\/PDF\/?uri=CELEX:02021R0279-20210223\">https:\/\/eur-lex.europa.eu\/legal-content\/FR\/TXT\/PDF\/?uri=CELEX:02021R0279-20210223<\/a><\/li>\n\n\n\n<li><strong>Kontrolle der Dokumente und der Betriebsgruppen durch die Zertifizierungsstelle <\/strong>(r\u00e8glement d\u00e9l\u00e9gu\u00e9 (UE) 2021\/771 de la Commission)<br><a href=\"https:\/\/eur-lex.europa.eu\/legal-content\/FR\/TXT\/PDF\/?uri=CELEX:02021R0771-20210511\">https:\/\/eur-lex.europa.eu\/legal-content\/FR\/TXT\/PDF\/?uri=CELEX:02021R0771-20210511<\/a><\/li>\n\n\n\n<li><strong>Liste der Produkte und der zugelassenen Stoffe<\/strong> (r\u00e8glement d'ex\u00e9cution (UE) 2021\/1165 de la Commission)<br><a href=\"https:\/\/eur-lex.europa.eu\/legal-content\/FR\/TXT\/HTML\/?uri=CELEX:02021R1165-20231115\">https:\/\/eur-lex.europa.eu\/legal-content\/FR\/TXT\/HTML\/?uri=CELEX:02021R1165-20231115<\/a><\/li>\n\n\n\n<li><strong>Produktion und Vermarktung von pflanzlichen Reproduktionsmaterialien <\/strong>(r\u00e8glement d\u00e9l\u00e9gu\u00e9 (UE) 2021\/1189 de la Commission)<br><a href=\"https:\/\/eur-lex.europa.eu\/legal-content\/FR\/TXT\/PDF\/?uri=CELEX:02021R1189-20220705\">https:\/\/eur-lex.europa.eu\/legal-content\/FR\/TXT\/PDF\/?uri=CELEX:02021R1189-20220705<\/a><\/li>\n\n\n\n<li><strong>Erforderliche Registrierungen von Seiten der Betreiber und Betreibergruppen<\/strong> (r\u00e8glement d'ex\u00e9cution (UE) 2021\/2119 de la Commission)<br><a href=\"https:\/\/eur-lex.europa.eu\/legal-content\/FR\/TXT\/PDF\/?uri=CELEX:02021R2119-20221118\">https:\/\/eur-lex.europa.eu\/legal-content\/FR\/TXT\/PDF\/?uri=CELEX:02021R2119-20221118<\/a><\/li>\n\n\n\n<li><strong>\u00c9tiquetage des aliments pour animaux familiers <\/strong>(r\u00e8glement (UE) 2023\/2419)<br><a href=\"https:\/\/eur-lex.europa.eu\/legal-content\/FR\/TXT\/PDF\/?uri=OJ:L_202302419&amp;qid=1701252475827\">https:\/\/eur-lex.europa.eu\/legal-content\/FR\/TXT\/PDF\/?uri=OJ:L_202302419&amp;qid=1701252475827<\/a><\/li>\n<\/ul>\n\n\n\n<p><\/p>\n\n\n\n<h5 class=\"wp-block-heading has-text-align-center\"><strong>Relevante Dokumente f\u00fcr die Zertifizierung von Betreibern gem\u00e4\u00df der Verordnung (EU) 2018\/848 - Chinesische \u00dcbersetzungen<\/strong><\/h5>\n\n\n\n<p><\/p>\n\n\n\n<h5 class=\"wp-block-heading has-text-align-center\"><strong>1.<\/strong> <strong>Ausz\u00fcge aus den relevanten Gesetzen<\/strong><\/h5>\n\n\n\n<p><\/p>\n\n\n\n<p class=\"has-text-align-center\"><strong>Anmerkung: <\/strong>Die bereitgestellten \u00dcbersetzungen sind KEINE offiziellen \u00dcbersetzungen, sondern dienen lediglich der Information. <br>Im Falle von Abweichungen zwischen der englischen Originalversion und der chinesischen \u00dcbersetzung ist die englische Version ma\u00dfgebend.<\/p>\n\n\n\n<p><strong>F\u00fcr alle Unternehmer geltende Produktionsvorschriften - Verordnung (EU) 2018\/848, Kapitel III und Anhang III<\/strong><\/p>\n\n\n\n<ul class=\"wp-block-list\">\n<li><a href=\"https:\/\/srs-certification.com\/wp-content\/uploads\/2024\/03\/2018-848-General-production-rules-art-9-11.pdf\" target=\"_blank\" rel=\"noreferrer noopener\">Allgemeine Produktionsvorschriften, Umstellung und Verbot der Verwendung von GVO (Art. 9-11)<\/a><\/li>\n\n\n\n<li><a href=\"https:\/\/srs-certification.com\/wp-content\/uploads\/2024\/03\/2018-848-art-27-and-28.pdf\" target=\"_blank\" rel=\"noreferrer noopener\">Pflichten und Ma\u00dfnahmen bei Verdacht auf Nichteinhaltung und Vorsichtsma\u00dfnahmen zur Vermeidung des Vorhandenseins von nicht zugelassenen Produkten und Stoffen (Art. 27 und 28)<\/a><\/li>\n\n\n\n<li><a href=\"https:\/\/srs-certification.com\/wp-content\/uploads\/2024\/03\/2018-848-Collection-packaging-transport-storage.pdf\" target=\"_blank\" rel=\"noreferrer noopener\">Sammlung, Verpackung, Transport und Lagerung von Produkten (Anhang III)<\/a><\/li>\n<\/ul>\n\n\n\n<p><\/p>\n\n\n\n<p><strong>Detaillierte Produktionsvorschriften - Verordnung (EU) 2018\/848, Anhang II (und Artikel 12-19)<\/strong><\/p>\n\n\n\n<ul class=\"wp-block-list\">\n<li><a href=\"https:\/\/srs-certification.com\/wp-content\/uploads\/2024\/03\/2018-848-Production-rules-crops.pdf\" target=\"_blank\" rel=\"noreferrer noopener\">Regeln f\u00fcr die pflanzliche Erzeugung (Teil I)<\/a><\/li>\n\n\n\n<li><a href=\"https:\/\/srs-certification.com\/wp-content\/uploads\/2024\/03\/2018-848-Production-rules-food-processing.pdf\" target=\"_blank\" rel=\"noreferrer noopener\">Regeln f\u00fcr die Herstellung verarbeiteter Lebensmittel (Teil IV)<\/a><\/li>\n\n\n\n<li><a href=\"https:\/\/srs-certification.com\/wp-content\/uploads\/2024\/03\/2018-848-Production-rules-feed.pdf\" target=\"_blank\" rel=\"noreferrer noopener\">Regeln f\u00fcr die Herstellung von verarbeiteten Futtermitteln (Teil V)<\/a><\/li>\n\n\n\n<li><a href=\"https:\/\/srs-certification.com\/wp-content\/uploads\/2024\/03\/2018-848-Production-rules-wine.pdf\" target=\"_blank\" rel=\"noreferrer noopener\">Wein (Teil VI)<\/a><\/li>\n\n\n\n<li><a href=\"https:\/\/srs-certification.com\/wp-content\/uploads\/2024\/03\/2018-848-Production-rules-yeast.pdf\" target=\"_blank\" rel=\"noreferrer noopener\">Als Lebens- oder Futtermittel verwendete Hefe (Teil VII)<\/a><\/li>\n<\/ul>\n\n\n\n<p><\/p>\n\n\n\n<p><strong>Liste der zugelassenen Produkte und Stoffe - Durchf\u00fchrungsverordnung (EU) 2021\/1165 der Kommission, Anh\u00e4nge I - III und V&nbsp;<\/strong><\/p>\n\n\n\n<ul class=\"wp-block-list\">\n<li><a href=\"https:\/\/srs-certification.com\/wp-content\/uploads\/2024\/03\/2021-1165-Inputs-plant-protection-\u6295\u5165\u54c1-\u690d\u4fdd\u4ea7\u54c1.pdf\" target=\"_blank\" rel=\"noreferrer noopener\">Wirkstoffe in Pflanzenschutzmitteln (Anhang I)<\/a><\/li>\n\n\n\n<li><a href=\"https:\/\/srs-certification.com\/wp-content\/uploads\/2024\/03\/2021-1165-Inputs-fertilizers-\u6295\u5165\u54c1-\u80a5\u6599.pdf\" target=\"_blank\" rel=\"noreferrer noopener\">D\u00fcngemittel, Bodenverbesserer und N\u00e4hrstoffe (Anhang II)<\/a><\/li>\n\n\n\n<li><a href=\"https:\/\/srs-certification.com\/wp-content\/uploads\/2024\/03\/2021-1165-Inputs-feed-\u6295\u5165\u54c1-\u9972\u6599.pdf\" target=\"_blank\" rel=\"noreferrer noopener\">Erzeugnisse und Stoffe zur Verwendung als Futtermittel oder in der Futtermittelherstellung (Anhang III)<\/a><\/li>\n\n\n\n<li><a href=\"https:\/\/srs-certification.com\/wp-content\/uploads\/2024\/03\/2021-1165-Inputs-food-additives-and-processing-aids-\u6295\u5165\u54c1-\u98df\u54c1\u6dfb\u52a0\u5242\u548c\u52a0\u5de5\u52a9\u5242.pdf\" target=\"_blank\" rel=\"noreferrer noopener\">Produkte und Stoffe zur Verwendung bei der Herstellung von verarbeiteten \u00f6kologischen Lebensmitteln (Anhang V, Teil A und B)<\/a><\/li>\n\n\n\n<li><a href=\"https:\/\/srs-certification.com\/wp-content\/uploads\/2024\/03\/2021-1165-Inputs-yeast-\u6295\u5165\u54c1-\u9175\u6bcd.pdf\" target=\"_blank\" rel=\"noreferrer noopener\">Erzeugnisse und Stoffe zur Verwendung bei der Herstellung von Hefe, die als Lebens- oder Futtermittel verwendet wird (Anhang V, Teil C)<\/a><\/li>\n\n\n\n<li><a href=\"https:\/\/srs-certification.com\/wp-content\/uploads\/2024\/03\/2021-1165-Inputs-wine-\u6295\u5165\u54c1-\u9152\u7c7b.pdf\" target=\"_blank\" rel=\"noreferrer noopener\">Produkte und Stoffe f\u00fcr die Erzeugung und Konservierung von \u00f6kologischen Weinbauerzeugnissen (Anhang V, Teil D)<\/a><\/li>\n<\/ul>\n\n\n\n<p><\/p>\n\n\n\n<p><strong>Sonstiges - Verordnung (EU) 2018\/848<\/strong><\/p>\n\n\n\n<ul class=\"wp-block-list\">\n<li><a href=\"https:\/\/srs-certification.com\/wp-content\/uploads\/2024\/03\/2018-848-Production-rules-marketing-PPM-art-13.pdf\" target=\"_blank\" rel=\"noreferrer noopener\">Besondere Bestimmungen f\u00fcr die Vermarktung von Pflanzenvermehrungsmaterial aus heterogenem organischem Material (Art. 13)<\/a><\/li>\n\n\n\n<li><a href=\"https:\/\/srs-certification.com\/wp-content\/uploads\/2024\/03\/2018-848-Production-rules-others-art-21.pdf\" target=\"_blank\" rel=\"noreferrer noopener\">Produktionsvorschriften f\u00fcr Produkte, die nicht unter die in den Artikeln 12 bis 19 genannten Produktkategorien fallen (Art. 21)<\/a><\/li>\n\n\n\n<li><a href=\"https:\/\/srs-certification.com\/wp-content\/uploads\/2024\/03\/2018-848-Labelling-\u6807\u8bc6.pdf\" target=\"_blank\" rel=\"noreferrer noopener\">Kennzeichnung (Kapitel IV)<\/a><\/li>\n\n\n\n<li><a href=\"https:\/\/srs-certification.com\/wp-content\/uploads\/2024\/03\/2018-848-Group-of-operators-\u64cd\u4f5c\u8005\u56e2\u4f53.pdf\" target=\"_blank\" rel=\"noreferrer noopener\">Gruppe von Betreibern (Art. 36)<\/a><\/li>\n<\/ul>\n\n\n\n<p><\/p>\n\n\n\n<p class=\"has-text-align-center\"><\/p>\n\n\n\n<h5 class=\"gb-headline gb-headline-8c34c0ca gb-headline-text\"><strong>2. Andere Dokumente<\/strong><\/h5>\n\n\n\n<p><\/p>\n\n\n\n<ul class=\"wp-block-list\">\n<li><a href=\"https:\/\/srs-certification.com\/wp-content\/uploads\/2025\/06\/ORG-N-Ti2-Steps-for-Organic-Certification-2025-06-03z.pdf\" target=\"_blank\" rel=\"noreferrer noopener\">Kontrollma\u00dfnahmen - ORG-N-Ti2 Schritte zur Bio-Zertifizierung (SRS-Dokument)<\/a><\/li>\n<\/ul>\n\n\n\n<p><\/p>\n\n\n\n<h5 class=\"wp-block-heading has-text-align-center\"><strong>Relevante Dokumente f\u00fcr die Zertifizierung von Betreibern gem\u00e4\u00df der Verordnung (EU) 2018\/848 - T\u00fcrkische \u00dcbersetzungen<\/strong><\/h5>\n\n\n\n<p><\/p>\n\n\n\n<h5 class=\"wp-block-heading has-text-align-center\"><strong>1. Ausz\u00fcge aus der einschl\u00e4gigen Gesetzgebung<\/strong><\/h5>\n\n\n\n<p><\/p>\n\n\n\n<p class=\"has-text-align-center\"><strong>Anmerkung: <\/strong>Die bereitgestellten \u00dcbersetzungen sind KEINE offiziellen \u00dcbersetzungen, sondern dienen lediglich der Information. <br>Im Falle von Abweichungen zwischen der englischen Originalversion und der t\u00fcrkischen \u00dcbersetzung ist die englische Version ma\u00dfgebend.<\/p>\n\n\n\n<p><strong>F\u00fcr alle Unternehmer geltende Produktionsvorschriften - Verordnung (EU) 2018\/848, Kapitel III und Anhang III<\/strong><\/p>\n\n\n\n<ul class=\"wp-block-list\">\n<li><a href=\"https:\/\/srs-certification.com\/wp-content\/uploads\/2024\/05\/2018-848-General-production-rules-art-9-11-tr.pdf\">Allgemeine Produktionsvorschriften, Umstellung und Verbot der Verwendung von GVO (Art. 9-11)<\/a><\/li>\n\n\n\n<li><a href=\"https:\/\/srs-certification.com\/wp-content\/uploads\/2024\/05\/2018-848-Suspicion-precautionary-measures-tr.pdf\" data-type=\"link\" data-id=\"https:\/\/srs-certification.com\/wp-content\/uploads\/2024\/05\/2018-848-Suspicion-precautionary-measures-tr.pdf\">Pflichten und Ma\u00dfnahmen bei Verdacht auf Nichteinhaltung und Vorsichtsma\u00dfnahmen zur Vermeidung des Vorhandenseins von nicht zugelassenen Produkten und Stoffen (Art. 27 und 28)<\/a><\/li>\n\n\n\n<li><a href=\"https:\/\/srs-certification.com\/wp-content\/uploads\/2024\/05\/2018-848-Collection-packaging-transport-storage-tr.pdf\">Sammlung, Verpackung, Transport und Lagerung von Produkten (Anhang III)<\/a><\/li>\n<\/ul>\n\n\n\n<p><\/p>\n\n\n\n<p><strong>Detaillierte Produktionsvorschriften - Verordnung (EU) 2018\/848, Anhang II (und Artikel 12-19)<\/strong><\/p>\n\n\n\n<ul class=\"wp-block-list\">\n<li>Regeln f\u00fcr die pflanzliche Erzeugung (Teil I)<br><a href=\"https:\/\/srs-certification.com\/wp-content\/uploads\/2024\/05\/2018-848-Production-rules-crops-tr.pdf\">https:\/\/srs-certification.com\/wp-content\/uploads\/2024\/05\/2018-848-Production-rules-crops-tr.pdf<\/a><\/li>\n\n\n\n<li>Regeln f\u00fcr die Herstellung verarbeiteter Lebensmittel (Teil IV)<br><a href=\"https:\/\/srs-certification.com\/wp-content\/uploads\/2024\/05\/2018-848-Production-rules-food-processing-tr.pdf\">https:\/\/srs-certification.com\/wp-content\/uploads\/2024\/05\/2018-848-Production-rules-food-processing-tr.pdf<\/a><\/li>\n\n\n\n<li>Regeln f\u00fcr die Herstellung von verarbeiteten Futtermitteln (Teil V)<br><a href=\"https:\/\/srs-certification.com\/wp-content\/uploads\/2024\/03\/2018-848-Production-rules-feed.pdf\">https:\/\/srs-certification.com\/wp-content\/uploads\/2024\/03\/2018-848-Production-rules-feed.pdf<\/a><\/li>\n\n\n\n<li>Wein (Teil VI)<br><a href=\"https:\/\/srs-certification.com\/wp-content\/uploads\/2024\/03\/2018-848-Production-rules-wine.pdf\">https:\/\/srs-certification.com\/wp-content\/uploads\/2024\/03\/2018-848-Production-rules-wine.pdf<\/a><\/li>\n\n\n\n<li>Als Lebens- oder Futtermittel verwendete Hefe (Teil VII)<br><a href=\"https:\/\/srs-certification.com\/wp-content\/uploads\/2024\/03\/2018-848-Production-rules-yeast.pdf\">https:\/\/srs-certification.com\/wp-content\/uploads\/2024\/03\/2018-848-Production-rules-yeast.pdf<\/a><\/li>\n<\/ul>\n\n\n\n<p><\/p>\n\n\n\n<p><strong>Liste der zugelassenen Produkte und Stoffe - Durchf\u00fchrungsverordnung (EU) 2021\/1165 der Kommission, Anh\u00e4nge I - III und V&nbsp;<\/strong><\/p>\n\n\n\n<ul class=\"wp-block-list\">\n<li>Wirkstoffe in Pflanzenschutzmitteln (Anhang I)<br><a href=\"https:\/\/srs-certification.com\/wp-content\/uploads\/2024\/07\/2021-1165-Inputs-fertilizers.pdf\">https:\/\/srs-certification.com\/wp-content\/uploads\/2024\/03\/2021-1165-Inputs-plant-protection<\/a>.pdf<\/li>\n\n\n\n<li>D\u00fcngemittel, Bodenverbesserer und N\u00e4hrstoffe (Anhang II)<br><a href=\"https:\/\/srs-certification.com\/wp-content\/uploads\/2024\/03\/2021-1165-Inputs-fertilizers.pdf\">https:\/\/srs-certification.com\/wp-content\/uploads\/2024\/03\/2021-1165-Inputs-fertilizers.pdf<\/a><\/li>\n\n\n\n<li>Erzeugnisse und Stoffe zur Verwendung als Futtermittel oder in der Futtermittelherstellung (Anhang III)<br><a href=\"https:\/\/srs-certification.com\/wp-content\/uploads\/2024\/03\/2021-1165-Inputs-feed.pdf\">https:\/\/srs-certification.com\/wp-content\/uploads\/2024\/03\/2021-1165-Inputs-feed.pdf<\/a><\/li>\n\n\n\n<li>Produkte und Stoffe zur Verwendung bei der Herstellung von verarbeiteten \u00f6kologischen Lebensmitteln (Anhang V, Teil A und B)<br><a href=\"https:\/\/srs-certification.com\/wp-content\/uploads\/2024\/03\/2021-1165-Inputs-food-additives-and-processing-aids.pdf\">https:\/\/srs-certification.com\/wp-content\/uploads\/2024\/03\/2021-1165-Inputs-food-additives-and-processing-aids.pdf<\/a><\/li>\n\n\n\n<li>Erzeugnisse und Stoffe zur Verwendung bei der Herstellung von Hefe, die als Lebens- oder Futtermittel verwendet wird (Anhang V, Teil C)<br><a href=\"https:\/\/srs-certification.com\/wp-content\/uploads\/2024\/03\/2021-1165-Inputs-yeast.pdf\">https:\/\/srs-certification.com\/wp-content\/uploads\/2024\/03\/2021-1165-Inputs-yeast.pdf<\/a><\/li>\n\n\n\n<li>Produkte und Stoffe f\u00fcr die Erzeugung und Konservierung von \u00f6kologischen Weinbauerzeugnissen (Anhang V, Teil D)<br><a href=\"https:\/\/srs-certification.com\/wp-content\/uploads\/2024\/03\/2021-1165-Inputs-wine.pdf\">https:\/\/srs-certification.com\/wp-content\/uploads\/2024\/03\/2021-1165-Inputs-wine.pdf<\/a><\/li>\n<\/ul>\n\n\n\n<p><\/p>\n\n\n\n<p><strong>Sonstiges - Verordnung (EU) 2018\/848<\/strong><\/p>\n\n\n\n<ul class=\"wp-block-list\">\n<li><a href=\"https:\/\/srs-certification.com\/wp-content\/uploads\/2024\/03\/2018-848-Production-rules-marketing-PPM-art-13.pdf\">Besondere Bestimmungen f\u00fcr die Vermarktung von Pflanzenvermehrungsmaterial aus heterogenem organischem Material (Art. 13)<\/a><\/li>\n\n\n\n<li><a href=\"https:\/\/srs-certification.com\/wp-content\/uploads\/2024\/03\/2018-848-Production-rules-others-art-21.pdf\">Produktionsvorschriften f\u00fcr Produkte, die nicht unter die in den Artikeln 12 bis 19 genannten Produktkategorien fallen (Art. 21)<\/a><\/li>\n\n\n\n<li><a href=\"https:\/\/srs-certification.com\/wp-content\/uploads\/2024\/05\/2018-848-Labelling-tr.pdf\">Kennzeichnung (Kapitel IV)<\/a><\/li>\n\n\n\n<li><a href=\"https:\/\/srs-certification.com\/wp-content\/uploads\/2024\/03\/2018-848-Group-of-operators.pdf\">Gruppe von Betreibern (Art. 36)<\/a><\/li>\n<\/ul>\n\n\n\n<p><\/p>\n\n\n\n<h5 class=\"wp-block-heading has-text-align-center\"><strong>2. Andere Dokumente<\/strong><\/h5>\n\n\n\n<p><\/p>\n\n\n\n<ul class=\"wp-block-list\">\n<li><a href=\"https:\/\/srs-certification.com\/wp-content\/uploads\/2025\/06\/ORG-N-Ti2-Steps-for-Organic-Certification-2025-06-03.pdf\">Kontrollma\u00dfnahmen - ORG-N-Ti2 Schritte zur Bio-Zertifizierung (SRS-Dokument)<\/a><\/li>\n<\/ul>\n\n\n\n<p><\/p>\n\n\n\n<p class=\"has-text-align-center\"><strong>\u00dcbersetzungen in andere Sprachen k\u00f6nnen bei unserem B\u00fcro angefordert werden.<\/strong><\/p>\n\n\n\n<p><\/p>","protected":false},"excerpt":{"rendered":"<p>Relevant Legislation for Certification of Operators in Compliance with Regulation (EU) 2018\/848: Translations into other languages may be requested from our office. L\u00e9gislation pertinente pour la certification d\u2019op\u00e9rateurs conform\u00e9ment au r\u00e8glement (UE) 2018\/848 Relevant Documents for Certification of Operators in Compliance with Regulation (EU) 2018\/848 \u2013 Chinese Translations 1. Extracts of Relevant Legislation Note: Provided \u2026<\/p>\n<p class=\"read-more\"> <a class=\"\" href=\"https:\/\/srs-certification.com\/de\/akkreditierungen\/legislative\/\"> <span class=\"screen-reader-text\">Gesetzgebung f\u00fcr Bio-Betreiber<\/span> Read More \u00bb<\/a><\/p>","protected":false},"author":2,"featured_media":0,"parent":53,"menu_order":2,"comment_status":"closed","ping_status":"closed","template":"","meta":{"inline_featured_image":false,"site-sidebar-layout":"default","site-content-layout":"default","ast-global-header-display":"","ast-main-header-display":"","ast-hfb-above-header-display":"","ast-hfb-below-header-display":"","ast-hfb-mobile-header-display":"","site-post-title":"","ast-breadcrumbs-content":"","ast-featured-img":"","footer-sml-layout":"","theme-transparent-header-meta":"","adv-header-id-meta":"","stick-header-meta":"","header-above-stick-meta":"","header-main-stick-meta":"","header-below-stick-meta":"","footnotes":""},"class_list":["post-4375","page","type-page","status-publish","hentry"],"_links":{"self":[{"href":"https:\/\/srs-certification.com\/de\/wp-json\/wp\/v2\/pages\/4375","targetHints":{"allow":["GET"]}}],"collection":[{"href":"https:\/\/srs-certification.com\/de\/wp-json\/wp\/v2\/pages"}],"about":[{"href":"https:\/\/srs-certification.com\/de\/wp-json\/wp\/v2\/types\/page"}],"author":[{"embeddable":true,"href":"https:\/\/srs-certification.com\/de\/wp-json\/wp\/v2\/users\/2"}],"replies":[{"embeddable":true,"href":"https:\/\/srs-certification.com\/de\/wp-json\/wp\/v2\/comments?post=4375"}],"version-history":[{"count":9,"href":"https:\/\/srs-certification.com\/de\/wp-json\/wp\/v2\/pages\/4375\/revisions"}],"predecessor-version":[{"id":4754,"href":"https:\/\/srs-certification.com\/de\/wp-json\/wp\/v2\/pages\/4375\/revisions\/4754"}],"up":[{"embeddable":true,"href":"https:\/\/srs-certification.com\/de\/wp-json\/wp\/v2\/pages\/53"}],"wp:attachment":[{"href":"https:\/\/srs-certification.com\/de\/wp-json\/wp\/v2\/media?parent=4375"}],"curies":[{"name":"wp","href":"https:\/\/api.w.org\/{rel}","templated":true}]}}