{"id":44,"date":"2018-03-05T10:41:41","date_gmt":"2018-03-05T09:41:41","guid":{"rendered":"http:\/\/srs-certification.de\/?page_id=44"},"modified":"2026-03-25T14:30:05","modified_gmt":"2026-03-25T13:30:05","slug":"zertifizierungsgebuhren","status":"publish","type":"page","link":"https:\/\/srs-certification.com\/de\/certserv\/zertifizierungsgebuhren\/","title":{"rendered":"Geb\u00fchren f\u00fcr die Zertifizierung"},"content":{"rendered":"<p class=\"has-ast-global-color-8-color has-text-color\">Betreiber, die zertifiziert werden m\u00f6chten, m\u00fcssen zun\u00e4chst eine <a href=\"https:\/\/srs-certification.com\/de\/doclink\/\" target=\"_blank\" rel=\"noreferrer noopener\"><span style=\"color: #808080;\"><u><span class=\"has-inline-color has-black-color\">Antrag auf Zertifizierung<\/span><\/u><\/span><\/a>. Sobald diese von SRS gepr\u00fcft worden sind, erh\u00e4lt der Kunde eine R\u00fcckmeldung und das Angebot mit einer Liste der anfallenden Geb\u00fchren.<\/p>\n\n\n\n<p class=\"has-ast-global-color-8-color has-text-color translation-block\">Unsere<span class=\"has-inline-color has-black-color\"> <\/span><span style=\"color: #808080\"><a href=\"https:\/\/srs-certification.com\/de\/doclink\/\" target=\"_blank\" rel=\"noreferrer noopener\"><span class=\"has-inline-color has-black-color\">Geb\u00fchren<\/span><\/a> <\/span>basieren auf den Kosten unserer Dienstleistungen, wie zum Beispiel:<\/p>\n\n\n\n<ul class=\"wp-block-list has-ast-global-color-8-color has-text-color\">\n<li>Service f\u00fcr Antragsteller, einschlie\u00dflich der \u00dcberpr\u00fcfung der \u00f6kologischen Projektbeschreibung;<\/li>\n\n\n\n<li>Inspektion, einschlie\u00dflich zus\u00e4tzlicher unangek\u00fcndigter Inspektion;<\/li>\n\n\n\n<li>Entscheidungsfindung;<\/li>\n\n\n\n<li>Zertifizierung einschlie\u00dflich der Ausstellung von Zertifikaten;<\/li>\n\n\n\n<li>Spezielle Dienstleistungen, z.B. R\u00fcckstandsuntersuchungen, Bearbeitung von Beschwerden, zus\u00e4tzliche Inspektionen, Ausstellung zus\u00e4tzlicher\/ge\u00e4nderter Zertifikate einschlie\u00dflich Transaktionszertifikaten, Schulungen f\u00fcr Kunden.<\/li>\n<\/ul>\n\n\n\n<p class=\"has-ast-global-color-8-color has-text-color\">Zus\u00e4tzlich zu den oben aufgef\u00fchrten Servicegeb\u00fchren ist der Betreiber f\u00fcr die Deckung der tats\u00e4chlichen Kosten verantwortlich:<\/p>\n\n\n\n<ul class=\"wp-block-list has-ast-global-color-8-color has-text-color\">\n<li>Reisen der Inspektoren inkl. Verpflegung und Unterkunft;<\/li>\n\n\n\n<li>M\u00f6gliche Geb\u00fchren durch Standard-Eigent\u00fcmer.<\/li>\n<\/ul>\n\n\n\n<p><\/p>\n\n\n\n<p class=\"has-ast-global-color-8-color has-text-color\">Mit der Unterzeichnung des Vertrags erkl\u00e4rt sich der Betreiber mit dem Angebot einverstanden und erh\u00e4lt eine Rechnung \u00fcber die gesch\u00e4tzten Gesamtkosten. Diese Geb\u00fchren sind innerhalb von 14 Tagen nach Erhalt in voller H\u00f6he zu zahlen.<\/p>\n\n\n\n<p class=\"has-ast-global-color-8-color has-text-color\">Wenn die \u00dcberpr\u00fcfung des OPD oder der Registrierungsunterlagen ergibt, dass der Betrieb nicht wie vorgelegt zertifiziert werden kann und keine Inspektion zugewiesen werden kann, erstattet SRS den gezahlten Betrag zur\u00fcck, mit Ausnahme der Antrags- und OPD-\u00dcberpr\u00fcfungsgeb\u00fchr.<\/p>\n\n\n\n<p class=\"has-ast-global-color-8-color has-text-color\">F\u00fcr zus\u00e4tzliche Inspektionen und zus\u00e4tzliche Tests erh\u00e4lt der Kunde eine Mitteilung mit einem Kostenvoranschlag und der Rechnung, die innerhalb von 4 Wochen bezahlt werden muss. Zus\u00e4tzliche Inspektionen, die auf gr\u00f6\u00dfere Verst\u00f6\u00dfe, Beschwerden oder Untersuchungen folgen, werden vor der zus\u00e4tzlichen Inspektion in Rechnung gestellt und sind sofort zu bezahlen.<\/p>\n\n\n\n<p class=\"has-ast-global-color-8-color has-text-color\">Nach dem Zufallsprinzip ausgew\u00e4hlte unangek\u00fcndigte zus\u00e4tzliche Inspektionen sind kostenlos.<\/p>\n\n\n\n<p class=\"has-ast-global-color-8-color has-text-color\">Wenn die Geb\u00fchren ge\u00e4ndert werden oder wenn \u00c4nderungen auf Seiten des Betreibers auftreten, wird dem Betreiber ein Kostenvoranschlag f\u00fcr die j\u00e4hrliche Erneuerung der Zertifizierung zugesandt. Wenn sich die Geb\u00fchren nicht \u00e4ndern, werden Zahlungsaufforderungen verschickt. Das F\u00e4lligkeitsdatum f\u00fcr die Zahlung wird angegeben und durchgesetzt.<\/p>","protected":false},"excerpt":{"rendered":"<p>Operators wishing to be certified must first complete an application for certification. Once these have been reviewed by SRS, the client will receive feedback and the offer including a list of applicable fees. Our fees are based on the cost of our services, such as: In addition to the above listed service fees, the operator &hellip;<\/p>\n<p class=\"read-more\"> <a class=\"\" href=\"https:\/\/srs-certification.com\/de\/certserv\/zertifizierungsgebuhren\/\"> <span class=\"screen-reader-text\">Geb\u00fchren f\u00fcr die Zertifizierung<\/span> Read More \u00bb<\/a><\/p>","protected":false},"author":2,"featured_media":0,"parent":37,"menu_order":6,"comment_status":"closed","ping_status":"closed","template":"","meta":{"inline_featured_image":false,"site-sidebar-layout":"default","site-content-layout":"default","ast-global-header-display":"","ast-main-header-display":"","ast-hfb-above-header-display":"","ast-hfb-below-header-display":"","ast-hfb-mobile-header-display":"","site-post-title":"disabled","ast-breadcrumbs-content":"","ast-featured-img":"","footer-sml-layout":"","theme-transparent-header-meta":"","adv-header-id-meta":"","stick-header-meta":"","header-above-stick-meta":"","header-main-stick-meta":"","header-below-stick-meta":"","footnotes":""},"class_list":["post-44","page","type-page","status-publish","hentry"],"_links":{"self":[{"href":"https:\/\/srs-certification.com\/de\/wp-json\/wp\/v2\/pages\/44","targetHints":{"allow":["GET"]}}],"collection":[{"href":"https:\/\/srs-certification.com\/de\/wp-json\/wp\/v2\/pages"}],"about":[{"href":"https:\/\/srs-certification.com\/de\/wp-json\/wp\/v2\/types\/page"}],"author":[{"embeddable":true,"href":"https:\/\/srs-certification.com\/de\/wp-json\/wp\/v2\/users\/2"}],"replies":[{"embeddable":true,"href":"https:\/\/srs-certification.com\/de\/wp-json\/wp\/v2\/comments?post=44"}],"version-history":[{"count":7,"href":"https:\/\/srs-certification.com\/de\/wp-json\/wp\/v2\/pages\/44\/revisions"}],"predecessor-version":[{"id":4906,"href":"https:\/\/srs-certification.com\/de\/wp-json\/wp\/v2\/pages\/44\/revisions\/4906"}],"up":[{"embeddable":true,"href":"https:\/\/srs-certification.com\/de\/wp-json\/wp\/v2\/pages\/37"}],"wp:attachment":[{"href":"https:\/\/srs-certification.com\/de\/wp-json\/wp\/v2\/media?parent=44"}],"curies":[{"name":"wp","href":"https:\/\/api.w.org\/{rel}","templated":true}]}}