{"id":46,"date":"2018-03-05T10:42:00","date_gmt":"2018-03-05T09:42:00","guid":{"rendered":"http:\/\/srs-certification.de\/?page_id=46"},"modified":"2026-03-25T14:30:43","modified_gmt":"2026-03-25T13:30:43","slug":"rechte-und-pflichten","status":"publish","type":"page","link":"https:\/\/srs-certification.com\/de\/certserv\/rechte-und-pflichten\/","title":{"rendered":"Rechte &amp; Pflichten"},"content":{"rendered":"<p class=\"has-ast-global-color-8-color has-text-color\">Nach der Unterzeichnung eines Zertifizierungsvertrags haben die Parteien (der Betreiber und SRS) die folgenden Pflichten und Rechte:<\/p>\n\n\n\n<p class=\"has-ast-global-color-8-color has-text-color\"><strong>Zu den Aufgaben von SRS geh\u00f6ren:<\/strong><\/p>\n\n\n\n<ul class=\"wp-block-list has-ast-global-color-8-color has-text-color\">\n<li>die \u00dcberpr\u00fcfung der Einhaltung der gew\u00e4hlten Standards durch den Betreiber;<\/li>\n\n\n\n<li>die Durchf\u00fchrung von j\u00e4hrlichen Inspektionen und ggf. zus\u00e4tzlichen Inspektionen;<\/li>\n\n\n\n<li>die Einstellung von kompetenten und zuverl\u00e4ssigen Inspektoren;<\/li>\n\n\n\n<li>Beantwortung von Beschwerden; und<\/li>\n\n\n\n<li>Ver\u00f6ffentlichung und Information des Betreibers \u00fcber alle \u00c4nderungen der Standards.<\/li>\n<\/ul>\n\n\n\n<p><\/p>\n\n\n\n<p class=\"has-ast-global-color-8-color has-text-color\"><strong>Zu den Aufgaben des Betreibers geh\u00f6ren:<\/strong><\/p>\n\n\n\n<ul class=\"wp-block-list has-ast-global-color-8-color has-text-color\">\n<li>in \u00dcbereinstimmung mit den gew\u00e4hlten Standards arbeiten;<\/li>\n\n\n\n<li>das Ausf\u00fcllen einer Betriebsbeschreibung und die \u00dcbermittlung zus\u00e4tzlicher Informationen an SRS;<\/li>\n\n\n\n<li>die Durchf\u00fchrung von Inspektionen zu erm\u00f6glichen;<\/li>\n\n\n\n<li>den Inspektoren jederzeit Zugang zu allen Orten und Personen zu gew\u00e4hren, die an dem Betrieb beteiligt sind, sowie dem Inspektor die erforderlichen Dokumente vorzulegen;<\/li>\n\n\n\n<li>SRS \u00fcber alle \u00c4nderungen in der Operation zu informieren;<\/li>\n\n\n\n<li>im Falle von Beschwerden oder Verst\u00f6\u00dfen mitzuarbeiten, um diese zu l\u00f6sen.<\/li>\n<\/ul>\n\n\n\n<p><\/p>\n\n\n\n<p class=\"has-ast-global-color-8-color has-text-color\">Beide Parteien haben das Recht, den Vertrag zu k\u00fcndigen, wenn eine der beiden Parteien ihren Pflichten nicht nachkommt.<\/p>\n\n\n\n<p class=\"has-ast-global-color-8-color has-text-color\"><\/p>\n\n\n\n<p class=\"has-ast-global-color-8-color has-text-color\">Weitere Einzelheiten zu Rechten und Pflichten finden Sie in der\u00a0<span class=\"has-inline-color has-black-color\"><a href=\"https:\/\/srs-certification.com\/de\/doclink\/\" target=\"_blank\" rel=\"noreferrer noopener\">SRS-Zertifizierungsvertrag<\/a>, verf\u00fcgbar auf Anfrage. Bitte mailen Sie:\u00a0<a href=\"mailto:info@srs-certification.com\">info@srscert-global.com<\/a><\/span><\/p>\n\n\n\n<p><\/p>","protected":false},"excerpt":{"rendered":"<p>Once a certification contract has been signed, the parties (the operator &amp; SRS) have the following duties and rights: SRS\u2019 duties include: The operator\u2019s duties include: Both parties have the right to terminate the contract, should either party not fullfill their duties. Further details regarding rights and duties are contained in the\u00a0SRS Certification\u00a0Contract, available upon &hellip;<\/p>\n<p class=\"read-more\"> <a class=\"\" href=\"https:\/\/srs-certification.com\/de\/certserv\/rechte-und-pflichten\/\"> <span class=\"screen-reader-text\">Rechte &amp; Pflichten<\/span> Read More \u00bb<\/a><\/p>","protected":false},"author":2,"featured_media":0,"parent":37,"menu_order":7,"comment_status":"closed","ping_status":"closed","template":"","meta":{"inline_featured_image":false,"site-sidebar-layout":"default","site-content-layout":"default","ast-global-header-display":"","ast-main-header-display":"","ast-hfb-above-header-display":"","ast-hfb-below-header-display":"","ast-hfb-mobile-header-display":"","site-post-title":"disabled","ast-breadcrumbs-content":"","ast-featured-img":"","footer-sml-layout":"","theme-transparent-header-meta":"","adv-header-id-meta":"","stick-header-meta":"","header-above-stick-meta":"","header-main-stick-meta":"","header-below-stick-meta":"","footnotes":""},"class_list":["post-46","page","type-page","status-publish","hentry"],"_links":{"self":[{"href":"https:\/\/srs-certification.com\/de\/wp-json\/wp\/v2\/pages\/46","targetHints":{"allow":["GET"]}}],"collection":[{"href":"https:\/\/srs-certification.com\/de\/wp-json\/wp\/v2\/pages"}],"about":[{"href":"https:\/\/srs-certification.com\/de\/wp-json\/wp\/v2\/types\/page"}],"author":[{"embeddable":true,"href":"https:\/\/srs-certification.com\/de\/wp-json\/wp\/v2\/users\/2"}],"replies":[{"embeddable":true,"href":"https:\/\/srs-certification.com\/de\/wp-json\/wp\/v2\/comments?post=46"}],"version-history":[{"count":6,"href":"https:\/\/srs-certification.com\/de\/wp-json\/wp\/v2\/pages\/46\/revisions"}],"predecessor-version":[{"id":4907,"href":"https:\/\/srs-certification.com\/de\/wp-json\/wp\/v2\/pages\/46\/revisions\/4907"}],"up":[{"embeddable":true,"href":"https:\/\/srs-certification.com\/de\/wp-json\/wp\/v2\/pages\/37"}],"wp:attachment":[{"href":"https:\/\/srs-certification.com\/de\/wp-json\/wp\/v2\/media?parent=46"}],"curies":[{"name":"wp","href":"https:\/\/api.w.org\/{rel}","templated":true}]}}