{"id":62,"date":"2019-02-05T00:00:27","date_gmt":"2019-02-04T23:00:27","guid":{"rendered":"http:\/\/srs-certification.de\/?page_id=62"},"modified":"2024-11-07T10:07:12","modified_gmt":"2024-11-07T09:07:12","slug":"coop","status":"publish","type":"page","link":"https:\/\/srs-certification.com\/de\/uber-srs\/coop\/","title":{"rendered":"Kooperationen"},"content":{"rendered":"<p>SRS hat eine Reihe von Kooperationen zur gegenseitigen Unterst\u00fctzung und zum besseren Service f\u00fcr unsere Kunden aufgebaut:<\/p>\n\n\n\n<h4 class=\"wp-block-heading has-text-align-center\">&nbsp;&nbsp;<strong>SRS (Shanghai) Certification Co., Ltd<\/strong><\/h4>\n\n\n\n<p><img loading=\"lazy\" decoding=\"async\" width=\"307\" height=\"80\" class=\"wp-image-1975 alignleft\" src=\"https:\/\/srs-certification.com\/wp-content\/uploads\/2020\/02\/srs_certification_ltd_logo.png\" alt=\"\" srcset=\"https:\/\/srs-certification.com\/wp-content\/uploads\/2020\/02\/srs_certification_ltd_logo.png 2421w, https:\/\/srs-certification.com\/wp-content\/uploads\/2020\/02\/srs_certification_ltd_logo-300x78.png 300w, https:\/\/srs-certification.com\/wp-content\/uploads\/2020\/02\/srs_certification_ltd_logo-1024x267.png 1024w, https:\/\/srs-certification.com\/wp-content\/uploads\/2020\/02\/srs_certification_ltd_logo-150x39.png 150w, https:\/\/srs-certification.com\/wp-content\/uploads\/2020\/02\/srs_certification_ltd_logo-768x200.png 768w, https:\/\/srs-certification.com\/wp-content\/uploads\/2020\/02\/srs_certification_ltd_logo-1536x401.png 1536w, https:\/\/srs-certification.com\/wp-content\/uploads\/2020\/02\/srs_certification_ltd_logo-2048x535.png 2048w, https:\/\/srs-certification.com\/wp-content\/uploads\/2020\/02\/srs_certification_ltd_logo-604x158.png 604w\" sizes=\"auto, (max-width: 307px) 100vw, 307px\" \/>Das Schwesterunternehmen der SRS Certification GmbH hat seinen Sitz in Shanghai und verf\u00fcgt \u00fcber die beh\u00f6rdliche Genehmigung zur Zusammenarbeit mit internationalen Zertifizierungsstellen. Das Unternehmen ist au\u00dferdem f\u00fcr die Zertifizierung nach dem chinesischen Bio-Standard GB\/T 19630-2019 akkreditiert. Bio-Produkte aus dem Ausland, die nach China importiert werden, m\u00fcssen nach diesem Standard zertifiziert sein. Bitte besuchen Sie die Website von&nbsp;<a rel=\"noreferrer noopener\" href=\"http:\/\/srs-cert.com\/\" data-type=\"URL\" data-id=\"http:\/\/srs-cert.com\/\" target=\"_blank\">SRS Shanghai<\/a> \u4e0a\u6d77\u65f6\u8fce\u8ba4\u8bc1\u670d\u52a1\u6709\u9650\u516c\u53f8, f\u00fcr weitere Informationen. <\/p>\n\n\n\n<p>SRS Shanghai dient als Basis f\u00fcr Inspektoren der SRS Certification GmbH, die in mehreren Regionen Chinas stationiert sind und uns bei der Durchf\u00fchrung flexibler und effektiver Inspektionen unterst\u00fctzen.<\/p>\n\n\n\n<h4 class=\"wp-block-heading has-text-align-center\"><strong>Europ\u00e4ischer Rat der Bio-Zertifizierer (EOCC)<\/strong><\/h4>\n\n\n\n<p><img loading=\"lazy\" decoding=\"async\" width=\"150\" height=\"41\" class=\"wp-image-2409\" style=\"width: 150px;\" src=\"https:\/\/srs-certification.com\/wp-content\/uploads\/2020\/11\/Logo-EOCC-pixels-100x60-1.jpg\" alt=\"\" srcset=\"https:\/\/srs-certification.com\/wp-content\/uploads\/2020\/11\/Logo-EOCC-pixels-100x60-1.jpg 655w, https:\/\/srs-certification.com\/wp-content\/uploads\/2020\/11\/Logo-EOCC-pixels-100x60-1-300x83.jpg 300w, https:\/\/srs-certification.com\/wp-content\/uploads\/2020\/11\/Logo-EOCC-pixels-100x60-1-150x41.jpg 150w, https:\/\/srs-certification.com\/wp-content\/uploads\/2020\/11\/Logo-EOCC-pixels-100x60-1-604x167.jpg 604w\" sizes=\"auto, (max-width: 150px) 100vw, 150px\" \/> SRS ist Mitglied des European Organic Certifiers Council (<a rel=\"noreferrer noopener\" href=\"http:\/\/www.eocc.nu\" target=\"_blank\">EOCC<\/a>), einer internationalen Vereinigung von Kontrollstellen und Beh\u00f6rden, die sich zum Ziel gesetzt hat, die Zuverl\u00e4ssigkeit von Kontrollen und Zertifizierungsaktivit\u00e4ten zu erh\u00f6hen. Sie erleichtert den Informationsfluss und den Austausch wichtiger Informationen wie Betrugsf\u00e4lle, Aktualisierungen der europ\u00e4ischen Vorschriften und die Harmonisierung ihrer Auslegung. Der EOCC ist ein wertvoller Partner auf EU-Ebene und tr\u00e4gt als solcher zur Verbesserung der europ\u00e4ischen Bio-Gesetzgebung bei. Der Rat dient als Plattform f\u00fcr den Austausch von Herausforderungen bei der Arbeit der Kontrollstellen und der Entwicklung von Methoden und Instrumenten.<\/p>\n\n\n\n<h4 class=\"wp-block-heading has-text-align-center\"><strong>Verein der akkreditierten Zertifizierer (ACA)<\/strong><\/h4>\n\n\n\n<p><img loading=\"lazy\" decoding=\"async\" width=\"150\" height=\"83\" class=\"wp-image-2408\" style=\"width: 150px;\" src=\"https:\/\/srs-certification.com\/wp-content\/uploads\/2020\/11\/Logo-ACA-horizontal-all-500.jpg\" alt=\"\" srcset=\"https:\/\/srs-certification.com\/wp-content\/uploads\/2020\/11\/Logo-ACA-horizontal-all-500.jpg 501w, https:\/\/srs-certification.com\/wp-content\/uploads\/2020\/11\/Logo-ACA-horizontal-all-500-300x165.jpg 300w, https:\/\/srs-certification.com\/wp-content\/uploads\/2020\/11\/Logo-ACA-horizontal-all-500-150x83.jpg 150w, https:\/\/srs-certification.com\/wp-content\/uploads\/2020\/11\/Logo-ACA-horizontal-all-500-490x270.jpg 490w\" sizes=\"auto, (max-width: 150px) 100vw, 150px\" \/> Der Verband der akkreditierten Zertifizierer (<a rel=\"noreferrer noopener\" href=\"http:\/\/www.accreditedcertifiers.org\" target=\"_blank\">ACA<\/a>) ist ein Zusammenschluss von Zertifizierungsstellen und anderen interessierten Parteien, die alle ein Interesse an einer konsequenten Umsetzung der USDA-\u00d6ko-Verordnungen durch Zusammenarbeit und Aufkl\u00e4rung der akkreditierten Zertifizierungsstellen haben. ACA bietet eine Plattform f\u00fcr Diskussionen und setzt Arbeitsgruppen ein, um L\u00f6sungen f\u00fcr aktuelle Anliegen oder Vorschl\u00e4ge f\u00fcr Aktualisierungen der NOP-Regeln zu erarbeiten.<\/p>","protected":false},"excerpt":{"rendered":"<p>SRS has set up a number of cooperations for mutual support and better service to our customers: \u00a0\u00a0SRS (Shanghai) Certification Co., Ltd The sister company of SRS Certification GmbH is located in Shanghai, with the government authority\u2019s approval for cooperating with international certification bodies. The company is furthermore accredited for certifying according to the Chinese \u2026<\/p>\n<p class=\"read-more\"> <a class=\"\" href=\"https:\/\/srs-certification.com\/de\/uber-srs\/coop\/\"> <span class=\"screen-reader-text\">Kooperationen<\/span> Read More \u00bb<\/a><\/p>","protected":false},"author":2,"featured_media":0,"parent":26,"menu_order":4,"comment_status":"closed","ping_status":"closed","template":"","meta":{"inline_featured_image":false,"site-sidebar-layout":"default","site-content-layout":"default","ast-global-header-display":"","ast-main-header-display":"","ast-hfb-above-header-display":"","ast-hfb-below-header-display":"","ast-hfb-mobile-header-display":"","site-post-title":"","ast-breadcrumbs-content":"","ast-featured-img":"","footer-sml-layout":"","theme-transparent-header-meta":"","adv-header-id-meta":"","stick-header-meta":"","header-above-stick-meta":"","header-main-stick-meta":"","header-below-stick-meta":"","footnotes":""},"class_list":["post-62","page","type-page","status-publish","hentry"],"_links":{"self":[{"href":"https:\/\/srs-certification.com\/de\/wp-json\/wp\/v2\/pages\/62","targetHints":{"allow":["GET"]}}],"collection":[{"href":"https:\/\/srs-certification.com\/de\/wp-json\/wp\/v2\/pages"}],"about":[{"href":"https:\/\/srs-certification.com\/de\/wp-json\/wp\/v2\/types\/page"}],"author":[{"embeddable":true,"href":"https:\/\/srs-certification.com\/de\/wp-json\/wp\/v2\/users\/2"}],"replies":[{"embeddable":true,"href":"https:\/\/srs-certification.com\/de\/wp-json\/wp\/v2\/comments?post=62"}],"version-history":[{"count":6,"href":"https:\/\/srs-certification.com\/de\/wp-json\/wp\/v2\/pages\/62\/revisions"}],"predecessor-version":[{"id":4812,"href":"https:\/\/srs-certification.com\/de\/wp-json\/wp\/v2\/pages\/62\/revisions\/4812"}],"up":[{"embeddable":true,"href":"https:\/\/srs-certification.com\/de\/wp-json\/wp\/v2\/pages\/26"}],"wp:attachment":[{"href":"https:\/\/srs-certification.com\/de\/wp-json\/wp\/v2\/media?parent=62"}],"curies":[{"name":"wp","href":"https:\/\/api.w.org\/{rel}","templated":true}]}}