{"id":188,"date":"2018-05-01T13:53:38","date_gmt":"2018-05-01T11:53:38","guid":{"rendered":"http:\/\/srs-certification.de\/?page_id=188"},"modified":"2022-09-09T23:30:41","modified_gmt":"2022-09-09T21:30:41","slug":"3e-veri","status":"publish","type":"page","link":"https:\/\/srs-certification.com\/fr\/certserv\/3e-veri\/","title":{"rendered":"Audits de fournisseurs"},"content":{"rendered":"<p class=\"has-ast-global-color-8-color has-text-color\">SRS accueille tous les acteurs internationaux du march\u00e9 biologique qui souhaitent \u00e9tablir des relations commerciales avec des fournisseurs. Nous offrons notre exp\u00e9rience et notre expertise pour des inspections sur le site de production de vos fournisseurs et sur d'autres sites d'activit\u00e9s. Les distributeurs de produits \u00e0 valeur ajout\u00e9e savent que le simple fait de regarder la certification d'un produit ne garantit pas n\u00e9cessairement la qualit\u00e9 attendue. SRS propose un contr\u00f4le des crit\u00e8res de qualit\u00e9 que vous exigez. Il peut s'agir d'une origine, d'une race ou d'une vari\u00e9t\u00e9 garantie, de la confirmation de la tra\u00e7abilit\u00e9, de normes de production sp\u00e9cifiques, du respect de param\u00e8tres d'hygi\u00e8ne ou de qualit\u00e9, de la supervision de la production biologique, des conditions de travail, de l'absence de contamination d'un produit ou de ressources g\u00e9r\u00e9es durablement. Contactez-nous \u00e0 tout moment pour b\u00e9n\u00e9ficier de ce service.<\/p>","protected":false},"excerpt":{"rendered":"<p>SRS accueille tous les acteurs internationaux du march\u00e9 biologique qui souhaitent \u00e9tablir des relations commerciales avec des fournisseurs. Nous offrons notre exp\u00e9rience et notre expertise pour des inspections sur le site de production de vos fournisseurs et sur d'autres sites d'activit\u00e9s. Les distributeurs de produits \u00e0 valeur ajout\u00e9e savent que le simple fait de regarder la certification d'un produit ne garantit pas n\u00e9cessairement sa ...<\/p>\n<p class=\"read-more\"> <a class=\"\" href=\"https:\/\/srs-certification.com\/fr\/certserv\/3e-veri\/\"> <span class=\"screen-reader-text\">Audits de fournisseurs<\/span> Lire la suite \"<\/a><\/p>","protected":false},"author":2,"featured_media":0,"parent":37,"menu_order":5,"comment_status":"closed","ping_status":"closed","template":"","meta":{"inline_featured_image":false,"site-sidebar-layout":"default","site-content-layout":"default","ast-global-header-display":"","ast-main-header-display":"","ast-hfb-above-header-display":"","ast-hfb-below-header-display":"","ast-hfb-mobile-header-display":"","site-post-title":"disabled","ast-breadcrumbs-content":"","ast-featured-img":"","footer-sml-layout":"","theme-transparent-header-meta":"","adv-header-id-meta":"","stick-header-meta":"","header-above-stick-meta":"","header-main-stick-meta":"","header-below-stick-meta":"","footnotes":""},"class_list":["post-188","page","type-page","status-publish","hentry"],"_links":{"self":[{"href":"https:\/\/srs-certification.com\/fr\/wp-json\/wp\/v2\/pages\/188","targetHints":{"allow":["GET"]}}],"collection":[{"href":"https:\/\/srs-certification.com\/fr\/wp-json\/wp\/v2\/pages"}],"about":[{"href":"https:\/\/srs-certification.com\/fr\/wp-json\/wp\/v2\/types\/page"}],"author":[{"embeddable":true,"href":"https:\/\/srs-certification.com\/fr\/wp-json\/wp\/v2\/users\/2"}],"replies":[{"embeddable":true,"href":"https:\/\/srs-certification.com\/fr\/wp-json\/wp\/v2\/comments?post=188"}],"version-history":[{"count":5,"href":"https:\/\/srs-certification.com\/fr\/wp-json\/wp\/v2\/pages\/188\/revisions"}],"predecessor-version":[{"id":3989,"href":"https:\/\/srs-certification.com\/fr\/wp-json\/wp\/v2\/pages\/188\/revisions\/3989"}],"up":[{"embeddable":true,"href":"https:\/\/srs-certification.com\/fr\/wp-json\/wp\/v2\/pages\/37"}],"wp:attachment":[{"href":"https:\/\/srs-certification.com\/fr\/wp-json\/wp\/v2\/media?parent=188"}],"curies":[{"name":"wp","href":"https:\/\/api.w.org\/{rel}","templated":true}]}}