{"id":203,"date":"2019-02-01T16:08:41","date_gmt":"2019-02-01T15:08:41","guid":{"rendered":"http:\/\/srs-certification.de\/?page_id=203"},"modified":"2026-03-25T14:27:54","modified_gmt":"2026-03-25T13:27:54","slug":"etapes-org","status":"publish","type":"page","link":"https:\/\/srs-certification.com\/fr\/certserv\/org-2\/etapes-org\/","title":{"rendered":"\u00c9tapes pour la certification biologique"},"content":{"rendered":"<p>&nbsp;<\/p>\n\n\n\n<figure class=\"wp-block-image size-large\"><img loading=\"lazy\" decoding=\"async\" width=\"1024\" height=\"576\" src=\"https:\/\/srs-certification.com\/wp-content\/uploads\/2022\/09\/2.2.1-Etapes-pour-la-certification-biologique.png\" alt=\"\" class=\"wp-image-2434\" srcset=\"https:\/\/srs-certification.com\/wp-content\/uploads\/2022\/09\/2.2.1-Etapes-pour-la-certification-biologique.png 605w, https:\/\/srs-certification.com\/wp-content\/uploads\/2022\/09\/2.2.1-Etapes-pour-la-certification-biologique-300x169.png 300w, https:\/\/srs-certification.com\/wp-content\/uploads\/2022\/09\/2.2.1-Etapes-pour-la-certification-biologique-150x84.png 150w, https:\/\/srs-certification.com\/wp-content\/uploads\/2022\/09\/2.2.1-Etapes-pour-la-certification-biologique-18x10.png 18w\" sizes=\"auto, (max-width: 1024px) 100vw, 1024px\" \/><\/figure>\n\n\n\n<p class=\"has-ast-global-color-8-color has-text-color\"><strong>Application \/ R\u00e9-application:<\/strong> L'op\u00e9rateur fait ou refait une demande de certification en soumettant le <u><a href=\"https:\/\/srs-certification.com\/fr\/doclink\/\" target=\"_blank\" rel=\"noreferrer noopener\"><span class=\"has-inline-color has-black-color\">formulaire de demande<\/span><\/a><\/u> \u00e1 <a href=\"mailto:info@srs-certification.com\"><span class=\"has-inline-color has-black-color\">info@srscert-global.com<\/span><\/a><span class=\"has-inline-color has-black-color\">.<\/span><\/p>\n\n\n\n<p class=\"has-ast-global-color-8-color has-text-color\"><strong>Examen de l\u2019application, approbation, offre et contrat:<\/strong> Le personnel responsable de SRS examine l\u2019application et peut demander des informations suppl\u00e9mentaires pour approuver l\u2019application et \u00e9mettre une offre. En m\u00eame temps que l'approbation, l'op\u00e9rateur recevra le contrat de certification qu'il devra signer et soumettre \u00e0 SRS.<\/p>\n\n\n\n<p class=\"has-ast-global-color-8-color has-text-color\"><strong>Soumission de la description du projet biologique (OPD) \/ mise \u00e0 jour annuelle de l'OPD :<\/strong> Une fois que le SRS a re\u00e7u le contrat sign\u00e9, un formulaire OPD est envoy\u00e9 \u00e0 l'op\u00e9rateur qui le remplit et le renvoie avec les informations demand\u00e9es et le paiement de la redevance de certification. Les op\u00e9rateurs qui demandent un renouvellement de certification soumettent la description de l'op\u00e9ration actuelle, c'est-\u00e0-dire mise \u00e0 jour.<\/p>\n\n\n\n<p class=\"has-ast-global-color-8-color has-text-color\"><strong>Examen de la OPD et commentaires:<\/strong> Le personnel du SRS examinera l'OPD et pr\u00e9parera une \u00e9valuation des risques, qu'il communiquera \u00e0 l'op\u00e9rateur avant que l'inspection ne soit planifi\u00e9e. Un inspecteur du SRS recevra une mission d\u00e9taill\u00e9e pour l'inspection. La date de l'inspection sera fix\u00e9e apr\u00e8s communication avec l'exploitant (pour les inspections annonc\u00e9es) ou en interne sans notification \u00e0 l'exploitant (en cas d'inspections inopin\u00e9es).<\/p>\n\n\n\n<p class=\"has-ast-global-color-8-color has-text-color\"><strong>R\u00e9ponse \u00e0 SRS et pr\u00e9paration de l'inspection:<\/strong> L'exploitant soumet au SRS des informations ou des documents suppl\u00e9mentaires en fonction des informations re\u00e7ues et se pr\u00e9pare \u00e0 l'inspection.<\/p>\n\n\n\n<p class=\"has-ast-global-color-8-color has-text-color\"><strong>Inspection annuelle:<\/strong> La toute premi\u00e8re inspection est toujours annonc\u00e9e. L'inspecteur de SRS effectuera l'inspection sur place, couvrant en profondeur tous les domaines de l'op\u00e9ration biologique et communiquera toutes les conclusions \u00e0 l'op\u00e9rateur avant son d\u00e9part. Au cours de l'inspection, des \u00e9chantillons peuvent \u00eatre pr\u00e9lev\u00e9s. Peu apr\u00e8s l'inspection, l'inspecteur de SRS remplit le rapport d'inspection et le soumet \u00e0 SRS pour examen et certification.<\/p>\n\n\n\n<p class=\"has-ast-global-color-8-color has-text-color\"><strong>Examen du rapport d'inspection:<\/strong> Le rapport d'inspection et (le cas \u00e9ch\u00e9ant) les r\u00e9sultats des analyses d'\u00e9chantillons sont \u00e9valu\u00e9s par l'agent d'\u00e9valuation de SRS. Ils sont envoy\u00e9s \u00e0 l'op\u00e9ration avec le r\u00e9sultat de l'\u00e9valuation. Si des r\u00e9sidus de substances interdites ou de contaminants sont trouv\u00e9s dans les \u00e9chantillons pr\u00e9lev\u00e9s, une proc\u00e9dure d'enqu\u00eate est lanc\u00e9e en informant l'op\u00e9ration.<\/p>\n\n\n\n<p class=\"has-ast-global-color-8-color has-text-color translation-block\">Si, au cours de l'inspection, aucune non-conformit\u00e9 (NC) n'est d\u00e9tect\u00e9e, l'op\u00e9ration recevra une lettre de notification avec la d\u00e9cision de certification et le certificat sera d\u00e9livr\u00e9.<\/p>\n\n\n\n<p class=\"has-ast-global-color-8-color has-text-color translation-block\">Si des NC sont d\u00e9tect\u00e9es, il sera demand\u00e9 \u00e0 l'op\u00e9rateur de soumettre les mesures correctives \u00e0 SRS. Si l'op\u00e9rateur a r\u00e9ussi \u00e0 d\u00e9montrer que les NC ont \u00e9t\u00e9 corrig\u00e9es et qu'un plan de corrections est plausible, la d\u00e9cision de certification finale sera envoy\u00e9e \u00e0 l'op\u00e9rateur et le certificat sera d\u00e9livr\u00e9. Si les NC d\u00e9tect\u00e9es n'ont pas \u00e9t\u00e9 corrig\u00e9es par l'op\u00e9rateur dans le d\u00e9lai convenu ou si les NC ne sont pas corrigibles, le SRS appliquera les sanctions ad\u00e9quates : Refus, Suspension, R\u00e9vocation.<\/p>\n\n\n\n<p class=\"has-ast-global-color-8-color has-text-color\">L'op\u00e9rateur a la possibilit\u00e9 de retirer sa demande de certification \u00e0 tout moment sous certaines conditions.<\/p>\n\n\n\n<p class=\"has-ast-global-color-8-color has-text-color\"><strong>Surveillance:<\/strong> Apr\u00e8s la certification biologique initiale, \u00e0 des fins de surveillance, des inspections r\u00e9guli\u00e8res et suppl\u00e9mentaires, annonc\u00e9es ou non, seront effectu\u00e9es et des \u00e9chantillons pourront \u00eatre pr\u00e9lev\u00e9s.<\/p>","protected":false},"excerpt":{"rendered":"<p>&nbsp; Application \/ Re-application: Operator applies \/ re-applies for certification by submitting the completed Application Form to info@srscert-global.com. Application Review, Approval, Offer &amp; Contract: The responsible SRS staff reviews the application and may ask for further information to approve the application and issue an offer. Together with the approval, the operator will receive the certification &hellip;<\/p>\n<p class=\"read-more\"> <a class=\"\" href=\"https:\/\/srs-certification.com\/fr\/certserv\/org-2\/etapes-org\/\"> <span class=\"screen-reader-text\">\u00c9tapes pour la certification biologique<\/span> Lire la suite \"<\/a><\/p>","protected":false},"author":2,"featured_media":0,"parent":42,"menu_order":1,"comment_status":"closed","ping_status":"closed","template":"","meta":{"inline_featured_image":false,"site-sidebar-layout":"default","site-content-layout":"default","ast-global-header-display":"","ast-main-header-display":"","ast-hfb-above-header-display":"","ast-hfb-below-header-display":"","ast-hfb-mobile-header-display":"","site-post-title":"","ast-breadcrumbs-content":"","ast-featured-img":"","footer-sml-layout":"","theme-transparent-header-meta":"","adv-header-id-meta":"","stick-header-meta":"","header-above-stick-meta":"","header-main-stick-meta":"","header-below-stick-meta":"","footnotes":""},"class_list":["post-203","page","type-page","status-publish","hentry"],"_links":{"self":[{"href":"https:\/\/srs-certification.com\/fr\/wp-json\/wp\/v2\/pages\/203","targetHints":{"allow":["GET"]}}],"collection":[{"href":"https:\/\/srs-certification.com\/fr\/wp-json\/wp\/v2\/pages"}],"about":[{"href":"https:\/\/srs-certification.com\/fr\/wp-json\/wp\/v2\/types\/page"}],"author":[{"embeddable":true,"href":"https:\/\/srs-certification.com\/fr\/wp-json\/wp\/v2\/users\/2"}],"replies":[{"embeddable":true,"href":"https:\/\/srs-certification.com\/fr\/wp-json\/wp\/v2\/comments?post=203"}],"version-history":[{"count":5,"href":"https:\/\/srs-certification.com\/fr\/wp-json\/wp\/v2\/pages\/203\/revisions"}],"predecessor-version":[{"id":4902,"href":"https:\/\/srs-certification.com\/fr\/wp-json\/wp\/v2\/pages\/203\/revisions\/4902"}],"up":[{"embeddable":true,"href":"https:\/\/srs-certification.com\/fr\/wp-json\/wp\/v2\/pages\/42"}],"wp:attachment":[{"href":"https:\/\/srs-certification.com\/fr\/wp-json\/wp\/v2\/media?parent=203"}],"curies":[{"name":"wp","href":"https:\/\/api.w.org\/{rel}","templated":true}]}}