{"id":26,"date":"2019-02-05T10:24:14","date_gmt":"2019-02-05T09:24:14","guid":{"rendered":"http:\/\/srs-certification.de\/?page_id=26"},"modified":"2022-05-17T18:41:15","modified_gmt":"2022-05-17T16:41:15","slug":"a-propos-de-srs","status":"publish","type":"page","link":"https:\/\/srs-certification.com\/fr\/a-propos-de-srs\/","title":{"rendered":"\u00c0 propos de SRS"},"content":{"rendered":"<h1 class=\"wp-block-heading\">\u00c0 propos de SRS<\/h1>\n\n\n\n<p class=\"has-text-align-center\">SRS fournit des services de certification et de v\u00e9rification fiables et cr\u00e9dibles.<\/p>\n\n\n\n<h3 class=\"has-text-align-center wp-block-heading\"><strong>Objectifs et valeurs de SRS<\/strong><\/h3>\n\n\n\n<p>Notre \u00e9quipe s'efforce d'offrir des services d'inspection et de certification comp\u00e9tents auxquels les consommateurs peuvent se fier, dont l'environnement b\u00e9n\u00e9ficiera et sur lesquels les parties prenantes concern\u00e9es pourront compter.<\/p>\n\n\n\n<p>Notre mission:<\/p>\n\n\n\n<ul class=\"wp-block-list\"><li>Offrir tous nos services avec cr\u00e9dibilit\u00e9, expertise, transparence, efficacit\u00e9 et \u00e9quit\u00e9.<\/li><li>Int\u00e9grer l'ind\u00e9pendance et l'impartialit\u00e9 dans nos proc\u00e9dures.<\/li><li>Toujours prendre en compte les normes que nous certifions et leurs intentions, c'est \u00e0 dire:\n<ul>\n<li>Respecter les conditions pr\u00e9alables naturelles et environnementales;<\/li>\n<\/ul>\n<ul>\n<li>Permettre le d\u00e9veloppement de l'agriculture biologique;<\/li>\n<\/ul>\n<ul>\n<li>Favoriser une concurrence loyale entre les producteurs gr\u00e2ce \u00e0 des proc\u00e9dures de certification transparentes;<\/li>\n<\/ul>\n<ul>\n<li>Traiter tous les clients sur un pied d'\u00e9galit\u00e9;<\/li>\n<\/ul>\n<ul>\n<li>Prendre en compte les attentes des consommateurs en mati\u00e8re d'alimentation saine qui est produite dans le respect de l'environnement.<\/li>\n<\/ul>\n<\/li><li>Tout en offrant nos services dans le monde entier, en respectant le contexte culturel de chacun, tant au sein de SRS que chez les clients des diff\u00e9rentes r\u00e9gions.<\/li><li>Offrir nos services sans discrimination et facturer des prix \u00e9quitables.<\/li><li>S'opposer \u00e0 la fraude.<\/li><\/ul>\n\n\n\n<p>\u00c0 cet \u00e9gard, notre travail doit contribuer \u00e0 la satisfaction des attentes de nos clients.<\/p>\n\n\n\n<p>L'accr\u00e9ditation de SRS selon la norme ISO\/IEC 17065:2012 confirme notre comp\u00e9tence, notre objectivit\u00e9 et notre impartialit\u00e9.<\/p>","protected":false},"excerpt":{"rendered":"<p>A propos de SRS SRS fournit des services de certification et de v\u00e9rification fiables et cr\u00e9dibles. Objectifs et valeurs de SRS Notre \u00e9quipe s'efforce d'offrir des services d'inspection et de certification comp\u00e9tents auxquels les consommateurs peuvent faire confiance, dont l'environnement b\u00e9n\u00e9ficiera et sur lesquels les parties prenantes concern\u00e9es pourront s'appuyer. Notre mission : Offrir tous nos services avec cr\u00e9dibilit\u00e9, expertise, transparence, efficacit\u00e9 et \u00e9quit\u00e9. ...<\/p>\n<p class=\"read-more\"> <a class=\"\" href=\"https:\/\/srs-certification.com\/fr\/a-propos-de-srs\/\"> <span class=\"screen-reader-text\">\u00c0 propos de SRS<\/span> Lire la suite \"<\/a><\/p>","protected":false},"author":2,"featured_media":0,"parent":0,"menu_order":1,"comment_status":"closed","ping_status":"closed","template":"","meta":{"inline_featured_image":false,"site-sidebar-layout":"default","site-content-layout":"default","ast-global-header-display":"","ast-main-header-display":"","ast-hfb-above-header-display":"","ast-hfb-below-header-display":"","ast-hfb-mobile-header-display":"","site-post-title":"","ast-breadcrumbs-content":"","ast-featured-img":"","footer-sml-layout":"","theme-transparent-header-meta":"","adv-header-id-meta":"","stick-header-meta":"","header-above-stick-meta":"","header-main-stick-meta":"","header-below-stick-meta":"","footnotes":""},"class_list":["post-26","page","type-page","status-publish","hentry"],"_links":{"self":[{"href":"https:\/\/srs-certification.com\/fr\/wp-json\/wp\/v2\/pages\/26","targetHints":{"allow":["GET"]}}],"collection":[{"href":"https:\/\/srs-certification.com\/fr\/wp-json\/wp\/v2\/pages"}],"about":[{"href":"https:\/\/srs-certification.com\/fr\/wp-json\/wp\/v2\/types\/page"}],"author":[{"embeddable":true,"href":"https:\/\/srs-certification.com\/fr\/wp-json\/wp\/v2\/users\/2"}],"replies":[{"embeddable":true,"href":"https:\/\/srs-certification.com\/fr\/wp-json\/wp\/v2\/comments?post=26"}],"version-history":[{"count":5,"href":"https:\/\/srs-certification.com\/fr\/wp-json\/wp\/v2\/pages\/26\/revisions"}],"predecessor-version":[{"id":3790,"href":"https:\/\/srs-certification.com\/fr\/wp-json\/wp\/v2\/pages\/26\/revisions\/3790"}],"wp:attachment":[{"href":"https:\/\/srs-certification.com\/fr\/wp-json\/wp\/v2\/media?parent=26"}],"curies":[{"name":"wp","href":"https:\/\/api.w.org\/{rel}","templated":true}]}}