{"id":29,"date":"2018-03-05T10:33:27","date_gmt":"2018-03-05T09:33:27","guid":{"rendered":"http:\/\/srs-certification.de\/?page_id=29"},"modified":"2026-03-23T17:53:41","modified_gmt":"2026-03-23T16:53:41","slug":"equipe-srs","status":"publish","type":"page","link":"https:\/\/srs-certification.com\/fr\/a-propos-de-srs\/equipe-srs\/","title":{"rendered":"L'\u00e9quipe SRS"},"content":{"rendered":"<h4 class=\"wp-block-heading\"><strong> MartinaMelapie (Dr. agr.)<\/strong><\/h4>\n\n\n\n<p>Apr\u00e8s avoir obtenu un dipl\u00f4me en agronomie tropicale\/subtropicale \u00e0 l'Universit\u00e9 tch\u00e8que des sciences de la vie \u00e0 Prague, en R\u00e9publique tch\u00e8que, Martina a poursuivi des \u00e9tudes sup\u00e9rieures en agriculture biologique internationale \u00e0 l'Universit\u00e9 de Kassel, en Allemagne, ce qui lui a permis d'acqu\u00e9rir une vaste exp\u00e9rience dans de nombreuses formes d'agriculture. Au cours de ses \u00e9tudes doctorales, elle s'est int\u00e9ress\u00e9e \u00e0 l'efficacit\u00e9 de l'utilisation des nutriments dans les jardins urbains des villes d'Afrique de l'Ouest. Elle a ensuite rejoint la facult\u00e9 des sciences agricoles biologiques de l'universit\u00e9 de Kassel, o\u00f9 elle a travaill\u00e9 en tant qu'assistante de recherche et coordinatrice de projet pendant cinq ans. Elle a ensuite rejoint un organisme de certification, o\u00f9 elle \u00e9tait principalement impliqu\u00e9e dans la certification biologique d'exploitations chinoises selon diff\u00e9rentes normes et a contribu\u00e9 \u00e0 la coordination du groupe de travail. Depuis la cofondation de SRS en 2017, elle a \u00e9t\u00e9 en charge du d\u00e9partement de certification, et est maintenant directrice g\u00e9n\u00e9rale, ainsi que Senior Certification Officer, et chef du d\u00e9partement de certification.<\/p>\n\n\n\n<h4 class=\"wp-block-heading\"><strong>Alexandra zum Felde (Dr. agr.)<\/strong><\/h4>\n\n\n\n<p>Apr\u00e8s avoir \u00e9tudi\u00e9 la biologie environnementale et l'agriculture biologique \u00e0 l'universit\u00e9 McGill de Montr\u00e9al, au Canada, Alexandra s'est sp\u00e9cialis\u00e9e dans la lutte biologique contre les ravageurs au cours de ses \u00e9tudes sup\u00e9rieures \u00e0 l'universit\u00e9 de Bonn, en Allemagne. Elle poss\u00e8de une vaste exp\u00e9rience de l'agriculture tropicale et biologique. Elle a ensuite travaill\u00e9 comme agronome sp\u00e9cialiste du plantain \u00e0 l'IITA au Nigeria, comme charg\u00e9e de cours et assistante de recherche \u00e0 la facult\u00e9 des sciences agricoles biologiques de l'universit\u00e9 de Kassel et, plus r\u00e9cemment, comme consultante agricole ind\u00e9pendante, r\u00e9dactrice, r\u00e9viseuse et traductrice. Chez SRS, elle travaille en tant que responsable de la qualit\u00e9, responsable de la certification au sein du d\u00e9partement de certification et coordinatrice r\u00e9gionale pour l'Afrique.<\/p>\n\n\n\n<h4 class=\"wp-block-heading\"><strong>Regina Ordowski (Dipl.-Ing. agr.)<\/strong><\/h4>\n\n\n\n<p>Pendant ses \u00e9tudes d'agronomie \u00e0 l'universit\u00e9 de Hohenheim, en Allemagne, Regina a particip\u00e9 \u00e0 des recherches soutenues par le gouvernement qui l'ont amen\u00e9e en Chine pour la premi\u00e8re fois. Elle a ensuite particip\u00e9 \u00e0 d'autres projets de recherche et \u00e0 des missions d'inspection dans un certain nombre de pays du Nord et du Sud. Lorsqu'elle a ensuite rejoint un grand organisme de certification, elle a \u00e9t\u00e9 l'une des premi\u00e8res \u00e0 mettre en \u0153uvre la certification internationale des normes biologiques pour les producteurs chinois. Elle a ensuite travaill\u00e9 comme certificatrice, formatrice, gestionnaire de normes et coordinatrice pour plusieurs normes biologiques et de durabilit\u00e9, avant de cofonder SRS en 2017, o\u00f9 elle a exerc\u00e9 les fonctions de directrice g\u00e9n\u00e9rale jusqu'en 2025.<\/p>\n\n\n\n<h4 class=\"wp-block-heading\"><strong>Karin Hellige<\/strong><\/h4>\n\n\n\n<p>Forte d'une grande exp\u00e9rience dans l'administration et la gestion des services offerts par les organismes de certification, elle a travaill\u00e9 plus de 10 ans en tant qu'agent administratif au sein du d\u00e9partement g\u00e9n\u00e9ral. Karin est responsable de toutes les questions administratives, des ressources humaines et de l'assistance informatique. En 2017, elle a cofond\u00e9 SRS et assiste d\u00e9sormais les directeurs g\u00e9n\u00e9raux ainsi que les d\u00e9partements de certification et de service \u00e0 la client\u00e8le.<\/p>\n\n\n\n<h4 class=\"wp-block-heading\"><strong>Eilika W\u00fclfing (Dipl.-Biol.)<\/strong><\/h4>\n\n\n\n<p>Eilika a \u00e9tudi\u00e9 la microbiologie \u00e0 l'universit\u00e9 de G\u00f6ttingen et a acquis une exp\u00e9rience professionnelle internationale pendant deux ans dans le cadre d'une bourse de recherche en virologie \u00e0 l'University College Dublin. Elle est ensuite retourn\u00e9e \u00e0 G\u00f6ttingen pour travailler comme technicienne de laboratoire dans un groupe de travail sur la phytopathologie, avant de passer deux ans en Ukraine o\u00f9 elle a particip\u00e9 \u00e0 des projets de service communautaire b\u00e9n\u00e9vole, travaillant avec des jeunes et sur l'histoire r\u00e9gionale. Actuellement, elle renforce le d\u00e9partement de certification en tant que responsable principal de la certification et coordinatrice r\u00e9gionale pour la Chine.<\/p>\n\n\n\n<h4 class=\"wp-block-heading\"><strong><strong>Jessica N. Andriamparany (Dr. agr.)<\/strong><\/strong><\/h4>\n\n\n\n<p>Apr\u00e8s avoir \u00e9tudi\u00e9 la biologie v\u00e9g\u00e9tale et l'\u00e9cologie \u00e0 l'universit\u00e9 d'Antananarivo, \u00e0 Madagascar, Jessica a poursuivi ses \u00e9tudes en Allemagne et obtenu un dipl\u00f4me en agriculture biologique internationale \u00e0 l'universit\u00e9 de Kassel. Pendant ses \u00e9tudes doctorales, elle a men\u00e9 des recherches interdisciplinaires sur l'utilisation et la culture des plantes cultiv\u00e9es et sauvages dans le sud de Madagascar. Apr\u00e8s avoir obtenu son doctorat, elle a travaill\u00e9 comme chercheuse postdoctorale aux universit\u00e9s de Kassel et de G\u00f6ttingen, en se concentrant sur l'agriculture biologique et la gestion durable des terres, puis sur la gestion de projets internationaux et les technologies de surveillance des cultures, avant de rejoindre SRS, o\u00f9 elle travaille en tant que Senior Certification Officer au sein du d\u00e9partement de certification, coordinatrice r\u00e9gionale pour l'Inde et gestionnaire de programme pour le NOP.<\/p>\n\n\n\n<h4 class=\"wp-block-heading\"><\/h4>\n\n\n\n<p><\/p>","protected":false},"excerpt":{"rendered":"<p>MartinaMelapie (Dr. agr.) After successfully completing a degree in tropical\/subtropical agronomy at the Czech University of Life Sciences in Prague, Czech Republic, Martina went on to graduate studies in international organic agriculture at the University of Kassel, Germany, giving her a broad background in many forms of agriculture. During her doctoral studies, she focused on &hellip;<\/p>\n<p class=\"read-more\"> <a class=\"\" href=\"https:\/\/srs-certification.com\/fr\/a-propos-de-srs\/equipe-srs\/\"> <span class=\"screen-reader-text\">L'\u00e9quipe SRS<\/span> Lire la suite \"<\/a><\/p>","protected":false},"author":2,"featured_media":0,"parent":26,"menu_order":1,"comment_status":"closed","ping_status":"closed","template":"","meta":{"inline_featured_image":false,"site-sidebar-layout":"default","site-content-layout":"default","ast-global-header-display":"","ast-main-header-display":"","ast-hfb-above-header-display":"","ast-hfb-below-header-display":"","ast-hfb-mobile-header-display":"","site-post-title":"disabled","ast-breadcrumbs-content":"","ast-featured-img":"","footer-sml-layout":"","theme-transparent-header-meta":"","adv-header-id-meta":"","stick-header-meta":"","header-above-stick-meta":"","header-main-stick-meta":"","header-below-stick-meta":"","footnotes":""},"class_list":["post-29","page","type-page","status-publish","hentry"],"_links":{"self":[{"href":"https:\/\/srs-certification.com\/fr\/wp-json\/wp\/v2\/pages\/29","targetHints":{"allow":["GET"]}}],"collection":[{"href":"https:\/\/srs-certification.com\/fr\/wp-json\/wp\/v2\/pages"}],"about":[{"href":"https:\/\/srs-certification.com\/fr\/wp-json\/wp\/v2\/types\/page"}],"author":[{"embeddable":true,"href":"https:\/\/srs-certification.com\/fr\/wp-json\/wp\/v2\/users\/2"}],"replies":[{"embeddable":true,"href":"https:\/\/srs-certification.com\/fr\/wp-json\/wp\/v2\/comments?post=29"}],"version-history":[{"count":13,"href":"https:\/\/srs-certification.com\/fr\/wp-json\/wp\/v2\/pages\/29\/revisions"}],"predecessor-version":[{"id":4897,"href":"https:\/\/srs-certification.com\/fr\/wp-json\/wp\/v2\/pages\/29\/revisions\/4897"}],"up":[{"embeddable":true,"href":"https:\/\/srs-certification.com\/fr\/wp-json\/wp\/v2\/pages\/26"}],"wp:attachment":[{"href":"https:\/\/srs-certification.com\/fr\/wp-json\/wp\/v2\/media?parent=29"}],"curies":[{"name":"wp","href":"https:\/\/api.w.org\/{rel}","templated":true}]}}