{"id":3580,"date":"2022-05-03T20:26:54","date_gmt":"2022-05-03T18:26:54","guid":{"rendered":"https:\/\/srs-certification.com\/?page_id=3580"},"modified":"2025-10-22T18:29:26","modified_gmt":"2025-10-22T16:29:26","slug":"domicile","status":"publish","type":"page","link":"https:\/\/srs-certification.com\/fr\/","title":{"rendered":"BIENVENUE CHEZ SRS CERTIFICATION"},"content":{"rendered":"<figure class=\"wp-block-image size-large is-resized\"><img loading=\"lazy\" decoding=\"async\" width=\"581\" height=\"151\" src=\"https:\/\/srs-certification.com\/wp-content\/uploads\/2022\/05\/srs_certification_gmbh_logo.svg\" alt=\"\" class=\"wp-image-3766\" style=\"width:911px;height:238px\"\/><\/figure>\n\n\n\n<hr class=\"wp-block-separator has-text-color has-ast-global-color-0-color has-css-opacity has-ast-global-color-0-background-color has-background\"\/>\n\n\n\n<div style=\"height:40px\" aria-hidden=\"true\" class=\"wp-block-spacer\"><\/div>\n\n\n\n<p>SRS Certification GmbH est un organisme de certification allemand, dont les responsables ont plus de 15 ans d'exp\u00e9rience dans la recherche agricole, l'enseignement, les pratiques agricoles biologiques et bonnes et l'inspection et la certification, dans de nombreux pays du monde. Nous croyons dans l'id\u00e9e de l'agriculture biologique, de la production durable et de l'int\u00e9grit\u00e9 de la cha\u00eene d'approvisionnement comme moyen de prot\u00e9ger l'environnement, de produire et de fournir des aliments sains et de g\u00e9n\u00e9rer des revenus pour les personnes engag\u00e9es.<\/p>\n\n\n\n<p>SRS est accr\u00e9dit\u00e9 selon la norme ISO\/IEC 17065:2012 et propose actuellement la certification selon le r\u00e8glement (UE) 2018\/848, NOP\/USDA - le National Organic Program 7 CFR Part 205 du D\u00e9partement de l'agriculture des \u00c9tats-Unis, et Organic JAS (Japanese Agricultural Standard) - en Europe, en Afrique de l'Ouest, centrale et de l'Est, ainsi qu'en Chine. D'autres accr\u00e9ditations et domaines d'activit\u00e9 sont en cours d'\u00e9laboration. Avec des repr\u00e9sentants dans de nombreuses r\u00e9gions du monde, nous proposons \u00e9galement des audits de fournisseurs et des v\u00e9rifications d'intrants.<\/p>\n\n\n\n<p><strong>Notre \u00e9quipe s'efforce d'offrir des services d'inspection et de certification comp\u00e9tents auxquels les consommateurs peuvent faire confiance, dont l'environnement b\u00e9n\u00e9ficiera et sur lesquels les parties prenantes peuvent compter.<\/strong>.<\/p>","protected":false},"excerpt":{"rendered":"<p>SRS Certification GmbH est un organisme de certification allemand dont les dirigeants ont plus de 15 ans d'exp\u00e9rience dans la recherche agricole, l'enseignement, l'agriculture biologique et les bonnes pratiques agricoles, ainsi que l'inspection et la certification, dans de nombreux pays du monde. Nous croyons en l'id\u00e9e de l'agriculture biologique, de la production durable, de l'int\u00e9grit\u00e9 de la cha\u00eene d'approvisionnement comme moyen de prot\u00e9ger l'environnement, de produire ...<\/p>\n<p class=\"read-more\"> <a class=\"\" href=\"https:\/\/srs-certification.com\/fr\/\"> <span class=\"screen-reader-text\">BIENVENUE CHEZ SRS CERTIFICATION<\/span> Lire la suite \"<\/a><\/p>","protected":false},"author":9,"featured_media":0,"parent":0,"menu_order":0,"comment_status":"closed","ping_status":"closed","template":"","meta":{"inline_featured_image":false,"site-sidebar-layout":"default","site-content-layout":"default","ast-global-header-display":"","ast-main-header-display":"","ast-hfb-above-header-display":"","ast-hfb-below-header-display":"","ast-hfb-mobile-header-display":"","site-post-title":"","ast-breadcrumbs-content":"","ast-featured-img":"","footer-sml-layout":"","theme-transparent-header-meta":"","adv-header-id-meta":"","stick-header-meta":"","header-above-stick-meta":"","header-main-stick-meta":"","header-below-stick-meta":"","footnotes":""},"class_list":["post-3580","page","type-page","status-publish","hentry"],"_links":{"self":[{"href":"https:\/\/srs-certification.com\/fr\/wp-json\/wp\/v2\/pages\/3580","targetHints":{"allow":["GET"]}}],"collection":[{"href":"https:\/\/srs-certification.com\/fr\/wp-json\/wp\/v2\/pages"}],"about":[{"href":"https:\/\/srs-certification.com\/fr\/wp-json\/wp\/v2\/types\/page"}],"author":[{"embeddable":true,"href":"https:\/\/srs-certification.com\/fr\/wp-json\/wp\/v2\/users\/9"}],"replies":[{"embeddable":true,"href":"https:\/\/srs-certification.com\/fr\/wp-json\/wp\/v2\/comments?post=3580"}],"version-history":[{"count":6,"href":"https:\/\/srs-certification.com\/fr\/wp-json\/wp\/v2\/pages\/3580\/revisions"}],"predecessor-version":[{"id":4815,"href":"https:\/\/srs-certification.com\/fr\/wp-json\/wp\/v2\/pages\/3580\/revisions\/4815"}],"wp:attachment":[{"href":"https:\/\/srs-certification.com\/fr\/wp-json\/wp\/v2\/media?parent=3580"}],"curies":[{"name":"wp","href":"https:\/\/api.w.org\/{rel}","templated":true}]}}