{"id":37,"date":"2018-03-05T10:39:34","date_gmt":"2018-03-05T09:39:34","guid":{"rendered":"http:\/\/srs-certification.de\/?page_id=37"},"modified":"2024-11-13T13:26:03","modified_gmt":"2024-11-13T12:26:03","slug":"certserv","status":"publish","type":"page","link":"https:\/\/srs-certification.com\/fr\/certserv\/","title":{"rendered":"Certification et services"},"content":{"rendered":"<h3 class=\"wp-block-heading has-ast-global-color-8-color has-text-color\">Services de certification biologique<\/h3>\n\n\n\n<p class=\"has-ast-global-color-8-color has-text-color\">SRS Certification GmbH est actuellement accr\u00e9dit\u00e9 pour la certification de produits biologiques conform\u00e9ment \u00e0 la <strong>norme biologique SRS - <\/strong>\u00e9quivalente au<strong> r\u00e8glement (CE) n\u00b0 834\/2007 <\/strong>et<strong> Regulation (EC) No 889\/2008<\/strong>, to <strong>R\u00e8glement (UE) 2018\/848<\/strong> in third countries, to <strong>NOP (USDA National Organic Program 7 CFR Part 205<\/strong>) and to <strong>norme biologique du Japon : JAS - Japanese Agricultural Standard.<\/strong><\/p>\n\n\n\n<p class=\"has-ast-global-color-8-color has-text-color\">Nous pouvons servir d'organisme de certification \u00e0 toute personne qui a besoin d'un service professionnel pour:<\/p>\n\n\n\n<ol class=\"wp-block-list has-black-color has-text-color\">\n<li style=\"margin-top:var(--wp--preset--spacing--20);margin-right:var(--wp--preset--spacing--20);margin-bottom:var(--wp--preset--spacing--20);margin-left:var(--wp--preset--spacing--20)\">La certification de produits biologiques<\/li>\n\n\n\n<li style=\"margin-top:var(--wp--preset--spacing--20);margin-right:var(--wp--preset--spacing--20);margin-bottom:var(--wp--preset--spacing--20);margin-left:var(--wp--preset--spacing--20)\">Biologique en conversion<\/li>\n\n\n\n<li style=\"margin-top:var(--wp--preset--spacing--20);margin-right:var(--wp--preset--spacing--20);margin-bottom:var(--wp--preset--spacing--20);margin-left:var(--wp--preset--spacing--20);font-style:normal;font-weight:500\">Confirmation de l'historique des terres<\/li>\n\n\n\n<li style=\"margin-top:var(--wp--preset--spacing--20);margin-right:var(--wp--preset--spacing--20);margin-bottom:var(--wp--preset--spacing--20);margin-left:var(--wp--preset--spacing--20);font-style:normal;font-weight:500\">V\u00e9rification de la conformit\u00e9 des intrants<\/li>\n<\/ol>\n\n\n\n<h4 class=\"wp-block-heading has-black-color has-text-color\"><strong>1. Certification des produits biologiques<\/strong><\/h4>\n\n\n\n<p class=\"has-link-color wp-elements-6e3594751aa34224b30346b4f77494cc\"><strong><a href=\"https:\/\/ec.europa.eu\/info\/food-farming-fisheries\/farming\/organic-farming\/legislation_en\" target=\"_blank\" rel=\"noreferrer noopener\"><mark style=\"background-color:rgba(0, 0, 0, 0)\" class=\"has-inline-color has-black-color\">EU Organic Regulations<\/mark><\/a><\/strong>: <a href=\"https:\/\/srs-certification.com\/fr\/srs-norme-biologique-eu-v2-1_3-01-02-2022\/\" target=\"_blank\" rel=\"noreferrer noopener\"><mark style=\"background-color:rgba(0, 0, 0, 0)\" class=\"has-inline-color has-black-color\">Norme organique SRS<\/mark><\/a> has been recognised by the EU Commission for offering certification equivalent to the EU organic regulations (Regulation (EC) No 834\/2007 and its implementation rules Regulation (EC) No 889\/2008). We offer this service in all countries listed in <mark style=\"background-color:rgba(0, 0, 0, 0)\" class=\"has-inline-color has-black-color\"><a href=\"https:\/\/srs-certification.com\/fr\/accreditations\/#EU-Reg-2021-2325\">R<\/a><a href=\"https:\/\/srs-certification.com\/fr\/accreditations\/#EU-Reg-2021-2325\" target=\"_blank\" rel=\"noreferrer noopener\">egulation (EU) No 2021\/2325<\/a><\/mark>.<\/p>\n\n\n\n<p class=\"has-ast-global-color-8-color has-text-color has-link-color wp-elements-595575dbf3a816031aff52d4f07273e1\">As of January 2025, only <strong><a href=\"https:\/\/srs-certification.com\/fr\/accreditations\/legisorg\/\" data-type=\"link\" data-id=\"https:\/\/srs-certification.com\/accreditations\/legisorg\/\">R\u00e8glement (UE) 2018\/848<\/a><\/strong> will be applicable for third countries. We offer this service in all countries listed in <mark><a href=\"https:\/\/eur-lex.europa.eu\/legal-content\/EN\/TXT\/PDF\/?uri=OJ:L_202402794&amp;qid=1730967041114\" target=\"_blank\" rel=\"noreferrer noopener\"><mark style=\"background-color:var(--ast-global-color-5)\" class=\"has-inline-color\">Regulation<\/mark><\/a><\/mark><a href=\"https:\/\/eur-lex.europa.eu\/legal-content\/EN\/TXT\/HTML\/?uri=OJ:L_202402794&amp;qid=1730967041114\" target=\"_blank\" rel=\"noreferrer noopener\">&nbsp;(EU)&nbsp;<\/a><a href=\"https:\/\/eur-lex.europa.eu\/legal-content\/EN\/TXT\/PDF\/?uri=OJ:L_202402794&amp;qid=1730967041114\" target=\"_blank\" rel=\"noreferrer noopener\">No<\/a><a href=\"https:\/\/eur-lex.europa.eu\/legal-content\/EN\/TXT\/HTML\/?uri=OJ:L_202402794&amp;qid=1730967041114\" target=\"_blank\" rel=\"noreferrer noopener\">&nbsp;2024\/2794<\/a>. See the&nbsp;<a href=\"https:\/\/srs-certification.com\/wp-content\/uploads\/2024\/11\/Extract-S14-Pol3.2-EU-Annex-I-Products-2024-02-05.pdf\">linked table<\/a>&nbsp;for products listed in Annex 1 of Regulation (EU) 2018\/848, for which we accept applications for certification.<\/p>\n\n\n\n<p class=\"has-ast-global-color-8-color has-text-color has-link-color wp-elements-728bf75942c172d409e208fe91c21627\">Our equivalent <a href=\"https:\/\/srs-certification.com\/fr\/srs-norme-biologique-eu-v2-1_3-01-02-2022\/\" target=\"_blank\" rel=\"noreferrer noopener\"><mark style=\"background-color:rgba(0, 0, 0, 0)\" class=\"has-inline-color has-black-color\">Norme organique SRS<\/mark><\/a> continues to be valid until the end of 2025 for exporters from China and Taiwan to Great Britain. <\/p>\n\n\n\n<p>Certification involves an annual inspection of your organic operation sites, including subcontractors and possible sample taking.<\/p>\n\n\n\n<h4 class=\"wp-block-heading has-ast-global-color-8-color has-text-color\"><strong>2. Biologique en conversion <\/strong><\/h4>\n\n\n\n<p class=\"has-ast-global-color-8-color has-text-color\">Entre le moment o\u00f9 vous commencez \u00e0 travailler votre terre de mani\u00e8re biologique et le moment o\u00f9 elle peut \u00eatre pleinement reconnue comme biologique, une p\u00e9riode de trois ans (36 mois) est n\u00e9cessaire pendant laquelle aucun produit interdit ne peut \u00eatre utilis\u00e9. C'est ce qu'on appelle la p\u00e9riode de conversion. Il est conseill\u00e9, souvent m\u00eame obligatoire, d'\u00eatre certifi\u00e9 pendant la p\u00e9riode de conversion afin de d\u00e9montrer que la gestion des terres a \u00e9t\u00e9 conforme \u00e0 la norme biologique requise. SRS peut effectuer des inspections et confirmer la conformit\u00e9 pendant la p\u00e9riode de conversion. Vos produits peuvent \u00eatre certifi\u00e9s \"biologiques en conversion\". <em>p\u00e9riode de conversion<\/em>. Il est conseill\u00e9, voire obligatoire, d'\u00eatre certifi\u00e9 pendant la p\u00e9riode de conversion, afin de d\u00e9montrer que la gestion des terres a \u00e9t\u00e9 conforme \u00e0 la norme biologique requise. Le SRS peut effectuer des inspections et confirmer la conformit\u00e9 pendant la p\u00e9riode de conversion. Vos produits peuvent \u00eatre certifi\u00e9s \"biologiques en conversion\".<\/p>\n\n\n\n<h4 class=\"wp-block-heading has-ast-global-color-8-color has-text-color\"><strong>3. Confirmation de l'historique des terres<\/strong><\/h4>\n\n\n\n<p>Ce programme s'applique aux op\u00e9rations qui se pr\u00e9parent \u00e0 la certification biologique sur des terres nouvellement cultiv\u00e9es ou sur des terres qui avaient \u00e9t\u00e9 abandonn\u00e9es et qui, pendant un certain nombre d'ann\u00e9es, n'ont pas \u00e9t\u00e9 g\u00e9r\u00e9es du tout. Dans ce cas, il est conseill\u00e9, voire obligatoire, d'inspecter et de confirmer l'historique des terres avant la premi\u00e8re plantation d'une culture biologique. SRS peut inspecter et d\u00e9livrer une confirmation de l'historique des terres qui certifiera qu'aucune substance interdite n'a \u00e9t\u00e9 appliqu\u00e9e sur les terres que vous pr\u00e9voyez de cultiver pendant tout ou une partie de la p\u00e9riode de conversion.<\/p>\n\n\n\n<h4 class=\"wp-block-heading has-ast-global-color-8-color has-text-color\"><strong>4. V\u00e9rification de la conformit\u00e9 des intrants<\/strong><\/h4>\n\n\n\n<p class=\"has-ast-global-color-8-color has-text-color\">If you are a manufacturer of agricultural inputs, such as fertilisers, soil amendments, plant protection substances, etc., SRS may review the description of your input and its processing protocol, inspect your operation and verify your products as suitable \u201cfor use in organic agriculture\u201d, i.e. they are suitable for farms in compliance with the standards you require: Regulation (EU) 2018\/848, NOP Rule (National Organic Program) and\/or Organic JAS (Japanese Agricultural Standard).<\/p>\n\n\n\n<h3 class=\"wp-block-heading has-ast-global-color-8-color has-text-color\">Audits des fournisseurs par SRS<\/h3>\n\n\n\n<p>SRS accueille tous les acteurs internationaux du march\u00e9 biologique qui souhaitent \u00e9tablir des relations commerciales avec des fournisseurs. Nous offrons notre exp\u00e9rience et notre expertise pour des inspections sur le site de production de vos fournisseurs et sur d'autres sites d'activit\u00e9s. Les distributeurs de produits \u00e0 valeur ajout\u00e9e savent que le simple fait de regarder la certification d'un produit ne garantit pas n\u00e9cessairement la qualit\u00e9 attendue. SRS propose un contr\u00f4le des crit\u00e8res de qualit\u00e9 que vous exigez. Il peut s'agir d'une origine, d'une race ou d'une vari\u00e9t\u00e9 garantie, de la confirmation de la tra\u00e7abilit\u00e9, de normes de production sp\u00e9cifiques, du respect de param\u00e8tres d'hygi\u00e8ne ou de qualit\u00e9, de la supervision de la production biologique, des conditions de travail, de l'absence de contamination d'un produit ou de ressources g\u00e9r\u00e9es durablement. Contactez-nous \u00e0 tout moment pour b\u00e9n\u00e9ficier de ce service.<\/p>\n\n\n\n<p><\/p>","protected":false},"excerpt":{"rendered":"<p>Services de certification biologique SRS Certification GmbH est actuellement accr\u00e9dit\u00e9e pour la certification de produits biologiques conform\u00e9ment \u00e0 la norme biologique SRS - \u00e9quivalente au r\u00e8glement (CE) n\u00b0 834\/2007 et au r\u00e8glement (CE) n\u00b0 889\/2008, au r\u00e8glement (UE) 2018\/848 dans les pays tiers, au NOP (USDA National Organic Program 7 CFR Part 205) et \u00e0 l'Organic JAS (Japanese Agricultural Standard). ...<\/p>\n<p class=\"read-more\"> <a class=\"\" href=\"https:\/\/srs-certification.com\/fr\/certserv\/\"> <span class=\"screen-reader-text\">Certification et services<\/span> Lire la suite \"<\/a><\/p>","protected":false},"author":2,"featured_media":0,"parent":0,"menu_order":2,"comment_status":"closed","ping_status":"closed","template":"","meta":{"inline_featured_image":false,"site-sidebar-layout":"default","site-content-layout":"default","ast-global-header-display":"","ast-main-header-display":"","ast-hfb-above-header-display":"","ast-hfb-below-header-display":"","ast-hfb-mobile-header-display":"","site-post-title":"disabled","ast-breadcrumbs-content":"","ast-featured-img":"","footer-sml-layout":"","theme-transparent-header-meta":"","adv-header-id-meta":"","stick-header-meta":"","header-above-stick-meta":"","header-main-stick-meta":"","header-below-stick-meta":"","footnotes":""},"class_list":["post-37","page","type-page","status-publish","hentry"],"_links":{"self":[{"href":"https:\/\/srs-certification.com\/fr\/wp-json\/wp\/v2\/pages\/37","targetHints":{"allow":["GET"]}}],"collection":[{"href":"https:\/\/srs-certification.com\/fr\/wp-json\/wp\/v2\/pages"}],"about":[{"href":"https:\/\/srs-certification.com\/fr\/wp-json\/wp\/v2\/types\/page"}],"author":[{"embeddable":true,"href":"https:\/\/srs-certification.com\/fr\/wp-json\/wp\/v2\/users\/2"}],"replies":[{"embeddable":true,"href":"https:\/\/srs-certification.com\/fr\/wp-json\/wp\/v2\/comments?post=37"}],"version-history":[{"count":5,"href":"https:\/\/srs-certification.com\/fr\/wp-json\/wp\/v2\/pages\/37\/revisions"}],"predecessor-version":[{"id":4667,"href":"https:\/\/srs-certification.com\/fr\/wp-json\/wp\/v2\/pages\/37\/revisions\/4667"}],"wp:attachment":[{"href":"https:\/\/srs-certification.com\/fr\/wp-json\/wp\/v2\/media?parent=37"}],"curies":[{"name":"wp","href":"https:\/\/api.w.org\/{rel}","templated":true}]}}