{"id":4375,"date":"2023-12-20T15:43:29","date_gmt":"2023-12-20T14:43:29","guid":{"rendered":"https:\/\/srs-certification.com\/?page_id=4375"},"modified":"2025-06-16T13:00:37","modified_gmt":"2025-06-16T11:00:37","slug":"legisorg","status":"publish","type":"page","link":"https:\/\/srs-certification.com\/fr\/accreditations\/legisorg\/","title":{"rendered":"L\u00e9gislation pour les op\u00e9rateurs biologiques"},"content":{"rendered":"<h5 class=\"wp-block-heading has-text-align-center\"><strong>L\u00e9gislation pertinente pour la certification des op\u00e9rateurs en conformit\u00e9 avec le r\u00e8glement (UE) 2018\/848<\/strong>:<\/h5>\n\n\n\n<h6 class=\"wp-block-heading has-text-align-center\"><strong>Des traductions dans d'autres langues peuvent \u00eatre demand\u00e9es \u00e0 notre bureau.<\/strong><\/h6>\n\n\n\n<p><\/p>\n\n\n\n<ul class=\"wp-block-list\">\n<li><strong>R\u00e8glement relatif \u00e0 la production biologique et \u00e0 l'\u00e9tiquetage des produits biologiques<\/strong> (R\u00e8glement (UE) 2018\/848 - acte de base)<br><a href=\"https:\/\/eur-lex.europa.eu\/legal-content\/EN\/TXT\/PDF\/?uri=CELEX:02018R0848-20241201\">https:\/\/eur-lex.europa.eu\/legal-content\/EN\/TXT\/PDF\/?uri=CELEX:02018R0848-20241201<\/a><\/li>\n\n\n\n<li><strong>Reconnaissance r\u00e9troactive de la p\u00e9riode de conversion<\/strong> (R\u00e8glement d'ex\u00e9cution de la Commission (UE) 2020\/464 -chapitre 1)<br><a href=\"https:\/\/eur-lex.europa.eu\/legal-content\/EN\/TXT\/PDF\/?uri=CELEX:02020R0464-20211125\">https:\/\/eur-lex.europa.eu\/legal-content\/EN\/TXT\/PDF\/?uri=CELEX:02020R0464-20211125<\/a><\/li>\n\n\n\n<li><strong>R\u00e8gles de production exceptionnelles en cas de catastrophe<\/strong> (R\u00e8glement d\u00e9l\u00e9gu\u00e9 (UE) 2020\/2146 de la Commission)<br><a href=\"https:\/\/eur-lex.europa.eu\/legal-content\/EN\/TXT\/PDF\/?uri=CELEX:02020R2146-20240111&amp;qid=1733321056083\">https:\/\/eur-lex.europa.eu\/legal-content\/EN\/TXT\/PDF\/?uri=CELEX:02020R2146-20240111&amp;qid=1733321056083<\/a><\/li>\n\n\n\n<li><strong>R\u00e8gles relatives au traitement des cas de suspicion de non-conformit\u00e9 et concernant les groupements de producteurs<\/strong> (R\u00e8glement d'ex\u00e9cution de la Commission (UE) 2021\/279)<br><a href=\"https:\/\/eur-lex.europa.eu\/legal-content\/EN\/TXT\/PDF\/?uri=CELEX:32021R0279\">https:\/\/eur-lex.europa.eu\/legal-content\/EN\/TXT\/PDF\/?uri=CELEX:32021R0279<\/a><\/li>\n\n\n\n<li><strong>Contr\u00f4le des comptes documentaires et des groupements de producteurs par l'organisme de certification<\/strong> (R\u00e8glement d\u00e9l\u00e9gu\u00e9 (UE) 2021\/771 de la Commission)<br><a href=\"https:\/\/eur-lex.europa.eu\/legal-content\/EN\/TXT\/PDF\/?uri=CELEX:02021R0771-20210511\">https:\/\/eur-lex.europa.eu\/legal-content\/EN\/TXT\/PDF\/?uri=CELEX:02021R0771-20210511<\/a><\/li>\n\n\n\n<li><strong>Liste des produits et substances autoris\u00e9s<\/strong> (R\u00e8glement d'ex\u00e9cution de la Commission (UE) 2021\/1165)<br><a href=\"https:\/\/eur-lex.europa.eu\/legal-content\/EN\/TXT\/HTML\/?uri=CELEX:02021R1165-20231115\">https:\/\/eur-lex.europa.eu\/legal-content\/EN\/TXT\/HTML\/?uri=CELEX:02021R1165-20231115<\/a><\/li>\n\n\n\n<li><strong>Production et commercialisation de mat\u00e9riel de reproduction v\u00e9g\u00e9tale <\/strong>(R\u00e8glement d\u00e9l\u00e9gu\u00e9 de la Commission (UE) 2021\/1189)<br><a href=\"https:\/\/eur-lex.europa.eu\/legal-content\/EN\/TXT\/PDF\/?uri=CELEX:02021R1189-20220705\">https:\/\/eur-lex.europa.eu\/legal-content\/EN\/TXT\/PDF\/?uri=CELEX:02021R1189-20220705<\/a><\/li>\n\n\n\n<li><strong>Enregistrements demand\u00e9s aux op\u00e9rateurs et aux groupes d'op\u00e9rateurs<\/strong> (R\u00e8glement d'ex\u00e9cution de la Commission (UE) 2021\/2119)<br><a href=\"https:\/\/eur-lex.europa.eu\/legal-content\/EN\/TXT\/PDF\/?uri=CELEX:02021R2119-20221118\">https:\/\/eur-lex.europa.eu\/legal-content\/EN\/TXT\/PDF\/?uri=CELEX:02021R2119-20221118<\/a><\/li>\n\n\n\n<li><strong>\u00c9tiquetage des aliments pour animaux de compagnie <\/strong>(R\u00e8glement (UE) 2023\/2419)<br><a href=\"https:\/\/eur-lex.europa.eu\/legal-content\/EN\/TXT\/PDF\/?uri=OJ:L_202302419&amp;qid=1701252421924\">https:\/\/eur-lex.europa.eu\/legal-content\/EN\/TXT\/PDF\/?uri=OJ:L_202302419&amp;qid=1701252421924<\/a><\/li>\n<\/ul>\n\n\n\n<p><\/p>\n\n\n\n<h5 class=\"wp-block-heading has-text-align-center\"><strong><strong>L\u00e9gislation pertinente pour la certification d'op\u00e9rateurs conform\u00e9ment au r\u00e8glement (UE) 2018\/848<\/strong><\/strong><\/h5>\n\n\n\n<p><\/p>\n\n\n\n<ul class=\"wp-block-list\">\n<li><strong>R\u00e8glement relatif \u00e0 la production biologique et \u00e0 l'\u00e9tiquetage des produits biologiques<\/strong> (r\u00e8glement (UE) 2018\/848 - acte de base)<br><a href=\"https:\/\/eur-lex.europa.eu\/legal-content\/FR\/TXT\/PDF\/?uri=CELEX:02018R0848-20241201\" target=\"_blank\" rel=\"noreferrer noopener\">https:\/\/eur-lex.europa.eu\/legal-content\/FR\/TXT\/PDF\/?uri=CELEX:02018R0848-20241201<\/a><\/li>\n\n\n\n<li><strong>Reconnaissance r\u00e9troactive de la p\u00e9riode de conversion <\/strong>(r\u00e8glement d'ex\u00e9cution (UE) 2020\/464 de la Commission - chapitre 1)<br><a href=\"https:\/\/eur-lex.europa.eu\/legal-content\/FR\/TXT\/PDF\/?uri=CELEX:02020R0464-20211125\">https:\/\/eur-lex.europa.eu\/legal-content\/FR\/TXT\/PDF\/?uri=CELEX:02020R0464-20211125<\/a><\/li>\n\n\n\n<li><strong>R\u00e8gles de production exceptionnelles pendant catastrophes<\/strong> (r\u00e8glement d\u00e9l\u00e9gu\u00e9 (UE) 2020\/2146 de la Commission)<br><a href=\"https:\/\/eur-lex.europa.eu\/legal-content\/FR\/TXT\/PDF\/?uri=CELEX:02020R2146-20240111&amp;qid=1733321056083\">https:\/\/eur-lex.europa.eu\/legal-content\/FR\/TXT\/PDF\/?uri=CELEX:02020R2146-20240111&amp;qid=1733321056083<\/a><\/li>\n\n\n\n<li><strong>R\u00e8gles relatif \u00e0 la gestion en cas de soup\u00e7on de manquement et aux groupes d'op\u00e9rateurs<\/strong> (r\u00e8glement d'ex\u00e9cution (UE) 2021\/279 de la Commission)<br><a href=\"https:\/\/eur-lex.europa.eu\/legal-content\/FR\/TXT\/PDF\/?uri=CELEX:02021R0279-20210223\">https:\/\/eur-lex.europa.eu\/legal-content\/FR\/TXT\/PDF\/?uri=CELEX:02021R0279-20210223<\/a><\/li>\n\n\n\n<li><strong>Contr\u00f4les documentaires et de groupes d'op\u00e9rateurs par l'organisme de certification <\/strong>(r\u00e8glement d\u00e9l\u00e9gu\u00e9 (UE) 2021\/771 de la Commission)<br><a href=\"https:\/\/eur-lex.europa.eu\/legal-content\/FR\/TXT\/PDF\/?uri=CELEX:02021R0771-20210511\">https:\/\/eur-lex.europa.eu\/legal-content\/FR\/TXT\/PDF\/?uri=CELEX:02021R0771-20210511<\/a><\/li>\n\n\n\n<li><strong>Liste des produits et des substances autoris\u00e9s<\/strong> (r\u00e8glement d'ex\u00e9cution (UE) 2021\/1165 de la Commission)<br><a href=\"https:\/\/eur-lex.europa.eu\/legal-content\/FR\/TXT\/HTML\/?uri=CELEX:02021R1165-20231115\">https:\/\/eur-lex.europa.eu\/legal-content\/FR\/TXT\/HTML\/?uri=CELEX:02021R1165-20231115<\/a><\/li>\n\n\n\n<li><strong>Production et commercialisation de mat\u00e9riel de reproduction v\u00e9g\u00e9tale <\/strong>(r\u00e8glement d\u00e9l\u00e9gu\u00e9 (UE) 2021\/1189 de la Commission)<br><a href=\"https:\/\/eur-lex.europa.eu\/legal-content\/FR\/TXT\/PDF\/?uri=CELEX:02021R1189-20220705\">https:\/\/eur-lex.europa.eu\/legal-content\/FR\/TXT\/PDF\/?uri=CELEX:02021R1189-20220705<\/a><\/li>\n\n\n\n<li><strong>Registres requis de la part des op\u00e9rateurs et groupes d'op\u00e9rateurs<\/strong> (r\u00e8glement d'ex\u00e9cution (UE) 2021\/2119 de la Commission)<br><a href=\"https:\/\/eur-lex.europa.eu\/legal-content\/FR\/TXT\/PDF\/?uri=CELEX:02021R2119-20221118\">https:\/\/eur-lex.europa.eu\/legal-content\/FR\/TXT\/PDF\/?uri=CELEX:02021R2119-20221118<\/a><\/li>\n\n\n\n<li><strong>\u00c9tiquetage des aliments pour animaux familiers <\/strong>(r\u00e8glement (UE) 2023\/2419)<br><a href=\"https:\/\/eur-lex.europa.eu\/legal-content\/FR\/TXT\/PDF\/?uri=OJ:L_202302419&amp;qid=1701252475827\">https:\/\/eur-lex.europa.eu\/legal-content\/FR\/TXT\/PDF\/?uri=OJ:L_202302419&amp;qid=1701252475827<\/a><\/li>\n<\/ul>\n\n\n\n<p><\/p>\n\n\n\n<h5 class=\"wp-block-heading has-text-align-center\"><strong>Documents pertinents pour la certification des op\u00e9rateurs en conformit\u00e9 avec le r\u00e8glement (UE) 2018\/848 - Traductions en chinois<\/strong><\/h5>\n\n\n\n<p><\/p>\n\n\n\n<h5 class=\"wp-block-heading has-text-align-center\"><strong>1.<\/strong> <strong>Extraits de la l\u00e9gislation pertinente<\/strong><\/h5>\n\n\n\n<p><\/p>\n\n\n\n<p class=\"has-text-align-center\"><strong>Note : <\/strong>Les traductions fournies ne sont PAS des traductions officielles, mais sont donn\u00e9es \u00e0 titre indicatif. <br>En cas de divergence entre la version originale anglaise et la traduction chinoise, la version anglaise pr\u00e9vaut.<\/p>\n\n\n\n<p><strong>R\u00e8gles de production applicables \u00e0 tous les op\u00e9rateurs - R\u00e8glement (UE) 2018\/848, chapitre III et annexe III<\/strong><\/p>\n\n\n\n<ul class=\"wp-block-list\">\n<li><a href=\"https:\/\/srs-certification.com\/wp-content\/uploads\/2024\/03\/2018-848-General-production-rules-art-9-11.pdf\" target=\"_blank\" rel=\"noreferrer noopener\">R\u00e8gles g\u00e9n\u00e9rales de production, conversion et interdiction d'utiliser des OGM (art. 9-11)<\/a><\/li>\n\n\n\n<li><a href=\"https:\/\/srs-certification.com\/wp-content\/uploads\/2024\/03\/2018-848-art-27-and-28.pdf\" target=\"_blank\" rel=\"noreferrer noopener\">Obligations et actions en cas de suspicion de non-conformit\u00e9 et mesures de pr\u00e9caution pour \u00e9viter la pr\u00e9sence de produits et substances non autoris\u00e9s (art. 27 et 28)<\/a><\/li>\n\n\n\n<li><a href=\"https:\/\/srs-certification.com\/wp-content\/uploads\/2024\/03\/2018-848-Collection-packaging-transport-storage.pdf\" target=\"_blank\" rel=\"noreferrer noopener\">Collecte, conditionnement, transport et stockage des produits (annexe III)<\/a><\/li>\n<\/ul>\n\n\n\n<p><\/p>\n\n\n\n<p><strong>R\u00e8gles de production d\u00e9taill\u00e9es - R\u00e8glement (UE) 2018\/848, annexe II (et articles 12 \u00e0 19)<\/strong><\/p>\n\n\n\n<ul class=\"wp-block-list\">\n<li><a href=\"https:\/\/srs-certification.com\/wp-content\/uploads\/2024\/03\/2018-848-Production-rules-crops.pdf\" target=\"_blank\" rel=\"noreferrer noopener\">R\u00e8gles de production v\u00e9g\u00e9tale (partie I)<\/a><\/li>\n\n\n\n<li><a href=\"https:\/\/srs-certification.com\/wp-content\/uploads\/2024\/03\/2018-848-Production-rules-food-processing.pdf\" target=\"_blank\" rel=\"noreferrer noopener\">R\u00e8gles relatives \u00e0 la production de denr\u00e9es alimentaires transform\u00e9es (partie IV)<\/a><\/li>\n\n\n\n<li><a href=\"https:\/\/srs-certification.com\/wp-content\/uploads\/2024\/03\/2018-848-Production-rules-feed.pdf\" target=\"_blank\" rel=\"noreferrer noopener\">R\u00e8gles applicables \u00e0 la production d'aliments transform\u00e9s pour animaux (partie V)<\/a><\/li>\n\n\n\n<li><a href=\"https:\/\/srs-certification.com\/wp-content\/uploads\/2024\/03\/2018-848-Production-rules-wine.pdf\" target=\"_blank\" rel=\"noreferrer noopener\">Vin (partie VI)<\/a><\/li>\n\n\n\n<li><a href=\"https:\/\/srs-certification.com\/wp-content\/uploads\/2024\/03\/2018-848-Production-rules-yeast.pdf\" target=\"_blank\" rel=\"noreferrer noopener\">Levures utilis\u00e9es dans l'alimentation humaine ou animale (partie VII)<\/a><\/li>\n<\/ul>\n\n\n\n<p><\/p>\n\n\n\n<p><strong>Liste des produits et substances autoris\u00e9s - R\u00e8glement d'ex\u00e9cution (UE) 2021\/1165 de la Commission, Annexes I - III et V&nbsp;<\/strong><\/p>\n\n\n\n<ul class=\"wp-block-list\">\n<li><a href=\"https:\/\/srs-certification.com\/wp-content\/uploads\/2024\/03\/2021-1165-Inputs-plant-protection-\u6295\u5165\u54c1-\u690d\u4fdd\u4ea7\u54c1.pdf\" target=\"_blank\" rel=\"noreferrer noopener\">Substances actives dans les produits phytopharmaceutiques (annexe I)<\/a><\/li>\n\n\n\n<li><a href=\"https:\/\/srs-certification.com\/wp-content\/uploads\/2024\/03\/2021-1165-Inputs-fertilizers-\u6295\u5165\u54c1-\u80a5\u6599.pdf\" target=\"_blank\" rel=\"noreferrer noopener\">Engrais, amendements du sol et nutriments (annexe II)<\/a><\/li>\n\n\n\n<li><a href=\"https:\/\/srs-certification.com\/wp-content\/uploads\/2024\/03\/2021-1165-Inputs-feed-\u6295\u5165\u54c1-\u9972\u6599.pdf\" target=\"_blank\" rel=\"noreferrer noopener\">Produits et substances destin\u00e9s \u00e0 \u00eatre utilis\u00e9s comme aliments pour animaux ou dans la production d'aliments pour animaux (annexe III)<\/a><\/li>\n\n\n\n<li><a href=\"https:\/\/srs-certification.com\/wp-content\/uploads\/2024\/03\/2021-1165-Inputs-food-additives-and-processing-aids-\u6295\u5165\u54c1-\u98df\u54c1\u6dfb\u52a0\u5242\u548c\u52a0\u5de5\u52a9\u5242.pdf\" target=\"_blank\" rel=\"noreferrer noopener\">Produits et substances destin\u00e9s \u00e0 \u00eatre utilis\u00e9s dans la production d'aliments biologiques transform\u00e9s (annexe V, parties A et B)<\/a><\/li>\n\n\n\n<li><a href=\"https:\/\/srs-certification.com\/wp-content\/uploads\/2024\/03\/2021-1165-Inputs-yeast-\u6295\u5165\u54c1-\u9175\u6bcd.pdf\" target=\"_blank\" rel=\"noreferrer noopener\">Produits et substances utilis\u00e9s dans la production de levures destin\u00e9es \u00e0 l'alimentation humaine ou animale (annexe V, partie C)<\/a><\/li>\n\n\n\n<li><a href=\"https:\/\/srs-certification.com\/wp-content\/uploads\/2024\/03\/2021-1165-Inputs-wine-\u6295\u5165\u54c1-\u9152\u7c7b.pdf\" target=\"_blank\" rel=\"noreferrer noopener\">Produits et substances destin\u00e9s \u00e0 la production et \u00e0 la conservation des produits biologiques de la vigne (annexe V, partie D)<\/a><\/li>\n<\/ul>\n\n\n\n<p><\/p>\n\n\n\n<p><strong>Autres - R\u00e8glement (UE) 2018\/848<\/strong><\/p>\n\n\n\n<ul class=\"wp-block-list\">\n<li><a href=\"https:\/\/srs-certification.com\/wp-content\/uploads\/2024\/03\/2018-848-Production-rules-marketing-PPM-art-13.pdf\" target=\"_blank\" rel=\"noreferrer noopener\">Dispositions sp\u00e9cifiques pour la commercialisation des mat\u00e9riels de reproduction des plantes de mat\u00e9riel h\u00e9t\u00e9rog\u00e8ne biologique (art. 13)<\/a><\/li>\n\n\n\n<li><a href=\"https:\/\/srs-certification.com\/wp-content\/uploads\/2024\/03\/2018-848-Production-rules-others-art-21.pdf\" target=\"_blank\" rel=\"noreferrer noopener\">R\u00e8gles de production pour les produits ne relevant pas des cat\u00e9gories de produits vis\u00e9es aux articles 12 \u00e0 19 (art. 21)<\/a><\/li>\n\n\n\n<li><a href=\"https:\/\/srs-certification.com\/wp-content\/uploads\/2024\/03\/2018-848-Labelling-\u6807\u8bc6.pdf\" target=\"_blank\" rel=\"noreferrer noopener\">\u00c9tiquetage (chapitre IV)<\/a><\/li>\n\n\n\n<li><a href=\"https:\/\/srs-certification.com\/wp-content\/uploads\/2024\/03\/2018-848-Group-of-operators-\u64cd\u4f5c\u8005\u56e2\u4f53.pdf\" target=\"_blank\" rel=\"noreferrer noopener\">Groupe d'op\u00e9rateurs (art. 36)<\/a><\/li>\n<\/ul>\n\n\n\n<p><\/p>\n\n\n\n<p class=\"has-text-align-center\"><\/p>\n\n\n\n<h5 class=\"gb-headline gb-headline-8c34c0ca gb-headline-text\"><strong>2. Autres documents<\/strong><\/h5>\n\n\n\n<p><\/p>\n\n\n\n<ul class=\"wp-block-list\">\n<li><a href=\"https:\/\/srs-certification.com\/wp-content\/uploads\/2025\/06\/ORG-N-Ti2-Steps-for-Organic-Certification-2025-06-03z.pdf\" target=\"_blank\" rel=\"noreferrer noopener\">Mesures de contr\u00f4le - ORG-N-Ti2 Etapes de la certification biologique (document SRS)<\/a><\/li>\n<\/ul>\n\n\n\n<p><\/p>\n\n\n\n<h5 class=\"wp-block-heading has-text-align-center\"><strong>Documents pertinents pour la certification des op\u00e9rateurs en conformit\u00e9 avec le r\u00e8glement (UE) 2018\/848 - Traductions en turc<\/strong><\/h5>\n\n\n\n<p><\/p>\n\n\n\n<h5 class=\"wp-block-heading has-text-align-center\"><strong>1. Extraits de la l\u00e9gislation pertinente<\/strong><\/h5>\n\n\n\n<p><\/p>\n\n\n\n<p class=\"has-text-align-center\"><strong>Note : <\/strong>Les traductions fournies ne sont PAS des traductions officielles, mais sont donn\u00e9es \u00e0 titre indicatif. <br>En cas de divergence entre la version originale anglaise et la traduction turque, la version anglaise pr\u00e9vaut.<\/p>\n\n\n\n<p><strong>R\u00e8gles de production applicables \u00e0 tous les op\u00e9rateurs - R\u00e8glement (UE) 2018\/848, chapitre III et annexe III<\/strong><\/p>\n\n\n\n<ul class=\"wp-block-list\">\n<li><a href=\"https:\/\/srs-certification.com\/wp-content\/uploads\/2024\/05\/2018-848-General-production-rules-art-9-11-tr.pdf\">R\u00e8gles g\u00e9n\u00e9rales de production, conversion et interdiction d'utiliser des OGM (art. 9-11)<\/a><\/li>\n\n\n\n<li><a href=\"https:\/\/srs-certification.com\/wp-content\/uploads\/2024\/05\/2018-848-Suspicion-precautionary-measures-tr.pdf\" data-type=\"link\" data-id=\"https:\/\/srs-certification.com\/wp-content\/uploads\/2024\/05\/2018-848-Suspicion-precautionary-measures-tr.pdf\">Obligations et actions en cas de suspicion de non-conformit\u00e9 et mesures de pr\u00e9caution pour \u00e9viter la pr\u00e9sence de produits et substances non autoris\u00e9s (art. 27 et 28)<\/a><\/li>\n\n\n\n<li><a href=\"https:\/\/srs-certification.com\/wp-content\/uploads\/2024\/05\/2018-848-Collection-packaging-transport-storage-tr.pdf\">Collecte, conditionnement, transport et stockage des produits (annexe III)<\/a><\/li>\n<\/ul>\n\n\n\n<p><\/p>\n\n\n\n<p><strong>R\u00e8gles de production d\u00e9taill\u00e9es - R\u00e8glement (UE) 2018\/848, annexe II (et articles 12 \u00e0 19)<\/strong><\/p>\n\n\n\n<ul class=\"wp-block-list\">\n<li>R\u00e8gles de production v\u00e9g\u00e9tale (partie I)<br><a href=\"https:\/\/srs-certification.com\/wp-content\/uploads\/2024\/05\/2018-848-Production-rules-crops-tr.pdf\">https:\/\/srs-certification.com\/wp-content\/uploads\/2024\/05\/2018-848-Production-rules-crops-tr.pdf<\/a><\/li>\n\n\n\n<li>R\u00e8gles relatives \u00e0 la production de denr\u00e9es alimentaires transform\u00e9es (partie IV)<br><a href=\"https:\/\/srs-certification.com\/wp-content\/uploads\/2024\/05\/2018-848-Production-rules-food-processing-tr.pdf\">https:\/\/srs-certification.com\/wp-content\/uploads\/2024\/05\/2018-848-Production-rules-food-processing-tr.pdf<\/a><\/li>\n\n\n\n<li>R\u00e8gles applicables \u00e0 la production d'aliments transform\u00e9s pour animaux (partie V)<br><a href=\"https:\/\/srs-certification.com\/wp-content\/uploads\/2024\/03\/2018-848-Production-rules-feed.pdf\">https:\/\/srs-certification.com\/wp-content\/uploads\/2024\/03\/2018-848-Production-rules-feed.pdf<\/a><\/li>\n\n\n\n<li>Vin (partie VI)<br><a href=\"https:\/\/srs-certification.com\/wp-content\/uploads\/2024\/03\/2018-848-Production-rules-wine.pdf\">https:\/\/srs-certification.com\/wp-content\/uploads\/2024\/03\/2018-848-Production-rules-wine.pdf<\/a><\/li>\n\n\n\n<li>Levures utilis\u00e9es dans l'alimentation humaine ou animale (partie VII)<br><a href=\"https:\/\/srs-certification.com\/wp-content\/uploads\/2024\/03\/2018-848-Production-rules-yeast.pdf\">https:\/\/srs-certification.com\/wp-content\/uploads\/2024\/03\/2018-848-Production-rules-yeast.pdf<\/a><\/li>\n<\/ul>\n\n\n\n<p><\/p>\n\n\n\n<p><strong>Liste des produits et substances autoris\u00e9s - R\u00e8glement d'ex\u00e9cution (UE) 2021\/1165 de la Commission, Annexes I - III et V&nbsp;<\/strong><\/p>\n\n\n\n<ul class=\"wp-block-list\">\n<li>Substances actives dans les produits phytopharmaceutiques (annexe I)<br><a href=\"https:\/\/srs-certification.com\/wp-content\/uploads\/2024\/07\/2021-1165-Inputs-fertilizers.pdf\">https:\/\/srs-certification.com\/wp-content\/uploads\/2024\/03\/2021-1165-Inputs-plant-protection<\/a>.pdf<\/li>\n\n\n\n<li>Engrais, amendements du sol et nutriments (annexe II)<br><a href=\"https:\/\/srs-certification.com\/wp-content\/uploads\/2024\/03\/2021-1165-Inputs-fertilizers.pdf\">https:\/\/srs-certification.com\/wp-content\/uploads\/2024\/03\/2021-1165-Inputs-fertilizers.pdf<\/a><\/li>\n\n\n\n<li>Produits et substances destin\u00e9s \u00e0 \u00eatre utilis\u00e9s comme aliments pour animaux ou dans la production d'aliments pour animaux (annexe III)<br><a href=\"https:\/\/srs-certification.com\/wp-content\/uploads\/2024\/03\/2021-1165-Inputs-feed.pdf\">https:\/\/srs-certification.com\/wp-content\/uploads\/2024\/03\/2021-1165-Inputs-feed.pdf<\/a><\/li>\n\n\n\n<li>Produits et substances destin\u00e9s \u00e0 \u00eatre utilis\u00e9s dans la production d'aliments biologiques transform\u00e9s (annexe V, parties A et B)<br><a href=\"https:\/\/srs-certification.com\/wp-content\/uploads\/2024\/03\/2021-1165-Inputs-food-additives-and-processing-aids.pdf\">https:\/\/srs-certification.com\/wp-content\/uploads\/2024\/03\/2021-1165-Inputs-food-additives-and-processing-aids.pdf<\/a><\/li>\n\n\n\n<li>Produits et substances utilis\u00e9s dans la production de levures destin\u00e9es \u00e0 l'alimentation humaine ou animale (annexe V, partie C)<br><a href=\"https:\/\/srs-certification.com\/wp-content\/uploads\/2024\/03\/2021-1165-Inputs-yeast.pdf\">https:\/\/srs-certification.com\/wp-content\/uploads\/2024\/03\/2021-1165-Inputs-yeast.pdf<\/a><\/li>\n\n\n\n<li>Produits et substances destin\u00e9s \u00e0 la production et \u00e0 la conservation des produits biologiques de la vigne (annexe V, partie D)<br><a href=\"https:\/\/srs-certification.com\/wp-content\/uploads\/2024\/03\/2021-1165-Inputs-wine.pdf\">https:\/\/srs-certification.com\/wp-content\/uploads\/2024\/03\/2021-1165-Inputs-wine.pdf<\/a><\/li>\n<\/ul>\n\n\n\n<p><\/p>\n\n\n\n<p><strong>Autres - R\u00e8glement (UE) 2018\/848<\/strong><\/p>\n\n\n\n<ul class=\"wp-block-list\">\n<li><a href=\"https:\/\/srs-certification.com\/wp-content\/uploads\/2024\/03\/2018-848-Production-rules-marketing-PPM-art-13.pdf\">Dispositions sp\u00e9cifiques pour la commercialisation des mat\u00e9riels de reproduction des plantes de mat\u00e9riel h\u00e9t\u00e9rog\u00e8ne biologique (art. 13)<\/a><\/li>\n\n\n\n<li><a href=\"https:\/\/srs-certification.com\/wp-content\/uploads\/2024\/03\/2018-848-Production-rules-others-art-21.pdf\">R\u00e8gles de production pour les produits ne relevant pas des cat\u00e9gories de produits vis\u00e9es aux articles 12 \u00e0 19 (art. 21)<\/a><\/li>\n\n\n\n<li><a href=\"https:\/\/srs-certification.com\/wp-content\/uploads\/2024\/05\/2018-848-Labelling-tr.pdf\">\u00c9tiquetage (chapitre IV)<\/a><\/li>\n\n\n\n<li><a href=\"https:\/\/srs-certification.com\/wp-content\/uploads\/2024\/03\/2018-848-Group-of-operators.pdf\">Groupe d'op\u00e9rateurs (art. 36)<\/a><\/li>\n<\/ul>\n\n\n\n<p><\/p>\n\n\n\n<h5 class=\"wp-block-heading has-text-align-center\"><strong>2. Autres documents<\/strong><\/h5>\n\n\n\n<p><\/p>\n\n\n\n<ul class=\"wp-block-list\">\n<li><a href=\"https:\/\/srs-certification.com\/wp-content\/uploads\/2025\/06\/ORG-N-Ti2-Steps-for-Organic-Certification-2025-06-03.pdf\">Mesures de contr\u00f4le - ORG-N-Ti2 Etapes de la certification biologique (document SRS)<\/a><\/li>\n<\/ul>\n\n\n\n<p><\/p>\n\n\n\n<p class=\"has-text-align-center\"><strong>Des traductions dans d'autres langues peuvent \u00eatre demand\u00e9es \u00e0 notre bureau.<\/strong><\/p>\n\n\n\n<p><\/p>","protected":false},"excerpt":{"rendered":"<p>Relevant Legislation for Certification of Operators in Compliance with Regulation (EU) 2018\/848: Translations into other languages may be requested from our office. L\u00e9gislation pertinente pour la certification d\u2019op\u00e9rateurs conform\u00e9ment au r\u00e8glement (UE) 2018\/848 Relevant Documents for Certification of Operators in Compliance with Regulation (EU) 2018\/848 \u2013 Chinese Translations 1. Extracts of Relevant Legislation Note: Provided \u2026<\/p>\n<p class=\"read-more\"> <a class=\"\" href=\"https:\/\/srs-certification.com\/fr\/accreditations\/legisorg\/\"> <span class=\"screen-reader-text\">L\u00e9gislation pour les op\u00e9rateurs biologiques<\/span> Lire la suite \"<\/a><\/p>","protected":false},"author":2,"featured_media":0,"parent":53,"menu_order":2,"comment_status":"closed","ping_status":"closed","template":"","meta":{"inline_featured_image":false,"site-sidebar-layout":"default","site-content-layout":"default","ast-global-header-display":"","ast-main-header-display":"","ast-hfb-above-header-display":"","ast-hfb-below-header-display":"","ast-hfb-mobile-header-display":"","site-post-title":"","ast-breadcrumbs-content":"","ast-featured-img":"","footer-sml-layout":"","theme-transparent-header-meta":"","adv-header-id-meta":"","stick-header-meta":"","header-above-stick-meta":"","header-main-stick-meta":"","header-below-stick-meta":"","footnotes":""},"class_list":["post-4375","page","type-page","status-publish","hentry"],"_links":{"self":[{"href":"https:\/\/srs-certification.com\/fr\/wp-json\/wp\/v2\/pages\/4375","targetHints":{"allow":["GET"]}}],"collection":[{"href":"https:\/\/srs-certification.com\/fr\/wp-json\/wp\/v2\/pages"}],"about":[{"href":"https:\/\/srs-certification.com\/fr\/wp-json\/wp\/v2\/types\/page"}],"author":[{"embeddable":true,"href":"https:\/\/srs-certification.com\/fr\/wp-json\/wp\/v2\/users\/2"}],"replies":[{"embeddable":true,"href":"https:\/\/srs-certification.com\/fr\/wp-json\/wp\/v2\/comments?post=4375"}],"version-history":[{"count":9,"href":"https:\/\/srs-certification.com\/fr\/wp-json\/wp\/v2\/pages\/4375\/revisions"}],"predecessor-version":[{"id":4754,"href":"https:\/\/srs-certification.com\/fr\/wp-json\/wp\/v2\/pages\/4375\/revisions\/4754"}],"up":[{"embeddable":true,"href":"https:\/\/srs-certification.com\/fr\/wp-json\/wp\/v2\/pages\/53"}],"wp:attachment":[{"href":"https:\/\/srs-certification.com\/fr\/wp-json\/wp\/v2\/media?parent=4375"}],"curies":[{"name":"wp","href":"https:\/\/api.w.org\/{rel}","templated":true}]}}