{"id":44,"date":"2018-03-05T10:41:41","date_gmt":"2018-03-05T09:41:41","guid":{"rendered":"http:\/\/srs-certification.de\/?page_id=44"},"modified":"2026-03-25T14:30:05","modified_gmt":"2026-03-25T13:30:05","slug":"frais-de-certification","status":"publish","type":"page","link":"https:\/\/srs-certification.com\/fr\/certserv\/frais-de-certification\/","title":{"rendered":"Frais de certification"},"content":{"rendered":"<p class=\"has-ast-global-color-8-color has-text-color\">Les op\u00e9rateurs souhaitant \u00eatre certifi\u00e9s doivent d'abord remplir <a href=\"https:\/\/srs-certification.com\/fr\/doclink\/\" target=\"_blank\" rel=\"noreferrer noopener\"><span style=\"color: #808080;\"><u><span class=\"has-inline-color has-black-color\">demande de certification<\/span><\/u><\/span><\/a>. Une fois ces documents examin\u00e9s par SRS, le client recevra un retour d'information et une offre comprenant une liste des frais applicables.<\/p>\n\n\n\n<p class=\"has-ast-global-color-8-color has-text-color translation-block\">Nos frais sont bas\u00e9s sur le co\u00fbt de nos services, tels que:<\/p>\n\n\n\n<ul class=\"wp-block-list has-ast-global-color-8-color has-text-color\">\n<li>Service aux demandeurs, y compris l'examen de la description du projet biologique (OPD) ;<\/li>\n\n\n\n<li>L'inspection, y compris l'inspection suppl\u00e9mentaire inopin\u00e9e;<\/li>\n\n\n\n<li>La prise de d\u00e9cision;<\/li>\n\n\n\n<li>La certification, y compris la d\u00e9livrance de certificats;<\/li>\n\n\n\n<li>Services sp\u00e9ciaux, par exemple enqu\u00eates sur les r\u00e9sidus, traitement des plaintes, inspections suppl\u00e9mentaires, d\u00e9livrance de certificats suppl\u00e9mentaires\/modifi\u00e9s, y compris les certificats de transaction, formation des clients.<\/li>\n<\/ul>\n\n\n\n<p class=\"has-ast-global-color-8-color has-text-color\">En plus des frais de service \u00e9num\u00e9r\u00e9s ci-dessus, l'op\u00e9rateur est tenu de couvrir les co\u00fbts r\u00e9els de:<\/p>\n\n\n\n<ul class=\"wp-block-list has-ast-global-color-8-color has-text-color\">\n<li>Les d\u00e9placements des inspecteurs, y compris les repas et l'h\u00e9bergement;<\/li>\n\n\n\n<li>Frais \u00e9ventuels des propri\u00e9taires standard.<\/li>\n<\/ul>\n\n\n\n<p><\/p>\n\n\n\n<p class=\"has-ast-global-color-8-color has-text-color\">En signant le contrat, l'op\u00e9rateur accepte l'offre et recevra une facture pour le total des co\u00fbts estim\u00e9s. Ces frais doivent \u00eatre pay\u00e9s en totalit\u00e9 dans les 14 jours suivant la r\u00e9ception.<\/p>\n\n\n\n<p class=\"has-ast-global-color-8-color has-text-color\">Si l'examen de l'OPD ou du document d'enregistrement r\u00e9v\u00e8le que l'op\u00e9ration ne peut \u00eatre certifi\u00e9e telle que pr\u00e9sent\u00e9e, et qu'aucune inspection ne peut \u00eatre attribu\u00e9e, SRS remboursera le montant pay\u00e9, \u00e0 l'exception des frais de demande et d'examen de l'OPD \/ de l\u2019application.<\/p>\n\n\n\n<p class=\"has-ast-global-color-8-color has-text-color\">Pour les inspections et les tests suppl\u00e9mentaires, l\u2019op\u00e9rateur recevra un avis avec une estimation des co\u00fbts et la facture qui devra \u00eatre r\u00e9gl\u00e9e dans un d\u00e9lai de 4 semaines. Les inspections suppl\u00e9mentaires qui font suite \u00e0 des non-conformit\u00e9s majeures, des plaintes ou des enqu\u00eates sont factur\u00e9es avant l'inspection suppl\u00e9mentaire et doivent \u00eatre pay\u00e9es en une seule fois.<\/p>\n\n\n\n<p class=\"has-ast-global-color-8-color has-text-color\">Les inspections suppl\u00e9mentaires inopin\u00e9es choisies au hasard sont gratuites.<\/p>\n\n\n\n<p class=\"has-ast-global-color-8-color has-text-color\">Si les redevances sont modifi\u00e9es ou si des changements interviennent du c\u00f4t\u00e9 de l'op\u00e9rateur, une estimation des co\u00fbts pour le renouvellement annuel de la certification sera envoy\u00e9e \u00e0 l'op\u00e9rateur. Si aucune modification des redevances n'intervient, des ordres de paiement seront envoy\u00e9s. Les d\u00e9lais de paiement seront indiqu\u00e9s et appliqu\u00e9s.<\/p>","protected":false},"excerpt":{"rendered":"<p>Operators wishing to be certified must first complete an application for certification. Once these have been reviewed by SRS, the client will receive feedback and the offer including a list of applicable fees. Our fees are based on the cost of our services, such as: In addition to the above listed service fees, the operator &hellip;<\/p>\n<p class=\"read-more\"> <a class=\"\" href=\"https:\/\/srs-certification.com\/fr\/certserv\/frais-de-certification\/\"> <span class=\"screen-reader-text\">Frais de certification<\/span> Lire la suite \"<\/a><\/p>","protected":false},"author":2,"featured_media":0,"parent":37,"menu_order":6,"comment_status":"closed","ping_status":"closed","template":"","meta":{"inline_featured_image":false,"site-sidebar-layout":"default","site-content-layout":"default","ast-global-header-display":"","ast-main-header-display":"","ast-hfb-above-header-display":"","ast-hfb-below-header-display":"","ast-hfb-mobile-header-display":"","site-post-title":"disabled","ast-breadcrumbs-content":"","ast-featured-img":"","footer-sml-layout":"","theme-transparent-header-meta":"","adv-header-id-meta":"","stick-header-meta":"","header-above-stick-meta":"","header-main-stick-meta":"","header-below-stick-meta":"","footnotes":""},"class_list":["post-44","page","type-page","status-publish","hentry"],"_links":{"self":[{"href":"https:\/\/srs-certification.com\/fr\/wp-json\/wp\/v2\/pages\/44","targetHints":{"allow":["GET"]}}],"collection":[{"href":"https:\/\/srs-certification.com\/fr\/wp-json\/wp\/v2\/pages"}],"about":[{"href":"https:\/\/srs-certification.com\/fr\/wp-json\/wp\/v2\/types\/page"}],"author":[{"embeddable":true,"href":"https:\/\/srs-certification.com\/fr\/wp-json\/wp\/v2\/users\/2"}],"replies":[{"embeddable":true,"href":"https:\/\/srs-certification.com\/fr\/wp-json\/wp\/v2\/comments?post=44"}],"version-history":[{"count":7,"href":"https:\/\/srs-certification.com\/fr\/wp-json\/wp\/v2\/pages\/44\/revisions"}],"predecessor-version":[{"id":4906,"href":"https:\/\/srs-certification.com\/fr\/wp-json\/wp\/v2\/pages\/44\/revisions\/4906"}],"up":[{"embeddable":true,"href":"https:\/\/srs-certification.com\/fr\/wp-json\/wp\/v2\/pages\/37"}],"wp:attachment":[{"href":"https:\/\/srs-certification.com\/fr\/wp-json\/wp\/v2\/media?parent=44"}],"curies":[{"name":"wp","href":"https:\/\/api.w.org\/{rel}","templated":true}]}}