{"id":46,"date":"2018-03-05T10:42:00","date_gmt":"2018-03-05T09:42:00","guid":{"rendered":"http:\/\/srs-certification.de\/?page_id=46"},"modified":"2026-03-25T14:30:43","modified_gmt":"2026-03-25T13:30:43","slug":"droits-et-devoirs","status":"publish","type":"page","link":"https:\/\/srs-certification.com\/fr\/certserv\/droits-et-devoirs\/","title":{"rendered":"Droits et devoirs"},"content":{"rendered":"<p class=\"has-ast-global-color-8-color has-text-color\">Une fois le contrat de certification sign\u00e9, les parties (l'op\u00e9rateur et SRS) ont les droits et devoirs suivants:<\/p>\n\n\n\n<p class=\"has-ast-global-color-8-color has-text-color\"><strong>Les devoirs de SRS comprennent:<\/strong><\/p>\n\n\n\n<ul class=\"wp-block-list has-ast-global-color-8-color has-text-color\">\n<li>V\u00e9rifier la conformit\u00e9 de l'op\u00e9rateur aux normes choisies;<\/li>\n\n\n\n<li>Le faire en effectuant des inspections annuelles et, sur demande, des inspections suppl\u00e9mentaires;<\/li>\n\n\n\n<li>Recruter des inspecteurs comp\u00e9tents et fiables;<\/li>\n\n\n\n<li>R\u00e9pondre aux plaintes, et<\/li>\n\n\n\n<li>Publier et informer l'op\u00e9rateur de tous les changements de normes.<\/li>\n<\/ul>\n\n\n\n<p><\/p>\n\n\n\n<p class=\"has-ast-global-color-8-color has-text-color\"><strong>Les devoirs de l'op\u00e9rateur comprennent:<\/strong><\/p>\n\n\n\n<ul class=\"wp-block-list has-ast-global-color-8-color has-text-color\">\n<li>Travailler en conformit\u00e9 avec les normes choisies;<\/li>\n\n\n\n<li>\u00c9tablir une description des op\u00e9rations et fournir des informations suppl\u00e9mentaires \u00e0 SRS;<\/li>\n\n\n\n<li>Permettre la r\u00e9alisation d'inspections;<\/li>\n\n\n\n<li>Permettre aux inspecteurs d'acc\u00e9der \u00e0 tous les lieux et \u00e0 toutes les personnes impliqu\u00e9es dans l'op\u00e9ration \u00e0 tout moment, ainsi que de pr\u00e9senter les documents requis \u00e0 l'inspecteur;<\/li>\n\n\n\n<li>Informer SRS de tout changement dans l'op\u00e9ration;<\/li>\n\n\n\n<li>En cas de plaintes ou de constatations de non-conformit\u00e9, coop\u00e9rer pour les r\u00e9soudre.<\/li>\n<\/ul>\n\n\n\n<p><\/p>\n\n\n\n<p class=\"has-ast-global-color-8-color has-text-color\">Les deux parties ont le droit de mettre fin au contrat si l'une d'entre elles ne remplit pas ses obligations.<\/p>\n\n\n\n<p class=\"has-ast-global-color-8-color has-text-color\"><\/p>\n\n\n\n<p class=\"has-ast-global-color-8-color has-text-color\">De plus amples d\u00e9tails concernant les droits et les devoirs sont contenus dans le\u00a0<span class=\"has-inline-color has-black-color\"><a href=\"https:\/\/srs-certification.com\/fr\/doclink\/\" target=\"_blank\" rel=\"noreferrer noopener\">Contrat de certification SRS<\/a>, disponible sur demande. Veuillez envoyer un courriel \u00e0:\u00a0<a href=\"mailto:info@srs-certification.com\">info@srscert-global.com<\/a><\/span><\/p>\n\n\n\n<p><\/p>","protected":false},"excerpt":{"rendered":"<p>Une fois le contrat de certification sign\u00e9, les parties (l'op\u00e9rateur et le SRS) ont les droits et devoirs suivants : Les devoirs du SRS comprennent : Les devoirs de l'op\u00e9rateur comprennent : Les deux parties ont le droit de r\u00e9silier le contrat, si l'une d'elles n'ex\u00e9cute pas ses obligations. De plus amples d\u00e9tails concernant les droits et devoirs sont contenus dans le Contrat de Certification SRS, disponible sur demande...<\/p>\n<p class=\"read-more\"> <a class=\"\" href=\"https:\/\/srs-certification.com\/fr\/certserv\/droits-et-devoirs\/\"> <span class=\"screen-reader-text\">Droits et devoirs<\/span> Lire la suite \"<\/a><\/p>","protected":false},"author":2,"featured_media":0,"parent":37,"menu_order":7,"comment_status":"closed","ping_status":"closed","template":"","meta":{"inline_featured_image":false,"site-sidebar-layout":"default","site-content-layout":"default","ast-global-header-display":"","ast-main-header-display":"","ast-hfb-above-header-display":"","ast-hfb-below-header-display":"","ast-hfb-mobile-header-display":"","site-post-title":"disabled","ast-breadcrumbs-content":"","ast-featured-img":"","footer-sml-layout":"","theme-transparent-header-meta":"","adv-header-id-meta":"","stick-header-meta":"","header-above-stick-meta":"","header-main-stick-meta":"","header-below-stick-meta":"","footnotes":""},"class_list":["post-46","page","type-page","status-publish","hentry"],"_links":{"self":[{"href":"https:\/\/srs-certification.com\/fr\/wp-json\/wp\/v2\/pages\/46","targetHints":{"allow":["GET"]}}],"collection":[{"href":"https:\/\/srs-certification.com\/fr\/wp-json\/wp\/v2\/pages"}],"about":[{"href":"https:\/\/srs-certification.com\/fr\/wp-json\/wp\/v2\/types\/page"}],"author":[{"embeddable":true,"href":"https:\/\/srs-certification.com\/fr\/wp-json\/wp\/v2\/users\/2"}],"replies":[{"embeddable":true,"href":"https:\/\/srs-certification.com\/fr\/wp-json\/wp\/v2\/comments?post=46"}],"version-history":[{"count":6,"href":"https:\/\/srs-certification.com\/fr\/wp-json\/wp\/v2\/pages\/46\/revisions"}],"predecessor-version":[{"id":4907,"href":"https:\/\/srs-certification.com\/fr\/wp-json\/wp\/v2\/pages\/46\/revisions\/4907"}],"up":[{"embeddable":true,"href":"https:\/\/srs-certification.com\/fr\/wp-json\/wp\/v2\/pages\/37"}],"wp:attachment":[{"href":"https:\/\/srs-certification.com\/fr\/wp-json\/wp\/v2\/media?parent=46"}],"curies":[{"name":"wp","href":"https:\/\/api.w.org\/{rel}","templated":true}]}}