{"id":59,"date":"2019-02-01T10:47:15","date_gmt":"2019-02-01T09:47:15","guid":{"rendered":"http:\/\/srs-certification.de\/?page_id=59"},"modified":"2026-04-13T14:31:37","modified_gmt":"2026-04-13T12:31:37","slug":"doclink","status":"publish","type":"page","link":"https:\/\/srs-certification.com\/fr\/doclink\/","title":{"rendered":"Documents et liens"},"content":{"rendered":"<p>Vous trouverez ci-dessous des liens vers nos documents, vers des informations techniques sur la production biologique et des liens vers diff\u00e9rentes normes.<\/p>\n\n\n\n<p>En cas de questions, veuillez envoyer un email \u00e0 : info@srscert-global.com<\/p>\n\n\n\n<p><strong>Certification biologique<\/strong><\/p>\n\n\n\n<ul class=\"wp-block-list\">\n<li><strong>Anglais:<\/strong>\n\n\n\n\n\n\n\n\n\n\n\n\n\n\n\n\n\n\n\n\n\n\n\n\n\n\n\n\n\n\n\n\n\n\n\n\n\n\n\n\n\n\n\n\n\n\n\n\n\n\n\n\n\n\n\n\n\n\n\n\n\n\n\n\n\n\n\n\n\n\n\n\n\n\n\n\n\n\n\n\n\n\n\n\n\n\n\n\n\n\n\n\n\n\n\n\n\n\n\n\n\n\n\n\n\n\n\n\n\n\n<ul class=\"wp-block-list\">\n<li><a href=\"https:\/\/srs-certification.com\/wp-content\/uploads\/2024\/03\/S6-Con1-Certification-Contract-2024-03-18.docx\" target=\"_blank\" rel=\"noreferrer noopener\">Contrat de certification - en<\/a><\/li>\n\n\n\n<li><a href=\"https:\/\/srs-certification.com\/wp-content\/uploads\/2025\/02\/S6-Pol2-Certification-Fee-Regulation-2025-02-17.pdf\" target=\"_blank\" rel=\"noreferrer noopener\">R\u00e8glement sur les frais de certification - en<\/a><\/li>\n\n\n\n<li><a href=\"https:\/\/srs-certification.com\/wp-content\/uploads\/2024\/03\/ORG-F1-Application-2024-03-18.xlsx\" target=\"_blank\" rel=\"noreferrer noopener\">Formulaire de demande d'aide \u00e0 l'agriculture biologique - fr<\/a><\/li>\n\n\n\n<li><a href=\"https:\/\/srs-certification.com\/wp-content\/uploads\/2026\/04\/S7-F1-Complaint-and-Appeal-Form-2019-03-20.docx\" target=\"_blank\" rel=\"noreferrer noopener\">Formulaire de plaintes et d'appels - en<\/a><\/li>\n\n\n\n<li><a href=\"https:\/\/srs-certification.com\/wp-content\/uploads\/2024\/05\/ORG-F1.7-Conventional-Seed-Planting-Material-Application-2024-05-23.docx\" target=\"_blank\" rel=\"noreferrer noopener\">Application de semences conventionnelles et de mat\u00e9riel de plantation - fr<\/a><\/li>\n\n\n\n<li><a href=\"https:\/\/srs-certification.com\/wp-content\/uploads\/2021\/10\/SOP-1-Use-of-Certificates-and-Marks-2021-01-12.pdf\" target=\"_blank\" rel=\"noreferrer noopener\">Utilisation des certificats et des marques d\u2019SRS - en<\/a><\/li>\n\n\n\n<li><a href=\"https:\/\/srs-certification.com\/wp-content\/uploads\/2026\/04\/ORG-F1.4-Request-for-Recognition-of-Land-Management-2026-03-30.docx\">Demande de reconnaissance de la gestion fonci\u00e8re<\/a><\/li>\n<\/ul>\n<\/li>\n<\/ul>\n\n\n\n<ul class=\"wp-block-list\">\n<li><strong>Chinois :<\/strong>\n\n\n\n\n\n\n\n\n\n\n\n\n\n\n\n\n\n\n\n\n\n\n\n\n\n\n\n\n\n\n\n\n\n\n\n\n\n\n\n\n\n\n\n\n\n\n\n\n\n\n\n\n\n\n\n\n\n\n\n\n\n\n\n\n\n\n\n\n\n\n\n\n\n\n\n\n\n\n\n\n\n\n\n\n\n\n\n\n\n\n\n\n\n\n\n\n\n\n\n\n\n\n\n\n\n\n\n\n\n\n\n\n\n\n<ul class=\"wp-block-list\">\n<li><a href=\"https:\/\/srs-certification.com\/wp-content\/uploads\/2024\/03\/S6-Con1-Certification-Contract-\u8ba4\u8bc1\u5408\u540c-2024-03-18z.docx\" target=\"_blank\" rel=\"noreferrer noopener\">Contrat de certification - cn<\/a><\/li>\n\n\n\n<li><a href=\"https:\/\/srs-certification.com\/wp-content\/uploads\/2025\/03\/S6-Pol2-Certification-Fee-Regulation-2025-02-17z.pdf\" target=\"_blank\" rel=\"noreferrer noopener\">R\u00e8glement sur les frais de certification - cn<\/a><\/li>\n\n\n\n<li><a href=\"https:\/\/srs-certification.com\/wp-content\/uploads\/2024\/04\/ORG-F1-Application-\u7533\u8bf7\u8868-2024-03-18z.xlsx\" target=\"_blank\" rel=\"noreferrer noopener\">Formulaire de demande - cn<\/a><\/li>\n<\/ul>\n\n\n\n<ul class=\"wp-block-list\">\n<li><a rel=\"noreferrer noopener\" href=\"https:\/\/srs-certification.com\/wp-content\/uploads\/2019\/10\/S7-F1-Complaint-and-Appeal-Form-%E6%8A%95%E8%AF%89%E5%92%8C%E7%94%B3%E8%AF%89%E8%A1%A8-2019-03-20z.docx\" target=\"_blank\">Formulaire de plaintes et d'appels - cn<\/a><\/li>\n\n\n\n<li><a href=\"https:\/\/srs-certification.com\/wp-content\/uploads\/2024\/06\/ORG-F1.7-Conventional-Seed-Planting-Material-Application-\u5e38\u89c4\u79cd\u5b50\u7533\u8bf7-2024-05-23z.docx\" target=\"_blank\" rel=\"noreferrer noopener\">Demande de semences et de mat\u00e9riel v\u00e9g\u00e9tal conventionnel - cn<\/a><\/li>\n<\/ul>\n<\/li>\n\n\n\n<li><strong>Fran\u00e7ais :<\/strong>\n<ul class=\"wp-block-list\">\n<li><a href=\"https:\/\/srs-certification.com\/wp-content\/uploads\/2024\/03\/S6-Con1-Certification-Contract-2024-03-18fr.docx\">Contrat de certification - fr<\/a><\/li>\n\n\n\n<li><a href=\"https:\/\/srs-certification.com\/wp-content\/uploads\/2025\/02\/S6-Pol2-Certification-Fee-Regulation-2025-02-17fr.pdf\">R\u00e8glement sur les frais de certification - fr<\/a><\/li>\n\n\n\n<li><a href=\"https:\/\/srs-certification.com\/wp-content\/uploads\/2024\/03\/ORG-F1-Application-2024-03-18fr.xlsx\" target=\"_blank\" rel=\"noreferrer noopener\">Formulaire de demande - fr<\/a><\/li>\n\n\n\n<li><a href=\"https:\/\/srs-certification.com\/wp-content\/uploads\/2024\/06\/ORG-F1.7-Conventional-Seed-Planting-Material-Application-2024-05-23fr.docx\" target=\"_blank\" rel=\"noreferrer noopener\">Application de semences conventionnelles et de mat\u00e9riel de plantation - fr<\/a><\/li>\n<\/ul>\n<\/li>\n<\/ul>\n\n\n\n<p class=\"has-black-color has-text-color\"><strong>Normes et r\u00e8glements<\/strong><\/p>\n\n\n\n<ul class=\"wp-block-list\">\n<li><a href=\"https:\/\/srs-certification.com\/wp-content\/uploads\/2024\/03\/Website-legislation-EN-20231129.pdf\" target=\"_blank\" rel=\"noreferrer noopener\">R\u00e8glement (UE) 2018\/848 relatif \u00e0 la production biologique - fr<\/a><\/li>\n\n\n\n<li><a href=\"https:\/\/srs-certification.com\/wp-content\/uploads\/2024\/03\/Website-legislation-FR-20231129.pdf\" target=\"_blank\" rel=\"noreferrer noopener\">R\u00e8glement (UE) 2018\/848 relatif \u00e0 la production biologique - fr<\/a><\/li>\n\n\n\n<li class=\"#EURegulation2018\/848onorganicproduction-cn\">R\u00e8glement (UE) 2018\/848 relatif \u00e0 la production biologique - <strong>cn<\/strong> - Vous pouvez trouver entre autres sur la page web \"Accr\u00e9ditations \/ L\u00e9gislation pour les op\u00e9rateurs biologiques\"<\/li>\n\n\n\n<li class=\"#EURegulation2018\/848onorganicproduction-cn\">R\u00e8glement (UE) 2018\/848 relatif \u00e0 la production biologique - <strong>tr <\/strong>- Vous pouvez trouver entre autres sur la page web \"Accr\u00e9ditations \/ L\u00e9gislation pour les op\u00e9rateurs biologiques\"<\/li>\n\n\n\n<li><a href=\"https:\/\/www.maff.go.jp\/e\/policies\/standard\/specific\/organic_JAS.html\">JAS <\/a><a rel=\"noreferrer noopener\" href=\"https:\/\/www.maff.go.jp\/e\/policies\/standard\/specific\/organic_JAS.html\" target=\"_blank\">Biologique<\/a><\/li>\n\n\n\n<li><a href=\"https:\/\/www.ecfr.gov\/current\/title-7\/subtitle-B\/chapter-I\/subchapter-M\/part-205?toc=1\" target=\"_blank\" rel=\"noreferrer noopener\">NOP\/USDA Organic<\/a><\/li>\n\n\n\n<li><a rel=\"noreferrer noopener\" href=\"https:\/\/organic.ams.usda.gov\/Integrity\/Default.aspx\" target=\"_blank\">Base de donn\u00e9es de l'USDA sur l'int\u00e9grit\u00e9 biologique (OID)<\/a> <\/li>\n<\/ul>","protected":false},"excerpt":{"rendered":"<p>Below you find links to our documents, to technical information about organic production and links to different standards. In case of questions please send an email to: info@srscert-global.com Organic Certification Standards &amp; Regulations<\/p>","protected":false},"author":1,"featured_media":0,"parent":0,"menu_order":6,"comment_status":"closed","ping_status":"closed","template":"","meta":{"inline_featured_image":false,"site-sidebar-layout":"default","site-content-layout":"default","ast-global-header-display":"","ast-main-header-display":"","ast-hfb-above-header-display":"","ast-hfb-below-header-display":"","ast-hfb-mobile-header-display":"","site-post-title":"","ast-breadcrumbs-content":"","ast-featured-img":"","footer-sml-layout":"","theme-transparent-header-meta":"","adv-header-id-meta":"","stick-header-meta":"","header-above-stick-meta":"","header-main-stick-meta":"","header-below-stick-meta":"","footnotes":""},"class_list":["post-59","page","type-page","status-publish","hentry"],"_links":{"self":[{"href":"https:\/\/srs-certification.com\/fr\/wp-json\/wp\/v2\/pages\/59","targetHints":{"allow":["GET"]}}],"collection":[{"href":"https:\/\/srs-certification.com\/fr\/wp-json\/wp\/v2\/pages"}],"about":[{"href":"https:\/\/srs-certification.com\/fr\/wp-json\/wp\/v2\/types\/page"}],"author":[{"embeddable":true,"href":"https:\/\/srs-certification.com\/fr\/wp-json\/wp\/v2\/users\/1"}],"replies":[{"embeddable":true,"href":"https:\/\/srs-certification.com\/fr\/wp-json\/wp\/v2\/comments?post=59"}],"version-history":[{"count":19,"href":"https:\/\/srs-certification.com\/fr\/wp-json\/wp\/v2\/pages\/59\/revisions"}],"predecessor-version":[{"id":4922,"href":"https:\/\/srs-certification.com\/fr\/wp-json\/wp\/v2\/pages\/59\/revisions\/4922"}],"wp:attachment":[{"href":"https:\/\/srs-certification.com\/fr\/wp-json\/wp\/v2\/media?parent=59"}],"curies":[{"name":"wp","href":"https:\/\/api.w.org\/{rel}","templated":true}]}}