{"id":62,"date":"2019-02-05T00:00:27","date_gmt":"2019-02-04T23:00:27","guid":{"rendered":"http:\/\/srs-certification.de\/?page_id=62"},"modified":"2024-11-07T10:07:12","modified_gmt":"2024-11-07T09:07:12","slug":"cooperative","status":"publish","type":"page","link":"https:\/\/srs-certification.com\/fr\/a-propos-de-srs\/cooperative\/","title":{"rendered":"Coop\u00e9rations"},"content":{"rendered":"<p>SRS a mis en place un certain nombre de coop\u00e9rations afin de s'entraider et de mieux servir ses clients:<\/p>\n\n\n\n<h4 class=\"wp-block-heading has-text-align-center\">&nbsp;&nbsp;<strong>SRS (Shanghai) Certification Co. Ltd<\/strong><\/h4>\n\n\n\n<p><img loading=\"lazy\" decoding=\"async\" width=\"307\" height=\"80\" class=\"wp-image-1975 alignleft\" src=\"https:\/\/srs-certification.com\/wp-content\/uploads\/2020\/02\/srs_certification_ltd_logo.png\" alt=\"\" srcset=\"https:\/\/srs-certification.com\/wp-content\/uploads\/2020\/02\/srs_certification_ltd_logo.png 2421w, https:\/\/srs-certification.com\/wp-content\/uploads\/2020\/02\/srs_certification_ltd_logo-300x78.png 300w, https:\/\/srs-certification.com\/wp-content\/uploads\/2020\/02\/srs_certification_ltd_logo-1024x267.png 1024w, https:\/\/srs-certification.com\/wp-content\/uploads\/2020\/02\/srs_certification_ltd_logo-150x39.png 150w, https:\/\/srs-certification.com\/wp-content\/uploads\/2020\/02\/srs_certification_ltd_logo-768x200.png 768w, https:\/\/srs-certification.com\/wp-content\/uploads\/2020\/02\/srs_certification_ltd_logo-1536x401.png 1536w, https:\/\/srs-certification.com\/wp-content\/uploads\/2020\/02\/srs_certification_ltd_logo-2048x535.png 2048w, https:\/\/srs-certification.com\/wp-content\/uploads\/2020\/02\/srs_certification_ltd_logo-604x158.png 604w\" sizes=\"auto, (max-width: 307px) 100vw, 307px\" \/>La soci\u00e9t\u00e9 s\u0153ur de SRS Certification GmbH est situ\u00e9e \u00e0 Shanghai, avec l'approbation des autorit\u00e9s gouvernementales pour la coop\u00e9ration avec les organismes de certification internationaux. Elle est en outre accr\u00e9dit\u00e9e pour la certification selon la norme biologique chinoise GB\/T 19630-2019. Les produits biologiques provenant de l'\u00e9tranger et import\u00e9s en Chine doivent \u00eatre certifi\u00e9s selon cette norme. Veuillez consulter le site web de&nbsp;<a rel=\"noreferrer noopener\" href=\"http:\/\/srs-cert.com\/\" data-type=\"URL\" data-id=\"http:\/\/srs-cert.com\/\" target=\"_blank\">SRS Shanghai<\/a> \u4e0a\u6d77\u65f6\u8fce\u8ba4\u8bc1\u670d\u52a1\u6709\u9650\u516c\u53f8. <\/p>\n\n\n\n<p>SRS Shanghai sert de base aux inspecteurs de SRS Certification GmbH, qui sont stationn\u00e9s dans plusieurs r\u00e9gions de Chine et nous aident \u00e0 mener des inspections flexibles et efficaces.<\/p>\n\n\n\n<h4 class=\"wp-block-heading has-text-align-center\"><strong>Conseil europ\u00e9en des certificateurs biologiques (EOCC)<\/strong><\/h4>\n\n\n\n<p><img loading=\"lazy\" decoding=\"async\" width=\"150\" height=\"41\" class=\"wp-image-2409\" style=\"width: 150px;\" src=\"https:\/\/srs-certification.com\/wp-content\/uploads\/2020\/11\/Logo-EOCC-pixels-100x60-1.jpg\" alt=\"\" srcset=\"https:\/\/srs-certification.com\/wp-content\/uploads\/2020\/11\/Logo-EOCC-pixels-100x60-1.jpg 655w, https:\/\/srs-certification.com\/wp-content\/uploads\/2020\/11\/Logo-EOCC-pixels-100x60-1-300x83.jpg 300w, https:\/\/srs-certification.com\/wp-content\/uploads\/2020\/11\/Logo-EOCC-pixels-100x60-1-150x41.jpg 150w, https:\/\/srs-certification.com\/wp-content\/uploads\/2020\/11\/Logo-EOCC-pixels-100x60-1-604x167.jpg 604w\" sizes=\"auto, (max-width: 150px) 100vw, 150px\" \/> SRS est membre de l'European Organic Certifiers Council (<a rel=\"noreferrer noopener\" href=\"http:\/\/www.eocc.nu\" target=\"_blank\">EOCC<\/a>) qui est une association internationale d'organismes de contr\u00f4le et d'autorit\u00e9s visant \u00e0 accro\u00eetre la fiabilit\u00e9 des contr\u00f4les et des activit\u00e9s de certification. Il facilite le flux d'informations et l'\u00e9change d'informations importantes telles que les cas de fraude, les mises \u00e0 jour des r\u00e8glements europ\u00e9ens et l'harmonisation de leur interpr\u00e9tation. L'EOCC est un partenaire pr\u00e9cieux au niveau de l'UE et, en tant que tel, il agit en faveur d'une am\u00e9lioration de la l\u00e9gislation biologique europ\u00e9enne. Le Conseil sert de plateforme pour partager les difficult\u00e9s rencontr\u00e9es dans le travail des organismes de contr\u00f4le et pour d\u00e9velopper des m\u00e9thodes et des outils.<\/p>\n\n\n\n<h4 class=\"wp-block-heading has-text-align-center\"><strong>Association des certificateurs accr\u00e9dit\u00e9s (ACA)<\/strong><\/h4>\n\n\n\n<p><img loading=\"lazy\" decoding=\"async\" width=\"150\" height=\"83\" class=\"wp-image-2408\" style=\"width: 150px;\" src=\"https:\/\/srs-certification.com\/wp-content\/uploads\/2020\/11\/Logo-ACA-horizontal-all-500.jpg\" alt=\"\" srcset=\"https:\/\/srs-certification.com\/wp-content\/uploads\/2020\/11\/Logo-ACA-horizontal-all-500.jpg 501w, https:\/\/srs-certification.com\/wp-content\/uploads\/2020\/11\/Logo-ACA-horizontal-all-500-300x165.jpg 300w, https:\/\/srs-certification.com\/wp-content\/uploads\/2020\/11\/Logo-ACA-horizontal-all-500-150x83.jpg 150w, https:\/\/srs-certification.com\/wp-content\/uploads\/2020\/11\/Logo-ACA-horizontal-all-500-490x270.jpg 490w\" sizes=\"auto, (max-width: 150px) 100vw, 150px\" \/> L'Accredited Certifier Association (<a rel=\"noreferrer noopener\" href=\"http:\/\/www.accreditedcertifiers.org\" target=\"_blank\">ACA<\/a>) est une union d'organismes de certification et d'autres parties int\u00e9ress\u00e9es, tous ayant un int\u00e9r\u00eat pour une mise en \u0153uvre coh\u00e9rente des r\u00e8glements biologiques de l'USDA par la collaboration et la formation des organismes de certification accr\u00e9dit\u00e9s. L'ACA fournit une plateforme de discussion et \u00e9tablit des groupes de travail pour trouver des solutions aux probl\u00e8mes actuels ou des suggestions pour la mise \u00e0 jour des r\u00e8gles du NOP.<\/p>","protected":false},"excerpt":{"rendered":"<p>SRS a mis en place un certain nombre de coop\u00e9rations en vue d'un soutien mutuel et d'un meilleur service \u00e0 nos clients :   SRS (Shanghai) Certification Co., Ltd La soci\u00e9t\u00e9 s\u0153ur de SRS Certification GmbH est situ\u00e9e \u00e0 Shanghai, avec l'approbation des autorit\u00e9s gouvernementales pour la coop\u00e9ration avec les organismes de certification internationaux. La soci\u00e9t\u00e9 est en outre accr\u00e9dit\u00e9e pour la certification selon la l\u00e9gislation chinoise...<\/p>\n<p class=\"read-more\"> <a class=\"\" href=\"https:\/\/srs-certification.com\/fr\/a-propos-de-srs\/cooperative\/\"> <span class=\"screen-reader-text\">Coop\u00e9rations<\/span> Lire la suite \"<\/a><\/p>","protected":false},"author":2,"featured_media":0,"parent":26,"menu_order":4,"comment_status":"closed","ping_status":"closed","template":"","meta":{"inline_featured_image":false,"site-sidebar-layout":"default","site-content-layout":"default","ast-global-header-display":"","ast-main-header-display":"","ast-hfb-above-header-display":"","ast-hfb-below-header-display":"","ast-hfb-mobile-header-display":"","site-post-title":"","ast-breadcrumbs-content":"","ast-featured-img":"","footer-sml-layout":"","theme-transparent-header-meta":"","adv-header-id-meta":"","stick-header-meta":"","header-above-stick-meta":"","header-main-stick-meta":"","header-below-stick-meta":"","footnotes":""},"class_list":["post-62","page","type-page","status-publish","hentry"],"_links":{"self":[{"href":"https:\/\/srs-certification.com\/fr\/wp-json\/wp\/v2\/pages\/62","targetHints":{"allow":["GET"]}}],"collection":[{"href":"https:\/\/srs-certification.com\/fr\/wp-json\/wp\/v2\/pages"}],"about":[{"href":"https:\/\/srs-certification.com\/fr\/wp-json\/wp\/v2\/types\/page"}],"author":[{"embeddable":true,"href":"https:\/\/srs-certification.com\/fr\/wp-json\/wp\/v2\/users\/2"}],"replies":[{"embeddable":true,"href":"https:\/\/srs-certification.com\/fr\/wp-json\/wp\/v2\/comments?post=62"}],"version-history":[{"count":6,"href":"https:\/\/srs-certification.com\/fr\/wp-json\/wp\/v2\/pages\/62\/revisions"}],"predecessor-version":[{"id":4812,"href":"https:\/\/srs-certification.com\/fr\/wp-json\/wp\/v2\/pages\/62\/revisions\/4812"}],"up":[{"embeddable":true,"href":"https:\/\/srs-certification.com\/fr\/wp-json\/wp\/v2\/pages\/26"}],"wp:attachment":[{"href":"https:\/\/srs-certification.com\/fr\/wp-json\/wp\/v2\/media?parent=62"}],"curies":[{"name":"wp","href":"https:\/\/api.w.org\/{rel}","templated":true}]}}