{"id":68,"date":"2018-03-05T10:47:49","date_gmt":"2018-03-05T09:47:49","guid":{"rendered":"http:\/\/srs-certification.de\/?page_id=68"},"modified":"2026-04-13T14:22:38","modified_gmt":"2026-04-13T12:22:38","slug":"liste-des-operations","status":"publish","type":"page","link":"https:\/\/srs-certification.com\/fr\/liste-des-operations\/","title":{"rendered":"Liste des op\u00e9rateurs"},"content":{"rendered":"<p><mark style=\"background-color:rgba(0, 0, 0, 0)\" class=\"has-inline-color has-black-color\">Vous trouverez ici le lien vers les op\u00e9rations EU, JAS et Input contr\u00f4l\u00e9es par SRS. <br>Pour plus d'informations, veuillez envoyer un courriel \u00e0 : info@srscert-global.com<\/mark><\/p>\n\n\n\n<h6 class=\"wp-block-heading has-text-align-center has-normal-font-size\" id=\"Org-SRS\"><strong><span style=\"text-decoration: underline;\"><mark style=\"background-color:rgba(0, 0, 0, 0)\" class=\"has-inline-color has-black-color\">Certifi\u00e9s selon la norme organique SRS<\/mark> <\/span> <span style=\"text-decoration: underline;\"><mark style=\"background-color:rgba(0, 0, 0, 0)\" class=\"has-inline-color has-black-color\">\u00e9quivalente au r\u00e8glement (CE) n\u00b0 834\/2007 et au r\u00e8glement (CE) n\u00b0 899\/2008<\/mark><\/span><\/strong><\/h6>\n\n\n\n<p class=\"has-text-align-center has-black-color has-text-color has-link-color wp-elements-3de57b4853949895a1854ce20f279262\"><strong>Op\u00e9rateurs sous contr\u00f4le conform\u00e9ment au r\u00e8glement (UE) 2018\/848 <a href=\"https:\/\/srs-certification.com\/wp-content\/uploads\/2026\/04\/SRS-Operator-List-20260413.pdf\" target=\"_blank\" rel=\"noreferrer noopener\">liste des op\u00e9rateurs<\/a>.\u00a0<\/strong><\/p>\n\n\n\n<h6 class=\"wp-block-heading has-text-align-center has-normal-font-size\" id=\"Org-SRS\"><strong><a href=\"#Org-JAS\"><mark style=\"background-color:rgba(0, 0, 0, 0)\" class=\"has-inline-color has-black-color\">Certification selon la norme biologique JAS<\/mark><\/a> et <a href=\"#Input-SRS\"><mark style=\"background-color:rgba(0, 0, 0, 0)\" class=\"has-inline-color has-black-color\">Certification des intrants<\/mark><\/a><\/strong><\/h6>\n\n\n\n<p><\/p>","protected":false},"excerpt":{"rendered":"<p>Here you can find the link to EU, JAS and Input operations controlled by SRS. For further information please send an email to: info@srscert-global.com Certified according to SRS Organic Standard equivalent EU Reg. 834\/2007 and 889\/2008 Operators under control in accordance with Regulation (EU) 2018\/848 list of operators.\u00a0 Certification according to Organic JAS and Certification &hellip;<\/p>\n<p class=\"read-more\"> <a class=\"\" href=\"https:\/\/srs-certification.com\/fr\/liste-des-operations\/\"> <span class=\"screen-reader-text\">Liste des op\u00e9rateurs<\/span> Lire la suite \"<\/a><\/p>","protected":false},"author":2,"featured_media":0,"parent":0,"menu_order":5,"comment_status":"closed","ping_status":"closed","template":"","meta":{"inline_featured_image":false,"site-sidebar-layout":"default","site-content-layout":"default","ast-global-header-display":"","ast-main-header-display":"","ast-hfb-above-header-display":"","ast-hfb-below-header-display":"","ast-hfb-mobile-header-display":"","site-post-title":"","ast-breadcrumbs-content":"","ast-featured-img":"","footer-sml-layout":"","theme-transparent-header-meta":"","adv-header-id-meta":"","stick-header-meta":"","header-above-stick-meta":"","header-main-stick-meta":"","header-below-stick-meta":"","footnotes":""},"class_list":["post-68","page","type-page","status-publish","hentry"],"_links":{"self":[{"href":"https:\/\/srs-certification.com\/fr\/wp-json\/wp\/v2\/pages\/68","targetHints":{"allow":["GET"]}}],"collection":[{"href":"https:\/\/srs-certification.com\/fr\/wp-json\/wp\/v2\/pages"}],"about":[{"href":"https:\/\/srs-certification.com\/fr\/wp-json\/wp\/v2\/types\/page"}],"author":[{"embeddable":true,"href":"https:\/\/srs-certification.com\/fr\/wp-json\/wp\/v2\/users\/2"}],"replies":[{"embeddable":true,"href":"https:\/\/srs-certification.com\/fr\/wp-json\/wp\/v2\/comments?post=68"}],"version-history":[{"count":57,"href":"https:\/\/srs-certification.com\/fr\/wp-json\/wp\/v2\/pages\/68\/revisions"}],"predecessor-version":[{"id":4920,"href":"https:\/\/srs-certification.com\/fr\/wp-json\/wp\/v2\/pages\/68\/revisions\/4920"}],"wp:attachment":[{"href":"https:\/\/srs-certification.com\/fr\/wp-json\/wp\/v2\/media?parent=68"}],"curies":[{"name":"wp","href":"https:\/\/api.w.org\/{rel}","templated":true}]}}