{"id":74,"date":"2018-03-05T10:48:27","date_gmt":"2018-03-05T09:48:27","guid":{"rendered":"http:\/\/srs-certification.de\/?page_id=74"},"modified":"2026-03-05T12:11:15","modified_gmt":"2026-03-05T11:11:15","slug":"impression","status":"publish","type":"page","link":"https:\/\/srs-certification.com\/fr\/impression\/","title":{"rendered":"Empreinte"},"content":{"rendered":"<p class=\"has-ast-global-color-8-color has-text-color\">Information selon <em>\u00a7<\/em> 5 TMG <em>Informations conform\u00e9ment \u00e0 l'article 5 de la loi sur les march\u00e9s publics<\/em>:<br>SRS Certification GmbH<br>Friedl\u00e4nder Weg 20 | 37085 G\u00f6ttingen | Allemagne<\/p>\n\n\n\n<p class=\"has-ast-global-color-8-color has-text-color\">Repr\u00e9sent\u00e9 par | <em>Vertreten durch<\/em>:<br>Martina Melapie<\/p>\n\n\n\n<p class=\"has-ast-global-color-8-color has-text-color\">Contact | <em>Contact<\/em>:<br>T. : +49 551 \/ 89 02 45 42<br>E-Mail : <a href=\"mailto:info@srs-certification.com\">info [at] srscert-global.com<\/a><\/p>\n\n\n\n<p class=\"has-ast-global-color-8-color has-text-color\">Tribunal d'enregistrement | <em>Registergericht<\/em>:<br>Amtsgericht G\u00f6ttingen<\/p>\n\n\n\n<p class=\"has-ast-global-color-8-color has-text-color\">Num\u00e9ro d'enregistrement | <em>Num\u00e9ro d'enregistrement<\/em>:<br>HRB 205083<\/p>\n\n\n\n<p class=\"has-ast-global-color-8-color has-text-color\">Num\u00e9ro de TVA intracommunautaire conform\u00e9ment au <em>\u00a7<\/em>27 loi allemande relative \u00e0 la taxe sur le chiffre d'affaires (UstG) | <em>UStr-IdNr gem\u00e4\u00df \u00a727 a Umsatzsteuergesetz<\/em>:<br>DE312563403<\/p>\n\n\n\n<p class=\"has-ast-global-color-8-color has-text-color\">Responsable du contenu conform\u00e9ment au \u00a7 55, <em>\u00a7<\/em>2  du trait\u00e9 d'\u00c9tat sur la radiodiffusion (RStV) | <em>Verantwortlich f\u00fcr den Inhalt nach \u00a7 55 Abs. 2 RStV<\/em>:<br>Martina Melapie | SRS Certification GmbH (voir coordonn\u00e9es ci-dessus) <em>R\u00e9ponse \u00e0 l'\u00e9cran<\/em>)<\/p>\n\n\n\n<p class=\"has-ast-global-color-8-color has-text-color\">Mise en page:<br><a href=\"http:\/\/www.blueprint-online.de\" target=\"_blank\" rel=\"noreferrer noopener\">Blueprint Werbeagentur<\/a> | Basistheme \"Nisarg\" par Falguni<\/p>\n\n\n\n<p class=\"has-ast-global-color-8-color has-text-color\"><strong>Responsabilit\u00e9 pour les contenus<\/strong><\/p>\n\n\n\n<p class=\"has-ast-global-color-8-color has-text-color\">En tant que prestataires de services, nous sommes responsables des propres contenus de ces sites web conform\u00e9ment au \u00a7 7 alin\u00e9a 1 de la loi allemande sur les t\u00e9l\u00e9m\u00e9dias (TMG). Toutefois, conform\u00e9ment aux \u00a7\u00a7 8 \u00e0 10 de la TMG, les fournisseurs de services ne sont pas tenus de surveiller en permanence les informations transmises ou stock\u00e9es, ni de rechercher des preuves d'activit\u00e9s ill\u00e9gales.<\/p>\n\n\n\n<p class=\"has-ast-global-color-8-color has-text-color\">Les obligations l\u00e9gales de supprimer des informations ou de bloquer l'utilisation d'informations ne sont pas couvertes. Dans ce cas, la responsabilit\u00e9 ne peut \u00eatre engag\u00e9e qu'au moment o\u00f9 l'on a connaissance d'une violation sp\u00e9cifique de la loi. Les contenus ill\u00e9gaux seront imm\u00e9diatement supprim\u00e9s d\u00e8s que nous en aurons pris connaissance.<\/p>\n\n\n\n<p class=\"has-ast-global-color-8-color has-text-color\"><strong>Responsabilit\u00e9 pour les liens<\/strong><\/p>\n\n\n\n<p class=\"has-ast-global-color-8-color has-text-color\">Notre offre comprend des liens vers des sites tiers externes. Nous n'avons aucune influence sur le contenu de ces sites et ne pouvons donc pas nous porter garants de leur contenu. Les fournisseurs ou administrateurs des sites li\u00e9s sont toujours responsables de leurs propres contenus.<\/p>\n\n\n\n<p class=\"has-ast-global-color-8-color has-text-color\">Les sites web li\u00e9s ont \u00e9t\u00e9 contr\u00f4l\u00e9s quant \u00e0 d'\u00e9ventuelles violations de la loi au moment de l'\u00e9tablissement du lien. Des contenus ill\u00e9gaux n'ont pas \u00e9t\u00e9 d\u00e9tect\u00e9s au moment de la cr\u00e9ation du lien. Une surveillance permanente du contenu des sites web li\u00e9s ne peut \u00eatre impos\u00e9e sans indications raisonnables qu'il y a eu une violation de la loi. Les liens ill\u00e9gaux seront imm\u00e9diatement supprim\u00e9s d\u00e8s que nous en aurons pris connaissance.<\/p>\n\n\n\n<p class=\"has-ast-global-color-8-color has-text-color\"><strong>Droit d'auteur<\/strong><\/p>\n\n\n\n<p class=\"has-ast-global-color-8-color has-text-color\">Les contenus et compilations publi\u00e9s sur ces sites web par les fournisseurs sont soumis aux lois allemandes sur les droits d'auteur. La reproduction, l'\u00e9dition, la distribution ainsi que l'utilisation de toute nature en dehors du champ d'application de la loi sur les droits d'auteur n\u00e9cessitent une autorisation \u00e9crite de l'auteur ou du cr\u00e9ateur. Les t\u00e9l\u00e9chargements et copies de ces sites web sont autoris\u00e9s uniquement pour un usage priv\u00e9.<\/p>\n\n\n\n<p class=\"has-ast-global-color-8-color has-text-color\">L'utilisation commerciale de nos contenus sans l'autorisation de l'auteur est interdite.<\/p>\n\n\n\n<p class=\"has-ast-global-color-8-color has-text-color\">Les droits d'auteur de tiers sont respect\u00e9s tant que le contenu de ces sites ne provient pas du fournisseur. Les contributions de tiers sur ce site sont indiqu\u00e9es comme telles. Toutefois, si vous constatez des violations du droit d'auteur, veuillez nous en informer. De tels contenus seront imm\u00e9diatement supprim\u00e9s.<\/p>\n\n\n\n<p class=\"has-ast-global-color-8-color has-text-color\"><strong>Frais d'envoi<\/strong><\/p>\n\n\n\n<p class=\"has-ast-global-color-8-color has-text-color\"><em>Als Diensteanbieter sind wir gem\u00e4\u00df \u00a7 7 Abs. 1 TMG pour nos propres contenus sur ces pages, conform\u00e9ment aux dispositions g\u00e9n\u00e9rales. Conform\u00e9ment aux articles 8 \u00e0 10 du TMG, nous ne sommes pas tenus, en tant que destinataires, d'utiliser des informations gratuites, qu'elles aient \u00e9t\u00e9 transmises ou non, ou de les utiliser dans le cadre d'activit\u00e9s qui rel\u00e8vent d'un droit de propri\u00e9t\u00e9 intellectuelle.<\/em><\/p>\n\n\n\n<p class=\"has-ast-global-color-8-color has-text-color\"><em>Les dispositions relatives \u00e0 l'obtention ou \u00e0 l'interruption de l'utilisation d'informations conform\u00e9ment aux dispositions g\u00e9n\u00e9rales ne sont pas prises en compte. Une telle compensation n'est toutefois possible qu'\u00e0 partir du moment o\u00f9 l'on a connaissance d'une violation grave des droits de l'homme. Si vous \u00eates victime d'une violation des droits de l'homme, nous nous r\u00e9servons le droit de modifier ces informations \u00e0 tout moment.<\/em><\/p>\n\n\n\n<p class=\"has-ast-global-color-8-color has-text-color\"><strong>Fonds pour les liens<\/strong><\/p>\n\n\n\n<p class=\"has-ast-global-color-8-color has-text-color\"><em>Notre offre contient des liens vers des sites Web externes, sur lesquels nous n'avons aucune influence. Par cons\u00e9quent, nous ne pouvons pas non plus exiger de r\u00e9mun\u00e9ration pour ces contenus gratuits. Pour les contenus des pages reli\u00e9es, c'est toujours l'auteur ou le propri\u00e9taire de ces pages qui est responsable. Les pages reli\u00e9es par des liens hypertextes ont \u00e9t\u00e9 supprim\u00e9es au moment de la mise en place du lien. Les informations relatives aux droits de l'homme n'ont pas \u00e9t\u00e9 prises en compte au moment de la publication.<\/em><\/p>\n\n\n\n<p class=\"has-ast-global-color-8-color has-text-color\"><em>Un contr\u00f4le permanent et inhal\u00e9 des pages verrouill\u00e9es n'est cependant pas n\u00e9cessaire en l'absence d'effets ind\u00e9sirables d'une action en justice. Si vous \u00eates victime d'une violation des droits de l'homme, nous vous prions de bien vouloir cliquer sur les liens suivants.<\/em><\/p>\n\n\n\n<p class=\"has-ast-global-color-8-color has-text-color\"><strong>Urheberrecht<\/strong><\/p>\n\n\n\n<p class=\"has-ast-global-color-8-color has-text-color\"><em>Les textes et travaux publi\u00e9s sur ces pages par les destinataires de ces pages ne sont pas conformes \u00e0 la l\u00e9gislation allemande sur les droits d'auteur. La r\u00e9vision, le traitement, la reproduction et toute forme d'interpr\u00e9tation dans le respect des r\u00e8gles du droit d'auteur doivent \u00eatre conformes \u00e0 la l\u00e9gislation sur les droits d'auteur des auteurs et des vendeurs. Les t\u00e9l\u00e9chargements et les copies de ce site sont uniquement destin\u00e9s \u00e0 un usage priv\u00e9 et non commercial.<\/em><\/p>\n\n\n\n<p class=\"has-ast-global-color-8-color has-text-color\"><em>Si les produits pr\u00e9sent\u00e9s sur cette page n'ont pas \u00e9t\u00e9 con\u00e7us par le destinataire, il convient d'en tenir compte. En outre, les documents pr\u00e9sent\u00e9s sur cette page sont consid\u00e9r\u00e9s comme tels. Si vous \u00eates pr\u00e9occup\u00e9 par un probl\u00e8me d'usure, nous vous donnons un conseil appropri\u00e9. Si vous \u00eates victime d'une violation des droits de l'homme, nous vous prions de bien vouloir nous en informer.<\/em><em>Quellenangabe : <\/em><a href=\"https:\/\/www.e-recht24.de\/\">https:\/\/www.e-recht24.de<\/a><\/p>","protected":false},"excerpt":{"rendered":"<p>Information provided according to \u00a7 5 of the TMG (German Telemedia Act) | Angaben gem\u00e4\u00df \u00a7 5 TMG:SRS Certification GmbHFriedl\u00e4nder Weg 20 |&nbsp;37085 G\u00f6ttingen |&nbsp;Germany Represented by | Vertreten durch:Martina Melapie Contact | Kontakt:T.: +49 551 \/ 89 02 45 42E-Mail: info [at] srscert-global.com Registering court | Registergericht:Amtsgericht G\u00f6ttingen Registration number | Registernummer:HRB 205083 VAT &hellip;<\/p>\n<p class=\"read-more\"> <a class=\"\" href=\"https:\/\/srs-certification.com\/fr\/impression\/\"> <span class=\"screen-reader-text\">Empreinte<\/span> Lire la suite \"<\/a><\/p>","protected":false},"author":8,"featured_media":0,"parent":0,"menu_order":8,"comment_status":"closed","ping_status":"closed","template":"","meta":{"inline_featured_image":false,"site-sidebar-layout":"default","site-content-layout":"default","ast-global-header-display":"","ast-main-header-display":"","ast-hfb-above-header-display":"","ast-hfb-below-header-display":"","ast-hfb-mobile-header-display":"","site-post-title":"","ast-breadcrumbs-content":"","ast-featured-img":"","footer-sml-layout":"","theme-transparent-header-meta":"","adv-header-id-meta":"","stick-header-meta":"","header-above-stick-meta":"","header-main-stick-meta":"","header-below-stick-meta":"","footnotes":""},"class_list":["post-74","page","type-page","status-publish","hentry"],"_links":{"self":[{"href":"https:\/\/srs-certification.com\/fr\/wp-json\/wp\/v2\/pages\/74","targetHints":{"allow":["GET"]}}],"collection":[{"href":"https:\/\/srs-certification.com\/fr\/wp-json\/wp\/v2\/pages"}],"about":[{"href":"https:\/\/srs-certification.com\/fr\/wp-json\/wp\/v2\/types\/page"}],"author":[{"embeddable":true,"href":"https:\/\/srs-certification.com\/fr\/wp-json\/wp\/v2\/users\/8"}],"replies":[{"embeddable":true,"href":"https:\/\/srs-certification.com\/fr\/wp-json\/wp\/v2\/comments?post=74"}],"version-history":[{"count":6,"href":"https:\/\/srs-certification.com\/fr\/wp-json\/wp\/v2\/pages\/74\/revisions"}],"predecessor-version":[{"id":4882,"href":"https:\/\/srs-certification.com\/fr\/wp-json\/wp\/v2\/pages\/74\/revisions\/4882"}],"wp:attachment":[{"href":"https:\/\/srs-certification.com\/fr\/wp-json\/wp\/v2\/media?parent=74"}],"curies":[{"name":"wp","href":"https:\/\/api.w.org\/{rel}","templated":true}]}}