{"id":4375,"date":"2023-12-20T15:43:29","date_gmt":"2023-12-20T14:43:29","guid":{"rendered":"https:\/\/srs-certification.com\/?page_id=4375"},"modified":"2025-06-16T13:00:37","modified_gmt":"2025-06-16T11:00:37","slug":"legisorg","status":"publish","type":"page","link":"https:\/\/srs-certification.com\/id\/akreditasi\/legisorg\/","title":{"rendered":"Legislasi untuk Operator Organik"},"content":{"rendered":"<h5 class=\"wp-block-heading has-text-align-center\"><strong>Perundang-undangan yang Relevan untuk Sertifikasi Operator yang Sesuai dengan Peraturan (UE) 2018\/848<\/strong>:<\/h5>\n\n\n\n<h6 class=\"wp-block-heading has-text-align-center\"><strong>Terjemahan ke dalam bahasa lain dapat diminta dari kantor kami.<\/strong><\/h6>\n\n\n\n<p><\/p>\n\n\n\n<ul class=\"wp-block-list\">\n<li><strong>Peraturan tentang produksi organik dan pelabelan produk organik<\/strong> (Peraturan (UE) 2018\/848 - undang-undang dasar)<br><a href=\"https:\/\/eur-lex.europa.eu\/legal-content\/EN\/TXT\/PDF\/?uri=CELEX:02018R0848-20241201\">https:\/\/eur-lex.europa.eu\/legal-content\/EN\/TXT\/PDF\/?uri=CELEX:02018R0848-20241201<\/a><\/li>\n\n\n\n<li><strong>Pengakuan retroaktif atas periode konversi<\/strong> (Peraturan Pelaksanaan Komisi (UE) 2020\/464 -bab 1)<br><a href=\"https:\/\/eur-lex.europa.eu\/legal-content\/EN\/TXT\/PDF\/?uri=CELEX:02020R0464-20211125\">https:\/\/eur-lex.europa.eu\/legal-content\/EN\/TXT\/PDF\/?uri=CELEX:02020R0464-20211125<\/a><\/li>\n\n\n\n<li><strong>Aturan produksi yang luar biasa dalam keadaan bencana<\/strong> (Peraturan Delegasi Komisi (UE) 2020\/2146)<br><a href=\"https:\/\/eur-lex.europa.eu\/legal-content\/EN\/TXT\/PDF\/?uri=CELEX:02020R2146-20240111&amp;qid=1733321056083\">https:\/\/eur-lex.europa.eu\/legal-content\/EN\/TXT\/PDF\/?uri=CELEX:02020R2146-20240111&amp;qid=1733321056083<\/a><\/li>\n\n\n\n<li><strong>Aturan tentang penanganan kasus-kasus kecurigaan ketidakpatuhan dan yang berkaitan dengan kelompok produsen<\/strong> (Peraturan Pelaksanaan Komisi (UE) 2021\/279)<br><a href=\"https:\/\/eur-lex.europa.eu\/legal-content\/EN\/TXT\/PDF\/?uri=CELEX:32021R0279\">https:\/\/eur-lex.europa.eu\/legal-content\/EN\/TXT\/PDF\/?uri=CELEX:32021R0279<\/a><\/li>\n\n\n\n<li><strong>Pemeriksaan akun-akun dokumenter dan kelompok-kelompok produsen oleh lembaga sertifikasi<\/strong> (Peraturan Pendelegasian Komisi (UE) 2021\/771)<br><a href=\"https:\/\/eur-lex.europa.eu\/legal-content\/EN\/TXT\/PDF\/?uri=CELEX:02021R0771-20210511\">https:\/\/eur-lex.europa.eu\/legal-content\/EN\/TXT\/PDF\/?uri=CELEX:02021R0771-20210511<\/a><\/li>\n\n\n\n<li><strong>Daftar produk dan zat yang diizinkan<\/strong> (Peraturan Pelaksanaan Komisi (UE) 2021\/1165)<br><a href=\"https:\/\/eur-lex.europa.eu\/legal-content\/EN\/TXT\/HTML\/?uri=CELEX:02021R1165-20231115\">https:\/\/eur-lex.europa.eu\/legal-content\/EN\/TXT\/HTML\/?uri=CELEX:02021R1165-20231115<\/a><\/li>\n\n\n\n<li><strong>Produksi dan pemasaran bahan reproduksi tanaman <\/strong>(Peraturan Delegasi Komisi (UE) 2021\/1189)<br><a href=\"https:\/\/eur-lex.europa.eu\/legal-content\/EN\/TXT\/PDF\/?uri=CELEX:02021R1189-20220705\">https:\/\/eur-lex.europa.eu\/legal-content\/EN\/TXT\/PDF\/?uri=CELEX:02021R1189-20220705<\/a><\/li>\n\n\n\n<li><strong>Catatan yang diperlukan dari operator dan kelompok operator<\/strong> (Peraturan Pelaksanaan Komisi (UE) 2021\/2119)<br><a href=\"https:\/\/eur-lex.europa.eu\/legal-content\/EN\/TXT\/PDF\/?uri=CELEX:02021R2119-20221118\">https:\/\/eur-lex.europa.eu\/legal-content\/EN\/TXT\/PDF\/?uri=CELEX:02021R2119-20221118<\/a><\/li>\n\n\n\n<li><strong>Pelabelan makanan hewan peliharaan <\/strong>(Peraturan (UE) 2023\/2419)<br><a href=\"https:\/\/eur-lex.europa.eu\/legal-content\/EN\/TXT\/PDF\/?uri=OJ:L_202302419&amp;qid=1701252421924\">https:\/\/eur-lex.europa.eu\/legal-content\/EN\/TXT\/PDF\/?uri=OJ:L_202302419&amp;qid=1701252421924<\/a><\/li>\n<\/ul>\n\n\n\n<p><\/p>\n\n\n\n<h5 class=\"wp-block-heading has-text-align-center\"><strong><strong>Peraturan terkait untuk sertifikasi operator yang sesuai dengan peraturan (UE) 2018\/848<\/strong><\/strong><\/h5>\n\n\n\n<p><\/p>\n\n\n\n<ul class=\"wp-block-list\">\n<li><strong>Hubungan yang relatif terhadap produksi biologis dan proses pembuatan produk biologis<\/strong> (peraturan (UE) 2018\/848 - tindakan dasar)<br><a href=\"https:\/\/eur-lex.europa.eu\/legal-content\/FR\/TXT\/PDF\/?uri=CELEX:02018R0848-20241201\" target=\"_blank\" rel=\"noreferrer noopener\">https:\/\/eur-lex.europa.eu\/legal-content\/FR\/TXT\/PDF\/?uri=CELEX:02018R0848-20241201<\/a><\/li>\n\n\n\n<li><strong>Pengintaian r\u00e9troaktif terhadap periode konversi <\/strong>(peraturan pelaksanaan (UE) 2020\/464 dari Komisi - pasal 1)<br><a href=\"https:\/\/eur-lex.europa.eu\/legal-content\/FR\/TXT\/PDF\/?uri=CELEX:02020R0464-20211125\">https:\/\/eur-lex.europa.eu\/legal-content\/FR\/TXT\/PDF\/?uri=CELEX:02020R0464-20211125<\/a><\/li>\n\n\n\n<li><strong>Aturan produksi yang luar biasa dari bencana liontin<\/strong> (peraturan yang ditetapkan (UE) 2020\/2146 dari Komisi)<br><a href=\"https:\/\/eur-lex.europa.eu\/legal-content\/FR\/TXT\/PDF\/?uri=CELEX:02020R2146-20240111&amp;qid=1733321056083\">https:\/\/eur-lex.europa.eu\/legal-content\/FR\/TXT\/PDF\/?uri=CELEX:02020R2146-20240111&amp;qid=1733321056083<\/a><\/li>\n\n\n\n<li><strong>Pengaturan relatif terhadap gerakan jika terjadi kekurangan pasokan dan kelompok operator<\/strong> (keputusan pelaksanaan (UE) 2021\/279 dari Komisi)<br><a href=\"https:\/\/eur-lex.europa.eu\/legal-content\/FR\/TXT\/PDF\/?uri=CELEX:02021R0279-20210223\">https:\/\/eur-lex.europa.eu\/legal-content\/FR\/TXT\/PDF\/?uri=CELEX:02021R0279-20210223<\/a><\/li>\n\n\n\n<li><strong>Dokumen dan kelompok operator oleh lembaga sertifikasi <\/strong>(peraturan yang ditetapkan (UE) 2021\/771 dari Komisi)<br><a href=\"https:\/\/eur-lex.europa.eu\/legal-content\/FR\/TXT\/PDF\/?uri=CELEX:02021R0771-20210511\">https:\/\/eur-lex.europa.eu\/legal-content\/FR\/TXT\/PDF\/?uri=CELEX:02021R0771-20210511<\/a><\/li>\n\n\n\n<li><strong>Daftar produk dan bahan yang diotorisasi<\/strong> (peraturan pelaksanaan (UE) 2021\/1165 dari Komisi)<br><a href=\"https:\/\/eur-lex.europa.eu\/legal-content\/FR\/TXT\/HTML\/?uri=CELEX:02021R1165-20231115\">https:\/\/eur-lex.europa.eu\/legal-content\/FR\/TXT\/HTML\/?uri=CELEX:02021R1165-20231115<\/a><\/li>\n\n\n\n<li><strong>Produksi dan komersialisasi materi reproduksi digital <\/strong>(peraturan yang ditetapkan (UE) 2021\/1189 dari Komisi)<br><a href=\"https:\/\/eur-lex.europa.eu\/legal-content\/FR\/TXT\/PDF\/?uri=CELEX:02021R1189-20220705\">https:\/\/eur-lex.europa.eu\/legal-content\/FR\/TXT\/PDF\/?uri=CELEX:02021R1189-20220705<\/a><\/li>\n\n\n\n<li><strong>Pendaftaran yang diperlukan oleh bagian operator dan kelompok operator<\/strong> (keputusan pelaksanaan (UE) 2021\/2119 dari Komisi)<br><a href=\"https:\/\/eur-lex.europa.eu\/legal-content\/FR\/TXT\/PDF\/?uri=CELEX:02021R2119-20221118\">https:\/\/eur-lex.europa.eu\/legal-content\/FR\/TXT\/PDF\/?uri=CELEX:02021R2119-20221118<\/a><\/li>\n\n\n\n<li><strong>Perawatan makanan untuk hewan peliharaan <\/strong>(r\u00e8glement (UE) 2023\/2419)<br><a href=\"https:\/\/eur-lex.europa.eu\/legal-content\/FR\/TXT\/PDF\/?uri=OJ:L_202302419&amp;qid=1701252475827\">https:\/\/eur-lex.europa.eu\/legal-content\/FR\/TXT\/PDF\/?uri=OJ:L_202302419&amp;qid=1701252475827<\/a><\/li>\n<\/ul>\n\n\n\n<p><\/p>\n\n\n\n<h5 class=\"wp-block-heading has-text-align-center\"><strong>Dokumen yang Relevan untuk Sertifikasi Operator yang Sesuai dengan Peraturan (UE) 2018\/848 - Terjemahan Bahasa Mandarin<\/strong><\/h5>\n\n\n\n<p><\/p>\n\n\n\n<h5 class=\"wp-block-heading has-text-align-center\"><strong>1.<\/strong> <strong>Ekstrak Peraturan Perundang-undangan yang Relevan<\/strong><\/h5>\n\n\n\n<p><\/p>\n\n\n\n<p class=\"has-text-align-center\"><strong>Catatan: <\/strong>Terjemahan yang disediakan BUKAN terjemahan resmi, tetapi hanya untuk informasi. <br>Apabila terdapat perbedaan antara versi asli bahasa Inggris dan terjemahan bahasa Mandarin, maka yang berlaku adalah versi bahasa Inggris.<\/p>\n\n\n\n<p><strong>Aturan Produksi yang Berlaku untuk semua Operator - Peraturan (UE) 2018\/848, Bab III dan Lampiran III<\/strong><\/p>\n\n\n\n<ul class=\"wp-block-list\">\n<li><a href=\"https:\/\/srs-certification.com\/wp-content\/uploads\/2024\/03\/2018-848-General-production-rules-art-9-11.pdf\" target=\"_blank\" rel=\"noreferrer noopener\">Aturan produksi umum, konversi dan pelarangan penggunaan GMO (pasal 9-11)<\/a><\/li>\n\n\n\n<li><a href=\"https:\/\/srs-certification.com\/wp-content\/uploads\/2024\/03\/2018-848-art-27-and-28.pdf\" target=\"_blank\" rel=\"noreferrer noopener\">Kewajiban dan tindakan jika ada kecurigaan terhadap ketidakpatuhan dan tindakan pencegahan untuk menghindari adanya produk dan zat yang tidak sah (pasal 27 dan 28)<\/a><\/li>\n\n\n\n<li><a href=\"https:\/\/srs-certification.com\/wp-content\/uploads\/2024\/03\/2018-848-Collection-packaging-transport-storage.pdf\" target=\"_blank\" rel=\"noreferrer noopener\">Pengumpulan, pengemasan, pengangkutan, dan penyimpanan produk (Lampiran III)<\/a><\/li>\n<\/ul>\n\n\n\n<p><\/p>\n\n\n\n<p><strong>Peraturan Produksi Terperinci - Peraturan (UE) 2018\/848, Lampiran II (dan pasal 12-19)<\/strong><\/p>\n\n\n\n<ul class=\"wp-block-list\">\n<li><a href=\"https:\/\/srs-certification.com\/wp-content\/uploads\/2024\/03\/2018-848-Production-rules-crops.pdf\" target=\"_blank\" rel=\"noreferrer noopener\">Aturan produksi tanaman (bagian I)<\/a><\/li>\n\n\n\n<li><a href=\"https:\/\/srs-certification.com\/wp-content\/uploads\/2024\/03\/2018-848-Production-rules-food-processing.pdf\" target=\"_blank\" rel=\"noreferrer noopener\">Aturan produksi pangan olahan (bagian IV)<\/a><\/li>\n\n\n\n<li><a href=\"https:\/\/srs-certification.com\/wp-content\/uploads\/2024\/03\/2018-848-Production-rules-feed.pdf\" target=\"_blank\" rel=\"noreferrer noopener\">Aturan produksi pakan olahan (bagian V)<\/a><\/li>\n\n\n\n<li><a href=\"https:\/\/srs-certification.com\/wp-content\/uploads\/2024\/03\/2018-848-Production-rules-wine.pdf\" target=\"_blank\" rel=\"noreferrer noopener\">Anggur (bagian VI)<\/a><\/li>\n\n\n\n<li><a href=\"https:\/\/srs-certification.com\/wp-content\/uploads\/2024\/03\/2018-848-Production-rules-yeast.pdf\" target=\"_blank\" rel=\"noreferrer noopener\">Ragi yang digunakan sebagai makanan atau pakan (bagian VII)<\/a><\/li>\n<\/ul>\n\n\n\n<p><\/p>\n\n\n\n<p><strong>Daftar produk dan zat yang diizinkan - Peraturan Pelaksanaan Komisi (UE) 2021\/1165, Lampiran I - III dan V&nbsp;<\/strong><\/p>\n\n\n\n<ul class=\"wp-block-list\">\n<li><a href=\"https:\/\/srs-certification.com\/wp-content\/uploads\/2024\/03\/2021-1165-Inputs-plant-protection-\u6295\u5165\u54c1-\u690d\u4fdd\u4ea7\u54c1.pdf\" target=\"_blank\" rel=\"noreferrer noopener\">Zat aktif dalam produk perlindungan tanaman (lampiran I)<\/a><\/li>\n\n\n\n<li><a href=\"https:\/\/srs-certification.com\/wp-content\/uploads\/2024\/03\/2021-1165-Inputs-fertilizers-\u6295\u5165\u54c1-\u80a5\u6599.pdf\" target=\"_blank\" rel=\"noreferrer noopener\">Pupuk, pembenah tanah dan unsur hara (lampiran II)<\/a><\/li>\n\n\n\n<li><a href=\"https:\/\/srs-certification.com\/wp-content\/uploads\/2024\/03\/2021-1165-Inputs-feed-\u6295\u5165\u54c1-\u9972\u6599.pdf\" target=\"_blank\" rel=\"noreferrer noopener\">Produk dan bahan untuk digunakan sebagai pakan atau dalam produksi pakan (lampiran III)<\/a><\/li>\n\n\n\n<li><a href=\"https:\/\/srs-certification.com\/wp-content\/uploads\/2024\/03\/2021-1165-Inputs-food-additives-and-processing-aids-\u6295\u5165\u54c1-\u98df\u54c1\u6dfb\u52a0\u5242\u548c\u52a0\u5de5\u52a9\u5242.pdf\" target=\"_blank\" rel=\"noreferrer noopener\">Produk dan bahan yang digunakan dalam produksi makanan organik olahan (lampiran V, bagian A dan B)<\/a><\/li>\n\n\n\n<li><a href=\"https:\/\/srs-certification.com\/wp-content\/uploads\/2024\/03\/2021-1165-Inputs-yeast-\u6295\u5165\u54c1-\u9175\u6bcd.pdf\" target=\"_blank\" rel=\"noreferrer noopener\">Produk dan zat untuk digunakan dalam produksi ragi yang digunakan sebagai makanan atau pakan (lampiran V, bagian C)<\/a><\/li>\n\n\n\n<li><a href=\"https:\/\/srs-certification.com\/wp-content\/uploads\/2024\/03\/2021-1165-Inputs-wine-\u6295\u5165\u54c1-\u9152\u7c7b.pdf\" target=\"_blank\" rel=\"noreferrer noopener\">Produk dan bahan untuk produksi dan konservasi produk anggur organik (lampiran V, bagian D)<\/a><\/li>\n<\/ul>\n\n\n\n<p><\/p>\n\n\n\n<p><strong>Lainnya - Peraturan (UE) 2018\/848<\/strong><\/p>\n\n\n\n<ul class=\"wp-block-list\">\n<li><a href=\"https:\/\/srs-certification.com\/wp-content\/uploads\/2024\/03\/2018-848-Production-rules-marketing-PPM-art-13.pdf\" target=\"_blank\" rel=\"noreferrer noopener\">Ketentuan khusus untuk pemasaran bahan reproduksi tanaman dari bahan heterogen organik (pasal 13)<\/a><\/li>\n\n\n\n<li><a href=\"https:\/\/srs-certification.com\/wp-content\/uploads\/2024\/03\/2018-848-Production-rules-others-art-21.pdf\" target=\"_blank\" rel=\"noreferrer noopener\">Aturan produksi untuk produk yang tidak termasuk dalam kategori produk sebagaimana dimaksud dalam Pasal 12 sampai 19 (pasal 21)<\/a><\/li>\n\n\n\n<li><a href=\"https:\/\/srs-certification.com\/wp-content\/uploads\/2024\/03\/2018-848-Labelling-\u6807\u8bc6.pdf\" target=\"_blank\" rel=\"noreferrer noopener\">Pelabelan (bab IV)<\/a><\/li>\n\n\n\n<li><a href=\"https:\/\/srs-certification.com\/wp-content\/uploads\/2024\/03\/2018-848-Group-of-operators-\u64cd\u4f5c\u8005\u56e2\u4f53.pdf\" target=\"_blank\" rel=\"noreferrer noopener\">Kelompok operator (pasal 36)<\/a><\/li>\n<\/ul>\n\n\n\n<p><\/p>\n\n\n\n<p class=\"has-text-align-center\"><\/p>\n\n\n\n<h5 class=\"gb-headline gb-headline-8c34c0ca gb-headline-text\"><strong>2. Dokumen lainnya<\/strong><\/h5>\n\n\n\n<p><\/p>\n\n\n\n<ul class=\"wp-block-list\">\n<li><a href=\"https:\/\/srs-certification.com\/wp-content\/uploads\/2025\/06\/ORG-N-Ti2-Steps-for-Organic-Certification-2025-06-03z.pdf\" target=\"_blank\" rel=\"noreferrer noopener\">Langkah-langkah pengendalian - Langkah-langkah ORG-N-Ti2 untuk Sertifikasi Organik (dokumen SRS)<\/a><\/li>\n<\/ul>\n\n\n\n<p><\/p>\n\n\n\n<h5 class=\"wp-block-heading has-text-align-center\"><strong>Dokumen yang Relevan untuk Sertifikasi Operator Sesuai dengan Peraturan (UE) 2018\/848 - Terjemahan Bahasa Turki<\/strong><\/h5>\n\n\n\n<p><\/p>\n\n\n\n<h5 class=\"wp-block-heading has-text-align-center\"><strong>1. Ekstrak Peraturan Perundang-undangan yang Relevan<\/strong><\/h5>\n\n\n\n<p><\/p>\n\n\n\n<p class=\"has-text-align-center\"><strong>Catatan: <\/strong>Terjemahan yang disediakan BUKAN terjemahan resmi, tetapi hanya untuk informasi. <br>Apabila terdapat perbedaan antara versi asli bahasa Inggris dan terjemahan bahasa Turki, maka yang berlaku adalah versi bahasa Inggris.<\/p>\n\n\n\n<p><strong>Aturan Produksi yang Berlaku untuk semua Operator - Peraturan (UE) 2018\/848, Bab III dan Lampiran III<\/strong><\/p>\n\n\n\n<ul class=\"wp-block-list\">\n<li><a href=\"https:\/\/srs-certification.com\/wp-content\/uploads\/2024\/05\/2018-848-General-production-rules-art-9-11-tr.pdf\">Aturan produksi umum, konversi dan pelarangan penggunaan GMO (pasal 9-11)<\/a><\/li>\n\n\n\n<li><a href=\"https:\/\/srs-certification.com\/wp-content\/uploads\/2024\/05\/2018-848-Suspicion-precautionary-measures-tr.pdf\" data-type=\"link\" data-id=\"https:\/\/srs-certification.com\/wp-content\/uploads\/2024\/05\/2018-848-Suspicion-precautionary-measures-tr.pdf\">Kewajiban dan tindakan jika ada kecurigaan terhadap ketidakpatuhan dan tindakan pencegahan untuk menghindari adanya produk dan zat yang tidak sah (pasal 27 dan 28)<\/a><\/li>\n\n\n\n<li><a href=\"https:\/\/srs-certification.com\/wp-content\/uploads\/2024\/05\/2018-848-Collection-packaging-transport-storage-tr.pdf\">Pengumpulan, pengemasan, pengangkutan, dan penyimpanan produk (Lampiran III)<\/a><\/li>\n<\/ul>\n\n\n\n<p><\/p>\n\n\n\n<p><strong>Peraturan Produksi Terperinci - Peraturan (UE) 2018\/848, Lampiran II (dan pasal 12-19)<\/strong><\/p>\n\n\n\n<ul class=\"wp-block-list\">\n<li>Aturan produksi tanaman (bagian I)<br><a href=\"https:\/\/srs-certification.com\/wp-content\/uploads\/2024\/05\/2018-848-Production-rules-crops-tr.pdf\">https:\/\/srs-certification.com\/wp-content\/uploads\/2024\/05\/2018-848-Production-rules-crops-tr.pdf<\/a><\/li>\n\n\n\n<li>Aturan produksi pangan olahan (bagian IV)<br><a href=\"https:\/\/srs-certification.com\/wp-content\/uploads\/2024\/05\/2018-848-Production-rules-food-processing-tr.pdf\">https:\/\/srs-certification.com\/wp-content\/uploads\/2024\/05\/2018-848-Production-rules-food-processing-tr.pdf<\/a><\/li>\n\n\n\n<li>Aturan produksi pakan olahan (bagian V)<br><a href=\"https:\/\/srs-certification.com\/wp-content\/uploads\/2024\/03\/2018-848-Production-rules-feed.pdf\">https:\/\/srs-certification.com\/wp-content\/uploads\/2024\/03\/2018-848-Production-rules-feed.pdf<\/a><\/li>\n\n\n\n<li>Anggur (bagian VI)<br><a href=\"https:\/\/srs-certification.com\/wp-content\/uploads\/2024\/03\/2018-848-Production-rules-wine.pdf\">https:\/\/srs-certification.com\/wp-content\/uploads\/2024\/03\/2018-848-Production-rules-wine.pdf<\/a><\/li>\n\n\n\n<li>Ragi yang digunakan sebagai makanan atau pakan (bagian VII)<br><a href=\"https:\/\/srs-certification.com\/wp-content\/uploads\/2024\/03\/2018-848-Production-rules-yeast.pdf\">https:\/\/srs-certification.com\/wp-content\/uploads\/2024\/03\/2018-848-Production-rules-yeast.pdf<\/a><\/li>\n<\/ul>\n\n\n\n<p><\/p>\n\n\n\n<p><strong>Daftar produk dan zat yang diizinkan - Peraturan Pelaksanaan Komisi (UE) 2021\/1165, Lampiran I - III dan V&nbsp;<\/strong><\/p>\n\n\n\n<ul class=\"wp-block-list\">\n<li>Zat aktif dalam produk perlindungan tanaman (lampiran I)<br><a href=\"https:\/\/srs-certification.com\/wp-content\/uploads\/2024\/07\/2021-1165-Inputs-fertilizers.pdf\">https:\/\/srs-certification.com\/wp-content\/uploads\/2024\/03\/2021-1165-Inputs-plant-protection<\/a>.pdf<\/li>\n\n\n\n<li>Pupuk, pembenah tanah dan unsur hara (lampiran II)<br><a href=\"https:\/\/srs-certification.com\/wp-content\/uploads\/2024\/03\/2021-1165-Inputs-fertilizers.pdf\">https:\/\/srs-certification.com\/wp-content\/uploads\/2024\/03\/2021-1165-Inputs-fertilizers.pdf<\/a><\/li>\n\n\n\n<li>Produk dan bahan untuk digunakan sebagai pakan atau dalam produksi pakan (lampiran III)<br><a href=\"https:\/\/srs-certification.com\/wp-content\/uploads\/2024\/03\/2021-1165-Inputs-feed.pdf\">https:\/\/srs-certification.com\/wp-content\/uploads\/2024\/03\/2021-1165-Inputs-feed.pdf<\/a><\/li>\n\n\n\n<li>Produk dan bahan yang digunakan dalam produksi makanan organik olahan (lampiran V, bagian A dan B)<br><a href=\"https:\/\/srs-certification.com\/wp-content\/uploads\/2024\/03\/2021-1165-Inputs-food-additives-and-processing-aids.pdf\">https:\/\/srs-certification.com\/wp-content\/uploads\/2024\/03\/2021-1165-Inputs-food-additives-and-processing-aids.pdf<\/a><\/li>\n\n\n\n<li>Produk dan zat untuk digunakan dalam produksi ragi yang digunakan sebagai makanan atau pakan (lampiran V, bagian C)<br><a href=\"https:\/\/srs-certification.com\/wp-content\/uploads\/2024\/03\/2021-1165-Inputs-yeast.pdf\">https:\/\/srs-certification.com\/wp-content\/uploads\/2024\/03\/2021-1165-Inputs-yeast.pdf<\/a><\/li>\n\n\n\n<li>Produk dan bahan untuk produksi dan konservasi produk anggur organik (lampiran V, bagian D)<br><a href=\"https:\/\/srs-certification.com\/wp-content\/uploads\/2024\/03\/2021-1165-Inputs-wine.pdf\">https:\/\/srs-certification.com\/wp-content\/uploads\/2024\/03\/2021-1165-Inputs-wine.pdf<\/a><\/li>\n<\/ul>\n\n\n\n<p><\/p>\n\n\n\n<p><strong>Lainnya - Peraturan (UE) 2018\/848<\/strong><\/p>\n\n\n\n<ul class=\"wp-block-list\">\n<li><a href=\"https:\/\/srs-certification.com\/wp-content\/uploads\/2024\/03\/2018-848-Production-rules-marketing-PPM-art-13.pdf\">Ketentuan khusus untuk pemasaran bahan reproduksi tanaman dari bahan heterogen organik (pasal 13)<\/a><\/li>\n\n\n\n<li><a href=\"https:\/\/srs-certification.com\/wp-content\/uploads\/2024\/03\/2018-848-Production-rules-others-art-21.pdf\">Aturan produksi untuk produk yang tidak termasuk dalam kategori produk sebagaimana dimaksud dalam Pasal 12 sampai 19 (pasal 21)<\/a><\/li>\n\n\n\n<li><a href=\"https:\/\/srs-certification.com\/wp-content\/uploads\/2024\/05\/2018-848-Labelling-tr.pdf\">Pelabelan (bab IV)<\/a><\/li>\n\n\n\n<li><a href=\"https:\/\/srs-certification.com\/wp-content\/uploads\/2024\/03\/2018-848-Group-of-operators.pdf\">Kelompok operator (pasal 36)<\/a><\/li>\n<\/ul>\n\n\n\n<p><\/p>\n\n\n\n<h5 class=\"wp-block-heading has-text-align-center\"><strong>2. Dokumen lainnya<\/strong><\/h5>\n\n\n\n<p><\/p>\n\n\n\n<ul class=\"wp-block-list\">\n<li><a href=\"https:\/\/srs-certification.com\/wp-content\/uploads\/2025\/06\/ORG-N-Ti2-Steps-for-Organic-Certification-2025-06-03.pdf\">Langkah-langkah pengendalian - Langkah-langkah ORG-N-Ti2 untuk Sertifikasi Organik (dokumen SRS)<\/a><\/li>\n<\/ul>\n\n\n\n<p><\/p>\n\n\n\n<p class=\"has-text-align-center\"><strong>Terjemahan ke dalam bahasa lain dapat diminta dari kantor kami.<\/strong><\/p>\n\n\n\n<p><\/p>","protected":false},"excerpt":{"rendered":"<p>Relevant Legislation for Certification of Operators in Compliance with Regulation (EU) 2018\/848: Translations into other languages may be requested from our office. L\u00e9gislation pertinente pour la certification d\u2019op\u00e9rateurs conform\u00e9ment au r\u00e8glement (UE) 2018\/848 Relevant Documents for Certification of Operators in Compliance with Regulation (EU) 2018\/848 \u2013 Chinese Translations 1. Extracts of Relevant Legislation Note: Provided \u2026<\/p>\n<p class=\"read-more\"> <a class=\"\" href=\"https:\/\/srs-certification.com\/id\/akreditasi\/legisorg\/\"> <span class=\"screen-reader-text\">Legislasi untuk Operator Organik<\/span> Baca Selengkapnya \"<\/a><\/p>","protected":false},"author":2,"featured_media":0,"parent":53,"menu_order":2,"comment_status":"closed","ping_status":"closed","template":"","meta":{"inline_featured_image":false,"site-sidebar-layout":"default","site-content-layout":"default","ast-global-header-display":"","ast-main-header-display":"","ast-hfb-above-header-display":"","ast-hfb-below-header-display":"","ast-hfb-mobile-header-display":"","site-post-title":"","ast-breadcrumbs-content":"","ast-featured-img":"","footer-sml-layout":"","theme-transparent-header-meta":"","adv-header-id-meta":"","stick-header-meta":"","header-above-stick-meta":"","header-main-stick-meta":"","header-below-stick-meta":"","footnotes":""},"class_list":["post-4375","page","type-page","status-publish","hentry"],"_links":{"self":[{"href":"https:\/\/srs-certification.com\/id\/wp-json\/wp\/v2\/pages\/4375","targetHints":{"allow":["GET"]}}],"collection":[{"href":"https:\/\/srs-certification.com\/id\/wp-json\/wp\/v2\/pages"}],"about":[{"href":"https:\/\/srs-certification.com\/id\/wp-json\/wp\/v2\/types\/page"}],"author":[{"embeddable":true,"href":"https:\/\/srs-certification.com\/id\/wp-json\/wp\/v2\/users\/2"}],"replies":[{"embeddable":true,"href":"https:\/\/srs-certification.com\/id\/wp-json\/wp\/v2\/comments?post=4375"}],"version-history":[{"count":9,"href":"https:\/\/srs-certification.com\/id\/wp-json\/wp\/v2\/pages\/4375\/revisions"}],"predecessor-version":[{"id":4754,"href":"https:\/\/srs-certification.com\/id\/wp-json\/wp\/v2\/pages\/4375\/revisions\/4754"}],"up":[{"embeddable":true,"href":"https:\/\/srs-certification.com\/id\/wp-json\/wp\/v2\/pages\/53"}],"wp:attachment":[{"href":"https:\/\/srs-certification.com\/id\/wp-json\/wp\/v2\/media?parent=4375"}],"curies":[{"name":"wp","href":"https:\/\/api.w.org\/{rel}","templated":true}]}}