{"id":74,"date":"2018-03-05T10:48:27","date_gmt":"2018-03-05T09:48:27","guid":{"rendered":"http:\/\/srs-certification.de\/?page_id=74"},"modified":"2026-03-05T12:11:15","modified_gmt":"2026-03-05T11:11:15","slug":"%e1%9e%8f%e1%9f%92%e1%9e%9a%e1%9e%b6","status":"publish","type":"page","link":"https:\/\/srs-certification.com\/km\/%e1%9e%8f%e1%9f%92%e1%9e%9a%e1%9e%b6\/","title":{"rendered":"\u1794\u17c4\u17c7\u1796\u17bb\u1798\u17d2\u1796"},"content":{"rendered":"<p class=\"has-ast-global-color-8-color has-text-color\">Information provided according to <em>\u00a7<\/em> 5 of the TMG (German Telemedia Act) | <em>Angaben gem\u00e4\u00df \u00a7 5 TMG<\/em>:<br>\u179c\u17b7\u1789\u17d2\u1789\u17b6\u1794\u1793\u1794\u17d0\u178f\u17d2\u179a SRS GmbH<br>Friedl\u00e4nder Weg 20 |\u00a037085 G\u00f6ttingen |\u00a0Germany<\/p>\n\n\n\n<p class=\"has-ast-global-color-8-color has-text-color\">Represented by | <em>Vertreten durch<\/em>:<br>\u1798\u17c9\u17b6\u1791\u17b8\u178e\u17b6 \u1798\u17c1\u17a1\u17b6\u1796\u17b8<\/p>\n\n\n\n<p class=\"has-ast-global-color-8-color has-text-color\">Contact | <em>Kontakt<\/em>:<br>T.: +49 551 \/ 89 02 45 42<br>E-Mail: <a href=\"mailto:info@srs-certification.com\">\u1796\u17d0\u178f\u17cc\u1798\u17b6\u1793 [\u1793\u17c5] srscert-global.com<\/a><\/p>\n\n\n\n<p class=\"has-ast-global-color-8-color has-text-color\">Registering court | <em>Registergericht<\/em>:<br>Amtsgericht G\u00f6ttingen<\/p>\n\n\n\n<p class=\"has-ast-global-color-8-color has-text-color\">Registration number | <em>Registernummer<\/em>:<br>HRB 205083<\/p>\n\n\n\n<p class=\"has-ast-global-color-8-color has-text-color\">VAT Id number according to <em>\u00a7<\/em>27 a German Value Added Tax Act | <em>UStr-IdNr gem\u00e4\u00df \u00a727 a Umsatzsteuergesetz<\/em>:<br>DE312563403<\/p>\n\n\n\n<p class=\"has-ast-global-color-8-color has-text-color\">Responsible for contents according to Sec. 55, <em>\u00a7<\/em>2 German Federal Broadcasting Agreement (RstV) | <em>Verantwortlich f\u00fcr den Inhalt nach \u00a7 55 Abs. 2 RStV<\/em>:<br>\u1798\u17c9\u17b6\u1791\u17b8\u178e\u17b6 \u1798\u17c1\u17a1\u17b6\u1797\u17b8 | SRS Certification GmbH (\u179f\u17bc\u1798\u1798\u17be\u179b\u1796\u17d0\u178f\u17cc\u1798\u17b6\u1793\u179b\u1798\u17d2\u17a2\u17b7\u178f\u1791\u17c6\u1793\u17b6\u1780\u17cb\u1791\u17c6\u1793\u1784\u1781\u17b6\u1784\u179b\u17be | <em>Anschrift oben<\/em>)<\/p>\n\n\n\n<p class=\"has-ast-global-color-8-color has-text-color\">Design | Gestaltung:<br><a href=\"http:\/\/www.blueprint-online.de\" target=\"_blank\" rel=\"noreferrer noopener\">Blueprint Werbeagentur<\/a> | Basistheme \u201eNisarg\u201c by Falguni<\/p>\n\n\n\n<p class=\"has-ast-global-color-8-color has-text-color\"><strong>Liability for Contents<\/strong><\/p>\n\n\n\n<p class=\"has-ast-global-color-8-color has-text-color\">As service providers, we are liable for own contents of these websites according to \u00a7 7 Abs. 1 TMG (German Telemedia Act). However, according to \u00a7\u00a7 8 to 10 of the TMG, service providers are not obligated to permanently monitor submitted or stored information or to search for evidences that indicate illegal activities.<\/p>\n\n\n\n<p class=\"has-ast-global-color-8-color has-text-color\">Legal obligations to removing information or to blocking the use of information remain unchallenged. In this case, liability is only possible at the time of knowledge about a specific violation of law. Illegal contents will be removed immediately at the time we get knowledge of them.<\/p>\n\n\n\n<p class=\"has-ast-global-color-8-color has-text-color\"><strong>Liability for Links<\/strong><\/p>\n\n\n\n<p class=\"has-ast-global-color-8-color has-text-color\">Our offer includes links to external third party websites. We have no influence on the contents of those websites, therefore we cannot guarantee for those contents. Providers or administrators of linked websites are always responsible for their own contents.<\/p>\n\n\n\n<p class=\"has-ast-global-color-8-color has-text-color\">The linked websites had been checked for possible violations of law at the time of the establishment of the link. Illegal contents were not detected at the time of the linking. A permanent monitoring of the contents of linked websites cannot be imposed without reasonable indications that there has been a violation of law. Illegal links will be removed immediately at the time we get knowledge of them.<\/p>\n\n\n\n<p class=\"has-ast-global-color-8-color has-text-color\"><strong>Copyright<\/strong><\/p>\n\n\n\n<p class=\"has-ast-global-color-8-color has-text-color\">Contents and compilations published on these websites by the providers are subject to German copyright laws. Reproduction, editing, distribution as well as the use of any kind outside the scope of the copyright law require a written permission of the author or originator. Downloads and copies of these websites are permitted for private use only.<\/p>\n\n\n\n<p class=\"has-ast-global-color-8-color has-text-color\">The commercial use of our contents without permission of the originator is prohibited.<\/p>\n\n\n\n<p class=\"has-ast-global-color-8-color has-text-color\">Copyright laws of third parties are respected as long as the contents on these websites do not originate from the provider. Contributions of third parties on this site are indicated as such. However, if you notice any violations of copyright law, please inform us. Such contents will be removed immediately.<\/p>\n\n\n\n<p class=\"has-ast-global-color-8-color has-text-color\"><strong>Haftung f\u00fcr Inhalte<\/strong><\/p>\n\n\n\n<p class=\"has-ast-global-color-8-color has-text-color\"><em>Als Diensteanbieter sind wir gem\u00e4\u00df \u00a7 7 Abs. 1 TMG f\u00fcr eigene Inhalte auf diesen Seiten nach den allgemeinen Gesetzen verantwortlich. Nach \u00a7\u00a7 8 bis 10 TMG sind wir als Diensteanbieter jedoch nicht verpflichtet, \u00fcbermittelte oder gespeicherte fremde Informationen zu \u00fcberwachen oder nach Umst\u00e4nden zu forschen, die auf eine rechtswidrige T\u00e4tigkeit hinweisen.<\/em><\/p>\n\n\n\n<p class=\"has-ast-global-color-8-color has-text-color\"><em>Verpflichtungen zur Entfernung oder Sperrung der Nutzung von Informationen nach den allgemeinen Gesetzen bleiben hiervon unber\u00fchrt. Eine diesbez\u00fcgliche Haftung ist jedoch erst ab dem Zeitpunkt der Kenntnis einer konkreten Rechtsverletzung m\u00f6glich. Bei Bekanntwerden von entsprechenden Rechtsverletzungen werden wir diese Inhalte umgehend entfernen.<\/em><\/p>\n\n\n\n<p class=\"has-ast-global-color-8-color has-text-color\"><strong>Haftung f\u00fcr Links<\/strong><\/p>\n\n\n\n<p class=\"has-ast-global-color-8-color has-text-color\"><em>Unser Angebot enth\u00e4lt Links zu externen Webseiten Dritter, auf deren Inhalte wir keinen Einfluss haben. Deshalb k\u00f6nnen wir f\u00fcr diese fremden Inhalte auch keine Gew\u00e4hr \u00fcbernehmen. F\u00fcr die Inhalte der verlinkten Seiten ist stets der jeweilige Anbieter oder Betreiber der Seiten verantwortlich. Die verlinkten Seiten wurden zum Zeitpunkt der Verlinkung auf m\u00f6gliche Rechtsverst\u00f6\u00dfe \u00fcberpr\u00fcft. Rechtswidrige Inhalte waren zum Zeitpunkt der Verlinkung nicht erkennbar.<\/em><\/p>\n\n\n\n<p class=\"has-ast-global-color-8-color has-text-color\"><em>Eine permanente inhaltliche Kontrolle der verlinkten Seiten ist jedoch ohne konkrete Anhaltspunkte einer Rechtsverletzung nicht zumutbar. Bei Bekanntwerden von Rechtsverletzungen werden wir derartige Links umgehend entfernen.<\/em><\/p>\n\n\n\n<p class=\"has-ast-global-color-8-color has-text-color\"><strong>Urheberrecht<\/strong><\/p>\n\n\n\n<p class=\"has-ast-global-color-8-color has-text-color\"><em>Die durch die Seitenbetreiber erstellten Inhalte und Werke auf diesen Seiten unterliegen dem deutschen Urheberrecht. Die Vervielf\u00e4ltigung, Bearbeitung, Verbreitung und jede Art der Verwertung au\u00dferhalb der Grenzen des Urheberrechtes bed\u00fcrfen der schriftlichen Zustimmung des jeweiligen Autors bzw. Erstellers. Downloads und Kopien dieser Seite sind nur f\u00fcr den privaten, nicht kommerziellen Gebrauch gestattet.<\/em><\/p>\n\n\n\n<p class=\"has-ast-global-color-8-color has-text-color\"><em>Soweit die Inhalte auf dieser Seite nicht vom Betreiber erstellt wurden, werden die Urheberrechte Dritter beachtet. Insbesondere werden Inhalte Dritter als solche gekennzeichnet. Sollten Sie trotzdem auf eine Urheberrechtsverletzung aufmerksam werden, bitten wir um einen entsprechenden Hinweis. Bei Bekanntwerden von Rechtsverletzungen werden wir derartige Inhalte umgehend entfernen.<\/em><em>Quellenangabe: <\/em><a href=\"https:\/\/www.e-recht24.de\/\">https:\/\/www.e-recht24.de<\/a><\/p>","protected":false},"excerpt":{"rendered":"<p>Information provided according to \u00a7 5 of the TMG (German Telemedia Act) | Angaben gem\u00e4\u00df \u00a7 5 TMG:SRS Certification GmbHFriedl\u00e4nder Weg 20 |&nbsp;37085 G\u00f6ttingen |&nbsp;Germany Represented by | Vertreten durch:Martina Melapie Contact | Kontakt:T.: +49 551 \/ 89 02 45 42E-Mail: info [at] srscert-global.com Registering court | Registergericht:Amtsgericht G\u00f6ttingen Registration number | Registernummer:HRB 205083 VAT &hellip;<\/p>\n<p class=\"read-more\"> <a class=\"\" href=\"https:\/\/srs-certification.com\/km\/%e1%9e%8f%e1%9f%92%e1%9e%9a%e1%9e%b6\/\"> <span class=\"screen-reader-text\">\u1794\u17c4\u17c7\u1796\u17bb\u1798\u17d2\u1796<\/span> \u17a2\u17b6\u1793\u200b\u1794\u1793\u17d2\u1790\u17c2\u1798 &quot;<\/a><\/p>","protected":false},"author":8,"featured_media":0,"parent":0,"menu_order":8,"comment_status":"closed","ping_status":"closed","template":"","meta":{"inline_featured_image":false,"site-sidebar-layout":"default","site-content-layout":"default","ast-global-header-display":"","ast-main-header-display":"","ast-hfb-above-header-display":"","ast-hfb-below-header-display":"","ast-hfb-mobile-header-display":"","site-post-title":"","ast-breadcrumbs-content":"","ast-featured-img":"","footer-sml-layout":"","theme-transparent-header-meta":"","adv-header-id-meta":"","stick-header-meta":"","header-above-stick-meta":"","header-main-stick-meta":"","header-below-stick-meta":"","footnotes":""},"class_list":["post-74","page","type-page","status-publish","hentry"],"_links":{"self":[{"href":"https:\/\/srs-certification.com\/km\/wp-json\/wp\/v2\/pages\/74","targetHints":{"allow":["GET"]}}],"collection":[{"href":"https:\/\/srs-certification.com\/km\/wp-json\/wp\/v2\/pages"}],"about":[{"href":"https:\/\/srs-certification.com\/km\/wp-json\/wp\/v2\/types\/page"}],"author":[{"embeddable":true,"href":"https:\/\/srs-certification.com\/km\/wp-json\/wp\/v2\/users\/8"}],"replies":[{"embeddable":true,"href":"https:\/\/srs-certification.com\/km\/wp-json\/wp\/v2\/comments?post=74"}],"version-history":[{"count":6,"href":"https:\/\/srs-certification.com\/km\/wp-json\/wp\/v2\/pages\/74\/revisions"}],"predecessor-version":[{"id":4882,"href":"https:\/\/srs-certification.com\/km\/wp-json\/wp\/v2\/pages\/74\/revisions\/4882"}],"wp:attachment":[{"href":"https:\/\/srs-certification.com\/km\/wp-json\/wp\/v2\/media?parent=74"}],"curies":[{"name":"wp","href":"https:\/\/api.w.org\/{rel}","templated":true}]}}