{"id":188,"date":"2018-05-01T13:53:38","date_gmt":"2018-05-01T11:53:38","guid":{"rendered":"http:\/\/srs-certification.de\/?page_id=188"},"modified":"2022-09-09T23:30:41","modified_gmt":"2022-09-09T21:30:41","slug":"3-dogrulama","status":"publish","type":"page","link":"https:\/\/srs-certification.com\/tr\/certserv\/3-dogrulama\/","title":{"rendered":"Tedarik\u00e7i Denetimleri"},"content":{"rendered":"<p class=\"has-ast-global-color-8-color has-text-color\">SRS, organik pazarda tedarik\u00e7ilerle i\u015f ili\u015fkisi kurmak isteyen t\u00fcm uluslararas\u0131 oyuncular\u0131 memnuniyetle kar\u015f\u0131lamaktad\u0131r. Tedarik\u00e7ilerinizin \u00fcretim tesislerinde ve di\u011fer faaliyet alanlar\u0131nda denetimler i\u00e7in deneyim ve uzmanl\u0131\u011f\u0131m\u0131z\u0131 sunuyoruz. Katma de\u011ferli \u00fcr\u00fcnlerin distrib\u00fct\u00f6rleri, bir \u00fcr\u00fcn\u00fcn sadece sertifikas\u0131na bakman\u0131n beklenen kaliteyi garanti etmedi\u011fini bilirler. SRS, ihtiya\u00e7 duydu\u011funuz kalite kriterlerinin izlenmesini sa\u011flar. Bu, garantili bir men\u015fe, cins veya \u00e7e\u015fit, izlenebilirli\u011fin teyidi, belirli \u00fcretim standartlar\u0131, hijyen veya kalite parametrelerinin kar\u015f\u0131lanmas\u0131, organik \u00fcretimin denetlenmesi, \u00e7al\u0131\u015fma ko\u015fullar\u0131, bir \u00fcr\u00fcn\u00fcn kontaminasyondan ari olmas\u0131 veya s\u00fcrd\u00fcr\u00fclebilir \u015fekilde y\u00f6netilen kaynaklar olabilir. Bu hizmet i\u00e7in istedi\u011finiz zaman bize ula\u015f\u0131n.<\/p>","protected":false},"excerpt":{"rendered":"<p>SRS, organik pazarda tedarik\u00e7ilerle i\u015f ili\u015fkisi kurmak isteyen t\u00fcm uluslararas\u0131 oyuncular\u0131 memnuniyetle kar\u015f\u0131lamaktad\u0131r. Tedarik\u00e7ilerinizin \u00fcretim tesislerinde ve di\u011fer faaliyet alanlar\u0131nda denetimler i\u00e7in deneyim ve uzmanl\u0131\u011f\u0131m\u0131z\u0131 sunuyoruz. Katma de\u011ferli \u00fcr\u00fcnlerin distrib\u00fct\u00f6rleri, bir \u00fcr\u00fcn\u00fcn sadece sertifikasyonuna bakman\u0131n onun organik oldu\u011funu garanti etmedi\u011fini bilirler.<\/p>\n<p class=\"read-more\"> <a class=\"\" href=\"https:\/\/srs-certification.com\/tr\/certserv\/3-dogrulama\/\"> <span class=\"screen-reader-text\">Tedarik\u00e7i Denetimleri<\/span> Daha Fazla Oku \"<\/a><\/p>","protected":false},"author":2,"featured_media":0,"parent":37,"menu_order":5,"comment_status":"closed","ping_status":"closed","template":"","meta":{"inline_featured_image":false,"site-sidebar-layout":"default","site-content-layout":"default","ast-global-header-display":"","ast-main-header-display":"","ast-hfb-above-header-display":"","ast-hfb-below-header-display":"","ast-hfb-mobile-header-display":"","site-post-title":"disabled","ast-breadcrumbs-content":"","ast-featured-img":"","footer-sml-layout":"","theme-transparent-header-meta":"","adv-header-id-meta":"","stick-header-meta":"","header-above-stick-meta":"","header-main-stick-meta":"","header-below-stick-meta":"","footnotes":""},"class_list":["post-188","page","type-page","status-publish","hentry"],"_links":{"self":[{"href":"https:\/\/srs-certification.com\/tr\/wp-json\/wp\/v2\/pages\/188","targetHints":{"allow":["GET"]}}],"collection":[{"href":"https:\/\/srs-certification.com\/tr\/wp-json\/wp\/v2\/pages"}],"about":[{"href":"https:\/\/srs-certification.com\/tr\/wp-json\/wp\/v2\/types\/page"}],"author":[{"embeddable":true,"href":"https:\/\/srs-certification.com\/tr\/wp-json\/wp\/v2\/users\/2"}],"replies":[{"embeddable":true,"href":"https:\/\/srs-certification.com\/tr\/wp-json\/wp\/v2\/comments?post=188"}],"version-history":[{"count":5,"href":"https:\/\/srs-certification.com\/tr\/wp-json\/wp\/v2\/pages\/188\/revisions"}],"predecessor-version":[{"id":3989,"href":"https:\/\/srs-certification.com\/tr\/wp-json\/wp\/v2\/pages\/188\/revisions\/3989"}],"up":[{"embeddable":true,"href":"https:\/\/srs-certification.com\/tr\/wp-json\/wp\/v2\/pages\/37"}],"wp:attachment":[{"href":"https:\/\/srs-certification.com\/tr\/wp-json\/wp\/v2\/media?parent=188"}],"curies":[{"name":"wp","href":"https:\/\/api.w.org\/{rel}","templated":true}]}}