{"id":203,"date":"2019-02-01T16:08:41","date_gmt":"2019-02-01T15:08:41","guid":{"rendered":"http:\/\/srs-certification.de\/?page_id=203"},"modified":"2026-03-25T14:27:54","modified_gmt":"2026-03-25T13:27:54","slug":"adimlar-org","status":"publish","type":"page","link":"https:\/\/srs-certification.com\/tr\/certserv\/org-2\/adimlar-org\/","title":{"rendered":"Organik Sertifikasyona Giden Ad\u0131mlar"},"content":{"rendered":"<p>&nbsp;<\/p>\n\n\n\n<figure class=\"wp-block-image size-large\"><img loading=\"lazy\" decoding=\"async\" width=\"1024\" height=\"576\" src=\"https:\/\/srs-certification.com\/wp-content\/uploads\/2020\/11\/SRS-Certification-Flowchart-upd-1024x576.png\" alt=\"\" class=\"wp-image-2434\" srcset=\"https:\/\/srs-certification.com\/wp-content\/uploads\/2020\/11\/SRS-Certification-Flowchart-upd-1024x576.png 1024w, https:\/\/srs-certification.com\/wp-content\/uploads\/2020\/11\/SRS-Certification-Flowchart-upd-300x169.png 300w, https:\/\/srs-certification.com\/wp-content\/uploads\/2020\/11\/SRS-Certification-Flowchart-upd-150x84.png 150w, https:\/\/srs-certification.com\/wp-content\/uploads\/2020\/11\/SRS-Certification-Flowchart-upd-768x432.png 768w, https:\/\/srs-certification.com\/wp-content\/uploads\/2020\/11\/SRS-Certification-Flowchart-upd-480x270.png 480w, https:\/\/srs-certification.com\/wp-content\/uploads\/2020\/11\/SRS-Certification-Flowchart-upd.png 1280w\" sizes=\"auto, (max-width: 1024px) 100vw, 1024px\" \/><\/figure>\n\n\n\n<p class=\"has-ast-global-color-8-color has-text-color\"><strong>Ba\u015fvuru \/ Yeniden Ba\u015fvuru:<\/strong> Operat\u00f6r, doldurulmu\u015f sertifikay\u0131 sunarak sertifikasyon i\u00e7in ba\u015fvurur \/ yeniden ba\u015fvurur <u><a href=\"https:\/\/srs-certification.com\/tr\/doclink\/\" target=\"_blank\" rel=\"noreferrer noopener\"><span class=\"has-inline-color has-black-color\">Ba\u015fvuru Formu<\/span><\/a><\/u> i\u00e7in <a href=\"mailto:info@srs-certification.com\"><span class=\"has-inline-color has-black-color\">info@srscert-global.com<\/span><\/a><span class=\"has-inline-color has-black-color\">.<\/span><\/p>\n\n\n\n<p class=\"has-ast-global-color-8-color has-text-color\"><strong>Ba\u015fvuru \u0130nceleme, Onay, Teklif ve S\u00f6zle\u015fme:<\/strong> Sorumlu SRS personeli ba\u015fvuruyu inceler ve ba\u015fvuruyu onaylamak ve bir teklif vermek i\u00e7in daha fazla bilgi isteyebilir. Onay ile birlikte operat\u00f6re imzalanmas\u0131 ve SRS'ye sunulmas\u0131 i\u00e7in sertifika s\u00f6zle\u015fmesi g\u00f6nderilecektir.<\/p>\n\n\n\n<p class=\"has-ast-global-color-8-color has-text-color\"><strong>Organik Proje Tan\u0131m\u0131 (OPD) \/ y\u0131ll\u0131k OPD g\u00fcncellemesinin sunulmas\u0131:<\/strong> SRS imzal\u0131 s\u00f6zle\u015fmeyi ald\u0131ktan sonra, operat\u00f6re bir OPD formu g\u00f6nderilecek ve operat\u00f6r bu formu doldurup istenen bilgiler ve sertifika \u00fccretinin \u00f6denmesiyle birlikte iade edecektir. Yeniden belgelendirme talep eden operat\u00f6rler g\u00fcncel, yani g\u00fcncellenmi\u015f operasyon tan\u0131m\u0131n\u0131 sunarlar.<\/p>\n\n\n\n<p class=\"has-ast-global-color-8-color has-text-color\"><strong>OPD \u0130nceleme ve Geri Bildirim:<\/strong> SRS personeli OPD'yi inceleyecek ve bir risk de\u011ferlendirmesi haz\u0131rlayacak, denetim planlanmadan \u00f6nce operat\u00f6re geri bildirimde bulunacakt\u0131r. Bir SRS m\u00fcfetti\u015fi denetim i\u00e7in ayr\u0131nt\u0131l\u0131 bir g\u00f6revlendirme alacakt\u0131r. Denetim tarihi operat\u00f6rle ileti\u015fim kurulduktan sonra (haberli denetimler i\u00e7in) veya operat\u00f6re haber verilmeksizin dahili olarak (habersiz denetimler durumunda) belirlenecektir.<\/p>\n\n\n\n<p class=\"has-ast-global-color-8-color has-text-color\"><strong>SRS'ye Yan\u0131t Verin ve Tefti\u015fi Haz\u0131rlay\u0131n:<\/strong> Operat\u00f6r, geri bildirimlere g\u00f6re SRS'ye ek bilgi veya belgeler sunar ve denetime haz\u0131rlan\u0131r.<\/p>\n\n\n\n<p class=\"has-ast-global-color-8-color has-text-color\"><strong>Y\u0131ll\u0131k Muayene:<\/strong> \u0130lk denetim her zaman duyurulacakt\u0131r. SRS denet\u00e7isi, organik operasyonun t\u00fcm alanlar\u0131n\u0131 derinlemesine kapsayan yerinde denetim ger\u00e7ekle\u015ftirecek ve ayr\u0131lmadan \u00f6nce t\u00fcm bulgular\u0131 operat\u00f6re iletecektir. Denetim s\u0131ras\u0131nda numuneler al\u0131nabilir. Denetimden k\u0131sa bir s\u00fcre sonra, SRS denet\u00e7isi denetim raporunu tamamlayacak ve inceleme ve belgelendirme i\u00e7in SRS'ye sunacakt\u0131r.<\/p>\n\n\n\n<p class=\"has-ast-global-color-8-color has-text-color\"><strong>Tefti\u015f Raporu \u0130ncelemesi:<\/strong> Denetim raporu ve (varsa) numune analiz sonu\u00e7lar\u0131 SRS De\u011ferlendirme G\u00f6revlisi taraf\u0131ndan de\u011ferlendirilecektir. Bunlar de\u011ferlendirme sonucu ile birlikte i\u015fletmeye g\u00f6nderilir. Al\u0131nan numunelerde yasakl\u0131 madde veya kirletici kal\u0131nt\u0131lar\u0131na rastlanmas\u0131 halinde, i\u015fletmeci bilgilendirilerek bir soru\u015fturma s\u00fcreci ba\u015flat\u0131lacakt\u0131r.<\/p>\n\n\n\n<p class=\"has-ast-global-color-8-color has-text-color translation-block\">Denetim s\u0131ras\u0131nda <u>hi\u00e7bir uygunsuzluk<\/u> (NC) bulunmazsa, i\u015fletme belgelendirme karar\u0131n\u0131 i\u00e7eren bir bildirim mektubu alacak ve sertifika d\u00fczenlenecektir.<\/p>\n\n\n\n<p class=\"has-ast-global-color-8-color has-text-color translation-block\"><u>NC'lerin tespit edilmesi durumunda<\/u>, operat\u00f6rden d\u00fczeltici \u00f6nlemleri SRS'ye sunmas\u0131 istenecektir. M\u00fc\u015fteri NC'lerin d\u00fczeltildi\u011fini ve d\u00fczeltmeler i\u00e7in bir plan\u0131n makul oldu\u011funu g\u00f6stermede ba\u015far\u0131l\u0131 olursa, nihai belgelendirme karar\u0131 operat\u00f6re g\u00f6nderilecek ve sertifika d\u00fczenlenecektir. Tespit edilen NC'lerin operat\u00f6r taraf\u0131ndan kararla\u015ft\u0131r\u0131lan zaman \u00e7izelgesinde d\u00fczeltilmemesi veya NC'lerin d\u00fczeltilebilir olmamas\u0131 durumunda, SRS uygun yapt\u0131r\u0131mlar\u0131 uygulayacakt\u0131r: Reddetme, Ask\u0131ya Alma, \u0130ptal.<\/p>\n\n\n\n<p class=\"has-ast-global-color-8-color has-text-color\">Operat\u00f6r, belirli ko\u015fullar alt\u0131nda herhangi bir zamanda sertifika talebini geri \u00e7ekme se\u00e7ene\u011fine sahiptir.<\/p>\n\n\n\n<p class=\"has-ast-global-color-8-color has-text-color\"><strong>G\u00f6zetim:<\/strong> \u0130lk organik sertifikasyondan sonra, g\u00f6zetim amac\u0131yla, haberli veya habersiz d\u00fczenli ve ek denetimler ger\u00e7ekle\u015ftirilecek ve numuneler al\u0131nabilecektir.<\/p>","protected":false},"excerpt":{"rendered":"<p>&nbsp; Application \/ Re-application: Operator applies \/ re-applies for certification by submitting the completed Application Form to info@srscert-global.com. Application Review, Approval, Offer &amp; Contract: The responsible SRS staff reviews the application and may ask for further information to approve the application and issue an offer. Together with the approval, the operator will receive the certification &hellip;<\/p>\n<p class=\"read-more\"> <a class=\"\" href=\"https:\/\/srs-certification.com\/tr\/certserv\/org-2\/adimlar-org\/\"> <span class=\"screen-reader-text\">Organik Sertifikasyona Giden Ad\u0131mlar<\/span> Daha Fazla Oku \"<\/a><\/p>","protected":false},"author":2,"featured_media":0,"parent":42,"menu_order":1,"comment_status":"closed","ping_status":"closed","template":"","meta":{"inline_featured_image":false,"site-sidebar-layout":"default","site-content-layout":"default","ast-global-header-display":"","ast-main-header-display":"","ast-hfb-above-header-display":"","ast-hfb-below-header-display":"","ast-hfb-mobile-header-display":"","site-post-title":"","ast-breadcrumbs-content":"","ast-featured-img":"","footer-sml-layout":"","theme-transparent-header-meta":"","adv-header-id-meta":"","stick-header-meta":"","header-above-stick-meta":"","header-main-stick-meta":"","header-below-stick-meta":"","footnotes":""},"class_list":["post-203","page","type-page","status-publish","hentry"],"_links":{"self":[{"href":"https:\/\/srs-certification.com\/tr\/wp-json\/wp\/v2\/pages\/203","targetHints":{"allow":["GET"]}}],"collection":[{"href":"https:\/\/srs-certification.com\/tr\/wp-json\/wp\/v2\/pages"}],"about":[{"href":"https:\/\/srs-certification.com\/tr\/wp-json\/wp\/v2\/types\/page"}],"author":[{"embeddable":true,"href":"https:\/\/srs-certification.com\/tr\/wp-json\/wp\/v2\/users\/2"}],"replies":[{"embeddable":true,"href":"https:\/\/srs-certification.com\/tr\/wp-json\/wp\/v2\/comments?post=203"}],"version-history":[{"count":5,"href":"https:\/\/srs-certification.com\/tr\/wp-json\/wp\/v2\/pages\/203\/revisions"}],"predecessor-version":[{"id":4902,"href":"https:\/\/srs-certification.com\/tr\/wp-json\/wp\/v2\/pages\/203\/revisions\/4902"}],"up":[{"embeddable":true,"href":"https:\/\/srs-certification.com\/tr\/wp-json\/wp\/v2\/pages\/42"}],"wp:attachment":[{"href":"https:\/\/srs-certification.com\/tr\/wp-json\/wp\/v2\/media?parent=203"}],"curies":[{"name":"wp","href":"https:\/\/api.w.org\/{rel}","templated":true}]}}