{"id":26,"date":"2019-02-05T10:24:14","date_gmt":"2019-02-05T09:24:14","guid":{"rendered":"http:\/\/srs-certification.de\/?page_id=26"},"modified":"2022-05-17T18:41:15","modified_gmt":"2022-05-17T16:41:15","slug":"srs-hakkinda","status":"publish","type":"page","link":"https:\/\/srs-certification.com\/tr\/srs-hakkinda\/","title":{"rendered":"SRS Hakk\u0131nda"},"content":{"rendered":"<h1 class=\"wp-block-heading\">SRS Hakk\u0131nda<\/h1>\n\n\n\n<p class=\"has-text-align-center\">SRS g\u00fcvenilir ve inan\u0131l\u0131r belgelendirme ve do\u011frulama hizmetleri sunmaktad\u0131r.<\/p>\n\n\n\n<h3 class=\"has-text-align-center wp-block-heading\"><strong>SRS Ama\u00e7lar\u0131 ve De\u011ferleri<\/strong><\/h3>\n\n\n\n<p>Ekibimiz, t\u00fcketicilerin g\u00fcvenebilece\u011fi, \u00e7evrenin faydalanaca\u011f\u0131 ve ilgili payda\u015flar\u0131n g\u00fcvenebilece\u011fi yetkin g\u00f6zetim ve belgelendirme hizmetleri sunmaya \u00e7al\u0131\u015fmaktad\u0131r.<\/p>\n\n\n\n<p>Misyonumuz:<\/p>\n\n\n\n<ul class=\"wp-block-list\"><li>T\u00fcm hizmetlerimizi g\u00fcvenilirlik, uzmanl\u0131k, \u015feffafl\u0131k, verimlilik ve adaletle sunuyoruz.<\/li><li>Prosed\u00fcrlerimize ba\u011f\u0131ms\u0131zl\u0131k ve tarafs\u0131zl\u0131\u011f\u0131 entegre edin.<\/li><li>Her zaman belgelendirdi\u011fimiz standartlar\u0131 ve bunlar\u0131n ama\u00e7lar\u0131n\u0131 g\u00f6z \u00f6n\u00fcnde bulundurun:\n<ul>\n<li>Do\u011fal ve \u00e7evresel \u00f6n ko\u015fullara sayg\u0131 g\u00f6stermek;<\/li>\n<\/ul>\n<ul>\n<li>Organik tar\u0131m\u0131n geli\u015fmesine olanak sa\u011flamak;<\/li>\n<\/ul>\n<ul>\n<li>Belgelendirme i\u00e7in \u015feffaf prosed\u00fcrler arac\u0131l\u0131\u011f\u0131yla \u00fcreticiler aras\u0131nda adil rekabeti te\u015fvik etmek;<\/li>\n<\/ul>\n<ul>\n<li>T\u00fcm m\u00fc\u015fterilere e\u015fit davranmak;<\/li>\n<\/ul>\n<ul>\n<li>T\u00fcketicilerin \u00e7evre dostu bir \u015fekilde \u00fcretilen sa\u011fl\u0131kl\u0131 g\u0131da beklentilerini dikkate almak.<\/li>\n<\/ul>\n<\/li><li>Hizmetimizi d\u00fcnya \u00e7ap\u0131nda sunarken, hem SRS i\u00e7inde hem de farkl\u0131 b\u00f6lgelerdeki m\u00fc\u015fterilerle birbirimizin k\u00fclt\u00fcrel ge\u00e7mi\u015fine sayg\u0131 g\u00f6sterin.<\/li><li>Hizmetimizi ayr\u0131mc\u0131l\u0131k yapmadan sunar ve adil fiyatlar talep ederiz.<\/li><li>Doland\u0131r\u0131c\u0131l\u0131\u011fa kar\u015f\u0131 durun.<\/li><\/ul>\n\n\n\n<p>Bu ba\u011flamda \u00e7al\u0131\u015fmalar\u0131m\u0131z, m\u00fc\u015fterilerimizin beklentilerinin kar\u015f\u0131lanmas\u0131na katk\u0131da bulunacakt\u0131r.<\/p>\n\n\n\n<p>SRS'nin ISO\/IEC 17065:2012 akreditasyonu yetkinli\u011fimizi, objektifli\u011fimizi ve tarafs\u0131zl\u0131\u011f\u0131m\u0131z\u0131 teyit etmektedir.<\/p>","protected":false},"excerpt":{"rendered":"<p>SRS Hakk\u0131nda SRS g\u00fcvenilir ve inan\u0131l\u0131r belgelendirme ve do\u011frulama hizmetleri sunmaktad\u0131r. SRS Hedefleri ve De\u011ferleri Ekibimiz, t\u00fcketicilerin g\u00fcvenebilece\u011fi, \u00e7evrenin faydalanaca\u011f\u0131 ve ilgili payda\u015flar\u0131n g\u00fcvenebilece\u011fi yetkin g\u00f6zetim ve belgelendirme hizmetleri sunmaya \u00e7al\u0131\u015fmaktad\u0131r. Misyonumuz T\u00fcm hizmetlerimizi g\u00fcvenilirlik, uzmanl\u0131k, \u015feffafl\u0131k, verimlilik ve adaletle sunmak. ...<\/p>\n<p class=\"read-more\"> <a class=\"\" href=\"https:\/\/srs-certification.com\/tr\/srs-hakkinda\/\"> <span class=\"screen-reader-text\">SRS Hakk\u0131nda<\/span> Daha Fazla Oku \"<\/a><\/p>","protected":false},"author":2,"featured_media":0,"parent":0,"menu_order":1,"comment_status":"closed","ping_status":"closed","template":"","meta":{"inline_featured_image":false,"site-sidebar-layout":"default","site-content-layout":"default","ast-global-header-display":"","ast-main-header-display":"","ast-hfb-above-header-display":"","ast-hfb-below-header-display":"","ast-hfb-mobile-header-display":"","site-post-title":"","ast-breadcrumbs-content":"","ast-featured-img":"","footer-sml-layout":"","theme-transparent-header-meta":"","adv-header-id-meta":"","stick-header-meta":"","header-above-stick-meta":"","header-main-stick-meta":"","header-below-stick-meta":"","footnotes":""},"class_list":["post-26","page","type-page","status-publish","hentry"],"_links":{"self":[{"href":"https:\/\/srs-certification.com\/tr\/wp-json\/wp\/v2\/pages\/26","targetHints":{"allow":["GET"]}}],"collection":[{"href":"https:\/\/srs-certification.com\/tr\/wp-json\/wp\/v2\/pages"}],"about":[{"href":"https:\/\/srs-certification.com\/tr\/wp-json\/wp\/v2\/types\/page"}],"author":[{"embeddable":true,"href":"https:\/\/srs-certification.com\/tr\/wp-json\/wp\/v2\/users\/2"}],"replies":[{"embeddable":true,"href":"https:\/\/srs-certification.com\/tr\/wp-json\/wp\/v2\/comments?post=26"}],"version-history":[{"count":5,"href":"https:\/\/srs-certification.com\/tr\/wp-json\/wp\/v2\/pages\/26\/revisions"}],"predecessor-version":[{"id":3790,"href":"https:\/\/srs-certification.com\/tr\/wp-json\/wp\/v2\/pages\/26\/revisions\/3790"}],"wp:attachment":[{"href":"https:\/\/srs-certification.com\/tr\/wp-json\/wp\/v2\/media?parent=26"}],"curies":[{"name":"wp","href":"https:\/\/api.w.org\/{rel}","templated":true}]}}