{"id":29,"date":"2018-03-05T10:33:27","date_gmt":"2018-03-05T09:33:27","guid":{"rendered":"http:\/\/srs-certification.de\/?page_id=29"},"modified":"2026-03-23T17:53:41","modified_gmt":"2026-03-23T16:53:41","slug":"srs-eki%cc%87bi%cc%87","status":"publish","type":"page","link":"https:\/\/srs-certification.com\/tr\/srs-hakkinda\/srs-eki%cc%87bi%cc%87\/","title":{"rendered":"SRS Ekibi"},"content":{"rendered":"<h4 class=\"wp-block-heading\"><strong> MartinaMelapie (Dr. agr.)<\/strong><\/h4>\n\n\n\n<p>Martina, \u00c7ek Cumhuriyeti'nin ba\u015fkenti Prag'daki \u00c7ek Ya\u015fam Bilimleri \u00dcniversitesi'nde tropikal\/subtropikal tar\u0131m bilimleri alan\u0131ndaki lisans e\u011fitimini ba\u015far\u0131yla tamamlad\u0131ktan sonra Almanya'daki Kassel \u00dcniversitesi'nde uluslararas\u0131 organik tar\u0131m alan\u0131nda y\u00fcksek lisans e\u011fitimine devam etmi\u015f ve bu sayede tar\u0131m\u0131n bir\u00e7ok alan\u0131nda geni\u015f bir altyap\u0131ya sahip olmu\u015ftur. Doktora \u00e7al\u0131\u015fmalar\u0131 s\u0131ras\u0131nda Bat\u0131 Afrika \u015fehirlerindeki kentsel bah\u00e7elerde besin kullan\u0131m verimlili\u011fine odaklanm\u0131\u015f ve daha sonra 5 y\u0131l boyunca ara\u015ft\u0131rma asistan\u0131 ve proje koordinat\u00f6r\u00fc olarak \u00e7al\u0131\u015ft\u0131\u011f\u0131 Kassel \u00dcniversitesi Organik Tar\u0131m Bilimleri Fak\u00fcltesi'ne kat\u0131lm\u0131\u015ft\u0131r. Daha sonra bir sertifikasyon kurulu\u015funa kat\u0131ld\u0131 ve burada a\u011f\u0131rl\u0131kl\u0131 olarak \u00c7in operasyonlar\u0131n\u0131n farkl\u0131 standartlara g\u00f6re organik sertifikasyonunda g\u00f6rev ald\u0131 ve \u00e7al\u0131\u015fma grubunun koordinasyonuna katk\u0131da bulundu. SRS'yi 2017 y\u0131l\u0131nda kurdu\u011fundan bu yana Sertifikasyon Departman\u0131ndan sorumludur ve \u015fu anda Genel M\u00fcd\u00fcr, K\u0131demli Sertifikasyon G\u00f6revlisi ve Sertifikasyon Departman\u0131 Ba\u015fkan\u0131 olarak g\u00f6rev yapmaktad\u0131r.<\/p>\n\n\n\n<h4 class=\"wp-block-heading\"><strong>Alexandra zum Felde (Dr. agr.)<\/strong><\/h4>\n\n\n\n<p>Kanada'n\u0131n Montreal kentindeki McGill \u00dcniversitesi'nde \u00e7evre biyolojisi ve organik tar\u0131m e\u011fitimi alan Alexandra, Almanya'daki Bonn \u00dcniversitesi'nde y\u00fcksek lisans e\u011fitimi s\u0131ras\u0131nda biyolojik ha\u015fere kontrol\u00fc konusunda uzmanla\u015fm\u0131\u015ft\u0131r. Tropikal ve organik tar\u0131mda \u00e7ok geni\u015f bir ge\u00e7mi\u015fe sahiptir. Daha sonra Nijerya'da IITA'da plantain agronomisti olarak, Kassel \u00dcniversitesi Organik Tar\u0131m Bilimleri Fak\u00fcltesi'nde \u00f6\u011fretim g\u00f6revlisi ve ara\u015ft\u0131rma g\u00f6revlisi olarak ve son olarak da serbest tar\u0131m dan\u0131\u015fman\u0131, edit\u00f6r, hakem ve \u00e7evirmen olarak \u00e7al\u0131\u015fm\u0131\u015ft\u0131r. SRS'de Kalite M\u00fcd\u00fcr\u00fc, Sertifikasyon Departman\u0131nda K\u0131demli Sertifikasyon G\u00f6revlisi ve Afrika B\u00f6lge Koordinat\u00f6r\u00fc olarak \u00e7al\u0131\u015fmaktad\u0131r.<\/p>\n\n\n\n<h4 class=\"wp-block-heading\"><strong>Regina Ordowski (Dipl.-Ing. agr.)<\/strong><\/h4>\n\n\n\n<p>Regina, Almanya'daki Hohenheim \u00dcniversitesi'ndeki tar\u0131m bilimi e\u011fitimi s\u0131ras\u0131nda, kendisini ilk kez \u00c7in'e g\u00f6t\u00fcren devlet destekli bir ara\u015ft\u0131rmaya kat\u0131ld\u0131. Daha sonra Kuzey ve G\u00fcney'de bir\u00e7ok \u00fclkede ba\u015fka ara\u015ft\u0131rma projelerinde ve denetim i\u015flerinde yer ald\u0131. Daha sonra b\u00fcy\u00fck bir sertifikasyon kurulu\u015funa kat\u0131ld\u0131\u011f\u0131nda, \u00c7inli \u00fcreticiler i\u00e7in uluslararas\u0131 organik standart sertifikasyonunu ilk uygulayanlardan biri oldu. O zamandan beri \u00e7e\u015fitli organik ve s\u00fcrd\u00fcr\u00fclebilirlik standartlar\u0131 i\u00e7in sertifikaland\u0131r\u0131c\u0131, e\u011fitmen, standart y\u00f6neticisi ve koordinat\u00f6r olarak \u00e7al\u0131\u015ft\u0131. 2017 y\u0131l\u0131nda SRS'yi kurdu ve 2025 y\u0131l\u0131na kadar genel m\u00fcd\u00fcr olarak g\u00f6rev yapt\u0131.<\/p>\n\n\n\n<h4 class=\"wp-block-heading\"><strong>Karin Hellige<\/strong><\/h4>\n\n\n\n<p>Belgelendirme kurulu\u015flar\u0131 taraf\u0131ndan sunulan hizmetlerin idaresi ve y\u00f6netimi konusunda zengin bir deneyime sahip olan Karin, Genel M\u00fcd\u00fcrl\u00fckte idari memur olarak 10 y\u0131l\u0131 a\u015fk\u0131n bir s\u00fcre \u00e7al\u0131\u015fm\u0131\u015ft\u0131r. Karin, t\u00fcm idari konulardan, insan kaynaklar\u0131ndan ve BT deste\u011finden sorumludur. 2017 y\u0131l\u0131nda SRS'nin kurucu orta\u011f\u0131 olan Karin, \u015fu anda Belgelendirme ve M\u00fc\u015fteri Hizmetleri Departmanlar\u0131n\u0131n yan\u0131 s\u0131ra Genel M\u00fcd\u00fcrlere de yard\u0131mc\u0131 olmaktad\u0131r.<\/p>\n\n\n\n<h4 class=\"wp-block-heading\"><strong>Eilika W\u00fclfing (Dipl.-Biol.)<\/strong><\/h4>\n\n\n\n<p>G\u00f6ttingen \u00dcniversitesi'nde mikrobiyoloji e\u011fitimi alan Eilika, University College Dublin'de viroloji ara\u015ft\u0131rma bursuyla iki y\u0131l boyunca uluslararas\u0131 i\u015f deneyimi kazanm\u0131\u015ft\u0131r. Daha sonra G\u00f6ttingen'e d\u00f6nerek bir fitopatoloji \u00e7al\u0131\u015fma grubunda laboratuvar teknisyeni olarak \u00e7al\u0131\u015fm\u0131\u015f, ard\u0131ndan Ukrayna'da iki y\u0131l boyunca g\u00f6n\u00fcll\u00fc toplum hizmeti projelerinde yer alm\u0131\u015f, gen\u00e7lerle ve b\u00f6lge tarihi \u00fczerine \u00e7al\u0131\u015fm\u0131\u015ft\u0131r. \u015eu anda, K\u0131demli Sertifikasyon G\u00f6revlisi ve \u00c7in B\u00f6lge Koordinat\u00f6r\u00fc olarak Sertifikasyon Departman\u0131n\u0131 g\u00fc\u00e7lendirmektedir.<\/p>\n\n\n\n<h4 class=\"wp-block-heading\"><strong><strong>Jessica N. Andriamparany (Dr. agr.)<\/strong><\/strong><\/h4>\n\n\n\n<p>Madagaskar'daki Antananarivo \u00dcniversitesi'nde bitki biyolojisi ve ekolojisi okuduktan sonra e\u011fitimine Almanya'da devam eden Jessica, Kassel \u00dcniversitesi'nde uluslararas\u0131 organik tar\u0131m b\u00f6l\u00fcm\u00fcnden mezun oldu. Doktora \u00e7al\u0131\u015fmalar\u0131 s\u0131ras\u0131nda g\u00fcney Madagaskar'da ekinlerin ve yabani bitkilerin kullan\u0131m\u0131 ve yeti\u015ftirilmesi \u00fczerine disiplinler aras\u0131 ara\u015ft\u0131rmalar y\u00fcr\u00fctm\u00fc\u015ft\u00fcr. Doktoras\u0131n\u0131 ald\u0131ktan sonra Kassel ve G\u00f6ttingen \u00fcniversitelerinde doktora sonras\u0131 ara\u015ft\u0131rmac\u0131 olarak \u00e7al\u0131\u015fm\u0131\u015f, organik tar\u0131m ve s\u00fcrd\u00fcr\u00fclebilir arazi kullan\u0131m\u0131 y\u00f6netimine, ard\u0131ndan uluslararas\u0131 proje y\u00f6netimi ve mahsul izleme teknolojilerine odaklanm\u0131\u015f, SRS'ye kat\u0131lmadan \u00f6nce Sertifikasyon Departman\u0131nda K\u0131demli Sertifikasyon G\u00f6revlisi, Hindistan B\u00f6lge Koordinat\u00f6r\u00fc ve NOP Program Y\u00f6neticisi olarak \u00e7al\u0131\u015fm\u0131\u015ft\u0131r.<\/p>\n\n\n\n<h4 class=\"wp-block-heading\"><\/h4>\n\n\n\n<p><\/p>","protected":false},"excerpt":{"rendered":"<p>MartinaMelapie (Dr. agr.) After successfully completing a degree in tropical\/subtropical agronomy at the Czech University of Life Sciences in Prague, Czech Republic, Martina went on to graduate studies in international organic agriculture at the University of Kassel, Germany, giving her a broad background in many forms of agriculture. During her doctoral studies, she focused on &hellip;<\/p>\n<p class=\"read-more\"> <a class=\"\" href=\"https:\/\/srs-certification.com\/tr\/srs-hakkinda\/srs-eki%cc%87bi%cc%87\/\"> <span class=\"screen-reader-text\">SRS Ekibi<\/span> Daha Fazla Oku \"<\/a><\/p>","protected":false},"author":2,"featured_media":0,"parent":26,"menu_order":1,"comment_status":"closed","ping_status":"closed","template":"","meta":{"inline_featured_image":false,"site-sidebar-layout":"default","site-content-layout":"default","ast-global-header-display":"","ast-main-header-display":"","ast-hfb-above-header-display":"","ast-hfb-below-header-display":"","ast-hfb-mobile-header-display":"","site-post-title":"disabled","ast-breadcrumbs-content":"","ast-featured-img":"","footer-sml-layout":"","theme-transparent-header-meta":"","adv-header-id-meta":"","stick-header-meta":"","header-above-stick-meta":"","header-main-stick-meta":"","header-below-stick-meta":"","footnotes":""},"class_list":["post-29","page","type-page","status-publish","hentry"],"_links":{"self":[{"href":"https:\/\/srs-certification.com\/tr\/wp-json\/wp\/v2\/pages\/29","targetHints":{"allow":["GET"]}}],"collection":[{"href":"https:\/\/srs-certification.com\/tr\/wp-json\/wp\/v2\/pages"}],"about":[{"href":"https:\/\/srs-certification.com\/tr\/wp-json\/wp\/v2\/types\/page"}],"author":[{"embeddable":true,"href":"https:\/\/srs-certification.com\/tr\/wp-json\/wp\/v2\/users\/2"}],"replies":[{"embeddable":true,"href":"https:\/\/srs-certification.com\/tr\/wp-json\/wp\/v2\/comments?post=29"}],"version-history":[{"count":13,"href":"https:\/\/srs-certification.com\/tr\/wp-json\/wp\/v2\/pages\/29\/revisions"}],"predecessor-version":[{"id":4897,"href":"https:\/\/srs-certification.com\/tr\/wp-json\/wp\/v2\/pages\/29\/revisions\/4897"}],"up":[{"embeddable":true,"href":"https:\/\/srs-certification.com\/tr\/wp-json\/wp\/v2\/pages\/26"}],"wp:attachment":[{"href":"https:\/\/srs-certification.com\/tr\/wp-json\/wp\/v2\/media?parent=29"}],"curies":[{"name":"wp","href":"https:\/\/api.w.org\/{rel}","templated":true}]}}