{"id":3580,"date":"2022-05-03T20:26:54","date_gmt":"2022-05-03T18:26:54","guid":{"rendered":"https:\/\/srs-certification.com\/?page_id=3580"},"modified":"2025-10-22T18:29:26","modified_gmt":"2025-10-22T16:29:26","slug":"ev","status":"publish","type":"page","link":"https:\/\/srs-certification.com\/tr\/","title":{"rendered":"SRS SERTI\u0307FI\u0307KASYONUNA HO\u015e GELDI\u0307NI\u0307Z"},"content":{"rendered":"<figure class=\"wp-block-image size-large is-resized\"><img loading=\"lazy\" decoding=\"async\" width=\"581\" height=\"151\" src=\"https:\/\/srs-certification.com\/wp-content\/uploads\/2022\/05\/srs_certification_gmbh_logo.svg\" alt=\"\" class=\"wp-image-3766\" style=\"width:911px;height:238px\"\/><\/figure>\n\n\n\n<hr class=\"wp-block-separator has-text-color has-ast-global-color-0-color has-css-opacity has-ast-global-color-0-background-color has-background\"\/>\n\n\n\n<div style=\"height:40px\" aria-hidden=\"true\" class=\"wp-block-spacer\"><\/div>\n\n\n\n<p>SRS Certification GmbH, y\u00f6neticileri d\u00fcnyan\u0131n bir\u00e7ok \u00fclkesinde tar\u0131msal ara\u015ft\u0131rma, \u00f6\u011fretim, organik ve iyi tar\u0131m uygulamalar\u0131 ile denetim ve belgelendirme konular\u0131nda 15 y\u0131l\u0131 a\u015fk\u0131n deneyime sahip bir Alman belgelendirme kurulu\u015fudur. Organik tar\u0131m, s\u00fcrd\u00fcr\u00fclebilir \u00fcretim, tedarik zinciri b\u00fct\u00fcnl\u00fc\u011f\u00fcn\u00fcn \u00e7evreyi koruma, sa\u011fl\u0131kl\u0131 g\u0131da \u00fcretme ve tedarik etme ve bu i\u015fle u\u011fra\u015fanlar i\u00e7in gelir yaratma arac\u0131 oldu\u011fu fikrine inan\u0131yoruz.<\/p>\n\n\n\n<p>SRS, ISO\/IEC 17065:2012'ye g\u00f6re akredite edilmi\u015ftir ve \u015fu anda Avrupa, Bat\u0131, Orta ve Do\u011fu Afrika ve \u00c7in'de 2018\/848 say\u0131l\u0131 Y\u00f6netmelik (AB), NOP\/USDA - Amerika Birle\u015fik Devletleri Tar\u0131m Bakanl\u0131\u011f\u0131 Ulusal Organik Program\u0131 7 CFR B\u00f6l\u00fcm 205 ve Organik JAS (Japon Tar\u0131m Standard\u0131) uyar\u0131nca sertifikasyon sunmaktad\u0131r. Ba\u015fka akreditasyonlar ve faaliyet alanlar\u0131 da yolda. D\u00fcnyan\u0131n bir\u00e7ok b\u00f6lgesindeki temsilcilerimizle tedarik\u00e7i denetimleri ve girdi do\u011frulama hizmetleri de sunuyoruz.<\/p>\n\n\n\n<p><strong>Ekibimiz, t\u00fcketicilerin g\u00fcvenebilece\u011fi, \u00e7evrenin faydalanaca\u011f\u0131 ve ilgili payda\u015flar\u0131n g\u00fcvenebilece\u011fi yetkin g\u00f6zetim ve belgelendirme hizmetleri sunmaya \u00e7al\u0131\u015fmaktad\u0131r<\/strong>.<\/p>","protected":false},"excerpt":{"rendered":"<p>SRS Certification GmbH, y\u00f6neticileri d\u00fcnyan\u0131n bir\u00e7ok \u00fclkesinde tar\u0131msal ara\u015ft\u0131rma, \u00f6\u011fretim, organik ve iyi tar\u0131m uygulamalar\u0131 ile denetim ve belgelendirme konular\u0131nda 15 y\u0131l\u0131 a\u015fk\u0131n deneyime sahip bir Alman belgelendirme kurulu\u015fudur. Organik tar\u0131m, s\u00fcrd\u00fcr\u00fclebilir \u00fcretim, \u00e7evreyi koruman\u0131n bir yolu olarak tedarik zinciri b\u00fct\u00fcnl\u00fc\u011f\u00fc fikrine inan\u0131yoruz, ...<\/p>\n<p class=\"read-more\"> <a class=\"\" href=\"https:\/\/srs-certification.com\/tr\/\"> <span class=\"screen-reader-text\">SRS SERTI\u0307FI\u0307KASYONUNA HO\u015e GELDI\u0307NI\u0307Z<\/span> Daha Fazla Oku \"<\/a><\/p>","protected":false},"author":9,"featured_media":0,"parent":0,"menu_order":0,"comment_status":"closed","ping_status":"closed","template":"","meta":{"inline_featured_image":false,"site-sidebar-layout":"default","site-content-layout":"default","ast-global-header-display":"","ast-main-header-display":"","ast-hfb-above-header-display":"","ast-hfb-below-header-display":"","ast-hfb-mobile-header-display":"","site-post-title":"","ast-breadcrumbs-content":"","ast-featured-img":"","footer-sml-layout":"","theme-transparent-header-meta":"","adv-header-id-meta":"","stick-header-meta":"","header-above-stick-meta":"","header-main-stick-meta":"","header-below-stick-meta":"","footnotes":""},"class_list":["post-3580","page","type-page","status-publish","hentry"],"_links":{"self":[{"href":"https:\/\/srs-certification.com\/tr\/wp-json\/wp\/v2\/pages\/3580","targetHints":{"allow":["GET"]}}],"collection":[{"href":"https:\/\/srs-certification.com\/tr\/wp-json\/wp\/v2\/pages"}],"about":[{"href":"https:\/\/srs-certification.com\/tr\/wp-json\/wp\/v2\/types\/page"}],"author":[{"embeddable":true,"href":"https:\/\/srs-certification.com\/tr\/wp-json\/wp\/v2\/users\/9"}],"replies":[{"embeddable":true,"href":"https:\/\/srs-certification.com\/tr\/wp-json\/wp\/v2\/comments?post=3580"}],"version-history":[{"count":6,"href":"https:\/\/srs-certification.com\/tr\/wp-json\/wp\/v2\/pages\/3580\/revisions"}],"predecessor-version":[{"id":4815,"href":"https:\/\/srs-certification.com\/tr\/wp-json\/wp\/v2\/pages\/3580\/revisions\/4815"}],"wp:attachment":[{"href":"https:\/\/srs-certification.com\/tr\/wp-json\/wp\/v2\/media?parent=3580"}],"curies":[{"name":"wp","href":"https:\/\/api.w.org\/{rel}","templated":true}]}}