{"id":37,"date":"2018-03-05T10:39:34","date_gmt":"2018-03-05T09:39:34","guid":{"rendered":"http:\/\/srs-certification.de\/?page_id=37"},"modified":"2024-11-13T13:26:03","modified_gmt":"2024-11-13T12:26:03","slug":"certserv","status":"publish","type":"page","link":"https:\/\/srs-certification.com\/tr\/certserv\/","title":{"rendered":"Sertifikasyon ve Hizmetler"},"content":{"rendered":"<h3 class=\"wp-block-heading has-ast-global-color-8-color has-text-color\">Organik Sertifikasyon Hizmetleri<\/h3>\n\n\n\n<p class=\"has-ast-global-color-8-color has-text-color\">SRS Certification GmbH \u015fu anda organik \u00fcr\u00fcn belgelendirmesi i\u00e7in <strong>SRS Organik Standard\u0131 - <\/strong>ile e\u015fde\u011ferdir<strong> 834\/2007 say\u0131l\u0131 T\u00fcz\u00fck (AT) <\/strong>ve<strong> Regulation (EC) No 889\/2008<\/strong>, to <strong>2018\/848 say\u0131l\u0131 T\u00fcz\u00fck (AB)<\/strong> in third countries, to <strong>NOP (USDA National Organic Program 7 CFR Part 205<\/strong>) and to <strong>Organik JAS (Japon Tar\u0131m Standard\u0131).<\/strong><\/p>\n\n\n\n<p class=\"has-ast-global-color-8-color has-text-color\">Profesyonel hizmet talep eden herkese belgelendirme kurulu\u015fu olarak hizmet verebiliriz:<\/p>\n\n\n\n<ol class=\"wp-block-list has-black-color has-text-color\">\n<li style=\"margin-top:var(--wp--preset--spacing--20);margin-right:var(--wp--preset--spacing--20);margin-bottom:var(--wp--preset--spacing--20);margin-left:var(--wp--preset--spacing--20)\">Organik \u00dcr\u00fcn Sertifikasyonu<\/li>\n\n\n\n<li style=\"margin-top:var(--wp--preset--spacing--20);margin-right:var(--wp--preset--spacing--20);margin-bottom:var(--wp--preset--spacing--20);margin-left:var(--wp--preset--spacing--20)\">D\u00f6n\u00fc\u015f\u00fcmde Organik<\/li>\n\n\n\n<li style=\"margin-top:var(--wp--preset--spacing--20);margin-right:var(--wp--preset--spacing--20);margin-bottom:var(--wp--preset--spacing--20);margin-left:var(--wp--preset--spacing--20);font-style:normal;font-weight:500\">Arazi Ge\u00e7mi\u015fi Onay\u0131<\/li>\n\n\n\n<li style=\"margin-top:var(--wp--preset--spacing--20);margin-right:var(--wp--preset--spacing--20);margin-bottom:var(--wp--preset--spacing--20);margin-left:var(--wp--preset--spacing--20);font-style:normal;font-weight:500\">Girdi Uygunluk Do\u011frulamas\u0131<\/li>\n<\/ol>\n\n\n\n<h4 class=\"wp-block-heading has-black-color has-text-color\"><strong>1. Organik \u00dcr\u00fcn Sertifikasyonu<\/strong><\/h4>\n\n\n\n<p class=\"has-link-color wp-elements-6e3594751aa34224b30346b4f77494cc\"><strong><a href=\"https:\/\/ec.europa.eu\/info\/food-farming-fisheries\/farming\/organic-farming\/legislation_en\" target=\"_blank\" rel=\"noreferrer noopener\"><mark style=\"background-color:rgba(0, 0, 0, 0)\" class=\"has-inline-color has-black-color\">EU Organic Regulations<\/mark><\/a><\/strong>: <a href=\"https:\/\/srs-certification.com\/tr\/srs-organi%cc%87k-standart-ab-v2-1_3-01-02-2022\/\" target=\"_blank\" rel=\"noreferrer noopener\"><mark style=\"background-color:rgba(0, 0, 0, 0)\" class=\"has-inline-color has-black-color\">SRS Organik Standard\u0131<\/mark><\/a> has been recognised by the EU Commission for offering certification equivalent to the EU organic regulations (Regulation (EC) No 834\/2007 and its implementation rules Regulation (EC) No 889\/2008). We offer this service in all countries listed in <mark style=\"background-color:rgba(0, 0, 0, 0)\" class=\"has-inline-color has-black-color\"><a href=\"https:\/\/srs-certification.com\/tr\/akredi%cc%87tasyonlar\/#EU-Reg-2021-2325\">R<\/a><a href=\"https:\/\/srs-certification.com\/tr\/akredi%cc%87tasyonlar\/#EU-Reg-2021-2325\" target=\"_blank\" rel=\"noreferrer noopener\">egulation (EU) No 2021\/2325<\/a><\/mark>.<\/p>\n\n\n\n<p class=\"has-ast-global-color-8-color has-text-color has-link-color wp-elements-595575dbf3a816031aff52d4f07273e1\">As of January 2025, only <strong><a href=\"https:\/\/srs-certification.com\/tr\/akredi%cc%87tasyonlar\/legisorg\/\" data-type=\"link\" data-id=\"https:\/\/srs-certification.com\/accreditations\/legisorg\/\">2018\/848 say\u0131l\u0131 T\u00fcz\u00fck (AB)<\/a><\/strong> will be applicable for third countries. We offer this service in all countries listed in <mark><a href=\"https:\/\/eur-lex.europa.eu\/legal-content\/EN\/TXT\/PDF\/?uri=OJ:L_202402794&amp;qid=1730967041114\" target=\"_blank\" rel=\"noreferrer noopener\"><mark style=\"background-color:var(--ast-global-color-5)\" class=\"has-inline-color\">Regulation<\/mark><\/a><\/mark><a href=\"https:\/\/eur-lex.europa.eu\/legal-content\/EN\/TXT\/HTML\/?uri=OJ:L_202402794&amp;qid=1730967041114\" target=\"_blank\" rel=\"noreferrer noopener\">&nbsp;(EU)&nbsp;<\/a><a href=\"https:\/\/eur-lex.europa.eu\/legal-content\/EN\/TXT\/PDF\/?uri=OJ:L_202402794&amp;qid=1730967041114\" target=\"_blank\" rel=\"noreferrer noopener\">No<\/a><a href=\"https:\/\/eur-lex.europa.eu\/legal-content\/EN\/TXT\/HTML\/?uri=OJ:L_202402794&amp;qid=1730967041114\" target=\"_blank\" rel=\"noreferrer noopener\">&nbsp;2024\/2794<\/a>. See the&nbsp;<a href=\"https:\/\/srs-certification.com\/wp-content\/uploads\/2024\/11\/Extract-S14-Pol3.2-EU-Annex-I-Products-2024-02-05.pdf\">linked table<\/a>&nbsp;for products listed in Annex 1 of Regulation (EU) 2018\/848, for which we accept applications for certification.<\/p>\n\n\n\n<p class=\"has-ast-global-color-8-color has-text-color has-link-color wp-elements-728bf75942c172d409e208fe91c21627\">Our equivalent <a href=\"https:\/\/srs-certification.com\/tr\/srs-organi%cc%87k-standart-ab-v2-1_3-01-02-2022\/\" target=\"_blank\" rel=\"noreferrer noopener\"><mark style=\"background-color:rgba(0, 0, 0, 0)\" class=\"has-inline-color has-black-color\">SRS Organik Standard\u0131<\/mark><\/a> continues to be valid until the end of 2025 for exporters from China and Taiwan to Great Britain. <\/p>\n\n\n\n<p>Certification involves an annual inspection of your organic operation sites, including subcontractors and possible sample taking.<\/p>\n\n\n\n<h4 class=\"wp-block-heading has-ast-global-color-8-color has-text-color\"><strong>2. D\u00f6n\u00fc\u015f\u00fcmde Organik <\/strong><\/h4>\n\n\n\n<p class=\"has-ast-global-color-8-color has-text-color\">Arazinizi organik olarak i\u015flemeye ba\u015flad\u0131\u011f\u0131n\u0131z andan organik \u00fcretim i\u00e7in tam olarak tan\u0131nabilece\u011fi zamana kadar, yasaklanm\u0131\u015f hi\u00e7bir \u00fcr\u00fcn\u00fcn uygulanamayaca\u011f\u0131 \u00fc\u00e7 y\u0131la (36 ay) kadar bir s\u00fcre gereklidir. Bu, s\u00f6zde <em>d\u00f6n\u00fc\u015f\u00fcm s\u00fcresi<\/em>. Arazinin y\u00f6netiminin talep edilen organik standarda uygun oldu\u011funu g\u00f6stermek i\u00e7in d\u00f6n\u00fc\u015f\u00fcm s\u00fcresi boyunca sertifikaland\u0131r\u0131lmas\u0131 tavsiye edilir, hatta \u00e7o\u011fu zaman zorunludur. SRS, d\u00f6n\u00fc\u015f\u00fcm s\u00fcresi boyunca denetimler yapabilir ve uygunlu\u011fu teyit edebilir. \u00dcr\u00fcnleriniz \"D\u00f6n\u00fc\u015f\u00fcmde Organik\" olarak sertifikaland\u0131r\u0131labilir.<\/p>\n\n\n\n<h4 class=\"wp-block-heading has-ast-global-color-8-color has-text-color\"><strong>3. Arazi Ge\u00e7mi\u015fi Onay\u0131<\/strong><\/h4>\n\n\n\n<p>Bu program, yeni ekilen arazilerde veya terk edilmi\u015f ve birka\u00e7 y\u0131l boyunca hi\u00e7 y\u00f6netilmemi\u015f arazilerde organik sertifikasyon i\u00e7in haz\u0131rlanan i\u015fletmeler i\u00e7in ge\u00e7erlidir. Bu durumda, organik bir \u00fcr\u00fcn\u00fcn ilk ekiminden \u00f6nce arazi ge\u00e7mi\u015finin incelenmesi ve onaylanmas\u0131 tavsiye edilir, hatta \u00e7o\u011fu zaman zorunludur. SRS, d\u00f6n\u00fc\u015f\u00fcm d\u00f6neminin tamam\u0131 veya bir k\u0131sm\u0131 boyunca i\u015flemeyi planlad\u0131\u011f\u0131n\u0131z arazide hi\u00e7bir yasakl\u0131 maddenin uygulanmad\u0131\u011f\u0131n\u0131 belgeleyecek bir arazi ge\u00e7mi\u015fi onay\u0131 inceleyebilir ve d\u00fczenleyebilir.<\/p>\n\n\n\n<h4 class=\"wp-block-heading has-ast-global-color-8-color has-text-color\"><strong>4. Girdi Uygunluk Do\u011frulamas\u0131<\/strong><\/h4>\n\n\n\n<p class=\"has-ast-global-color-8-color has-text-color\">If you are a manufacturer of agricultural inputs, such as fertilisers, soil amendments, plant protection substances, etc., SRS may review the description of your input and its processing protocol, inspect your operation and verify your products as suitable \u201cfor use in organic agriculture\u201d, i.e. they are suitable for farms in compliance with the standards you require: Regulation (EU) 2018\/848, NOP Rule (National Organic Program) and\/or Organic JAS (Japanese Agricultural Standard).<\/p>\n\n\n\n<h3 class=\"wp-block-heading has-ast-global-color-8-color has-text-color\">SRS Taraf\u0131ndan Tedarik\u00e7i Denetimleri<\/h3>\n\n\n\n<p>SRS, organik pazarda tedarik\u00e7ilerle i\u015f ili\u015fkisi kurmak isteyen t\u00fcm uluslararas\u0131 oyuncular\u0131 memnuniyetle kar\u015f\u0131lamaktad\u0131r. Tedarik\u00e7ilerinizin \u00fcretim tesislerinde ve di\u011fer faaliyet alanlar\u0131nda denetimler i\u00e7in deneyim ve uzmanl\u0131\u011f\u0131m\u0131z\u0131 sunuyoruz. Katma de\u011ferli \u00fcr\u00fcnlerin distrib\u00fct\u00f6rleri, bir \u00fcr\u00fcn\u00fcn sadece sertifikas\u0131na bakman\u0131n beklenen kaliteyi garanti etmedi\u011fini bilirler. SRS, ihtiya\u00e7 duydu\u011funuz kalite kriterlerinin izlenmesini sa\u011flar. Bu, garantili bir men\u015fe, cins veya \u00e7e\u015fit, izlenebilirli\u011fin teyidi, belirli \u00fcretim standartlar\u0131, hijyen veya kalite parametrelerinin kar\u015f\u0131lanmas\u0131, organik \u00fcretimin denetlenmesi, \u00e7al\u0131\u015fma ko\u015fullar\u0131, bir \u00fcr\u00fcn\u00fcn kontaminasyondan ari olmas\u0131 veya s\u00fcrd\u00fcr\u00fclebilir \u015fekilde y\u00f6netilen kaynaklar olabilir. Bu hizmet i\u00e7in istedi\u011finiz zaman bize ula\u015f\u0131n.<\/p>\n\n\n\n<p><\/p>","protected":false},"excerpt":{"rendered":"<p>Organic Certification Services SRS Certification GmbH is currently accredited for organic product certification according to the SRS Organic Standard \u2013 equivalent to Regulation (EC) No 834\/2007 and Regulation (EC) No 889\/2008, to Regulation (EU) 2018\/848 in third countries, to NOP (USDA National Organic Program 7 CFR Part 205) and to Organic JAS (Japanese Agricultural Standard). \u2026<\/p>\n<p class=\"read-more\"> <a class=\"\" href=\"https:\/\/srs-certification.com\/tr\/certserv\/\"> <span class=\"screen-reader-text\">Sertifikasyon ve Hizmetler<\/span> Daha Fazla Oku \"<\/a><\/p>","protected":false},"author":2,"featured_media":0,"parent":0,"menu_order":2,"comment_status":"closed","ping_status":"closed","template":"","meta":{"inline_featured_image":false,"site-sidebar-layout":"default","site-content-layout":"default","ast-global-header-display":"","ast-main-header-display":"","ast-hfb-above-header-display":"","ast-hfb-below-header-display":"","ast-hfb-mobile-header-display":"","site-post-title":"disabled","ast-breadcrumbs-content":"","ast-featured-img":"","footer-sml-layout":"","theme-transparent-header-meta":"","adv-header-id-meta":"","stick-header-meta":"","header-above-stick-meta":"","header-main-stick-meta":"","header-below-stick-meta":"","footnotes":""},"class_list":["post-37","page","type-page","status-publish","hentry"],"_links":{"self":[{"href":"https:\/\/srs-certification.com\/tr\/wp-json\/wp\/v2\/pages\/37","targetHints":{"allow":["GET"]}}],"collection":[{"href":"https:\/\/srs-certification.com\/tr\/wp-json\/wp\/v2\/pages"}],"about":[{"href":"https:\/\/srs-certification.com\/tr\/wp-json\/wp\/v2\/types\/page"}],"author":[{"embeddable":true,"href":"https:\/\/srs-certification.com\/tr\/wp-json\/wp\/v2\/users\/2"}],"replies":[{"embeddable":true,"href":"https:\/\/srs-certification.com\/tr\/wp-json\/wp\/v2\/comments?post=37"}],"version-history":[{"count":5,"href":"https:\/\/srs-certification.com\/tr\/wp-json\/wp\/v2\/pages\/37\/revisions"}],"predecessor-version":[{"id":4667,"href":"https:\/\/srs-certification.com\/tr\/wp-json\/wp\/v2\/pages\/37\/revisions\/4667"}],"wp:attachment":[{"href":"https:\/\/srs-certification.com\/tr\/wp-json\/wp\/v2\/media?parent=37"}],"curies":[{"name":"wp","href":"https:\/\/api.w.org\/{rel}","templated":true}]}}