{"id":42,"date":"2018-03-05T10:41:24","date_gmt":"2018-03-05T09:41:24","guid":{"rendered":"http:\/\/srs-certification.de\/?page_id=42"},"modified":"2024-11-13T13:33:15","modified_gmt":"2024-11-13T12:33:15","slug":"org-2","status":"publish","type":"page","link":"https:\/\/srs-certification.com\/tr\/certserv\/org-2\/","title":{"rendered":"Organik"},"content":{"rendered":"<p class=\"has-ast-global-color-8-color has-text-color\">A\u015fa\u011f\u0131da, yayg\u0131n olarak bilinen ve geni\u015f \u00e7apta uygulanan bir dizi organik standarda ili\u015fkin ba\u011flant\u0131lar yer almaktad\u0131r.<br>Bir \u00fclkede (\u00f6rne\u011fin ABD, Japonya, ...) veya b\u00f6lgede (\u00f6rne\u011fin AB) organik olarak etiketlenecek \u00fcr\u00fcnler ilgili standarda g\u00f6re \u00fcretilmelidir.<\/p>\n\n\n\n<p class=\"has-ast-global-color-8-color has-text-color\">A\u015fa\u011f\u0131daki standartlar i\u00e7in halihaz\u0131rda sertifika sunuyoruz:<\/p>\n\n\n\n<p class=\"has-ast-global-color-8-color has-text-color\"><span style=\"text-decoration: underline;\"><\/span><\/p>\n\n\n\n<div class=\"wp-block-columns is-layout-flex wp-container-core-columns-is-layout-28f84493 wp-block-columns-is-layout-flex\">\n<div class=\"wp-block-column is-layout-flow wp-block-column-is-layout-flow\" style=\"flex-basis:33.33%\">\n<figure class=\"wp-block-image alignleft size-thumbnail is-resized\"><img loading=\"lazy\" decoding=\"async\" width=\"150\" height=\"100\" src=\"https:\/\/srs-certification.com\/wp-content\/uploads\/2018\/06\/EU_Organic_Logo_Colour_rgb-300x200-150x100.gif\" alt=\"\" class=\"wp-image-439\" style=\"width:150px;height:100px\" srcset=\"https:\/\/srs-certification.com\/wp-content\/uploads\/2018\/06\/EU_Organic_Logo_Colour_rgb-300x200-150x100.gif 150w, https:\/\/srs-certification.com\/wp-content\/uploads\/2018\/06\/EU_Organic_Logo_Colour_rgb-300x200-300x200.gif 300w\" sizes=\"auto, (max-width: 150px) 100vw, 150px\" \/><\/figure>\n<\/div>\n\n\n\n<div class=\"wp-block-column is-layout-flow wp-block-column-is-layout-flow\" style=\"flex-basis:66.66%\">\n<p class=\"has-ast-global-color-8-color has-text-color has-link-color wp-elements-aeda7eee7e26392ea442ceed509ba8fb\"><a href=\"https:\/\/ec.europa.eu\/info\/food-farming-fisheries\/farming\/organic-farming\/legislation_en\" target=\"_blank\" rel=\"noreferrer noopener\"><mark style=\"background-color:rgba(0, 0, 0, 0)\" class=\"has-inline-color has-black-color\">EU Organic Regulations<\/mark><\/a>: <a href=\"https:\/\/srs-certification.com\/tr\/srs-organi%cc%87k-standart-ab-v2-1_3-01-02-2022\/\" target=\"_blank\" rel=\"noreferrer noopener\"><mark style=\"background-color:rgba(0, 0, 0, 0)\" class=\"has-inline-color has-black-color\">SRS Organik Standard\u0131<\/mark><\/a> has been recognised by the EU Commission for offering certification equivalent to the EU organic regulations (Regulation (EC) No 834\/2007 and its implementation rules Regulation (EC) No 889\/2008). We offer this service in all countries listed in <mark style=\"background-color:rgba(0, 0, 0, 0)\" class=\"has-inline-color has-black-color\"><a href=\"https:\/\/srs-certification.com\/tr\/akredi%cc%87tasyonlar\/#EU-Reg-2021-2325\">R<\/a><a href=\"https:\/\/srs-certification.com\/tr\/akredi%cc%87tasyonlar\/#EU-Reg-2021-2325\" target=\"_blank\" rel=\"noreferrer noopener\">egulation (EU) No 2021\/2325<\/a><\/mark>.<\/p>\n\n\n\n<p class=\"has-black-color has-text-color\">As of January 2025, only <a href=\"https:\/\/srs-certification.com\/tr\/akredi%cc%87tasyonlar\/legisorg\/\" data-type=\"link\" data-id=\"https:\/\/srs-certification.com\/accreditations\/legisorg\/\">2018\/848 say\u0131l\u0131 T\u00fcz\u00fck (AB)<\/a> will be applicable for third countries. We offer this service in all countries listed in <a href=\"https:\/\/eur-lex.europa.eu\/legal-content\/EN\/TXT\/HTML\/?uri=OJ:L_202402794&amp;qid=1730967041114\">Regulation (EU)\u00a0No\u00a02024\/2794<\/a>. See the\u00a0<a href=\"https:\/\/srs-certification.com\/wp-content\/uploads\/2024\/11\/Extract-S14-Pol3.2-EU-Annex-I-Products-2024-02-05.pdf\">linked table<\/a>\u00a0for products listed in Annex 1 of Regulation (EU) 2018\/848, for which we accept applications for certification.<\/p>\n\n\n\n<p class=\"has-ast-global-color-8-color has-text-color\">Our equivalen<mark style=\"background-color:rgba(0, 0, 0, 0)\" class=\"has-inline-color has-black-color\">t <a href=\"https:\/\/srs-certification.com\/tr\/srs-organi%cc%87k-standart-ab-v2-1_3-01-02-2022\/\">SRS Organik Standard\u0131<\/a><\/mark> continues to be valid until the end of 2025 for exporters from China and Taiwan to Great Britain.<\/p>\n\n\n\n<p class=\"has-black-color has-text-color\">EU certification involves inspection of your organic operation sites, including subcontractors, certification of organic products and the issuance of transaction documents for organic trade, so-called Certificates of Inspection (CoI).&nbsp;<\/p>\n<\/div>\n\n\n\n<div class=\"wp-block-column is-layout-flow wp-block-column-is-layout-flow\"><\/div>\n<\/div>\n\n\n\n<p><\/p>\n\n\n\n<div class=\"wp-block-columns is-layout-flex wp-container-core-columns-is-layout-28f84493 wp-block-columns-is-layout-flex\">\n<div class=\"wp-block-column is-layout-flow wp-block-column-is-layout-flow\" style=\"flex-basis:33.33%\">\n<figure class=\"wp-block-image alignleft size-thumbnail\"><img loading=\"lazy\" decoding=\"async\" width=\"150\" height=\"100\" src=\"https:\/\/srs-certification.com\/wp-content\/uploads\/2020\/02\/jas_srs_logo_2020-250p-150x100.png\" alt=\"\" class=\"wp-image-2047\" srcset=\"https:\/\/srs-certification.com\/wp-content\/uploads\/2020\/02\/jas_srs_logo_2020-250p-150x100.png 150w, https:\/\/srs-certification.com\/wp-content\/uploads\/2020\/02\/jas_srs_logo_2020-250p.png 250w\" sizes=\"auto, (max-width: 150px) 100vw, 150px\" \/><\/figure>\n<\/div>\n\n\n\n<div class=\"wp-block-column is-layout-flow wp-block-column-is-layout-flow\" style=\"flex-basis:66.66%\">\n<p class=\"has-ast-global-color-8-color has-text-color\">JAS: <a href=\"https:\/\/www.maff.go.jp\/e\/policies\/standard\/specific\/organic_JAS.html\">Japon Organik Standartlar\u0131<\/a><mark style=\"background-color:rgba(0, 0, 0, 0)\" class=\"has-inline-color has-black-color\"> tar\u0131m ve g\u0131da end\u00fcstrisi i\u00e7in kurallar, ana<\/mark>Japon H\u00fck\u00fcmeti taraf\u0131ndan kurulmu\u015ftur. Japon pazar\u0131 i\u00e7in sertifikal\u0131 organik \u00fcr\u00fcnlere y\u00f6nelik standartlar\u0131 sa\u011flamaktad\u0131r. \u00dcretim, \u0130\u015fleme ve Yeniden Paketleme i\u00e7in Bildirimlerin yan\u0131 s\u0131ra organik operasyonlarda yer alan personel ve g\u00f6revleri i\u00e7in Teknik Kriterler i\u00e7eren bir dizi belgeden olu\u015fur.<\/p>\n<\/div>\n<\/div>\n\n\n\n<p class=\"has-ast-global-color-8-color has-text-color\"><\/p>\n\n\n\n<div class=\"wp-block-columns is-layout-flex wp-container-core-columns-is-layout-28f84493 wp-block-columns-is-layout-flex\">\n<div class=\"wp-block-column is-layout-flow wp-block-column-is-layout-flow\" style=\"flex-basis:33.33%\">\n<figure class=\"wp-block-image alignleft size-thumbnail\"><img loading=\"lazy\" decoding=\"async\" width=\"150\" height=\"150\" src=\"https:\/\/srs-certification.com\/wp-content\/uploads\/2019\/02\/USDA-Organic-150x150.gif\" alt=\"\" class=\"wp-image-1322\" srcset=\"https:\/\/srs-certification.com\/wp-content\/uploads\/2019\/02\/USDA-Organic-150x150.gif 150w, https:\/\/srs-certification.com\/wp-content\/uploads\/2019\/02\/USDA-Organic-300x300.gif 300w, https:\/\/srs-certification.com\/wp-content\/uploads\/2019\/02\/USDA-Organic-768x768.gif 768w, https:\/\/srs-certification.com\/wp-content\/uploads\/2019\/02\/USDA-Organic-1024x1024.gif 1024w, https:\/\/srs-certification.com\/wp-content\/uploads\/2019\/02\/USDA-Organic-270x270.gif 270w, https:\/\/srs-certification.com\/wp-content\/uploads\/2019\/02\/USDA-Organic-50x50.gif 50w\" sizes=\"auto, (max-width: 150px) 100vw, 150px\" \/><\/figure>\n<\/div>\n\n\n\n<div class=\"wp-block-column is-layout-flow wp-block-column-is-layout-flow\" style=\"flex-basis:66.66%\">\n<p class=\"has-ast-global-color-8-color has-text-color has-link-color wp-elements-6dca1b469dc94fd6d1d2ae12c1ef190f\">NOP\/USDA: ABD Tar\u0131m Bakanl\u0131\u011f\u0131'n\u0131n <a href=\"https:\/\/www.ecfr.gov\/current\/title-7\/subtitle-B\/chapter-I\/subchapter-M\/part-205?toc=1\" target=\"_blank\" rel=\"noreferrer noopener\">Ulusal Organik Program 7 CFR B\u00f6l\u00fcm 205<\/a>Amerika Birle\u015fik Devletleri Tar\u0131m Bakanl\u0131\u011f\u0131 (USDA) Tar\u0131m ve Pazarlama Servisi'nin d\u00fczenleyici bir program\u0131d\u0131r. NOP, organik tar\u0131m \u00fcr\u00fcnleri i\u00e7in ABD Standartlar\u0131n\u0131n geli\u015ftirilmesi ve uygulanmas\u0131ndan sorumludur.<\/p>\n<\/div>\n<\/div>\n\n\n\n<p><\/p>\n\n\n\n<div class=\"wp-block-columns is-layout-flex wp-container-core-columns-is-layout-28f84493 wp-block-columns-is-layout-flex\">\n<div class=\"wp-block-column is-layout-flow wp-block-column-is-layout-flow\" style=\"flex-basis:33.33%\">\n<figure class=\"wp-block-image alignleft size-thumbnail\"><img loading=\"lazy\" decoding=\"async\" width=\"150\" height=\"150\" src=\"https:\/\/srs-certification.com\/wp-content\/uploads\/2020\/02\/\u4e2d\u56fd\u6709\u673aGBT-150x150.png\" alt=\"\" class=\"wp-image-2033\" srcset=\"\" sizes=\"auto, (max-width: 150px) 100vw, 150px\" data-srcset=\"\" \/><\/figure>\n<\/div>\n\n\n\n<div class=\"wp-block-column is-layout-flow wp-block-column-is-layout-flow\" style=\"flex-basis:66.66%\">\n<p class=\"has-ast-global-color-8-color has-text-color has-link-color wp-elements-756ba9fd2fb3074a7ca5b0b0e26435c4\">\u00c7in<mark style=\"background-color:rgba(0, 0, 0, 0)\" class=\"has-inline-color has-black-color\"> Organik \u00dcr\u00fcn Standard\u0131 GB\/T 19630-2019<\/mark> \u00c7in pazar\u0131na organik olarak sunulacak t\u00fcm \u00fcr\u00fcnlerin bu kurallara ayk\u0131r\u0131 olarak \u00fcretilmi\u015f ve sertifikaland\u0131r\u0131lm\u0131\u015f olmas\u0131 gerekmektedir. Karde\u015f \u015firketimizle ileti\u015fime ge\u00e7menizi \u00f6neririz - &nbsp;<a rel=\"noreferrer noopener\" href=\"http:\/\/srs-cert.com\/\" target=\"_blank\">SRS (Shanghai) Certification Co, Ltd<\/a> \u4e0a\u6d77\u65f6\u8fce\u8ba4\u8bc1\u670d\u52a1\u6709\u9650\u516c\u53f8 - \u00c7in Organik Standard\u0131 GB\/T 19630-2019 i\u00e7in sertifika almakla ilgileniyorsan\u0131z, bu standart i\u00e7in akredite olan.<\/p>\n<\/div>\n<\/div>\n\n\n\n<p><\/p>","protected":false},"excerpt":{"rendered":"<p>A\u015fa\u011f\u0131da, yayg\u0131n olarak bilinen ve geni\u015f \u00e7apta uygulanan bir dizi organik standarda ba\u011flant\u0131lar verilmi\u015ftir. Bir \u00fclkede (\u00f6rne\u011fin ABD, Japonya, ...) veya b\u00f6lgede (\u00f6rne\u011fin AB) organik olarak etiketlenecek \u00fcr\u00fcnler, ilgili standarda g\u00f6re \u00fcretilmelidir. A\u015fa\u011f\u0131daki standartlar i\u00e7in halihaz\u0131rda sertifikasyon sunmaktay\u0131z: AB Organik Y\u00f6netmelikleri: SRS Organik Standard\u0131 tan\u0131nm\u0131\u015ft\u0131r ...<\/p>\n<p class=\"read-more\"> <a class=\"\" href=\"https:\/\/srs-certification.com\/tr\/certserv\/org-2\/\"> <span class=\"screen-reader-text\">Organik<\/span> Daha Fazla Oku \"<\/a><\/p>","protected":false},"author":5,"featured_media":0,"parent":37,"menu_order":1,"comment_status":"closed","ping_status":"closed","template":"","meta":{"inline_featured_image":false,"site-sidebar-layout":"default","site-content-layout":"default","ast-global-header-display":"","ast-main-header-display":"","ast-hfb-above-header-display":"","ast-hfb-below-header-display":"","ast-hfb-mobile-header-display":"","site-post-title":"disabled","ast-breadcrumbs-content":"","ast-featured-img":"","footer-sml-layout":"","theme-transparent-header-meta":"","adv-header-id-meta":"","stick-header-meta":"","header-above-stick-meta":"","header-main-stick-meta":"","header-below-stick-meta":"","footnotes":""},"class_list":["post-42","page","type-page","status-publish","hentry"],"_links":{"self":[{"href":"https:\/\/srs-certification.com\/tr\/wp-json\/wp\/v2\/pages\/42","targetHints":{"allow":["GET"]}}],"collection":[{"href":"https:\/\/srs-certification.com\/tr\/wp-json\/wp\/v2\/pages"}],"about":[{"href":"https:\/\/srs-certification.com\/tr\/wp-json\/wp\/v2\/types\/page"}],"author":[{"embeddable":true,"href":"https:\/\/srs-certification.com\/tr\/wp-json\/wp\/v2\/users\/5"}],"replies":[{"embeddable":true,"href":"https:\/\/srs-certification.com\/tr\/wp-json\/wp\/v2\/comments?post=42"}],"version-history":[{"count":4,"href":"https:\/\/srs-certification.com\/tr\/wp-json\/wp\/v2\/pages\/42\/revisions"}],"predecessor-version":[{"id":4672,"href":"https:\/\/srs-certification.com\/tr\/wp-json\/wp\/v2\/pages\/42\/revisions\/4672"}],"up":[{"embeddable":true,"href":"https:\/\/srs-certification.com\/tr\/wp-json\/wp\/v2\/pages\/37"}],"wp:attachment":[{"href":"https:\/\/srs-certification.com\/tr\/wp-json\/wp\/v2\/media?parent=42"}],"curies":[{"name":"wp","href":"https:\/\/api.w.org\/{rel}","templated":true}]}}