{"id":4375,"date":"2023-12-20T15:43:29","date_gmt":"2023-12-20T14:43:29","guid":{"rendered":"https:\/\/srs-certification.com\/?page_id=4375"},"modified":"2025-06-16T13:00:37","modified_gmt":"2025-06-16T11:00:37","slug":"legisorg","status":"publish","type":"page","link":"https:\/\/srs-certification.com\/tr\/akredi%cc%87tasyonlar\/legisorg\/","title":{"rendered":"Organik \u0130\u015fletmeci i\u00e7in Mevzuat"},"content":{"rendered":"<h5 class=\"wp-block-heading has-text-align-center\"><strong>Operat\u00f6rlerin 2018\/848 (AB) say\u0131l\u0131 T\u00fcz\u00fc\u011fe Uygun Olarak Belgelendirilmesi i\u00e7in \u0130lgili Mevzuat<\/strong>:<\/h5>\n\n\n\n<h6 class=\"wp-block-heading has-text-align-center\"><strong>Di\u011fer dillere \u00e7eviriler ofisimizden talep edilebilir.<\/strong><\/h6>\n\n\n\n<p><\/p>\n\n\n\n<ul class=\"wp-block-list\">\n<li><strong>Organik \u00fcretim ve organik \u00fcr\u00fcnlerin etiketlenmesine ili\u015fkin y\u00f6netmelik<\/strong> (2018\/848 say\u0131l\u0131 T\u00fcz\u00fck (AB) - temel kanun)<br><a href=\"https:\/\/eur-lex.europa.eu\/legal-content\/EN\/TXT\/PDF\/?uri=CELEX:02018R0848-20241201\">https:\/\/eur-lex.europa.eu\/legal-content\/EN\/TXT\/PDF\/?uri=CELEX:02018R0848-20241201<\/a><\/li>\n\n\n\n<li><strong>D\u00f6n\u00fc\u015f\u00fcm s\u00fcresinin geriye d\u00f6n\u00fck muhasebele\u015ftirilmesi<\/strong> (Komisyon Uygulama Y\u00f6netmeli\u011fi (AB) 2020\/464 -b\u00f6l\u00fcm 1)<br><a href=\"https:\/\/eur-lex.europa.eu\/legal-content\/EN\/TXT\/PDF\/?uri=CELEX:02020R0464-20211125\">https:\/\/eur-lex.europa.eu\/legal-content\/EN\/TXT\/PDF\/?uri=CELEX:02020R0464-20211125<\/a><\/li>\n\n\n\n<li><strong>Felaket durumlar\u0131nda istisnai \u00fcretim kurallar\u0131<\/strong> (2020\/2146 say\u0131l\u0131 Komisyon Yetkilendirilmi\u015f Y\u00f6netmeli\u011fi (AB))<br><a href=\"https:\/\/eur-lex.europa.eu\/legal-content\/EN\/TXT\/PDF\/?uri=CELEX:02020R2146-20240111&amp;qid=1733321056083\">https:\/\/eur-lex.europa.eu\/legal-content\/EN\/TXT\/PDF\/?uri=CELEX:02020R2146-20240111&amp;qid=1733321056083<\/a><\/li>\n\n\n\n<li><strong>Uyumsuzluk \u015f\u00fcphesi ve \u00fcretici gruplar\u0131na ili\u015fkin vakalar\u0131n ele al\u0131nmas\u0131na ili\u015fkin kurallar<\/strong> (2021\/279 say\u0131l\u0131 Komisyon Uygulama Y\u00f6netmeli\u011fi (AB))<br><a href=\"https:\/\/eur-lex.europa.eu\/legal-content\/EN\/TXT\/PDF\/?uri=CELEX:32021R0279\">https:\/\/eur-lex.europa.eu\/legal-content\/EN\/TXT\/PDF\/?uri=CELEX:32021R0279<\/a><\/li>\n\n\n\n<li><strong>Belgelendirme kurulu\u015fu taraf\u0131ndan belgesel hesaplar\u0131n ve \u00fcretici gruplar\u0131n\u0131n kontrolleri<\/strong> (2021\/771 say\u0131l\u0131 Komisyon Yetkilendirilmi\u015f Y\u00f6netmeli\u011fi (AB))<br><a href=\"https:\/\/eur-lex.europa.eu\/legal-content\/EN\/TXT\/PDF\/?uri=CELEX:02021R0771-20210511\">https:\/\/eur-lex.europa.eu\/legal-content\/EN\/TXT\/PDF\/?uri=CELEX:02021R0771-20210511<\/a><\/li>\n\n\n\n<li><strong>\u0130zin verilen \u00fcr\u00fcn ve maddelerin listesi<\/strong> (2021\/1165 say\u0131l\u0131 Komisyon Uygulama Y\u00f6netmeli\u011fi (AB))<br><a href=\"https:\/\/eur-lex.europa.eu\/legal-content\/EN\/TXT\/HTML\/?uri=CELEX:02021R1165-20231115\">https:\/\/eur-lex.europa.eu\/legal-content\/EN\/TXT\/HTML\/?uri=CELEX:02021R1165-20231115<\/a><\/li>\n\n\n\n<li><strong>Bitki \u00fcreme materyalinin \u00fcretimi ve pazarlanmas\u0131 <\/strong>(2021\/1189 say\u0131l\u0131 Komisyon Yetkilendirilmi\u015f Y\u00f6netmeli\u011fi (AB))<br><a href=\"https:\/\/eur-lex.europa.eu\/legal-content\/EN\/TXT\/PDF\/?uri=CELEX:02021R1189-20220705\">https:\/\/eur-lex.europa.eu\/legal-content\/EN\/TXT\/PDF\/?uri=CELEX:02021R1189-20220705<\/a><\/li>\n\n\n\n<li><strong>Operat\u00f6rlerden ve operat\u00f6r gruplar\u0131ndan istenen kay\u0131tlar<\/strong> (2021\/2119 say\u0131l\u0131 Komisyon Uygulama Y\u00f6netmeli\u011fi (AB))<br><a href=\"https:\/\/eur-lex.europa.eu\/legal-content\/EN\/TXT\/PDF\/?uri=CELEX:02021R2119-20221118\">https:\/\/eur-lex.europa.eu\/legal-content\/EN\/TXT\/PDF\/?uri=CELEX:02021R2119-20221118<\/a><\/li>\n\n\n\n<li><strong>Evcil hayvan mamalar\u0131n\u0131n etiketlenmesi <\/strong>(2023\/2419 say\u0131l\u0131 T\u00fcz\u00fck (AB))<br><a href=\"https:\/\/eur-lex.europa.eu\/legal-content\/EN\/TXT\/PDF\/?uri=OJ:L_202302419&amp;qid=1701252421924\">https:\/\/eur-lex.europa.eu\/legal-content\/EN\/TXT\/PDF\/?uri=OJ:L_202302419&amp;qid=1701252421924<\/a><\/li>\n<\/ul>\n\n\n\n<p><\/p>\n\n\n\n<h5 class=\"wp-block-heading has-text-align-center\"><strong><strong>2018\/848 say\u0131l\u0131 y\u00f6netmeli\u011fe (UE) uygun op\u00e9rateurs sertifikasyonu i\u00e7in ilgili mevzuat<\/strong><\/strong><\/h5>\n\n\n\n<p><\/p>\n\n\n\n<ul class=\"wp-block-list\">\n<li><strong>Biyolojik \u00fcretim ve biyolojik \u00fcr\u00fcnlerin etiketlenmesine ili\u015fkin y\u00f6netmelik<\/strong> (r\u00e8glement (UE) 2018\/848 - acte de base)<br><a href=\"https:\/\/eur-lex.europa.eu\/legal-content\/FR\/TXT\/PDF\/?uri=CELEX:02018R0848-20241201\" target=\"_blank\" rel=\"noreferrer noopener\">https:\/\/eur-lex.europa.eu\/legal-content\/FR\/TXT\/PDF\/?uri=CELEX:02018R0848-20241201<\/a><\/li>\n\n\n\n<li><strong>D\u00f6n\u00fc\u015f\u00fcm s\u00fcresinin yeniden ke\u015ffi (reconnaissance r\u00e9troactive de la p\u00e9riode de conversion) <\/strong>(Komisyon'un 2020\/464 say\u0131l\u0131 uygulama y\u00f6netmeli\u011fi (UE) - b\u00f6l\u00fcm 1)<br><a href=\"https:\/\/eur-lex.europa.eu\/legal-content\/FR\/TXT\/PDF\/?uri=CELEX:02020R0464-20211125\">https:\/\/eur-lex.europa.eu\/legal-content\/FR\/TXT\/PDF\/?uri=CELEX:02020R0464-20211125<\/a><\/li>\n\n\n\n<li><strong>Felaketler s\u0131ras\u0131nda istisnai \u00fcretim kurallar\u0131<\/strong> (2020\/2146 say\u0131l\u0131 Komisyon Y\u00f6netmeli\u011fi (UE))<br><a href=\"https:\/\/eur-lex.europa.eu\/legal-content\/FR\/TXT\/PDF\/?uri=CELEX:02020R2146-20240111&amp;qid=1733321056083\">https:\/\/eur-lex.europa.eu\/legal-content\/FR\/TXT\/PDF\/?uri=CELEX:02020R2146-20240111&amp;qid=1733321056083<\/a><\/li>\n\n\n\n<li><strong>Manquement ve op\u00e9rateurs gruplar\u0131na ili\u015fkin y\u00f6netmelikler<\/strong> (Komisyon'un 2021\/279 say\u0131l\u0131 Uygulama Y\u00f6netmeli\u011fi (UE))<br><a href=\"https:\/\/eur-lex.europa.eu\/legal-content\/FR\/TXT\/PDF\/?uri=CELEX:02021R0279-20210223\">https:\/\/eur-lex.europa.eu\/legal-content\/FR\/TXT\/PDF\/?uri=CELEX:02021R0279-20210223<\/a><\/li>\n\n\n\n<li><strong>Belgelendirme kurulu\u015fu taraf\u0131ndan yap\u0131lan belge ve \u00e7al\u0131\u015fma grubu kontrolleri <\/strong>(2021\/771 say\u0131l\u0131 Komisyon Y\u00f6netmeli\u011fi (UE))<br><a href=\"https:\/\/eur-lex.europa.eu\/legal-content\/FR\/TXT\/PDF\/?uri=CELEX:02021R0771-20210511\">https:\/\/eur-lex.europa.eu\/legal-content\/FR\/TXT\/PDF\/?uri=CELEX:02021R0771-20210511<\/a><\/li>\n\n\n\n<li><strong>\u0130zin verilen \u00fcr\u00fcnler ve maddeler listesi<\/strong> (Komisyon'un 2021\/1165 say\u0131l\u0131 uygulama y\u00f6netmeli\u011fi (UE))<br><a href=\"https:\/\/eur-lex.europa.eu\/legal-content\/FR\/TXT\/HTML\/?uri=CELEX:02021R1165-20231115\">https:\/\/eur-lex.europa.eu\/legal-content\/FR\/TXT\/HTML\/?uri=CELEX:02021R1165-20231115<\/a><\/li>\n\n\n\n<li><strong>Canl\u0131 \u00fcreme malzemelerinin \u00fcretimi ve ticarile\u015ftirilmesi <\/strong>(2021\/1189 say\u0131l\u0131 Komisyon Y\u00f6netmeli\u011fi (UE))<br><a href=\"https:\/\/eur-lex.europa.eu\/legal-content\/FR\/TXT\/PDF\/?uri=CELEX:02021R1189-20220705\">https:\/\/eur-lex.europa.eu\/legal-content\/FR\/TXT\/PDF\/?uri=CELEX:02021R1189-20220705<\/a><\/li>\n\n\n\n<li><strong>Operat\u00f6rler ve operat\u00f6r gruplar\u0131 i\u00e7in gerekli kay\u0131tlar<\/strong> (Komisyon'un 2021\/2119 say\u0131l\u0131 uygulama y\u00f6netmeli\u011fi (UE))<br><a href=\"https:\/\/eur-lex.europa.eu\/legal-content\/FR\/TXT\/PDF\/?uri=CELEX:02021R2119-20221118\">https:\/\/eur-lex.europa.eu\/legal-content\/FR\/TXT\/PDF\/?uri=CELEX:02021R2119-20221118<\/a><\/li>\n\n\n\n<li><strong>Aile hayvanlar\u0131 i\u00e7in yiyeceklerin etiketlenmesi <\/strong>(r\u00e8glement (UE) 2023\/2419)<br><a href=\"https:\/\/eur-lex.europa.eu\/legal-content\/FR\/TXT\/PDF\/?uri=OJ:L_202302419&amp;qid=1701252475827\">https:\/\/eur-lex.europa.eu\/legal-content\/FR\/TXT\/PDF\/?uri=OJ:L_202302419&amp;qid=1701252475827<\/a><\/li>\n<\/ul>\n\n\n\n<p><\/p>\n\n\n\n<h5 class=\"wp-block-heading has-text-align-center\"><strong>Operat\u00f6rlerin 2018\/848 (AB) say\u0131l\u0131 T\u00fcz\u00fck ile Uyumlulu\u011funun Belgelendirilmesi i\u00e7in \u0130lgili Belgeler - \u00c7ince \u00c7eviriler<\/strong><\/h5>\n\n\n\n<p><\/p>\n\n\n\n<h5 class=\"wp-block-heading has-text-align-center\"><strong>1.<\/strong> <strong>\u0130lgili Mevzuat Al\u0131nt\u0131lar\u0131<\/strong><\/h5>\n\n\n\n<p><\/p>\n\n\n\n<p class=\"has-text-align-center\"><strong>Not: <\/strong>Sa\u011flanan \u00e7eviriler resmi \u00e7eviri DE\u011e\u0130LD\u0130R, sadece bilgi ama\u00e7l\u0131d\u0131r. <br>Orijinal \u0130ngilizce versiyon ile \u00c7ince \u00e7eviri aras\u0131nda tutars\u0131zl\u0131k olmas\u0131 durumunda \u0130ngilizce versiyon ge\u00e7erli olacakt\u0131r.<\/p>\n\n\n\n<p><strong>T\u00fcm Operat\u00f6rler i\u00e7in Ge\u00e7erli \u00dcretim Kurallar\u0131 - 2018\/848 say\u0131l\u0131 T\u00fcz\u00fck (AB), B\u00f6l\u00fcm III ve Ek III<\/strong><\/p>\n\n\n\n<ul class=\"wp-block-list\">\n<li><a href=\"https:\/\/srs-certification.com\/wp-content\/uploads\/2024\/03\/2018-848-General-production-rules-art-9-11.pdf\" target=\"_blank\" rel=\"noreferrer noopener\">Genel \u00fcretim kurallar\u0131, GDO'lar\u0131n d\u00f6n\u00fc\u015ft\u00fcr\u00fclmesi ve kullan\u0131m\u0131n\u0131n yasaklanmas\u0131 (madde 9-11)<\/a><\/li>\n\n\n\n<li><a href=\"https:\/\/srs-certification.com\/wp-content\/uploads\/2024\/03\/2018-848-art-27-and-28.pdf\" target=\"_blank\" rel=\"noreferrer noopener\">Uygunsuzluk \u015f\u00fcphesi durumunda y\u00fck\u00fcml\u00fcl\u00fckler ve eylemler ve izinsiz \u00fcr\u00fcn ve maddelerin varl\u0131\u011f\u0131n\u0131 \u00f6nlemek i\u00e7in ihtiyati tedbirler (madde 27 ve 28)<\/a><\/li>\n\n\n\n<li><a href=\"https:\/\/srs-certification.com\/wp-content\/uploads\/2024\/03\/2018-848-Collection-packaging-transport-storage.pdf\" target=\"_blank\" rel=\"noreferrer noopener\">\u00dcr\u00fcnlerin toplanmas\u0131, paketlenmesi, ta\u015f\u0131nmas\u0131 ve depolanmas\u0131 (Ek III)<\/a><\/li>\n<\/ul>\n\n\n\n<p><\/p>\n\n\n\n<p><strong>Ayr\u0131nt\u0131l\u0131 \u00dcretim Kurallar\u0131 - 2018\/848 (AB) say\u0131l\u0131 T\u00fcz\u00fck, Ek II (ve 12-19. maddeler)<\/strong><\/p>\n\n\n\n<ul class=\"wp-block-list\">\n<li><a href=\"https:\/\/srs-certification.com\/wp-content\/uploads\/2024\/03\/2018-848-Production-rules-crops.pdf\" target=\"_blank\" rel=\"noreferrer noopener\">Bitkisel \u00fcretim kurallar\u0131 (b\u00f6l\u00fcm I)<\/a><\/li>\n\n\n\n<li><a href=\"https:\/\/srs-certification.com\/wp-content\/uploads\/2024\/03\/2018-848-Production-rules-food-processing.pdf\" target=\"_blank\" rel=\"noreferrer noopener\">\u0130\u015flenmi\u015f g\u0131da \u00fcretim kurallar\u0131 (b\u00f6l\u00fcm IV)<\/a><\/li>\n\n\n\n<li><a href=\"https:\/\/srs-certification.com\/wp-content\/uploads\/2024\/03\/2018-848-Production-rules-feed.pdf\" target=\"_blank\" rel=\"noreferrer noopener\">\u0130\u015flenmi\u015f yem \u00fcretim kurallar\u0131 (b\u00f6l\u00fcm V)<\/a><\/li>\n\n\n\n<li><a href=\"https:\/\/srs-certification.com\/wp-content\/uploads\/2024\/03\/2018-848-Production-rules-wine.pdf\" target=\"_blank\" rel=\"noreferrer noopener\">\u015earap (b\u00f6l\u00fcm VI)<\/a><\/li>\n\n\n\n<li><a href=\"https:\/\/srs-certification.com\/wp-content\/uploads\/2024\/03\/2018-848-Production-rules-yeast.pdf\" target=\"_blank\" rel=\"noreferrer noopener\">G\u0131da veya yem olarak kullan\u0131lan maya (b\u00f6l\u00fcm VII)<\/a><\/li>\n<\/ul>\n\n\n\n<p><\/p>\n\n\n\n<p><strong>\u0130zin verilen \u00fcr\u00fcn ve maddelerin listesi - 2021\/1165 (AB) say\u0131l\u0131 Komisyon Uygulama Y\u00f6netmeli\u011fi, Ek I - III ve V&nbsp;<\/strong><\/p>\n\n\n\n<ul class=\"wp-block-list\">\n<li><a href=\"https:\/\/srs-certification.com\/wp-content\/uploads\/2024\/03\/2021-1165-Inputs-plant-protection-\u6295\u5165\u54c1-\u690d\u4fdd\u4ea7\u54c1.pdf\" target=\"_blank\" rel=\"noreferrer noopener\">Bitki koruma \u00fcr\u00fcnlerindeki aktif maddeler (ek I)<\/a><\/li>\n\n\n\n<li><a href=\"https:\/\/srs-certification.com\/wp-content\/uploads\/2024\/03\/2021-1165-Inputs-fertilizers-\u6295\u5165\u54c1-\u80a5\u6599.pdf\" target=\"_blank\" rel=\"noreferrer noopener\">G\u00fcbreler, toprak d\u00fczenleyiciler ve besin maddeleri (ek II)<\/a><\/li>\n\n\n\n<li><a href=\"https:\/\/srs-certification.com\/wp-content\/uploads\/2024\/03\/2021-1165-Inputs-feed-\u6295\u5165\u54c1-\u9972\u6599.pdf\" target=\"_blank\" rel=\"noreferrer noopener\">Yem olarak veya yem \u00fcretiminde kullan\u0131lan \u00fcr\u00fcnler ve maddeler (ek III)<\/a><\/li>\n\n\n\n<li><a href=\"https:\/\/srs-certification.com\/wp-content\/uploads\/2024\/03\/2021-1165-Inputs-food-additives-and-processing-aids-\u6295\u5165\u54c1-\u98df\u54c1\u6dfb\u52a0\u5242\u548c\u52a0\u5de5\u52a9\u5242.pdf\" target=\"_blank\" rel=\"noreferrer noopener\">\u0130\u015flenmi\u015f organik g\u0131da \u00fcretiminde kullan\u0131lan \u00fcr\u00fcnler ve maddeler (ek V, b\u00f6l\u00fcm A ve B)<\/a><\/li>\n\n\n\n<li><a href=\"https:\/\/srs-certification.com\/wp-content\/uploads\/2024\/03\/2021-1165-Inputs-yeast-\u6295\u5165\u54c1-\u9175\u6bcd.pdf\" target=\"_blank\" rel=\"noreferrer noopener\">G\u0131da veya yem olarak kullan\u0131lan maya \u00fcretiminde kullan\u0131lan \u00fcr\u00fcnler ve maddeler (ek V, b\u00f6l\u00fcm C)<\/a><\/li>\n\n\n\n<li><a href=\"https:\/\/srs-certification.com\/wp-content\/uploads\/2024\/03\/2021-1165-Inputs-wine-\u6295\u5165\u54c1-\u9152\u7c7b.pdf\" target=\"_blank\" rel=\"noreferrer noopener\">Organik asma \u00fcr\u00fcnlerinin \u00fcretimi ve muhafazas\u0131 i\u00e7in \u00fcr\u00fcnler ve maddeler (ek V, b\u00f6l\u00fcm D)<\/a><\/li>\n<\/ul>\n\n\n\n<p><\/p>\n\n\n\n<p><strong>Di\u011ferleri - 2018\/848 say\u0131l\u0131 T\u00fcz\u00fck (AB)<\/strong><\/p>\n\n\n\n<ul class=\"wp-block-list\">\n<li><a href=\"https:\/\/srs-certification.com\/wp-content\/uploads\/2024\/03\/2018-848-Production-rules-marketing-PPM-art-13.pdf\" target=\"_blank\" rel=\"noreferrer noopener\">Organik heterojen materyalden olu\u015fan bitki \u00fcreme materyalinin pazarlanmas\u0131na ili\u015fkin \u00f6zel h\u00fck\u00fcmler (madde 13)<\/a><\/li>\n\n\n\n<li><a href=\"https:\/\/srs-certification.com\/wp-content\/uploads\/2024\/03\/2018-848-Production-rules-others-art-21.pdf\" target=\"_blank\" rel=\"noreferrer noopener\">Madde 12 ila 19'da at\u0131fta bulunulan \u00fcr\u00fcn kategorilerine girmeyen \u00fcr\u00fcnler i\u00e7in \u00fcretim kurallar\u0131 (madde 21)<\/a><\/li>\n\n\n\n<li><a href=\"https:\/\/srs-certification.com\/wp-content\/uploads\/2024\/03\/2018-848-Labelling-\u6807\u8bc6.pdf\" target=\"_blank\" rel=\"noreferrer noopener\">Etiketleme (b\u00f6l\u00fcm IV)<\/a><\/li>\n\n\n\n<li><a href=\"https:\/\/srs-certification.com\/wp-content\/uploads\/2024\/03\/2018-848-Group-of-operators-\u64cd\u4f5c\u8005\u56e2\u4f53.pdf\" target=\"_blank\" rel=\"noreferrer noopener\">Operat\u00f6rler grubu (madde 36)<\/a><\/li>\n<\/ul>\n\n\n\n<p><\/p>\n\n\n\n<p class=\"has-text-align-center\"><\/p>\n\n\n\n<h5 class=\"gb-headline gb-headline-8c34c0ca gb-headline-text\"><strong>2. Di\u011fer belgeler<\/strong><\/h5>\n\n\n\n<p><\/p>\n\n\n\n<ul class=\"wp-block-list\">\n<li><a href=\"https:\/\/srs-certification.com\/wp-content\/uploads\/2025\/06\/ORG-N-Ti2-Steps-for-Organic-Certification-2025-06-03z.pdf\" target=\"_blank\" rel=\"noreferrer noopener\">Kontrol \u00f6nlemleri - ORG-N-Ti2 Organik Sertifikasyon i\u00e7in Ad\u0131mlar (SRS belgesi)<\/a><\/li>\n<\/ul>\n\n\n\n<p><\/p>\n\n\n\n<h5 class=\"wp-block-heading has-text-align-center\"><strong>Operat\u00f6rlerin 2018\/848 (AB) say\u0131l\u0131 T\u00fcz\u00fck ile Uyumlulu\u011funun Belgelendirilmesi i\u00e7in \u0130lgili Belgeler - T\u00fcrk\u00e7e \u00c7eviriler<\/strong><\/h5>\n\n\n\n<p><\/p>\n\n\n\n<h5 class=\"wp-block-heading has-text-align-center\"><strong>1. \u0130lgili Mevzuat Al\u0131nt\u0131lar\u0131<\/strong><\/h5>\n\n\n\n<p><\/p>\n\n\n\n<p class=\"has-text-align-center\"><strong>Not: <\/strong>Sa\u011flanan \u00e7eviriler resmi \u00e7eviri DE\u011e\u0130LD\u0130R, sadece bilgi ama\u00e7l\u0131d\u0131r. <br>Orijinal \u0130ngilizce versiyon ile T\u00fcrk\u00e7e \u00e7eviri aras\u0131nda farkl\u0131l\u0131klar olmas\u0131 halinde \u0130ngilizce versiyon esas al\u0131n\u0131r.<\/p>\n\n\n\n<p><strong>T\u00fcm Operat\u00f6rler i\u00e7in Ge\u00e7erli \u00dcretim Kurallar\u0131 - 2018\/848 say\u0131l\u0131 T\u00fcz\u00fck (AB), B\u00f6l\u00fcm III ve Ek III<\/strong><\/p>\n\n\n\n<ul class=\"wp-block-list\">\n<li><a href=\"https:\/\/srs-certification.com\/wp-content\/uploads\/2024\/05\/2018-848-General-production-rules-art-9-11-tr.pdf\">Genel \u00fcretim kurallar\u0131, GDO'lar\u0131n d\u00f6n\u00fc\u015ft\u00fcr\u00fclmesi ve kullan\u0131m\u0131n\u0131n yasaklanmas\u0131 (madde 9-11)<\/a><\/li>\n\n\n\n<li><a href=\"https:\/\/srs-certification.com\/wp-content\/uploads\/2024\/05\/2018-848-Suspicion-precautionary-measures-tr.pdf\" data-type=\"link\" data-id=\"https:\/\/srs-certification.com\/wp-content\/uploads\/2024\/05\/2018-848-Suspicion-precautionary-measures-tr.pdf\">Uygunsuzluk \u015f\u00fcphesi durumunda y\u00fck\u00fcml\u00fcl\u00fckler ve eylemler ve izinsiz \u00fcr\u00fcn ve maddelerin varl\u0131\u011f\u0131n\u0131 \u00f6nlemek i\u00e7in ihtiyati tedbirler (madde 27 ve 28)<\/a><\/li>\n\n\n\n<li><a href=\"https:\/\/srs-certification.com\/wp-content\/uploads\/2024\/05\/2018-848-Collection-packaging-transport-storage-tr.pdf\">\u00dcr\u00fcnlerin toplanmas\u0131, paketlenmesi, ta\u015f\u0131nmas\u0131 ve depolanmas\u0131 (Ek III)<\/a><\/li>\n<\/ul>\n\n\n\n<p><\/p>\n\n\n\n<p><strong>Ayr\u0131nt\u0131l\u0131 \u00dcretim Kurallar\u0131 - 2018\/848 (AB) say\u0131l\u0131 T\u00fcz\u00fck, Ek II (ve 12-19. maddeler)<\/strong><\/p>\n\n\n\n<ul class=\"wp-block-list\">\n<li>Bitkisel \u00fcretim kurallar\u0131 (b\u00f6l\u00fcm I)<br><a href=\"https:\/\/srs-certification.com\/wp-content\/uploads\/2024\/05\/2018-848-Production-rules-crops-tr.pdf\">https:\/\/srs-certification.com\/wp-content\/uploads\/2024\/05\/2018-848-Production-rules-crops-tr.pdf<\/a><\/li>\n\n\n\n<li>\u0130\u015flenmi\u015f g\u0131da \u00fcretim kurallar\u0131 (b\u00f6l\u00fcm IV)<br><a href=\"https:\/\/srs-certification.com\/wp-content\/uploads\/2024\/05\/2018-848-Production-rules-food-processing-tr.pdf\">https:\/\/srs-certification.com\/wp-content\/uploads\/2024\/05\/2018-848-Production-rules-food-processing-tr.pdf<\/a><\/li>\n\n\n\n<li>\u0130\u015flenmi\u015f yem \u00fcretim kurallar\u0131 (b\u00f6l\u00fcm V)<br><a href=\"https:\/\/srs-certification.com\/wp-content\/uploads\/2024\/03\/2018-848-Production-rules-feed.pdf\">https:\/\/srs-certification.com\/wp-content\/uploads\/2024\/03\/2018-848-Production-rules-feed.pdf<\/a><\/li>\n\n\n\n<li>\u015earap (b\u00f6l\u00fcm VI)<br><a href=\"https:\/\/srs-certification.com\/wp-content\/uploads\/2024\/03\/2018-848-Production-rules-wine.pdf\">https:\/\/srs-certification.com\/wp-content\/uploads\/2024\/03\/2018-848-Production-rules-wine.pdf<\/a><\/li>\n\n\n\n<li>G\u0131da veya yem olarak kullan\u0131lan maya (b\u00f6l\u00fcm VII)<br><a href=\"https:\/\/srs-certification.com\/wp-content\/uploads\/2024\/03\/2018-848-Production-rules-yeast.pdf\">https:\/\/srs-certification.com\/wp-content\/uploads\/2024\/03\/2018-848-Production-rules-yeast.pdf<\/a><\/li>\n<\/ul>\n\n\n\n<p><\/p>\n\n\n\n<p><strong>\u0130zin verilen \u00fcr\u00fcn ve maddelerin listesi - 2021\/1165 (AB) say\u0131l\u0131 Komisyon Uygulama Y\u00f6netmeli\u011fi, Ek I - III ve V&nbsp;<\/strong><\/p>\n\n\n\n<ul class=\"wp-block-list\">\n<li>Bitki koruma \u00fcr\u00fcnlerindeki aktif maddeler (ek I)<br><a href=\"https:\/\/srs-certification.com\/wp-content\/uploads\/2024\/07\/2021-1165-Inputs-fertilizers.pdf\">https:\/\/srs-certification.com\/wp-content\/uploads\/2024\/03\/2021-1165-Inputs-plant-protection<\/a>.pdf<\/li>\n\n\n\n<li>G\u00fcbreler, toprak d\u00fczenleyiciler ve besin maddeleri (ek II)<br><a href=\"https:\/\/srs-certification.com\/wp-content\/uploads\/2024\/03\/2021-1165-Inputs-fertilizers.pdf\">https:\/\/srs-certification.com\/wp-content\/uploads\/2024\/03\/2021-1165-Inputs-fertilizers.pdf<\/a><\/li>\n\n\n\n<li>Yem olarak veya yem \u00fcretiminde kullan\u0131lan \u00fcr\u00fcnler ve maddeler (ek III)<br><a href=\"https:\/\/srs-certification.com\/wp-content\/uploads\/2024\/03\/2021-1165-Inputs-feed.pdf\">https:\/\/srs-certification.com\/wp-content\/uploads\/2024\/03\/2021-1165-Inputs-feed.pdf<\/a><\/li>\n\n\n\n<li>\u0130\u015flenmi\u015f organik g\u0131da \u00fcretiminde kullan\u0131lan \u00fcr\u00fcnler ve maddeler (ek V, b\u00f6l\u00fcm A ve B)<br><a href=\"https:\/\/srs-certification.com\/wp-content\/uploads\/2024\/03\/2021-1165-Inputs-food-additives-and-processing-aids.pdf\">https:\/\/srs-certification.com\/wp-content\/uploads\/2024\/03\/2021-1165-Inputs-food-additives-and-processing-aids.pdf<\/a><\/li>\n\n\n\n<li>G\u0131da veya yem olarak kullan\u0131lan maya \u00fcretiminde kullan\u0131lan \u00fcr\u00fcnler ve maddeler (ek V, b\u00f6l\u00fcm C)<br><a href=\"https:\/\/srs-certification.com\/wp-content\/uploads\/2024\/03\/2021-1165-Inputs-yeast.pdf\">https:\/\/srs-certification.com\/wp-content\/uploads\/2024\/03\/2021-1165-Inputs-yeast.pdf<\/a><\/li>\n\n\n\n<li>Organik asma \u00fcr\u00fcnlerinin \u00fcretimi ve muhafazas\u0131 i\u00e7in \u00fcr\u00fcnler ve maddeler (ek V, b\u00f6l\u00fcm D)<br><a href=\"https:\/\/srs-certification.com\/wp-content\/uploads\/2024\/03\/2021-1165-Inputs-wine.pdf\">https:\/\/srs-certification.com\/wp-content\/uploads\/2024\/03\/2021-1165-Inputs-wine.pdf<\/a><\/li>\n<\/ul>\n\n\n\n<p><\/p>\n\n\n\n<p><strong>Di\u011ferleri - 2018\/848 say\u0131l\u0131 T\u00fcz\u00fck (AB)<\/strong><\/p>\n\n\n\n<ul class=\"wp-block-list\">\n<li><a href=\"https:\/\/srs-certification.com\/wp-content\/uploads\/2024\/03\/2018-848-Production-rules-marketing-PPM-art-13.pdf\">Organik heterojen materyalden olu\u015fan bitki \u00fcreme materyalinin pazarlanmas\u0131na ili\u015fkin \u00f6zel h\u00fck\u00fcmler (madde 13)<\/a><\/li>\n\n\n\n<li><a href=\"https:\/\/srs-certification.com\/wp-content\/uploads\/2024\/03\/2018-848-Production-rules-others-art-21.pdf\">Madde 12 ila 19'da at\u0131fta bulunulan \u00fcr\u00fcn kategorilerine girmeyen \u00fcr\u00fcnler i\u00e7in \u00fcretim kurallar\u0131 (madde 21)<\/a><\/li>\n\n\n\n<li><a href=\"https:\/\/srs-certification.com\/wp-content\/uploads\/2024\/05\/2018-848-Labelling-tr.pdf\">Etiketleme (b\u00f6l\u00fcm IV)<\/a><\/li>\n\n\n\n<li><a href=\"https:\/\/srs-certification.com\/wp-content\/uploads\/2024\/03\/2018-848-Group-of-operators.pdf\">Operat\u00f6rler grubu (madde 36)<\/a><\/li>\n<\/ul>\n\n\n\n<p><\/p>\n\n\n\n<h5 class=\"wp-block-heading has-text-align-center\"><strong>2. Di\u011fer belgeler<\/strong><\/h5>\n\n\n\n<p><\/p>\n\n\n\n<ul class=\"wp-block-list\">\n<li><a href=\"https:\/\/srs-certification.com\/wp-content\/uploads\/2025\/06\/ORG-N-Ti2-Steps-for-Organic-Certification-2025-06-03.pdf\">Kontrol \u00f6nlemleri - ORG-N-Ti2 Organik Sertifikasyon i\u00e7in Ad\u0131mlar (SRS belgesi)<\/a><\/li>\n<\/ul>\n\n\n\n<p><\/p>\n\n\n\n<p class=\"has-text-align-center\"><strong>Di\u011fer dillere \u00e7eviriler ofisimizden talep edilebilir.<\/strong><\/p>\n\n\n\n<p><\/p>","protected":false},"excerpt":{"rendered":"<p>Relevant Legislation for Certification of Operators in Compliance with Regulation (EU) 2018\/848: Translations into other languages may be requested from our office. L\u00e9gislation pertinente pour la certification d\u2019op\u00e9rateurs conform\u00e9ment au r\u00e8glement (UE) 2018\/848 Relevant Documents for Certification of Operators in Compliance with Regulation (EU) 2018\/848 \u2013 Chinese Translations 1. Extracts of Relevant Legislation Note: Provided \u2026<\/p>\n<p class=\"read-more\"> <a class=\"\" href=\"https:\/\/srs-certification.com\/tr\/akredi%cc%87tasyonlar\/legisorg\/\"> <span class=\"screen-reader-text\">Organik \u0130\u015fletmeci i\u00e7in Mevzuat<\/span> Daha Fazla Oku \"<\/a><\/p>","protected":false},"author":2,"featured_media":0,"parent":53,"menu_order":2,"comment_status":"closed","ping_status":"closed","template":"","meta":{"inline_featured_image":false,"site-sidebar-layout":"default","site-content-layout":"default","ast-global-header-display":"","ast-main-header-display":"","ast-hfb-above-header-display":"","ast-hfb-below-header-display":"","ast-hfb-mobile-header-display":"","site-post-title":"","ast-breadcrumbs-content":"","ast-featured-img":"","footer-sml-layout":"","theme-transparent-header-meta":"","adv-header-id-meta":"","stick-header-meta":"","header-above-stick-meta":"","header-main-stick-meta":"","header-below-stick-meta":"","footnotes":""},"class_list":["post-4375","page","type-page","status-publish","hentry"],"_links":{"self":[{"href":"https:\/\/srs-certification.com\/tr\/wp-json\/wp\/v2\/pages\/4375","targetHints":{"allow":["GET"]}}],"collection":[{"href":"https:\/\/srs-certification.com\/tr\/wp-json\/wp\/v2\/pages"}],"about":[{"href":"https:\/\/srs-certification.com\/tr\/wp-json\/wp\/v2\/types\/page"}],"author":[{"embeddable":true,"href":"https:\/\/srs-certification.com\/tr\/wp-json\/wp\/v2\/users\/2"}],"replies":[{"embeddable":true,"href":"https:\/\/srs-certification.com\/tr\/wp-json\/wp\/v2\/comments?post=4375"}],"version-history":[{"count":9,"href":"https:\/\/srs-certification.com\/tr\/wp-json\/wp\/v2\/pages\/4375\/revisions"}],"predecessor-version":[{"id":4754,"href":"https:\/\/srs-certification.com\/tr\/wp-json\/wp\/v2\/pages\/4375\/revisions\/4754"}],"up":[{"embeddable":true,"href":"https:\/\/srs-certification.com\/tr\/wp-json\/wp\/v2\/pages\/53"}],"wp:attachment":[{"href":"https:\/\/srs-certification.com\/tr\/wp-json\/wp\/v2\/media?parent=4375"}],"curies":[{"name":"wp","href":"https:\/\/api.w.org\/{rel}","templated":true}]}}