{"id":44,"date":"2018-03-05T10:41:41","date_gmt":"2018-03-05T09:41:41","guid":{"rendered":"http:\/\/srs-certification.de\/?page_id=44"},"modified":"2026-03-25T14:30:05","modified_gmt":"2026-03-25T13:30:05","slug":"belgelendi%cc%87rme-ucretleri%cc%87","status":"publish","type":"page","link":"https:\/\/srs-certification.com\/tr\/certserv\/belgelendi%cc%87rme-ucretleri%cc%87\/","title":{"rendered":"Belgelendirme \u00dccretleri"},"content":{"rendered":"<p class=\"has-ast-global-color-8-color has-text-color\">Sertifika almak isteyen operat\u00f6rlerin \u00f6ncelikle bir <a href=\"https:\/\/srs-certification.com\/tr\/doclink\/\" target=\"_blank\" rel=\"noreferrer noopener\"><span style=\"color: #808080;\"><u><span class=\"has-inline-color has-black-color\">belgelendi\u0307rme ba\u015fvurusu<\/span><\/u><\/span><\/a>. Bunlar SRS taraf\u0131ndan incelendikten sonra, m\u00fc\u015fteriye geri bildirim ve ge\u00e7erli \u00fccretlerin bir listesini i\u00e7eren teklif g\u00f6nderilecektir.<\/p>\n\n\n\n<p class=\"has-ast-global-color-8-color has-text-color translation-block\"><span class=\"has-inline-color has-black-color\"> <\/span><span style=\"color: #8080\"><a href=\"https:\/\/srs-certification.com\/tr\/doclink\/\" target=\"_blank\" rel=\"noreferrer noopener\"><span class=\"has-inline-color has-black-color\">\u00fccretlerimiz<\/span><\/a> <\/span>hizmetlerimizin maliyetine dayanmaktad\u0131r, \u00f6rne\u011fin:<\/p>\n\n\n\n<ul class=\"wp-block-list has-ast-global-color-8-color has-text-color\">\n<li>Organik Proje Tan\u0131m\u0131'n\u0131n g\u00f6zden ge\u00e7irilmesi de dahil olmak \u00fczere ba\u015fvuru sahiplerine hizmet;<\/li>\n\n\n\n<li>Ek habersiz tefti\u015f de dahil olmak \u00fczere tefti\u015f;<\/li>\n\n\n\n<li>Karar verme;<\/li>\n\n\n\n<li>Sertifikalar\u0131n d\u00fczenlenmesi de dahil olmak \u00fczere belgelendirme;<\/li>\n\n\n\n<li>\u00d6zel hizmetler, \u00f6rne\u011fin kal\u0131nt\u0131 incelemeleri, \u015fikayetlerin ele al\u0131nmas\u0131, ek denetimler, i\u015flem sertifikalar\u0131 da dahil olmak \u00fczere ek\/de\u011fi\u015ftirilmi\u015f sertifikalar\u0131n d\u00fczenlenmesi, m\u00fc\u015fterilere e\u011fitim verilmesi.<\/li>\n<\/ul>\n\n\n\n<p class=\"has-ast-global-color-8-color has-text-color\">Yukar\u0131da listelenen hizmet \u00fccretlerine ek olarak, operat\u00f6r a\u015fa\u011f\u0131dakilerin ger\u00e7ek maliyetlerini kar\u015f\u0131lamaktan sorumludur:<\/p>\n\n\n\n<ul class=\"wp-block-list has-ast-global-color-8-color has-text-color\">\n<li>Yemek ve konaklama dahil olmak \u00fczere m\u00fcfetti\u015flerin seyahatleri;<\/li>\n\n\n\n<li>Standart sahipler taraf\u0131ndan olas\u0131 \u00fccretler.<\/li>\n<\/ul>\n\n\n\n<p><\/p>\n\n\n\n<p class=\"has-ast-global-color-8-color has-text-color\">Operat\u00f6r, s\u00f6zle\u015fmeyi imzalayarak teklifi kabul eder ve toplam tahmini maliyetler i\u00e7in bir fatura al\u0131r. Bu \u00fccretler al\u0131nd\u0131ktan sonra 14 g\u00fcn i\u00e7inde tam olarak \u00f6denmelidir.<\/p>\n\n\n\n<p class=\"has-ast-global-color-8-color has-text-color\">OPD veya kay\u0131t belgesi incelemesi sonucunda operasyonun sunuldu\u011fu \u015fekilde belgelendirilemeyece\u011fi ve herhangi bir denetim atanamayaca\u011f\u0131 ortaya \u00e7\u0131karsa, SRS ba\u015fvuru ve OPD inceleme \u00fccreti hari\u00e7 \u00f6denen tutar\u0131 geri \u00f6deyecektir.<\/p>\n\n\n\n<p class=\"has-ast-global-color-8-color has-text-color\">Ek denetimler ve ek testler i\u00e7in m\u00fc\u015fteriye maliyet tahmini ve 4 hafta i\u00e7inde \u00f6denmesi gereken faturay\u0131 i\u00e7eren bir bildirim g\u00f6nderilecektir. \u00d6nemli uygunsuzluklar\u0131, \u015fikayetleri veya soru\u015fturmalar\u0131 takip eden ek denetimler, ek denetimden \u00f6nce faturaland\u0131r\u0131l\u0131r ve bir kerede \u00f6denir.<\/p>\n\n\n\n<p class=\"has-ast-global-color-8-color has-text-color\">Rastgele se\u00e7ilen habersiz ek denetimler \u00fccretsizdir.<\/p>\n\n\n\n<p class=\"has-ast-global-color-8-color has-text-color\">\u00dccretler de\u011fi\u015firse veya operat\u00f6r taraf\u0131nda de\u011fi\u015fiklikler meydana gelirse, operat\u00f6re y\u0131ll\u0131k sertifika yenileme i\u00e7in bir maliyet tahmini g\u00f6nderilecektir. Herhangi bir \u00fccret de\u011fi\u015fikli\u011fi olmazsa, \u00f6deme emirleri g\u00f6nderilecektir. \u00d6deme i\u00e7in son zaman belirtilecek ve uygulanacakt\u0131r.<\/p>","protected":false},"excerpt":{"rendered":"<p>Operators wishing to be certified must first complete an application for certification. Once these have been reviewed by SRS, the client will receive feedback and the offer including a list of applicable fees. Our fees are based on the cost of our services, such as: In addition to the above listed service fees, the operator &hellip;<\/p>\n<p class=\"read-more\"> <a class=\"\" href=\"https:\/\/srs-certification.com\/tr\/certserv\/belgelendi%cc%87rme-ucretleri%cc%87\/\"> <span class=\"screen-reader-text\">Belgelendirme \u00dccretleri<\/span> Daha Fazla Oku \"<\/a><\/p>","protected":false},"author":2,"featured_media":0,"parent":37,"menu_order":6,"comment_status":"closed","ping_status":"closed","template":"","meta":{"inline_featured_image":false,"site-sidebar-layout":"default","site-content-layout":"default","ast-global-header-display":"","ast-main-header-display":"","ast-hfb-above-header-display":"","ast-hfb-below-header-display":"","ast-hfb-mobile-header-display":"","site-post-title":"disabled","ast-breadcrumbs-content":"","ast-featured-img":"","footer-sml-layout":"","theme-transparent-header-meta":"","adv-header-id-meta":"","stick-header-meta":"","header-above-stick-meta":"","header-main-stick-meta":"","header-below-stick-meta":"","footnotes":""},"class_list":["post-44","page","type-page","status-publish","hentry"],"_links":{"self":[{"href":"https:\/\/srs-certification.com\/tr\/wp-json\/wp\/v2\/pages\/44","targetHints":{"allow":["GET"]}}],"collection":[{"href":"https:\/\/srs-certification.com\/tr\/wp-json\/wp\/v2\/pages"}],"about":[{"href":"https:\/\/srs-certification.com\/tr\/wp-json\/wp\/v2\/types\/page"}],"author":[{"embeddable":true,"href":"https:\/\/srs-certification.com\/tr\/wp-json\/wp\/v2\/users\/2"}],"replies":[{"embeddable":true,"href":"https:\/\/srs-certification.com\/tr\/wp-json\/wp\/v2\/comments?post=44"}],"version-history":[{"count":7,"href":"https:\/\/srs-certification.com\/tr\/wp-json\/wp\/v2\/pages\/44\/revisions"}],"predecessor-version":[{"id":4906,"href":"https:\/\/srs-certification.com\/tr\/wp-json\/wp\/v2\/pages\/44\/revisions\/4906"}],"up":[{"embeddable":true,"href":"https:\/\/srs-certification.com\/tr\/wp-json\/wp\/v2\/pages\/37"}],"wp:attachment":[{"href":"https:\/\/srs-certification.com\/tr\/wp-json\/wp\/v2\/media?parent=44"}],"curies":[{"name":"wp","href":"https:\/\/api.w.org\/{rel}","templated":true}]}}