{"id":46,"date":"2018-03-05T10:42:00","date_gmt":"2018-03-05T09:42:00","guid":{"rendered":"http:\/\/srs-certification.de\/?page_id=46"},"modified":"2026-03-25T14:30:43","modified_gmt":"2026-03-25T13:30:43","slug":"haklar-ve-gorevler","status":"publish","type":"page","link":"https:\/\/srs-certification.com\/tr\/certserv\/haklar-ve-gorevler\/","title":{"rendered":"Haklar ve G\u00f6revler"},"content":{"rendered":"<p class=\"has-ast-global-color-8-color has-text-color\">Bir belgelendirme s\u00f6zle\u015fmesi imzaland\u0131ktan sonra, taraflar (operat\u00f6r ve SRS) a\u015fa\u011f\u0131daki g\u00f6rev ve haklara sahiptir:<\/p>\n\n\n\n<p class=\"has-ast-global-color-8-color has-text-color\"><strong>SRS'nin g\u00f6revleri \u015funlar\u0131 i\u00e7erir:<\/strong><\/p>\n\n\n\n<ul class=\"wp-block-list has-ast-global-color-8-color has-text-color\">\n<li>Operat\u00f6r\u00fcn se\u00e7ilen standartlara uygunlu\u011funun do\u011frulanmas\u0131;<\/li>\n\n\n\n<li>y\u0131ll\u0131k denetimlerin ve varsa ek denetimlerin ger\u00e7ekle\u015ftirilmesi;<\/li>\n\n\n\n<li>yetkin ve g\u00fcvenilir m\u00fcfetti\u015flerin i\u015fe al\u0131nmas\u0131;<\/li>\n\n\n\n<li>\u015fikayetlere yan\u0131t vermek; ve<\/li>\n\n\n\n<li>Standartlardaki t\u00fcm de\u011fi\u015fikliklerin yay\u0131nlanmas\u0131 ve operat\u00f6r\u00fcn bilgilendirilmesi.<\/li>\n<\/ul>\n\n\n\n<p><\/p>\n\n\n\n<p class=\"has-ast-global-color-8-color has-text-color\"><strong>Operat\u00f6r\u00fcn g\u00f6revleri \u015funlar\u0131 i\u00e7erir:<\/strong><\/p>\n\n\n\n<ul class=\"wp-block-list has-ast-global-color-8-color has-text-color\">\n<li>Se\u00e7ilen standartlara uygun olarak \u00e7al\u0131\u015fmak;<\/li>\n\n\n\n<li>bir operasyon tan\u0131m\u0131n\u0131n tamamlanmas\u0131 ve SRS'ye ek bilgi sa\u011flanmas\u0131;<\/li>\n\n\n\n<li>denetimlerin yap\u0131lmas\u0131na izin verilmesi;<\/li>\n\n\n\n<li>M\u00fcfetti\u015flerin istedikleri zaman t\u00fcm konumlara ve operasyona dahil olan ki\u015filere eri\u015fiminin sa\u011flanmas\u0131 ve gerekli belgelerin m\u00fcfetti\u015fe sunulmas\u0131;<\/li>\n\n\n\n<li>SRS'yi operasyondaki herhangi bir de\u011fi\u015fiklikten haberdar etmek;<\/li>\n\n\n\n<li>\u015eikayetler veya uygunsuzluk bulgular\u0131 durumunda, bunlar\u0131 \u00e7\u00f6zmek i\u00e7in i\u015fbirli\u011fi yapmak.<\/li>\n<\/ul>\n\n\n\n<p><\/p>\n\n\n\n<p class=\"has-ast-global-color-8-color has-text-color\">Taraflardan birinin g\u00f6revlerini yerine getirmemesi durumunda, her iki taraf da s\u00f6zle\u015fmeyi feshetme hakk\u0131na sahiptir.<\/p>\n\n\n\n<p class=\"has-ast-global-color-8-color has-text-color\"><\/p>\n\n\n\n<p class=\"has-ast-global-color-8-color has-text-color\">Haklar ve g\u00f6revlerle ilgili daha fazla ayr\u0131nt\u0131 a\u015fa\u011f\u0131daki belgede yer almaktad\u0131r\u00a0<span class=\"has-inline-color has-black-color\"><a href=\"https:\/\/srs-certification.com\/tr\/doclink\/\" target=\"_blank\" rel=\"noreferrer noopener\">SRS Belgelendirme S\u00f6zle\u015fmesi<\/a>istek \u00fczerine temin edilebilir. L\u00fctfen e-posta g\u00f6nderin:\u00a0<a href=\"mailto:info@srs-certification.com\">info@srscert-global.com<\/a><\/span><\/p>\n\n\n\n<p><\/p>","protected":false},"excerpt":{"rendered":"<p>Once a certification contract has been signed, the parties (the operator &amp; SRS) have the following duties and rights: SRS\u2019 duties include: The operator\u2019s duties include: Both parties have the right to terminate the contract, should either party not fullfill their duties. Further details regarding rights and duties are contained in the\u00a0SRS Certification\u00a0Contract, available upon &hellip;<\/p>\n<p class=\"read-more\"> <a class=\"\" href=\"https:\/\/srs-certification.com\/tr\/certserv\/haklar-ve-gorevler\/\"> <span class=\"screen-reader-text\">Haklar ve G\u00f6revler<\/span> Daha Fazla Oku \"<\/a><\/p>","protected":false},"author":2,"featured_media":0,"parent":37,"menu_order":7,"comment_status":"closed","ping_status":"closed","template":"","meta":{"inline_featured_image":false,"site-sidebar-layout":"default","site-content-layout":"default","ast-global-header-display":"","ast-main-header-display":"","ast-hfb-above-header-display":"","ast-hfb-below-header-display":"","ast-hfb-mobile-header-display":"","site-post-title":"disabled","ast-breadcrumbs-content":"","ast-featured-img":"","footer-sml-layout":"","theme-transparent-header-meta":"","adv-header-id-meta":"","stick-header-meta":"","header-above-stick-meta":"","header-main-stick-meta":"","header-below-stick-meta":"","footnotes":""},"class_list":["post-46","page","type-page","status-publish","hentry"],"_links":{"self":[{"href":"https:\/\/srs-certification.com\/tr\/wp-json\/wp\/v2\/pages\/46","targetHints":{"allow":["GET"]}}],"collection":[{"href":"https:\/\/srs-certification.com\/tr\/wp-json\/wp\/v2\/pages"}],"about":[{"href":"https:\/\/srs-certification.com\/tr\/wp-json\/wp\/v2\/types\/page"}],"author":[{"embeddable":true,"href":"https:\/\/srs-certification.com\/tr\/wp-json\/wp\/v2\/users\/2"}],"replies":[{"embeddable":true,"href":"https:\/\/srs-certification.com\/tr\/wp-json\/wp\/v2\/comments?post=46"}],"version-history":[{"count":6,"href":"https:\/\/srs-certification.com\/tr\/wp-json\/wp\/v2\/pages\/46\/revisions"}],"predecessor-version":[{"id":4907,"href":"https:\/\/srs-certification.com\/tr\/wp-json\/wp\/v2\/pages\/46\/revisions\/4907"}],"up":[{"embeddable":true,"href":"https:\/\/srs-certification.com\/tr\/wp-json\/wp\/v2\/pages\/37"}],"wp:attachment":[{"href":"https:\/\/srs-certification.com\/tr\/wp-json\/wp\/v2\/media?parent=46"}],"curies":[{"name":"wp","href":"https:\/\/api.w.org\/{rel}","templated":true}]}}