{"id":53,"date":"2018-03-05T10:45:52","date_gmt":"2018-03-05T09:45:52","guid":{"rendered":"http:\/\/srs-certification.de\/?page_id=53"},"modified":"2026-02-24T12:04:25","modified_gmt":"2026-02-24T11:04:25","slug":"akredi%cc%87tasyonlar","status":"publish","type":"page","link":"https:\/\/srs-certification.com\/tr\/akredi%cc%87tasyonlar\/","title":{"rendered":"Akreditasyonlar"},"content":{"rendered":"<h1 class=\"wp-block-heading\">Akreditasyonlar<\/h1>\n\n\n\n<p class=\"has-black-color has-text-color\">SRS Certification GmbH is currently accredited by DAkkS under ISO\/IEC 17065:2012 for organic product certification.<\/p>\n\n\n\n<p class=\"has-black-color has-text-color has-link-color wp-elements-4eb8934a39c1ad91afc0b06baf428d88\">SRS Certification GmbH has been accredited by DAkkS for certification against Regulation (EU) 2018\/848 for certification of operators in third countries. Furthermore, we have been recognised by the EU Commission as competent to carry out controls and issue organic certificates in third countries for the purpose of imports of organic products into the European Union. The list of countries and categories we are recognised for is published on the last two pages of <mark style=\"background-color:rgba(0, 0, 0, 0)\" class=\"has-inline-color has-black-color\"><a href=\"https:\/\/eur-lex.europa.eu\/legal-content\/EN\/TXT\/PDF\/?uri=OJ:L_202402794&amp;qid=1730967041114\" target=\"_blank\" rel=\"noreferrer noopener\">Regulation<\/a><\/mark><a href=\"https:\/\/eur-lex.europa.eu\/legal-content\/EN\/TXT\/HTML\/?uri=OJ:L_202402794&amp;qid=1730967041114\" target=\"_blank\" rel=\"noreferrer noopener\"> (EU) <\/a><a href=\"https:\/\/eur-lex.europa.eu\/legal-content\/EN\/TXT\/PDF\/?uri=OJ:L_202402794&amp;qid=1730967041114\" target=\"_blank\" rel=\"noreferrer noopener\">No<\/a><a href=\"https:\/\/eur-lex.europa.eu\/legal-content\/EN\/TXT\/HTML\/?uri=OJ:L_202402794&amp;qid=1730967041114\" target=\"_blank\" rel=\"noreferrer noopener\"> 2024\/2794<\/a>. See the <a href=\"https:\/\/srs-certification.com\/wp-content\/uploads\/2024\/11\/Extract-S14-Pol3.2-EU-Annex-I-Products-2024-02-05.pdf\">linked table<\/a> for products listed in Annex 1 of Regulation (EU) 2018\/848, for which we accept applications for certification.<\/p>\n\n\n\n<p>SRS Certification GmbH ayr\u0131ca DAkkS taraf\u0131ndan akredite edilmi\u015ftir ve <a href=\"https:\/\/assets.publishing.service.gov.uk\/media\/694972281a2e540ccd8a54a5\/Organics_Recognised_non_UK_control_bodies_and_authorities_December_2025.ods\">DEFRA taraf\u0131ndan tan\u0131nm\u0131\u015ft\u0131r<\/a> (Department for Environment, Food &amp; Rural Affairs) taraf\u0131ndan B\u00fcy\u00fck Britanya'ya ihra\u00e7 edilmek \u00fczere haz\u0131rlanm\u0131\u015ft\u0131r.<\/p>\n\n\n\n<p class=\"has-ast-global-color-8-color has-text-color\">SRS Certification GmbH \u015fu anda Amerika Birle\u015fik Devletleri Tar\u0131m Bakanl\u0131\u011f\u0131 taraf\u0131ndan bitkisel k\u00f6kenli organik \u00fcr\u00fcnlerin ve bunlar\u0131n i\u015flenmesinin belgelendirilmesi i\u00e7in akredite edilmi\u015ftir  <a rel=\"noreferrer noopener\" href=\"https:\/\/organic.ams.usda.gov\/integrity\/\" target=\"_blank\">NOP\/USDA Ulusal Organik Program\u0131 7 CFR B\u00f6l\u00fcm 205<\/a>.<\/p>\n\n\n\n<p class=\"has-black-color has-text-color\">Japon Tar\u0131m, Ormanc\u0131l\u0131k ve Bal\u0131k\u00e7\u0131l\u0131k Bakanl\u0131\u011f\u0131 taraf\u0131ndan, bitkisel k\u00f6kenli organik \u00fcr\u00fcnler, organik i\u015flenmi\u015f g\u0131dalar, organik yemler ve organik hayvanc\u0131l\u0131k \u00fcr\u00fcnleri i\u00e7in Organik JAS sertifikas\u0131 i\u00e7in akredite olduk. SRS'yi \u015fu listede bulabilirsiniz&nbsp;<mark style=\"background-color:rgba(0, 0, 0, 0)\" class=\"has-inline-color has-black-color\"><a href=\"https:\/\/www.maff.go.jp\/e\/policies\/standard\/specific\/attach\/pdf\/organic_JAS-69.pdf\" data-type=\"URL\" data-id=\"https:\/\/www.maff.go.jp\/e\/policies\/standard\/specific\/Organic_CB_overseas.pdf\" target=\"_blank\" rel=\"noreferrer noopener\">MAFF<\/a><\/mark>&nbsp;web sitesi (Sertifikasyon Kurulu\u015fu No. 32).<\/p>\n\n\n\n<h4 class=\"wp-block-heading has-text-align-center has-ast-global-color-8-color has-text-color\" id=\"dakks\"><strong>DAkkS Akreditasyonu<\/strong><\/h4>\n\n\n\n<div class=\"wp-block-columns is-layout-flex wp-container-core-columns-is-layout-28f84493 wp-block-columns-is-layout-flex\">\n<div class=\"wp-block-column is-layout-flow wp-block-column-is-layout-flow\">\n<figure class=\"wp-block-image size-large\"><img decoding=\"async\" src=\"https:\/\/srs-certification.com\/wp-content\/uploads\/2026\/02\/DAkkS-Certificate202511en-page1of1-scaled.jpg\" alt=\"\"\/><\/figure>\n<\/div>\n<\/div>\n\n\n\n<div class=\"wp-block-columns is-layout-flex wp-container-core-columns-is-layout-28f84493 wp-block-columns-is-layout-flex\">\n<div class=\"wp-block-column is-layout-flow wp-block-column-is-layout-flow\">\n<figure class=\"wp-block-image size-large\"><img decoding=\"async\" src=\"https:\/\/srs-certification.com\/wp-content\/uploads\/2026\/02\/DAkkS-Annex-202511en-page1of2-scaled.jpg\" alt=\"\"\/><\/figure>\n<\/div>\n\n\n\n<div class=\"wp-block-column is-layout-flow wp-block-column-is-layout-flow\">\n<figure class=\"wp-block-image size-large\"><img decoding=\"async\" src=\"https:\/\/srs-certification.com\/wp-content\/uploads\/2026\/02\/DAkkS-Annex-202511en-page2of2-scaled.jpg\" alt=\"\"\/><\/figure>\n<\/div>\n<\/div>\n\n\n<div class=\"gb-container gb-container-8093dcae\">\n<div class=\"gb-container gb-container-4e855d49\">\n\n<div class=\"wp-block-media-text alignwide is-stacked-on-mobile\"><figure class=\"wp-block-media-text__media\"><img loading=\"lazy\" decoding=\"async\" width=\"768\" height=\"1024\" src=\"https:\/\/srs-certification.com\/wp-content\/uploads\/2024\/12\/Accreditation-certificate-2023-MAFF-\u767b\u9332\u66f4\u65b0\u901a\u77e5\uff08SRS\uff09to-20270820-with-English-768x1024.jpg\" alt=\"\" class=\"wp-image-4676 size-full\" srcset=\"https:\/\/srs-certification.com\/wp-content\/uploads\/2024\/12\/Accreditation-certificate-2023-MAFF-\u767b\u9332\u66f4\u65b0\u901a\u77e5\uff08SRS\uff09to-20270820-with-English-768x1024.jpg 768w, https:\/\/srs-certification.com\/wp-content\/uploads\/2024\/12\/Accreditation-certificate-2023-MAFF-\u767b\u9332\u66f4\u65b0\u901a\u77e5\uff08SRS\uff09to-20270820-with-English-225x300.jpg 225w, https:\/\/srs-certification.com\/wp-content\/uploads\/2024\/12\/Accreditation-certificate-2023-MAFF-\u767b\u9332\u66f4\u65b0\u901a\u77e5\uff08SRS\uff09to-20270820-with-English-113x150.jpg 113w, https:\/\/srs-certification.com\/wp-content\/uploads\/2024\/12\/Accreditation-certificate-2023-MAFF-\u767b\u9332\u66f4\u65b0\u901a\u77e5\uff08SRS\uff09to-20270820-with-English-1152x1536.jpg 1152w, https:\/\/srs-certification.com\/wp-content\/uploads\/2024\/12\/Accreditation-certificate-2023-MAFF-\u767b\u9332\u66f4\u65b0\u901a\u77e5\uff08SRS\uff09to-20270820-with-English-9x12.jpg 9w, https:\/\/srs-certification.com\/wp-content\/uploads\/2024\/12\/Accreditation-certificate-2023-MAFF-\u767b\u9332\u66f4\u65b0\u901a\u77e5\uff08SRS\uff09to-20270820-with-English.jpg 1371w\" sizes=\"auto, (max-width: 768px) 100vw, 768px\" \/><\/figure><div class=\"wp-block-media-text__content\">\n<h4 class=\"wp-block-heading has-text-align-left has-ast-global-color-8-color has-text-color\"><strong>MAFF Accreditation Certificate 2023<\/strong><\/h4>\n<\/div><\/div>\n\n<\/div>\n<\/div>\n\n\n<div class=\"wp-block-columns alignwide is-layout-flex wp-container-core-columns-is-layout-28f84493 wp-block-columns-is-layout-flex\">\n<div class=\"wp-block-column is-layout-flow wp-block-column-is-layout-flow\" style=\"flex-basis:46%\">\n<div class=\"wp-block-columns is-layout-flex wp-container-core-columns-is-layout-28f84493 wp-block-columns-is-layout-flex\">\n<div class=\"wp-block-column is-layout-flow wp-block-column-is-layout-flow\" style=\"flex-basis:100%\">\n<figure class=\"wp-block-image alignright size-large\"><img loading=\"lazy\" decoding=\"async\" width=\"1024\" height=\"791\" src=\"https:\/\/srs-certification.com\/wp-content\/uploads\/2024\/11\/SRS-NOP-Certificate-06262023-1024x791.jpg\" alt=\"\" class=\"wp-image-4623\" srcset=\"https:\/\/srs-certification.com\/wp-content\/uploads\/2024\/11\/SRS-NOP-Certificate-06262023-1024x791.jpg 1024w, https:\/\/srs-certification.com\/wp-content\/uploads\/2024\/11\/SRS-NOP-Certificate-06262023-300x232.jpg 300w, https:\/\/srs-certification.com\/wp-content\/uploads\/2024\/11\/SRS-NOP-Certificate-06262023-150x116.jpg 150w, https:\/\/srs-certification.com\/wp-content\/uploads\/2024\/11\/SRS-NOP-Certificate-06262023-768x593.jpg 768w, https:\/\/srs-certification.com\/wp-content\/uploads\/2024\/11\/SRS-NOP-Certificate-06262023-1536x1187.jpg 1536w, https:\/\/srs-certification.com\/wp-content\/uploads\/2024\/11\/SRS-NOP-Certificate-06262023-16x12.jpg 16w, https:\/\/srs-certification.com\/wp-content\/uploads\/2024\/11\/SRS-NOP-Certificate-06262023.jpg 2011w\" sizes=\"auto, (max-width: 1024px) 100vw, 1024px\" \/><\/figure>\n<\/div>\n<\/div>\n<\/div>\n\n\n\n<div class=\"wp-block-column is-vertically-aligned-center is-layout-flow wp-block-column-is-layout-flow\" style=\"flex-basis:54%\">\n<h4 class=\"wp-block-heading\" id=\"block-69541ad5-25f6-41c9-9e65-3e1a674949b0\"><strong>NOP\/USDA<br><a href=\"https:\/\/www.ams.usda.gov\/sites\/default\/files\/media\/NOP%20SRS.pdf\" target=\"_blank\" rel=\"noreferrer noopener\">Ulusal Organik Program<\/a> 7 CFR B\u00f6l\u00fcm 205<\/strong><\/h4>\n<\/div>\n<\/div>\n\n\n\n<p><\/p>\n\n\n\n<p><\/p>","protected":false},"excerpt":{"rendered":"<p>Akreditasyonlar SRS Certification GmbH \u015fu anda DAkkS taraf\u0131ndan organik \u00fcr\u00fcn belgelendirmesi i\u00e7in ISO\/IEC 17065:2012 kapsam\u0131nda akredite edilmi\u015ftir. SRS Certification GmbH, \u00fc\u00e7\u00fcnc\u00fc \u00fclkelerdeki operat\u00f6rlerin belgelendirilmesine y\u00f6nelik 2018\/848 say\u0131l\u0131 Y\u00f6netmelik (AB) uyar\u0131nca belgelendirme i\u00e7in DAkkS taraf\u0131ndan akredite edilmi\u015ftir. Ayr\u0131ca, AB Komisyonu taraf\u0131ndan kontrolleri ger\u00e7ekle\u015ftirme ve organik \u00fcr\u00fcn sertifikas\u0131 verme konusunda yetkili olarak tan\u0131nmaktay\u0131z.<\/p>\n<p class=\"read-more\"> <a class=\"\" href=\"https:\/\/srs-certification.com\/tr\/akredi%cc%87tasyonlar\/\"> <span class=\"screen-reader-text\">Akreditasyonlar<\/span> Daha Fazla Oku \"<\/a><\/p>","protected":false},"author":7,"featured_media":0,"parent":0,"menu_order":3,"comment_status":"closed","ping_status":"closed","template":"","meta":{"inline_featured_image":false,"site-sidebar-layout":"default","site-content-layout":"default","ast-global-header-display":"","ast-main-header-display":"","ast-hfb-above-header-display":"","ast-hfb-below-header-display":"","ast-hfb-mobile-header-display":"","site-post-title":"disabled","ast-breadcrumbs-content":"","ast-featured-img":"","footer-sml-layout":"","theme-transparent-header-meta":"","adv-header-id-meta":"","stick-header-meta":"","header-above-stick-meta":"","header-main-stick-meta":"","header-below-stick-meta":"","footnotes":""},"class_list":["post-53","page","type-page","status-publish","hentry"],"_links":{"self":[{"href":"https:\/\/srs-certification.com\/tr\/wp-json\/wp\/v2\/pages\/53","targetHints":{"allow":["GET"]}}],"collection":[{"href":"https:\/\/srs-certification.com\/tr\/wp-json\/wp\/v2\/pages"}],"about":[{"href":"https:\/\/srs-certification.com\/tr\/wp-json\/wp\/v2\/types\/page"}],"author":[{"embeddable":true,"href":"https:\/\/srs-certification.com\/tr\/wp-json\/wp\/v2\/users\/7"}],"replies":[{"embeddable":true,"href":"https:\/\/srs-certification.com\/tr\/wp-json\/wp\/v2\/comments?post=53"}],"version-history":[{"count":10,"href":"https:\/\/srs-certification.com\/tr\/wp-json\/wp\/v2\/pages\/53\/revisions"}],"predecessor-version":[{"id":4874,"href":"https:\/\/srs-certification.com\/tr\/wp-json\/wp\/v2\/pages\/53\/revisions\/4874"}],"wp:attachment":[{"href":"https:\/\/srs-certification.com\/tr\/wp-json\/wp\/v2\/media?parent=53"}],"curies":[{"name":"wp","href":"https:\/\/api.w.org\/{rel}","templated":true}]}}