{"id":59,"date":"2019-02-01T10:47:15","date_gmt":"2019-02-01T09:47:15","guid":{"rendered":"http:\/\/srs-certification.de\/?page_id=59"},"modified":"2026-04-02T19:16:55","modified_gmt":"2026-04-02T17:16:55","slug":"doclink","status":"publish","type":"page","link":"https:\/\/srs-certification.com\/tr\/doclink\/","title":{"rendered":"Belgeler &amp; Ba\u011flant\u0131lar"},"content":{"rendered":"<p>A\u015fa\u011f\u0131da belgelerimize, organik \u00fcretimle ilgili teknik bilgilere ve farkl\u0131 standartlara ba\u011flant\u0131lar bulabilirsiniz.<\/p>\n\n\n\n<p>Sorular\u0131n\u0131z i\u00e7in l\u00fctfen \u015fu adrese e-posta g\u00f6nderin: info@srscert-global.com<\/p>\n\n\n\n<p><strong>Organik Sertifikasyon<\/strong><\/p>\n\n\n\n<ul class=\"wp-block-list\">\n<li><strong>\u0130ngilizce:<\/strong>\n\n\n\n\n\n\n\n\n\n\n\n\n\n\n\n\n\n\n\n\n\n\n\n\n\n\n\n\n\n\n\n\n\n\n\n\n\n\n\n\n\n\n\n\n\n\n\n\n\n\n\n\n\n\n\n\n\n\n\n\n\n\n\n\n\n\n\n\n\n\n\n\n\n\n\n\n\n\n\n\n\n\n\n\n\n\n\n\n\n\n\n\n\n\n\n\n\n\n\n\n\n\n\n\n\n\n\n\n\n\n<ul class=\"wp-block-list\">\n<li><a href=\"https:\/\/srs-certification.com\/wp-content\/uploads\/2024\/03\/S6-Con1-Certification-Contract-2024-03-18.docx\" target=\"_blank\" rel=\"noreferrer noopener\">Sertifikasyon S\u00f6zle\u015fmesi - tr<\/a><\/li>\n\n\n\n<li><a href=\"https:\/\/srs-certification.com\/wp-content\/uploads\/2025\/02\/S6-Pol2-Certification-Fee-Regulation-2025-02-17.pdf\" target=\"_blank\" rel=\"noreferrer noopener\">Belgelendirme \u00dccret Y\u00f6netmeli\u011fi - tr<\/a><\/li>\n\n\n\n<li><a href=\"https:\/\/srs-certification.com\/wp-content\/uploads\/2024\/03\/ORG-F1-Application-2024-03-18.xlsx\" target=\"_blank\" rel=\"noreferrer noopener\">Organik Ba\u015fvuru Formu - tr<\/a><\/li>\n\n\n\n<li><a href=\"https:\/\/srs-certification.com\/wp-content\/uploads\/2019\/10\/S7-F1-Complaint-and-Appeal-Form-2019-03-20.docx\" target=\"_blank\" rel=\"noreferrer noopener\">\u015eikayetler ve \u0130tirazlar Formu - tr<\/a><\/li>\n\n\n\n<li><a href=\"https:\/\/srs-certification.com\/wp-content\/uploads\/2024\/05\/ORG-F1.7-Conventional-Seed-Planting-Material-Application-2024-05-23.docx\" target=\"_blank\" rel=\"noreferrer noopener\">Konvansiyonel Tohum ve Dikim Malzemesi Uygulamas\u0131 - tr<\/a><\/li>\n\n\n\n<li><a href=\"https:\/\/srs-certification.com\/wp-content\/uploads\/2021\/10\/SOP-1-Use-of-Certificates-and-Marks-2021-01-12.pdf\" target=\"_blank\" rel=\"noreferrer noopener\">SRS Sertifikalar\u0131n ve Markalar\u0131n Kullan\u0131m\u0131 - tr<\/a><\/li>\n\n\n\n<li><a href=\"https:\/\/srs-certification.com\/wp-content\/uploads\/2026\/04\/ORG-F1.4-Request-for-Recognition-of-Land-Management-2026-03-30.docx\">Arazi Y\u00f6netiminin Tan\u0131nmas\u0131 Talebi<\/a><\/li>\n<\/ul>\n<\/li>\n<\/ul>\n\n\n\n<ul class=\"wp-block-list\">\n<li><strong>\u00c7ince:<\/strong>\n\n\n\n\n\n\n\n\n\n\n\n\n\n\n\n\n\n\n\n\n\n\n\n\n\n\n\n\n\n\n\n\n\n\n\n\n\n\n\n\n\n\n\n\n\n\n\n\n\n\n\n\n\n\n\n\n\n\n\n\n\n\n\n\n\n\n\n\n\n\n\n\n\n\n\n\n\n\n\n\n\n\n\n\n\n\n\n\n\n\n\n\n\n\n\n\n\n\n\n\n\n\n\n\n\n\n\n\n\n\n\n\n<ul class=\"wp-block-list\">\n<li><a href=\"https:\/\/srs-certification.com\/wp-content\/uploads\/2024\/03\/S6-Con1-Certification-Contract-\u8ba4\u8bc1\u5408\u540c-2024-03-18z.docx\" target=\"_blank\" rel=\"noreferrer noopener\">Sertifikasyon S\u00f6zle\u015fmesi - cn<\/a><\/li>\n\n\n\n<li><a href=\"https:\/\/srs-certification.com\/wp-content\/uploads\/2025\/03\/S6-Pol2-Certification-Fee-Regulation-2025-02-17z.pdf\" target=\"_blank\" rel=\"noreferrer noopener\">Belgelendirme \u00dccret Y\u00f6netmeli\u011fi - cn<\/a><\/li>\n\n\n\n<li><a href=\"https:\/\/srs-certification.com\/wp-content\/uploads\/2024\/04\/ORG-F1-Application-\u7533\u8bf7\u8868-2024-03-18z.xlsx\" target=\"_blank\" rel=\"noreferrer noopener\">Organik Ba\u015fvuru Formu - cn<\/a><\/li>\n<\/ul>\n\n\n\n<ul class=\"wp-block-list\">\n<li><a rel=\"noreferrer noopener\" href=\"https:\/\/srs-certification.com\/wp-content\/uploads\/2019\/10\/S7-F1-Complaint-and-Appeal-Form-%E6%8A%95%E8%AF%89%E5%92%8C%E7%94%B3%E8%AF%89%E8%A1%A8-2019-03-20z.docx\" target=\"_blank\">\u015eikayetler ve \u0130tirazlar Formu - cn<\/a><\/li>\n\n\n\n<li><a href=\"https:\/\/srs-certification.com\/wp-content\/uploads\/2024\/06\/ORG-F1.7-Conventional-Seed-Planting-Material-Application-\u5e38\u89c4\u79cd\u5b50\u7533\u8bf7-2024-05-23z.docx\" target=\"_blank\" rel=\"noreferrer noopener\">Konvansiyonel Tohum ve Dikim Malzemesi Uygulamas\u0131 - cn<\/a><\/li>\n<\/ul>\n<\/li>\n\n\n\n<li><strong>Frans\u0131zca:<\/strong>\n<ul class=\"wp-block-list\">\n<li><a href=\"https:\/\/srs-certification.com\/wp-content\/uploads\/2024\/03\/S6-Con1-Certification-Contract-2024-03-18fr.docx\">Sertifikasyon S\u00f6zle\u015fmesi - fr<\/a><\/li>\n\n\n\n<li><a href=\"https:\/\/srs-certification.com\/wp-content\/uploads\/2025\/02\/S6-Pol2-Certification-Fee-Regulation-2025-02-17fr.pdf\">Belgelendirme \u00dccret Y\u00f6netmeli\u011fi - fr<\/a><\/li>\n\n\n\n<li><a href=\"https:\/\/srs-certification.com\/wp-content\/uploads\/2024\/03\/ORG-F1-Application-2024-03-18fr.xlsx\" target=\"_blank\" rel=\"noreferrer noopener\">Organik Ba\u015fvuru Formu - fr<\/a><\/li>\n\n\n\n<li><a href=\"https:\/\/srs-certification.com\/wp-content\/uploads\/2024\/06\/ORG-F1.7-Conventional-Seed-Planting-Material-Application-2024-05-23fr.docx\" target=\"_blank\" rel=\"noreferrer noopener\">Konvansiyonel Tohum ve Dikim Malzemesi Uygulamas\u0131 - fr<\/a><\/li>\n<\/ul>\n<\/li>\n<\/ul>\n\n\n\n<p class=\"has-black-color has-text-color\"><strong>Standartlar ve Y\u00f6netmelikler<\/strong><\/p>\n\n\n\n<ul class=\"wp-block-list\">\n<li><a href=\"https:\/\/srs-certification.com\/wp-content\/uploads\/2024\/03\/Website-legislation-EN-20231129.pdf\" target=\"_blank\" rel=\"noreferrer noopener\">Organik \u00fcretime ili\u015fkin 2018\/848 say\u0131l\u0131 AB Y\u00f6netmeli\u011fi - tr<\/a><\/li>\n\n\n\n<li><a href=\"https:\/\/srs-certification.com\/wp-content\/uploads\/2024\/03\/Website-legislation-FR-20231129.pdf\" target=\"_blank\" rel=\"noreferrer noopener\">Organik \u00fcretime ili\u015fkin 2018\/848 say\u0131l\u0131 AB Y\u00f6netmeli\u011fi - fr<\/a><\/li>\n\n\n\n<li class=\"#EURegulation2018\/848onorganicproduction-cn\">Organik \u00fcretime ili\u015fkin 2018\/848 say\u0131l\u0131 AB Y\u00f6netmeli\u011fi - <strong>cn<\/strong> - \"Organik Operat\u00f6r i\u00e7in Akreditasyonlar \/ Mevzuat\" web sayfas\u0131nda di\u011ferlerinin yan\u0131 s\u0131ra bulabilirsiniz<\/li>\n\n\n\n<li class=\"#EURegulation2018\/848onorganicproduction-cn\">Organik \u00fcretime ili\u015fkin 2018\/848 say\u0131l\u0131 AB Y\u00f6netmeli\u011fi - <strong>tr <\/strong>- \"Organik Operat\u00f6r i\u00e7in Akreditasyonlar \/ Mevzuat\" web sayfas\u0131nda di\u011ferlerinin yan\u0131 s\u0131ra bulabilirsiniz<\/li>\n\n\n\n<li><a href=\"https:\/\/www.maff.go.jp\/e\/policies\/standard\/specific\/organic_JAS.html\">JAS <\/a><a rel=\"noreferrer noopener\" href=\"https:\/\/www.maff.go.jp\/e\/policies\/standard\/specific\/organic_JAS.html\" target=\"_blank\">Organik<\/a><\/li>\n\n\n\n<li><a href=\"https:\/\/www.ecfr.gov\/current\/title-7\/subtitle-B\/chapter-I\/subchapter-M\/part-205?toc=1\" target=\"_blank\" rel=\"noreferrer noopener\">NOP\/USDA Organik<\/a><\/li>\n\n\n\n<li><a rel=\"noreferrer noopener\" href=\"https:\/\/organic.ams.usda.gov\/Integrity\/Default.aspx\" target=\"_blank\">USDA Organik B\u00fct\u00fcnl\u00fck Veritaban\u0131 (OID)<\/a> <\/li>\n<\/ul>","protected":false},"excerpt":{"rendered":"<p>Below you find links to our documents, to technical information about organic production and links to different standards. In case of questions please send an email to: info@srscert-global.com Organic Certification Standards &amp; Regulations<\/p>","protected":false},"author":1,"featured_media":0,"parent":0,"menu_order":6,"comment_status":"closed","ping_status":"closed","template":"","meta":{"inline_featured_image":false,"site-sidebar-layout":"default","site-content-layout":"default","ast-global-header-display":"","ast-main-header-display":"","ast-hfb-above-header-display":"","ast-hfb-below-header-display":"","ast-hfb-mobile-header-display":"","site-post-title":"","ast-breadcrumbs-content":"","ast-featured-img":"","footer-sml-layout":"","theme-transparent-header-meta":"","adv-header-id-meta":"","stick-header-meta":"","header-above-stick-meta":"","header-main-stick-meta":"","header-below-stick-meta":"","footnotes":""},"class_list":["post-59","page","type-page","status-publish","hentry"],"_links":{"self":[{"href":"https:\/\/srs-certification.com\/tr\/wp-json\/wp\/v2\/pages\/59","targetHints":{"allow":["GET"]}}],"collection":[{"href":"https:\/\/srs-certification.com\/tr\/wp-json\/wp\/v2\/pages"}],"about":[{"href":"https:\/\/srs-certification.com\/tr\/wp-json\/wp\/v2\/types\/page"}],"author":[{"embeddable":true,"href":"https:\/\/srs-certification.com\/tr\/wp-json\/wp\/v2\/users\/1"}],"replies":[{"embeddable":true,"href":"https:\/\/srs-certification.com\/tr\/wp-json\/wp\/v2\/comments?post=59"}],"version-history":[{"count":18,"href":"https:\/\/srs-certification.com\/tr\/wp-json\/wp\/v2\/pages\/59\/revisions"}],"predecessor-version":[{"id":4914,"href":"https:\/\/srs-certification.com\/tr\/wp-json\/wp\/v2\/pages\/59\/revisions\/4914"}],"wp:attachment":[{"href":"https:\/\/srs-certification.com\/tr\/wp-json\/wp\/v2\/media?parent=59"}],"curies":[{"name":"wp","href":"https:\/\/api.w.org\/{rel}","templated":true}]}}