{"id":62,"date":"2019-02-05T00:00:27","date_gmt":"2019-02-04T23:00:27","guid":{"rendered":"http:\/\/srs-certification.de\/?page_id=62"},"modified":"2024-11-07T10:07:12","modified_gmt":"2024-11-07T09:07:12","slug":"kooperatif","status":"publish","type":"page","link":"https:\/\/srs-certification.com\/tr\/srs-hakkinda\/kooperatif\/","title":{"rendered":"\u0130\u015fbirlikleri"},"content":{"rendered":"<p>SRS, kar\u015f\u0131l\u0131kl\u0131 destek ve m\u00fc\u015fterilerimize daha iyi hizmet i\u00e7in bir dizi i\u015fbirli\u011fi kurmu\u015ftur:<\/p>\n\n\n\n<h4 class=\"wp-block-heading has-text-align-center\">&nbsp;&nbsp;<strong>SRS (Shanghai) Certification Co, Ltd<\/strong><\/h4>\n\n\n\n<p><img loading=\"lazy\" decoding=\"async\" width=\"307\" height=\"80\" class=\"wp-image-1975 alignleft\" src=\"https:\/\/srs-certification.com\/wp-content\/uploads\/2020\/02\/srs_certification_ltd_logo.png\" alt=\"\" srcset=\"https:\/\/srs-certification.com\/wp-content\/uploads\/2020\/02\/srs_certification_ltd_logo.png 2421w, https:\/\/srs-certification.com\/wp-content\/uploads\/2020\/02\/srs_certification_ltd_logo-300x78.png 300w, https:\/\/srs-certification.com\/wp-content\/uploads\/2020\/02\/srs_certification_ltd_logo-1024x267.png 1024w, https:\/\/srs-certification.com\/wp-content\/uploads\/2020\/02\/srs_certification_ltd_logo-150x39.png 150w, https:\/\/srs-certification.com\/wp-content\/uploads\/2020\/02\/srs_certification_ltd_logo-768x200.png 768w, https:\/\/srs-certification.com\/wp-content\/uploads\/2020\/02\/srs_certification_ltd_logo-1536x401.png 1536w, https:\/\/srs-certification.com\/wp-content\/uploads\/2020\/02\/srs_certification_ltd_logo-2048x535.png 2048w, https:\/\/srs-certification.com\/wp-content\/uploads\/2020\/02\/srs_certification_ltd_logo-604x158.png 604w\" sizes=\"auto, (max-width: 307px) 100vw, 307px\" \/>SRS Certification GmbH'nin karde\u015f \u015firketi, uluslararas\u0131 belgelendirme kurulu\u015flar\u0131yla i\u015fbirli\u011fi yapmak i\u00e7in h\u00fck\u00fcmet yetkilisinin onay\u0131yla \u015eangay'da bulunmaktad\u0131r. \u015eirket ayr\u0131ca \u00c7in Organik Standard\u0131 GB\/T 19630-2019'a g\u00f6re sertifikaland\u0131rma i\u00e7in akredite edilmi\u015ftir. Yurt d\u0131\u015f\u0131ndan \u00c7in'e ithal edilen organik \u00fcr\u00fcnler bu standarda g\u00f6re sertifikaland\u0131r\u0131lmal\u0131d\u0131r. L\u00fctfen web sitesini ziyaret edin&nbsp;<a rel=\"noreferrer noopener\" href=\"http:\/\/srs-cert.com\/\" data-type=\"URL\" data-id=\"http:\/\/srs-cert.com\/\" target=\"_blank\">SRS \u015eanghay<\/a> \u4e0a\u6d77\u65f6\u8fce\u8ba4\u8bc1\u670d\u52a1\u6709\u9650\u516c\u53f8, daha fazla bilgi i\u00e7in. <\/p>\n\n\n\n<p>SRS \u015eanghay, \u00c7in'in \u00e7e\u015fitli b\u00f6lgelerinde konu\u015flanm\u0131\u015f olan ve esnek ve etkili denetimler ger\u00e7ekle\u015ftirmemizde bize destek olan SRS Certification GmbH m\u00fcfetti\u015fleri i\u00e7in temel te\u015fkil etmektedir.<\/p>\n\n\n\n<h4 class=\"wp-block-heading has-text-align-center\"><strong>Avrupa Organik Sertifikerler Konseyi (EOCC)<\/strong><\/h4>\n\n\n\n<p><img loading=\"lazy\" decoding=\"async\" width=\"150\" height=\"41\" class=\"wp-image-2409\" style=\"width: 150px;\" src=\"https:\/\/srs-certification.com\/wp-content\/uploads\/2020\/11\/Logo-EOCC-pixels-100x60-1.jpg\" alt=\"\" srcset=\"https:\/\/srs-certification.com\/wp-content\/uploads\/2020\/11\/Logo-EOCC-pixels-100x60-1.jpg 655w, https:\/\/srs-certification.com\/wp-content\/uploads\/2020\/11\/Logo-EOCC-pixels-100x60-1-300x83.jpg 300w, https:\/\/srs-certification.com\/wp-content\/uploads\/2020\/11\/Logo-EOCC-pixels-100x60-1-150x41.jpg 150w, https:\/\/srs-certification.com\/wp-content\/uploads\/2020\/11\/Logo-EOCC-pixels-100x60-1-604x167.jpg 604w\" sizes=\"auto, (max-width: 150px) 100vw, 150px\" \/> SRS, Avrupa Organik Sertifikerler Konseyi \u00fcyesidir (<a rel=\"noreferrer noopener\" href=\"http:\/\/www.eocc.nu\" target=\"_blank\">EOCC<\/a>), kontrol ve belgelendirme faaliyetlerinin g\u00fcvenilirli\u011fini art\u0131rmay\u0131 ama\u00e7layan uluslararas\u0131 bir kontrol kurulu\u015flar\u0131 ve yetkilileri birli\u011fidir. Bilgi ak\u0131\u015f\u0131n\u0131 ve doland\u0131r\u0131c\u0131l\u0131k vakalar\u0131, Avrupa y\u00f6netmeliklerindeki g\u00fcncellemeler ve bunlar\u0131n yorumlanmas\u0131n\u0131n uyumla\u015ft\u0131r\u0131lmas\u0131 gibi \u00f6nemli bilgilerin al\u0131\u015fveri\u015fini kolayla\u015ft\u0131r\u0131r. EOCC, AB d\u00fczeyinde de\u011ferli bir ortakt\u0131r ve bu nedenle Avrupa organik mevzuat\u0131n\u0131n iyile\u015ftirilmesi y\u00f6n\u00fcnde hareket etmektedir. Konsey, kontrol organlar\u0131n\u0131n \u00e7al\u0131\u015fmalar\u0131nda kar\u015f\u0131la\u015f\u0131lan zorluklar\u0131n payla\u015f\u0131lmas\u0131 ve y\u00f6ntem ve ara\u00e7lar\u0131n geli\u015ftirilmesi i\u00e7in bir platform g\u00f6revi g\u00f6rmektedir.<\/p>\n\n\n\n<h4 class=\"wp-block-heading has-text-align-center\"><strong>Akredite Sertifikerler Birli\u011fi (ACA)<\/strong><\/h4>\n\n\n\n<p><img loading=\"lazy\" decoding=\"async\" width=\"150\" height=\"83\" class=\"wp-image-2408\" style=\"width: 150px;\" src=\"https:\/\/srs-certification.com\/wp-content\/uploads\/2020\/11\/Logo-ACA-horizontal-all-500.jpg\" alt=\"\" srcset=\"https:\/\/srs-certification.com\/wp-content\/uploads\/2020\/11\/Logo-ACA-horizontal-all-500.jpg 501w, https:\/\/srs-certification.com\/wp-content\/uploads\/2020\/11\/Logo-ACA-horizontal-all-500-300x165.jpg 300w, https:\/\/srs-certification.com\/wp-content\/uploads\/2020\/11\/Logo-ACA-horizontal-all-500-150x83.jpg 150w, https:\/\/srs-certification.com\/wp-content\/uploads\/2020\/11\/Logo-ACA-horizontal-all-500-490x270.jpg 490w\" sizes=\"auto, (max-width: 150px) 100vw, 150px\" \/> Akredite Onaylay\u0131c\u0131lar Birli\u011fi (<a rel=\"noreferrer noopener\" href=\"http:\/\/www.accreditedcertifiers.org\" target=\"_blank\">ACA<\/a>), akredite sertifikasyon kurulu\u015flar\u0131n\u0131n i\u015fbirli\u011fi ve e\u011fitimi yoluyla USDA Organik Y\u00f6netmeliklerinin tutarl\u0131 bir \u015fekilde uygulanmas\u0131na ilgi duyan sertifikasyon kurulu\u015flar\u0131 ve di\u011fer ilgili taraflar\u0131n olu\u015fturdu\u011fu bir birliktir. ACA, tart\u0131\u015fmalar i\u00e7in bir platform sa\u011flar ve NOP kurallar\u0131n\u0131n g\u00fcncellenmesine y\u00f6nelik mevcut endi\u015feler veya \u00f6neriler i\u00e7in \u00e7\u00f6z\u00fcmler \u00fcretmek \u00fczere \u00e7al\u0131\u015fma gruplar\u0131 kurar.<\/p>","protected":false},"excerpt":{"rendered":"<p>SRS has set up a number of cooperations for mutual support and better service to our customers: \u00a0\u00a0SRS (Shanghai) Certification Co., Ltd The sister company of SRS Certification GmbH is located in Shanghai, with the government authority\u2019s approval for cooperating with international certification bodies. The company is furthermore accredited for certifying according to the Chinese \u2026<\/p>\n<p class=\"read-more\"> <a class=\"\" href=\"https:\/\/srs-certification.com\/tr\/srs-hakkinda\/kooperatif\/\"> <span class=\"screen-reader-text\">\u0130\u015fbirlikleri<\/span> Daha Fazla Oku \"<\/a><\/p>","protected":false},"author":2,"featured_media":0,"parent":26,"menu_order":4,"comment_status":"closed","ping_status":"closed","template":"","meta":{"inline_featured_image":false,"site-sidebar-layout":"default","site-content-layout":"default","ast-global-header-display":"","ast-main-header-display":"","ast-hfb-above-header-display":"","ast-hfb-below-header-display":"","ast-hfb-mobile-header-display":"","site-post-title":"","ast-breadcrumbs-content":"","ast-featured-img":"","footer-sml-layout":"","theme-transparent-header-meta":"","adv-header-id-meta":"","stick-header-meta":"","header-above-stick-meta":"","header-main-stick-meta":"","header-below-stick-meta":"","footnotes":""},"class_list":["post-62","page","type-page","status-publish","hentry"],"_links":{"self":[{"href":"https:\/\/srs-certification.com\/tr\/wp-json\/wp\/v2\/pages\/62","targetHints":{"allow":["GET"]}}],"collection":[{"href":"https:\/\/srs-certification.com\/tr\/wp-json\/wp\/v2\/pages"}],"about":[{"href":"https:\/\/srs-certification.com\/tr\/wp-json\/wp\/v2\/types\/page"}],"author":[{"embeddable":true,"href":"https:\/\/srs-certification.com\/tr\/wp-json\/wp\/v2\/users\/2"}],"replies":[{"embeddable":true,"href":"https:\/\/srs-certification.com\/tr\/wp-json\/wp\/v2\/comments?post=62"}],"version-history":[{"count":6,"href":"https:\/\/srs-certification.com\/tr\/wp-json\/wp\/v2\/pages\/62\/revisions"}],"predecessor-version":[{"id":4812,"href":"https:\/\/srs-certification.com\/tr\/wp-json\/wp\/v2\/pages\/62\/revisions\/4812"}],"up":[{"embeddable":true,"href":"https:\/\/srs-certification.com\/tr\/wp-json\/wp\/v2\/pages\/26"}],"wp:attachment":[{"href":"https:\/\/srs-certification.com\/tr\/wp-json\/wp\/v2\/media?parent=62"}],"curies":[{"name":"wp","href":"https:\/\/api.w.org\/{rel}","templated":true}]}}