{"id":74,"date":"2018-03-05T10:48:27","date_gmt":"2018-03-05T09:48:27","guid":{"rendered":"http:\/\/srs-certification.de\/?page_id=74"},"modified":"2026-03-05T12:11:15","modified_gmt":"2026-03-05T11:11:15","slug":"baski","status":"publish","type":"page","link":"https:\/\/srs-certification.com\/tr\/baski\/","title":{"rendered":"K\u00fcnye"},"content":{"rendered":"<p class=\"has-ast-global-color-8-color has-text-color\">A\u015fa\u011f\u0131dakilere g\u00f6re sa\u011flanan bilgiler <em>\u00a7<\/em> TMG'nin (Alman Telemedya Yasas\u0131) 5. maddesi | <em>Angaben gem\u00e4\u00df \u00a7 5 TMG<\/em>:<br>SRS Certification GmbH<br>Friedl\u00e4nder Weg 20 | 37085 G\u00f6ttingen | Almanya<\/p>\n\n\n\n<p class=\"has-ast-global-color-8-color has-text-color\">Taraf\u0131ndan temsil edildi | <em>Vertreten durch<\/em>:<br>Martina Melapie<\/p>\n\n\n\n<p class=\"has-ast-global-color-8-color has-text-color\">\u0130leti\u015fim | <em>Kontakt<\/em>:<br>T.: +49 551 \/ 89 02 45 42<br>E-Mail: <a href=\"mailto:info@srs-certification.com\">info [at] srscert-global.com<\/a><\/p>\n\n\n\n<p class=\"has-ast-global-color-8-color has-text-color\">Mahkeme kay\u0131tlar\u0131 <em>Registergericht<\/em>:<br>Amtsgericht G\u00f6ttingen<\/p>\n\n\n\n<p class=\"has-ast-global-color-8-color has-text-color\">Kay\u0131t numaras\u0131 | <em>Kay\u0131t numaras\u0131<\/em>:<br>HRB 205083<\/p>\n\n\n\n<p class=\"has-ast-global-color-8-color has-text-color\">KDV Kimlik numaras\u0131na g\u00f6re <em>\u00a7<\/em>27 a Alman Katma De\u011fer Vergisi Kanunu | <em>UStr-IdNr gem\u00e4\u00df \u00a727 a Umsatzsteuergesetz<\/em>:<br>DE312563403<\/p>\n\n\n\n<p class=\"has-ast-global-color-8-color has-text-color\">B\u00f6l\u00fcm 55'e g\u00f6re i\u00e7erikten sorumludur, <em>\u00a7<\/em>2 Alman Federal Yay\u0131n Anla\u015fmas\u0131 (RstV) | <em>Verantwortlich f\u00fcr den Inhalt nach \u00a7 55 Abs. 2 RStV<\/em>:<br>Martina Melapie | SRS Certification GmbH (yukar\u0131daki ileti\u015fim bilgilerine bak\u0131n) <em>Anschrift oben<\/em>)<\/p>\n\n\n\n<p class=\"has-ast-global-color-8-color has-text-color\">Tasar\u0131m | Gestaltung:<br><a href=\"http:\/\/www.blueprint-online.de\" target=\"_blank\" rel=\"noreferrer noopener\">Blueprint Werbeagentur<\/a> | Falguni'den \"Nisarg\" Basistheme<\/p>\n\n\n\n<p class=\"has-ast-global-color-8-color has-text-color\"><strong>\u0130\u00e7indekiler i\u00e7in Sorumluluk<\/strong><\/p>\n\n\n\n<p class=\"has-ast-global-color-8-color has-text-color\">Hizmet sa\u011flay\u0131c\u0131lar olarak, bu web sitelerinin kendi i\u00e7eriklerinden \u00a7 7 Abs. 1 TMG (Alman Telemedya Yasas\u0131) uyar\u0131nca sorumluyuz. Bununla birlikte, TMG'nin 8 ila 10. maddelerine g\u00f6re, hizmet sa\u011flay\u0131c\u0131lar g\u00f6nderilen veya saklanan bilgileri s\u00fcrekli olarak izlemek veya yasa d\u0131\u015f\u0131 faaliyetlere i\u015faret eden kan\u0131tlar\u0131 aramak zorunda de\u011fildir.<\/p>\n\n\n\n<p class=\"has-ast-global-color-8-color has-text-color\">Bilgilerin kald\u0131r\u0131lmas\u0131na veya bilgilerin kullan\u0131m\u0131n\u0131n engellenmesine y\u00f6nelik yasal y\u00fck\u00fcml\u00fcl\u00fckler tart\u0131\u015fmas\u0131z kal\u0131r. Bu durumda, sorumluluk yaln\u0131zca belirli bir yasa ihlali hakk\u0131nda bilgi sahibi olundu\u011funda m\u00fcmk\u00fcnd\u00fcr. Yasad\u0131\u015f\u0131 i\u00e7erikler, bunlardan haberdar oldu\u011fumuz anda derhal kald\u0131r\u0131lacakt\u0131r.<\/p>\n\n\n\n<p class=\"has-ast-global-color-8-color has-text-color\"><strong>Ba\u011flant\u0131lar i\u00e7in Sorumluluk<\/strong><\/p>\n\n\n\n<p class=\"has-ast-global-color-8-color has-text-color\">Teklifimiz harici \u00fc\u00e7\u00fcnc\u00fc taraf web sitelerine ba\u011flant\u0131lar i\u00e7ermektedir. Bu web sitelerinin i\u00e7erikleri \u00fczerinde hi\u00e7bir etkimiz yoktur, bu nedenle bu i\u00e7erikler i\u00e7in garanti veremeyiz. Ba\u011flant\u0131l\u0131 web sitelerinin sa\u011flay\u0131c\u0131lar\u0131 veya y\u00f6neticileri her zaman kendi i\u00e7eriklerinden sorumludur.<\/p>\n\n\n\n<p class=\"has-ast-global-color-8-color has-text-color\">Ba\u011flant\u0131 verilen web siteleri, ba\u011flant\u0131n\u0131n kurulmas\u0131 s\u0131ras\u0131nda olas\u0131 yasa ihlallerine kar\u015f\u0131 kontrol edilmi\u015ftir. Ba\u011flant\u0131 kuruldu\u011fu s\u0131rada yasad\u0131\u015f\u0131 i\u00e7erik tespit edilmemi\u015ftir. Ba\u011flant\u0131 verilen web sitelerinin i\u00e7eriklerinin s\u00fcrekli olarak izlenmesi, yasalar\u0131n ihlal edildi\u011fine dair makul g\u00f6stergeler olmadan uygulanamaz. Yasad\u0131\u015f\u0131 ba\u011flant\u0131lar, bunlardan haberdar oldu\u011fumuz anda derhal kald\u0131r\u0131lacakt\u0131r.<\/p>\n\n\n\n<p class=\"has-ast-global-color-8-color has-text-color\"><strong>Telif Hakk\u0131<\/strong><\/p>\n\n\n\n<p class=\"has-ast-global-color-8-color has-text-color\">Bu web sitelerinde sa\u011flay\u0131c\u0131lar taraf\u0131ndan yay\u0131nlanan i\u00e7erikler ve derlemeler Alman telif hakk\u0131 yasalar\u0131na tabidir. \u00c7o\u011faltma, d\u00fczenleme, da\u011f\u0131t\u0131m ve telif hakk\u0131 yasas\u0131n\u0131n kapsam\u0131 d\u0131\u015f\u0131ndaki her t\u00fcrl\u00fc kullan\u0131m, yazar\u0131n veya yarat\u0131c\u0131n\u0131n yaz\u0131l\u0131 iznini gerektirir. Bu web sitelerinin indirilmesine ve kopyalanmas\u0131na yaln\u0131zca \u00f6zel kullan\u0131m i\u00e7in izin verilir.<\/p>\n\n\n\n<p class=\"has-ast-global-color-8-color has-text-color\">Kaynak ki\u015finin izni olmadan i\u00e7eri\u011fimizin ticari kullan\u0131m\u0131 yasakt\u0131r.<\/p>\n\n\n\n<p class=\"has-ast-global-color-8-color has-text-color\">Bu web sitelerindeki i\u00e7erik sa\u011flay\u0131c\u0131dan kaynaklanmad\u0131\u011f\u0131 s\u00fcrece \u00fc\u00e7\u00fcnc\u00fc taraflar\u0131n telif hakk\u0131 yasalar\u0131na sayg\u0131 duyulur. Bu sitedeki \u00fc\u00e7\u00fcnc\u00fc taraflar\u0131n katk\u0131lar\u0131 bu \u015fekilde belirtilmi\u015ftir. Ancak, herhangi bir telif hakk\u0131 yasas\u0131 ihlali fark ederseniz, l\u00fctfen bizi bilgilendirin. Bu t\u00fcr i\u00e7erikler derhal kald\u0131r\u0131lacakt\u0131r.<\/p>\n\n\n\n<p class=\"has-ast-global-color-8-color has-text-color\"><strong>\u0130nhalte i\u00e7in Haftung<\/strong><\/p>\n\n\n\n<p class=\"has-ast-global-color-8-color has-text-color\"><em>Diensteanbieter olarak biz, \u00a7 7 Abs. 1 TMG uyar\u0131nca bu sayfalardaki eigene Inhalte auf diesen Seiten nach den allgemeinen Gesetzen verantwortlich. \u00a7\u00a7 8 bis 10 TMG uyar\u0131nca, Diensteanbieter olarak biz, \u00fcbermittelte veya gespeicherte fremde Informationen zu \u00fcberwachen veya nach Umst\u00e4nden zu forschen, die auf eine rechtswidrige T\u00e4tigkeit hinweisen.<\/em><\/p>\n\n\n\n<p class=\"has-ast-global-color-8-color has-text-color\"><em>Bilgilerin t\u00fcm genel kurallara uygun olarak girilmesi ya da \u00e7\u0131kar\u0131lmas\u0131na y\u00f6nelik m\u00fcdahaleler dikkate al\u0131nmayabilir. Bir diesbez\u00fcgliche Haftung ist jedoch erst ab dem Zeitpunkt der Kenntnis einer konkreten Rechtsverletzung m\u00f6glich. Daha \u00f6nce g\u00f6r\u00fclmemi\u015f tazminat talepleri ile kar\u015f\u0131la\u015ft\u0131\u011f\u0131n\u0131zda, bu belgeleri kapsaml\u0131 bir \u015fekilde saklayaca\u011f\u0131z.<\/em><\/p>\n\n\n\n<p class=\"has-ast-global-color-8-color has-text-color\"><strong>Ba\u011flant\u0131lar i\u00e7in Haftung<\/strong><\/p>\n\n\n\n<p class=\"has-ast-global-color-8-color has-text-color\"><em>Unser Angebot enth\u00e4lt Links zu externen Webseiten Dritter, auf deren Inhalte wir keinen Einfluss haben. Bu nedenle, bu t\u00fcr \u00fccretsiz Inhalte'ler i\u00e7in de herhangi bir \u00fccret \u00f6demeyece\u011fiz. Verlinkten Seiten'lerin Inhalte'leri i\u00e7in sadece jeweilige Anbieter veya Betreiber der Seiten verantwortlich. Ba\u011flant\u0131l\u0131 sayfalar, ba\u011flant\u0131 kurulduktan sonra olas\u0131 hak ihlallerine kar\u015f\u0131 korunmu\u015ftur. Rechtswidrige Inhalte waren zum Zeitpunkt der Verlinkung nicht erkennbar.<\/em><\/p>\n\n\n\n<p class=\"has-ast-global-color-8-color has-text-color\"><em>Verlinkten Seiten'lerin kal\u0131c\u0131 bir \u015fekilde kontrol edilmesi, konkrete Anhaltspunkte einer Rechtsverletzung nicht zumutbar. Rechtsverletzungen Bekanntwerden von Rechtsverletzungen werden derartige Links umgehend entfernen.<\/em><\/p>\n\n\n\n<p class=\"has-ast-global-color-8-color has-text-color\"><strong>Urheberrecht<\/strong><\/p>\n\n\n\n<p class=\"has-ast-global-color-8-color has-text-color\"><em>Die durch die Seitenbetreiber erstellten Inhalte und Werke auf diesen Seiten unterliegen dem deutschen Urheberrecht. Vervielf\u00e4ltigung, Bearbeitung, Verbreitung und jede Art der Verwertung au\u00dferhalb der Grenzen des Urheberrechtes bed\u00fcrfen der schriftlichen Zustimmung des jeweiligen Autors bzw. Erstellers. \u0130ndirmeler ve Kopien dieser Seite sind nur f\u00fcr den privaten, nicht commmerziellen Gebrauch gestattet.<\/em><\/p>\n\n\n\n<p class=\"has-ast-global-color-8-color has-text-color\"><em>Bu sayfadaki Inhalte'ler Betreiber taraf\u0131ndan olu\u015fturulmam\u0131\u015fsa, Urheberrechte Dritter'e dikkat edilmelidir. Ayr\u0131ca, Dritter Inhalte'ler sadece solche olarak tan\u0131mlanacakt\u0131r. Bir Urheberrechtsverletzung'da sorun ya\u015farsan\u0131z, einen eentsprechenden Hinweis \u0131sten wir um. Rechtsverletzungen Bekanntwerden von Rechtsverletzungen werden wirden derartige Inhalte umgehend entfernen.<\/em><em>Quellenangabe: <\/em><a href=\"https:\/\/www.e-recht24.de\/\">https:\/\/www.e-recht24.de<\/a><\/p>","protected":false},"excerpt":{"rendered":"<p>Information provided according to \u00a7 5 of the TMG (German Telemedia Act) | Angaben gem\u00e4\u00df \u00a7 5 TMG:SRS Certification GmbHFriedl\u00e4nder Weg 20 |&nbsp;37085 G\u00f6ttingen |&nbsp;Germany Represented by | Vertreten durch:Martina Melapie Contact | Kontakt:T.: +49 551 \/ 89 02 45 42E-Mail: info [at] srscert-global.com Registering court | Registergericht:Amtsgericht G\u00f6ttingen Registration number | Registernummer:HRB 205083 VAT &hellip;<\/p>\n<p class=\"read-more\"> <a class=\"\" href=\"https:\/\/srs-certification.com\/tr\/baski\/\"> <span class=\"screen-reader-text\">K\u00fcnye<\/span> Daha Fazla Oku \"<\/a><\/p>","protected":false},"author":8,"featured_media":0,"parent":0,"menu_order":8,"comment_status":"closed","ping_status":"closed","template":"","meta":{"inline_featured_image":false,"site-sidebar-layout":"default","site-content-layout":"default","ast-global-header-display":"","ast-main-header-display":"","ast-hfb-above-header-display":"","ast-hfb-below-header-display":"","ast-hfb-mobile-header-display":"","site-post-title":"","ast-breadcrumbs-content":"","ast-featured-img":"","footer-sml-layout":"","theme-transparent-header-meta":"","adv-header-id-meta":"","stick-header-meta":"","header-above-stick-meta":"","header-main-stick-meta":"","header-below-stick-meta":"","footnotes":""},"class_list":["post-74","page","type-page","status-publish","hentry"],"_links":{"self":[{"href":"https:\/\/srs-certification.com\/tr\/wp-json\/wp\/v2\/pages\/74","targetHints":{"allow":["GET"]}}],"collection":[{"href":"https:\/\/srs-certification.com\/tr\/wp-json\/wp\/v2\/pages"}],"about":[{"href":"https:\/\/srs-certification.com\/tr\/wp-json\/wp\/v2\/types\/page"}],"author":[{"embeddable":true,"href":"https:\/\/srs-certification.com\/tr\/wp-json\/wp\/v2\/users\/8"}],"replies":[{"embeddable":true,"href":"https:\/\/srs-certification.com\/tr\/wp-json\/wp\/v2\/comments?post=74"}],"version-history":[{"count":6,"href":"https:\/\/srs-certification.com\/tr\/wp-json\/wp\/v2\/pages\/74\/revisions"}],"predecessor-version":[{"id":4882,"href":"https:\/\/srs-certification.com\/tr\/wp-json\/wp\/v2\/pages\/74\/revisions\/4882"}],"wp:attachment":[{"href":"https:\/\/srs-certification.com\/tr\/wp-json\/wp\/v2\/media?parent=74"}],"curies":[{"name":"wp","href":"https:\/\/api.w.org\/{rel}","templated":true}]}}