{"id":74,"date":"2018-03-05T10:48:27","date_gmt":"2018-03-05T09:48:27","guid":{"rendered":"http:\/\/srs-certification.de\/?page_id=74"},"modified":"2026-03-05T12:11:15","modified_gmt":"2026-03-05T11:11:15","slug":"%d8%a7%d9%85%d9%be%d8%b1%d9%86%d9%b9","status":"publish","type":"page","link":"https:\/\/srs-certification.com\/ur\/%d8%a7%d9%85%d9%be%d8%b1%d9%86%d9%b9\/","title":{"rendered":"\u0646\u0642\u0648\u0634"},"content":{"rendered":"<p class=\"has-ast-global-color-8-color has-text-color\">\u06a9\u06d2 \u0645\u0637\u0627\u0628\u0642 \u0641\u0631\u0627\u06c1\u0645 \u06a9\u0631\u062f\u06c1 \u0645\u0639\u0644\u0648\u0645\u0627\u062a <em>\u00a7<\/em> TMG (\u062c\u0631\u0645\u0646 \u0679\u06cc\u0644\u06cc \u0645\u06cc\u0688\u06cc\u0627 \u0627\u06cc\u06a9\u0679) \u06a9\u0627 5 | <em>Angaben gem\u00e4\u00df \u00a7 5 TMG<\/em>:<br>SRS \u0633\u0631\u0679\u06cc\u0641\u06cc\u06a9\u06cc\u0634\u0646 GmbH<br>Friedl\u00e4nder Weg 20 | 37085 \u06af\u0648\u0679\u0646\u06af\u0646 | \u062c\u0631\u0645\u0646\u06cc<\/p>\n\n\n\n<p class=\"has-ast-global-color-8-color has-text-color\">\u06a9\u06cc \u0637\u0631\u0641 \u0633\u06d2 \u0646\u0645\u0627\u0626\u0646\u062f\u06af\u06cc | <em>Vertreten durch<\/em>:<br>\u0645\u0627\u0631\u0679\u06cc\u0646\u0627 \u0645\u06cc\u0644\u0627\u067e\u06cc<\/p>\n\n\n\n<p class=\"has-ast-global-color-8-color has-text-color\">\u0631\u0627\u0628\u0637\u06c1 \u06a9\u0631\u06cc\u06ba | <em>\u0631\u0627\u0628\u0637\u06c1<\/em>:<br>T.: +49 551 \/ 89 02 45 42<br>\u0627\u06cc \u0645\u06cc\u0644: <a href=\"mailto:info@srs-certification.com\">info [at] srscert-global.com<\/a><\/p>\n\n\n\n<p class=\"has-ast-global-color-8-color has-text-color\">\u0631\u062c\u0633\u0679\u0631\u06cc\u0634\u0646 \u06a9\u0648\u0631\u0679 | <em>Registergericht<\/em>:<br>Amtsgericht G\u00f6ttingen<\/p>\n\n\n\n<p class=\"has-ast-global-color-8-color has-text-color\">\u0631\u062c\u0633\u0679\u0631\u06cc\u0634\u0646 \u0646\u0645\u0628\u0631 | <em>\u0631\u062c\u0633\u0679\u0631 \u0646\u0645\u0628\u0631<\/em>:<br>HRB 205083<\/p>\n\n\n\n<p class=\"has-ast-global-color-8-color has-text-color\">VAT \u0634\u0646\u0627\u062e\u062a\u06cc \u0646\u0645\u0628\u0631 \u06a9\u06d2 \u0645\u0637\u0627\u0628\u0642 <em>\u00a7<\/em>27 \u062c\u0631\u0645\u0646 \u0648\u06cc\u0644\u06cc\u0648 \u0627\u06cc\u0688\u0688 \u0679\u06cc\u06a9\u0633 \u0627\u06cc\u06a9\u0679 | <em>UStr-IdNr gem\u00e4\u00df \u00a727 a Umsatzsteuergesetz<\/em>:<br>DE312563403<\/p>\n\n\n\n<p class=\"has-ast-global-color-8-color has-text-color\">\u0633\u06cc\u06a9\u0634\u0646 \u06a9\u06d2 \u0645\u0637\u0627\u0628\u0642 \u0645\u0648\u0627\u062f \u06a9\u06d2 \u0644\u06cc\u06d2 \u0630\u0645\u06c1 \u062f\u0627\u0631\u06d4 55\u060c <em>\u00a7<\/em>2 \u062c\u0631\u0645\u0646 \u0648\u0641\u0627\u0642\u06cc \u0646\u0634\u0631\u06cc\u0627\u062a\u06cc \u0645\u0639\u0627\u06c1\u062f\u06c1 (RstV) | <em>Verantwortlich f\u00fcr den Inhalt nach \u00a7 55 Abs. 2 \u0622\u0631 \u0627\u06cc\u0633 \u0679\u06cc \u0648\u06cc<\/em>:<br>\u0645\u0627\u0631\u0679\u06cc\u0646\u0627 \u0645\u06cc\u0644\u0627\u067e\u06cc | \u0627\u06cc\u0633 \u0622\u0631 \u0627\u06cc\u0633 \u0633\u0631\u0679\u06cc\u0641\u06cc\u06a9\u06cc\u0634\u0646 \u062c\u06cc \u0627\u06cc\u0645 \u0628\u06cc \u0627\u06cc\u0686 (\u0627\u0648\u067e\u0631 \u062f\u06cc\u06d2 \u06af\u0626\u06d2 \u0631\u0627\u0628\u0637\u06d2 \u06a9\u06d2 \u062a\u0641\u0635\u06cc\u0644\u0627\u062a \u062f\u06cc\u06a9\u06be\u06cc\u06ba | <em>Anschrift oben<\/em>)<\/p>\n\n\n\n<p class=\"has-ast-global-color-8-color has-text-color\">\u0688\u06cc\u0632\u0627\u0626\u0646 | Gestaltung:<br><a href=\"http:\/\/www.blueprint-online.de\" target=\"_blank\" rel=\"noreferrer noopener\">\u0628\u0644\u06cc\u0648 \u067e\u0631\u0646\u0679 Werbeagentur<\/a> | \u0628\u06cc\u0633 \u062a\u06be\u06cc\u0645 &quot;\u0646\u0650\u0633\u0631\u06af&quot; \u0627\u0632 \u0641\u0627\u0644\u06af\u0648\u0646\u06cc<\/p>\n\n\n\n<p class=\"has-ast-global-color-8-color has-text-color\"><strong>\u0645\u0634\u0645\u0648\u0644\u0627\u062a \u06a9\u06cc \u0630\u0645\u06c1 \u062f\u0627\u0631\u06cc<\/strong><\/p>\n\n\n\n<p class=\"has-ast-global-color-8-color has-text-color\">\u0633\u0631\u0648\u0633 \u0641\u0631\u0627\u06c1\u0645 \u06a9\u0631\u0646\u06d2 \u0648\u0627\u0644\u06d2 \u06a9\u06d2 \u0637\u0648\u0631 \u067e\u0631\u060c \u06c1\u0645 \u0627\u0646 \u0648\u06cc\u0628 \u0633\u0627\u0626\u0679\u0633 \u06a9\u06d2 \u0627\u067e\u0646\u06d2 \u0645\u0648\u0627\u062f \u06a9\u06d2 \u0644\u06cc\u06d2 \u00a7 7 Abs \u06a9\u06d2 \u0645\u0637\u0627\u0628\u0642 \u0630\u0645\u06c1 \u062f\u0627\u0631 \u06c1\u06cc\u06ba\u06d4 1 TMG (\u062c\u0631\u0645\u0646 \u0679\u06cc\u0644\u06cc \u0645\u06cc\u0688\u06cc\u0627 \u0627\u06cc\u06a9\u0679)\u06d4 \u062a\u0627\u06c1\u0645\u060c TMG \u06a9\u06d2 \u00a7\u00a7 8 \u0633\u06d2 10 \u06a9\u06d2 \u0645\u0637\u0627\u0628\u0642\u060c \u0633\u0631\u0648\u0633 \u0641\u0631\u0627\u06c1\u0645 \u06a9\u0631\u0646\u06d2 \u0648\u0627\u0644\u06d2 \u062c\u0645\u0639 \u06a9\u0631\u0627\u0626\u06cc \u06af\u0626\u06cc \u06cc\u0627 \u0630\u062e\u06cc\u0631\u06c1 \u0634\u062f\u06c1 \u0645\u0639\u0644\u0648\u0645\u0627\u062a \u06a9\u06cc \u0645\u0633\u062a\u0642\u0644 \u0646\u06af\u0631\u0627\u0646\u06cc \u06a9\u0631\u0646\u06d2 \u06cc\u0627 \u0627\u06cc\u0633\u06d2 \u0634\u0648\u0627\u06c1\u062f \u062a\u0644\u0627\u0634 \u06a9\u0631\u0646\u06d2 \u06a9\u06d2 \u067e\u0627\u0628\u0646\u062f \u0646\u06c1\u06cc\u06ba \u06c1\u06cc\u06ba \u062c\u0648 \u063a\u06cc\u0631 \u0642\u0627\u0646\u0648\u0646\u06cc \u0633\u0631\u06af\u0631\u0645\u06cc\u0648\u06ba \u06a9\u06cc \u0646\u0634\u0627\u0646\u062f\u06c1\u06cc \u06a9\u0631\u062a\u06d2 \u06c1\u06cc\u06ba\u06d4<\/p>\n\n\n\n<p class=\"has-ast-global-color-8-color has-text-color\">\u0645\u0639\u0644\u0648\u0645\u0627\u062a \u06a9\u0648 \u06c1\u0679\u0627\u0646\u06d2 \u06cc\u0627 \u0645\u0639\u0644\u0648\u0645\u0627\u062a \u06a9\u06d2 \u0627\u0633\u062a\u0639\u0645\u0627\u0644 \u06a9\u0648 \u0631\u0648\u06a9\u0646\u06d2 \u06a9\u06cc \u0642\u0627\u0646\u0648\u0646\u06cc \u0630\u0645\u06c1 \u062f\u0627\u0631\u06cc\u0648\u06ba \u06a9\u0648 \u0686\u06cc\u0644\u0646\u062c \u0646\u06c1\u06cc\u06ba \u06a9\u06cc\u0627 \u06af\u06cc\u0627 \u06c1\u06d2\u06d4 \u0627\u0633 \u0635\u0648\u0631\u062a \u0645\u06cc\u06ba\u060c \u0630\u0645\u06c1 \u062f\u0627\u0631\u06cc \u0635\u0631\u0641 \u0642\u0627\u0646\u0648\u0646 \u06a9\u06cc \u0645\u062e\u0635\u0648\u0635 \u062e\u0644\u0627\u0641 \u0648\u0631\u0632\u06cc \u06a9\u06d2 \u0628\u0627\u0631\u06d2 \u0645\u06cc\u06ba \u0639\u0644\u0645 \u06a9\u06d2 \u0648\u0642\u062a \u0645\u0645\u06a9\u0646 \u06c1\u06d2\u06d4 \u063a\u06cc\u0631 \u0642\u0627\u0646\u0648\u0646\u06cc \u0645\u0648\u0627\u062f \u06a9\u0648 \u0641\u0648\u0631\u06cc \u0637\u0648\u0631 \u067e\u0631 \u06c1\u0679\u0627 \u062f\u06cc\u0627 \u062c\u0627\u0626\u06d2 \u06af\u0627 \u062c\u0628 \u06c1\u0645\u06cc\u06ba \u0627\u0646 \u06a9\u0627 \u0639\u0644\u0645 \u06c1\u0648 \u06af\u0627\u06d4<\/p>\n\n\n\n<p class=\"has-ast-global-color-8-color has-text-color\"><strong>\u0631\u0648\u0627\u0628\u0637 \u06a9\u06cc \u0630\u0645\u06c1 \u062f\u0627\u0631\u06cc<\/strong><\/p>\n\n\n\n<p class=\"has-ast-global-color-8-color has-text-color\">\u06c1\u0645\u0627\u0631\u06cc \u067e\u06cc\u0634\u06a9\u0634 \u0645\u06cc\u06ba \u0628\u06cc\u0631\u0648\u0646\u06cc \u062a\u06be\u0631\u0688 \u067e\u0627\u0631\u0679\u06cc \u0648\u06cc\u0628 \u0633\u0627\u0626\u0679\u0633 \u06a9\u06d2 \u0644\u0646\u06a9\u0633 \u0634\u0627\u0645\u0644 \u06c1\u06cc\u06ba\u06d4 \u0627\u0646 \u0648\u06cc\u0628 \u0633\u0627\u0626\u0679\u0633 \u06a9\u06d2 \u0645\u0648\u0627\u062f \u067e\u0631 \u06c1\u0645\u0627\u0631\u0627 \u06a9\u0648\u0626\u06cc \u0627\u062b\u0631 \u0646\u06c1\u06cc\u06ba \u06c1\u06d2\u060c \u0627\u0633 \u0644\u06cc\u06d2 \u06c1\u0645 \u0627\u0646 \u0645\u0648\u0627\u062f \u06a9\u06cc \u0636\u0645\u0627\u0646\u062a \u0646\u06c1\u06cc\u06ba \u062f\u06d2 \u0633\u06a9\u062a\u06d2\u06d4 \u0645\u0646\u0633\u0644\u06a9 \u0648\u06cc\u0628 \u0633\u0627\u0626\u0679\u0633 \u06a9\u06d2 \u0641\u0631\u0627\u06c1\u0645 \u06a9\u0646\u0646\u062f\u06af\u0627\u0646 \u06cc\u0627 \u0645\u0646\u062a\u0638\u0645\u06cc\u0646 \u06c1\u0645\u06cc\u0634\u06c1 \u0627\u067e\u0646\u06d2 \u0645\u0648\u0627\u062f \u06a9\u06d2 \u062e\u0648\u062f \u0630\u0645\u06c1 \u062f\u0627\u0631 \u06c1\u0648\u062a\u06d2 \u06c1\u06cc\u06ba\u06d4<\/p>\n\n\n\n<p class=\"has-ast-global-color-8-color has-text-color\">\u0644\u0646\u06a9 \u06a9\u06d2 \u0642\u06cc\u0627\u0645 \u06a9\u06d2 \u0648\u0642\u062a \u0645\u0646\u0633\u0644\u06a9 \u0648\u06cc\u0628 \u0633\u0627\u0626\u0679\u0633 \u06a9\u0648 \u0642\u0627\u0646\u0648\u0646 \u06a9\u06cc \u0645\u0645\u06a9\u0646\u06c1 \u062e\u0644\u0627\u0641 \u0648\u0631\u0632\u06cc\u0648\u06ba \u06a9\u06d2 \u0644\u06cc\u06d2 \u0686\u06cc\u06a9 \u06a9\u06cc\u0627 \u06af\u06cc\u0627 \u062a\u06be\u0627\u06d4 \u0644\u0646\u06a9 \u06a9\u0631\u0646\u06d2 \u06a9\u06d2 \u0648\u0642\u062a \u063a\u06cc\u0631 \u0642\u0627\u0646\u0648\u0646\u06cc \u0645\u0648\u0627\u062f \u06a9\u0627 \u067e\u062a\u06c1 \u0646\u06c1\u06cc\u06ba \u0686\u0644\u0627\u06d4 \u0645\u0646\u0633\u0644\u06a9 \u0648\u06cc\u0628 \u0633\u0627\u0626\u0679\u0633 \u06a9\u06d2 \u0645\u0648\u0627\u062f \u06a9\u06cc \u0645\u0633\u062a\u0642\u0644 \u0646\u06af\u0631\u0627\u0646\u06cc \u0628\u063a\u06cc\u0631 \u06a9\u0633\u06cc \u0645\u0639\u0642\u0648\u0644 \u0627\u0634\u0627\u0631\u06d2 \u06a9\u06d2 \u0639\u0627\u0626\u062f \u0646\u06c1\u06cc\u06ba \u06a9\u06cc \u062c\u0627 \u0633\u06a9\u062a\u06cc \u06a9\u06c1 \u0642\u0627\u0646\u0648\u0646 \u06a9\u06cc \u062e\u0644\u0627\u0641 \u0648\u0631\u0632\u06cc \u06c1\u0648\u0626\u06cc \u06c1\u06d2\u06d4 \u063a\u06cc\u0631 \u0642\u0627\u0646\u0648\u0646\u06cc \u0644\u0646\u06a9\u0633 \u06a9\u0648 \u0641\u0648\u0631\u06cc \u0637\u0648\u0631 \u067e\u0631 \u06c1\u0679\u0627 \u062f\u06cc\u0627 \u062c\u0627\u0626\u06d2 \u06af\u0627 \u062c\u0628 \u06c1\u0645\u06cc\u06ba \u0627\u0646 \u06a9\u0627 \u0639\u0644\u0645 \u06c1\u0648 \u06af\u0627\u06d4<\/p>\n\n\n\n<p class=\"has-ast-global-color-8-color has-text-color\"><strong>\u06a9\u0627\u067e\u06cc \u0631\u0627\u0626\u0679<\/strong><\/p>\n\n\n\n<p class=\"has-ast-global-color-8-color has-text-color\">\u0641\u0631\u0627\u06c1\u0645 \u06a9\u0646\u0646\u062f\u06af\u0627\u0646 \u06a9\u06d2 \u0630\u0631\u06cc\u0639\u06c1 \u0627\u0646 \u0648\u06cc\u0628 \u0633\u0627\u0626\u0679\u0633 \u067e\u0631 \u0634\u0627\u0626\u0639 \u06a9\u0631\u062f\u06c1 \u0645\u0648\u0627\u062f \u0627\u0648\u0631 \u062a\u0627\u0644\u06cc\u0641\u0627\u062a \u062c\u0631\u0645\u0646 \u06a9\u0627\u067e\u06cc \u0631\u0627\u0626\u0679 \u0642\u0648\u0627\u0646\u06cc\u0646 \u06a9\u06d2 \u062a\u0627\u0628\u0639 \u06c1\u06cc\u06ba\u06d4 \u06a9\u0627\u067e\u06cc \u0631\u0627\u0626\u0679 \u0642\u0627\u0646\u0648\u0646 \u06a9\u06d2 \u062f\u0627\u0626\u0631\u06c1 \u06a9\u0627\u0631 \u0633\u06d2 \u0628\u0627\u06c1\u0631 \u06a9\u0633\u06cc \u0628\u06be\u06cc \u0642\u0633\u0645 \u06a9\u06d2 \u0631\u06cc \u067e\u0631\u0648\u0688\u06a9\u0634\u0646\u060c \u0627\u06cc\u0688\u06cc\u0679\u0646\u06af\u060c \u0688\u0633\u0679\u0631\u06cc \u0628\u06cc\u0648\u0634\u0646 \u06a9\u06d2 \u0644\u06cc\u06d2 \u0645\u0635\u0646\u0641 \u06cc\u0627 \u0645\u0648\u062c\u062f \u06a9\u06cc \u062a\u062d\u0631\u06cc\u0631\u06cc \u0627\u062c\u0627\u0632\u062a \u062f\u0631\u06a9\u0627\u0631 \u06c1\u0648\u062a\u06cc \u06c1\u06d2\u06d4 \u0627\u0646 \u0648\u06cc\u0628 \u0633\u0627\u0626\u0679\u0633 \u06a9\u06d2 \u0688\u0627\u0624\u0646 \u0644\u0648\u0688\u0632 \u0627\u0648\u0631 \u06a9\u0627\u067e\u06cc\u0648\u06ba \u06a9\u06cc \u0627\u062c\u0627\u0632\u062a \u0635\u0631\u0641 \u0646\u062c\u06cc \u0627\u0633\u062a\u0639\u0645\u0627\u0644 \u06a9\u06d2 \u0644\u06cc\u06d2 \u06c1\u06d2\u06d4<\/p>\n\n\n\n<p class=\"has-ast-global-color-8-color has-text-color\">\u0645\u0648\u062c\u062f \u06a9\u06cc \u0627\u062c\u0627\u0632\u062a \u06a9\u06d2 \u0628\u063a\u06cc\u0631 \u06c1\u0645\u0627\u0631\u06d2 \u0645\u0648\u0627\u062f \u06a9\u0627 \u062a\u062c\u0627\u0631\u062a\u06cc \u0627\u0633\u062a\u0639\u0645\u0627\u0644 \u0645\u0645\u0646\u0648\u0639 \u06c1\u06d2\u06d4<\/p>\n\n\n\n<p class=\"has-ast-global-color-8-color has-text-color\">\u0641\u0631\u06cc\u0642 \u062b\u0627\u0644\u062b \u06a9\u06d2 \u06a9\u0627\u067e\u06cc \u0631\u0627\u0626\u0679 \u0642\u0648\u0627\u0646\u06cc\u0646 \u06a9\u0627 \u0627\u0633 \u0648\u0642\u062a \u062a\u06a9 \u0627\u062d\u062a\u0631\u0627\u0645 \u06a9\u06cc\u0627 \u062c\u0627\u062a\u0627 \u06c1\u06d2 \u062c\u0628 \u062a\u06a9 \u06a9\u06c1 \u0627\u0646 \u0648\u06cc\u0628 \u0633\u0627\u0626\u0679\u0633 \u067e\u0631 \u0645\u0648\u062c\u0648\u062f \u0645\u0648\u0627\u062f \u0641\u0631\u0627\u06c1\u0645 \u06a9\u0646\u0646\u062f\u06c1 \u06a9\u06cc \u0637\u0631\u0641 \u0633\u06d2 \u0646\u06c1\u06cc\u06ba \u0622\u062a\u0627\u06d4 \u0627\u0633 \u0633\u0627\u0626\u0679 \u067e\u0631 \u0641\u0631\u06cc\u0642 \u062b\u0627\u0644\u062b \u06a9\u06d2 \u062a\u0639\u0627\u0648\u0646 \u06a9\u06cc \u0646\u0634\u0627\u0646\u062f\u06c1\u06cc \u0627\u0633 \u0637\u0631\u062d \u06a9\u06cc \u06af\u0626\u06cc \u06c1\u06d2\u06d4 \u062a\u0627\u06c1\u0645\u060c \u0627\u06af\u0631 \u0622\u067e \u06a9\u0648 \u06a9\u0627\u067e\u06cc \u0631\u0627\u0626\u0679 \u0642\u0627\u0646\u0648\u0646 \u06a9\u06cc \u06a9\u0648\u0626\u06cc \u062e\u0644\u0627\u0641 \u0648\u0631\u0632\u06cc \u0646\u0638\u0631 \u0622\u062a\u06cc \u06c1\u06d2\u060c \u062a\u0648 \u0628\u0631\u0627\u06c1 \u06a9\u0631\u0645 \u06c1\u0645\u06cc\u06ba \u0645\u0637\u0644\u0639 \u06a9\u0631\u06cc\u06ba\u06d4 \u0627\u06cc\u0633\u06d2 \u0645\u0648\u0627\u062f \u06a9\u0648 \u0641\u0648\u0631\u06cc \u0637\u0648\u0631 \u067e\u0631 \u06c1\u0679\u0627 \u062f\u06cc\u0627 \u062c\u0627\u0626\u06d2 \u06af\u0627\u06d4<\/p>\n\n\n\n<p class=\"has-ast-global-color-8-color has-text-color\"><strong>Haftung f\u00fcr Inhalte<\/strong><\/p>\n\n\n\n<p class=\"has-ast-global-color-8-color has-text-color\"><em>Als Diensteanbieter sind wir gem\u00e4\u00df \u00a7 7 Abs. 1 TMG f\u00fcr eigene Inhalte auf diesen Seiten nach den allgemeinen Gesetzen verantwortlich. Nach \u00a7\u00a7 8 bis 10 TMG sind wir als Diensteanbieter jedoch nicht verpflichtet\u060c \u00fcbermittelte oder gespeicherte fremde Informationen zu \u00fcberwachen oder nach Umst\u00e4nden zu forschen\u060c die auf eine rech\u00e4nits\u00e4nden zu forschen.<\/em><\/p>\n\n\n\n<p class=\"has-ast-global-color-8-color has-text-color\"><em>Verpflichtungen Zur Entfernung oder Sperrung der Nutzung von Informationen nach den allgemeinen Gesetzen bleiben hiervon unber\u00fchrt. Eine diesbez\u00fcgliche Haftung ist jedoch erst ab dem Zeitpunkt der Kenntnis einer konkreten Rechtsverletzung m\u00f6glich. Bei Bekanntwerden von entsprechenden Rechtsverletzungen werden wir diese Inhalte umgehend entfernen.<\/em><\/p>\n\n\n\n<p class=\"has-ast-global-color-8-color has-text-color\"><strong>Haftung f\u00fcr \u0644\u0646\u06a9\u0633<\/strong><\/p>\n\n\n\n<p class=\"has-ast-global-color-8-color has-text-color\"><em>Unser Angebot enth\u00e4lt Links zu externen Webseiten Dritter, auf deren inhalte wir keinen Einfluss haben. Deshalb k\u00f6nnen wir f\u00fcr diese fremden Inhalte auch keine Gew\u00e4hr \u00fcbernehmen. F\u00fcr die Inhalte der verlinkten Seiten ist stets der jeweilige Anbieter oder Betreiber der Seiten verantwortlich. Die verlinkten Seiten wurden zum Zeitpunkt der Verlinkung auf m\u00f6gliche Rechtsverst\u00f6\u00dfe \u00fcberpr\u00fcft. Rechtswidrige Inhalte waren zum Zeitpunkt der Verlinkung nicht erkennbar.<\/em><\/p>\n\n\n\n<p class=\"has-ast-global-color-8-color has-text-color\"><em>Eine permanente inhaltliche Kontrolle der verlinkten Seiten ist jedoch ohne konkrete Anhaltspunkte einer Rechtsverletzung nicht zumutbar\u06d4 Bei Bekanntwerden von Rechtsverletzungen werden wir derartige \u0644\u0646\u06a9\u0633 umgehend entfernen.<\/em><\/p>\n\n\n\n<p class=\"has-ast-global-color-8-color has-text-color\"><strong>Urheberrecht<\/strong><\/p>\n\n\n\n<p class=\"has-ast-global-color-8-color has-text-color\"><em>Die durch die Seitenbetreiber erstellten Inhalte und Werke auf diesen Seiten unterliegen dem deutschen Urheberrecht. Die Vervielf\u00e4ltigung, Bearbeitung, Verbreitung und jede Art der Verwertung au\u00dferhalb der Grenzen des Urheberrechtes bed\u00fcrfen der schriftlichen Zustimmung des jeweiligen Autors bzw. \u0627\u0631\u0633\u0679\u06cc\u0644\u0631\u0632 \u0688\u0627\u0624\u0646 \u0644\u0648\u0688\u0632 und Kopien dieser Seite sind nur f\u00fcr den privaten, nicht kommerziellen Gebrauch gestattet.<\/em><\/p>\n\n\n\n<p class=\"has-ast-global-color-8-color has-text-color\"><em>Soweit die Inhalte auf dieser Seite nicht vom Betreiber erstellt wurden\u060c werden die Urheberrechte Dritter beachtet. Insbesondere werden Inhalte Dritter als solche gekennzeichnet. Sollten Sie trotzdem auf eine Urheberrechtsverletzung aufmerksam werden\u060c bitten wir um einen entsprechenden Hinweis. Bei Bekanntwerden von Rechtsverletzungen werden wir derartige Inhalte umgehend entfernen.<\/em><em>Quellenangabe: <\/em><a href=\"https:\/\/www.e-recht24.de\/\">https:\/\/www.e-recht24.de<\/a><\/p>","protected":false},"excerpt":{"rendered":"<p>TMG (\u00a7 5) \u06a9\u06d2 \u0645\u0637\u0627\u0628\u0642 \u0641\u0631\u0627\u06c1\u0645 \u06a9\u0631\u062f\u06c1 \u0645\u0639\u0644\u0648\u0645\u0627\u062a | TMG \u06a9\u06d2 \u0645\u0637\u0627\u0628\u0642 Angaben: SRS \u0633\u0631\u0679\u06cc\u0641\u06cc\u06a9\u06cc\u0634\u0646 GmbH Friedl\u00e4nder Weg 20 | 37085 G\u00f6ttingen | \u062c\u0631\u0645\u0646\u06cc \u0646\u0645\u0627\u0626\u0646\u062f\u06af\u06cc \u0628\u0630\u0631\u06cc\u0639\u06c1 | Vertreten durch: Martina Melapie \u0631\u0627\u0628\u0637\u06c1 | Kontakt: T.: +49 551 \/ 89 02 45 42 E-Mail: info [at] srscert-global.com \u0631\u062c\u0633\u0679\u0631\u0646\u06af \u06a9\u0648\u0631\u0679 | Registergericht: Amtsgericht G\u00f6ttingen \u0631\u062c\u0633\u0679\u0631\u06cc\u0634\u0646 \u0646\u0645\u0628\u0631 | Registernummer: HRB 205083 VAT ...<\/p>\n<p class=\"read-more\"> <a class=\"\" href=\"https:\/\/srs-certification.com\/ur\/%d8%a7%d9%85%d9%be%d8%b1%d9%86%d9%b9\/\"> <span class=\"screen-reader-text\">\u0646\u0642\u0648\u0634<\/span> Read More \u00bb<\/a><\/p>","protected":false},"author":8,"featured_media":0,"parent":0,"menu_order":8,"comment_status":"closed","ping_status":"closed","template":"","meta":{"inline_featured_image":false,"site-sidebar-layout":"default","site-content-layout":"default","ast-global-header-display":"","ast-main-header-display":"","ast-hfb-above-header-display":"","ast-hfb-below-header-display":"","ast-hfb-mobile-header-display":"","site-post-title":"","ast-breadcrumbs-content":"","ast-featured-img":"","footer-sml-layout":"","theme-transparent-header-meta":"","adv-header-id-meta":"","stick-header-meta":"","header-above-stick-meta":"","header-main-stick-meta":"","header-below-stick-meta":"","footnotes":""},"class_list":["post-74","page","type-page","status-publish","hentry"],"_links":{"self":[{"href":"https:\/\/srs-certification.com\/ur\/wp-json\/wp\/v2\/pages\/74","targetHints":{"allow":["GET"]}}],"collection":[{"href":"https:\/\/srs-certification.com\/ur\/wp-json\/wp\/v2\/pages"}],"about":[{"href":"https:\/\/srs-certification.com\/ur\/wp-json\/wp\/v2\/types\/page"}],"author":[{"embeddable":true,"href":"https:\/\/srs-certification.com\/ur\/wp-json\/wp\/v2\/users\/8"}],"replies":[{"embeddable":true,"href":"https:\/\/srs-certification.com\/ur\/wp-json\/wp\/v2\/comments?post=74"}],"version-history":[{"count":6,"href":"https:\/\/srs-certification.com\/ur\/wp-json\/wp\/v2\/pages\/74\/revisions"}],"predecessor-version":[{"id":4882,"href":"https:\/\/srs-certification.com\/ur\/wp-json\/wp\/v2\/pages\/74\/revisions\/4882"}],"wp:attachment":[{"href":"https:\/\/srs-certification.com\/ur\/wp-json\/wp\/v2\/media?parent=74"}],"curies":[{"name":"\u0648\u0631\u0688 \u067e\u0631\u06cc\u0633","href":"https:\/\/api.w.org\/{rel}","templated":true}]}}