{"id":188,"date":"2018-05-01T13:53:38","date_gmt":"2018-05-01T11:53:38","guid":{"rendered":"http:\/\/srs-certification.de\/?page_id=188"},"modified":"2022-09-09T23:30:41","modified_gmt":"2022-09-09T21:30:41","slug":"phien-ban-thu-3","status":"publish","type":"page","link":"https:\/\/srs-certification.com\/vi\/chung-nhan\/phien-ban-thu-3\/","title":{"rendered":"Ki\u1ec3m tra nh\u00e0 cung c\u1ea5p"},"content":{"rendered":"<p class=\"has-ast-global-color-8-color has-text-color\">SRS ch\u00e0o \u0111\u00f3n t\u1ea5t c\u1ea3 nh\u1eefng ng\u01b0\u1eddi ch\u01a1i qu\u1ed1c t\u1ebf trong th\u1ecb tr\u01b0\u1eddng h\u1eefu c\u01a1 mu\u1ed1n thi\u1ebft l\u1eadp m\u1ed1i quan h\u1ec7 kinh doanh v\u1edbi c\u00e1c nh\u00e0 cung c\u1ea5p. Ch\u00fang t\u00f4i cung c\u1ea5p kinh nghi\u1ec7m v\u00e0 chuy\u00ean m\u00f4n c\u1ee7a m\u00ecnh cho vi\u1ec7c ki\u1ec3m tra t\u1ea1i \u0111\u1ecba \u0111i\u1ec3m s\u1ea3n xu\u1ea5t c\u1ee7a nh\u00e0 cung c\u1ea5p c\u1ee7a b\u1ea1n v\u00e0 c\u00e1c \u0111\u1ecba \u0111i\u1ec3m ho\u1ea1t \u0111\u1ed9ng kh\u00e1c. C\u00e1c nh\u00e0 ph\u00e2n ph\u1ed1i s\u1ea3n ph\u1ea9m gi\u00e1 tr\u1ecb gia t\u0103ng bi\u1ebft r\u1eb1ng ch\u1ec9 nh\u00ecn v\u00e0o ch\u1ee9ng nh\u1eadn c\u1ee7a s\u1ea3n ph\u1ea9m kh\u00f4ng nh\u1ea5t thi\u1ebft \u0111\u1ea3m b\u1ea3o ch\u1ea5t l\u01b0\u1ee3ng nh\u01b0 mong \u0111\u1ee3i. SRS cung c\u1ea5p d\u1ecbch v\u1ee5 gi\u00e1m s\u00e1t c\u00e1c ti\u00eau ch\u00ed ch\u1ea5t l\u01b0\u1ee3ng m\u00e0 b\u1ea1n y\u00eau c\u1ea7u. \u0110\u00e2y c\u00f3 th\u1ec3 l\u00e0 ngu\u1ed3n g\u1ed1c, gi\u1ed1ng ho\u1eb7c gi\u1ed1ng \u0111\u01b0\u1ee3c \u0111\u1ea3m b\u1ea3o, x\u00e1c nh\u1eadn truy xu\u1ea5t ngu\u1ed3n g\u1ed1c, ti\u00eau chu\u1ea9n s\u1ea3n xu\u1ea5t c\u1ee5 th\u1ec3, \u0111\u00e1p \u1ee9ng c\u00e1c th\u00f4ng s\u1ed1 v\u1ec7 sinh ho\u1eb7c ch\u1ea5t l\u01b0\u1ee3ng, gi\u00e1m s\u00e1t s\u1ea3n xu\u1ea5t h\u1eefu c\u01a1, \u0111i\u1ec1u ki\u1ec7n lao \u0111\u1ed9ng, s\u1ea3n ph\u1ea9m kh\u00f4ng b\u1ecb \u00f4 nhi\u1ec5m ho\u1eb7c t\u00e0i nguy\u00ean \u0111\u01b0\u1ee3c qu\u1ea3n l\u00fd b\u1ec1n v\u1eefng. Li\u00ean h\u1ec7 v\u1edbi ch\u00fang t\u00f4i b\u1ea5t c\u1ee9 l\u00fac n\u00e0o cho d\u1ecbch v\u1ee5 n\u00e0y.<\/p>","protected":false},"excerpt":{"rendered":"<p>SRS welcomes all international players in the organic market who want to set up business relation with suppliers. We offer our experience and expertise for inspections at your suppliers\u2019 production site and other sites of activities. Distributors of value-added products know that simply looking at the certification of a product does not necessarily guarantee its \u2026<\/p>\n<p class=\"read-more\"> <a class=\"\" href=\"https:\/\/srs-certification.com\/vi\/chung-nhan\/phien-ban-thu-3\/\"> <span class=\"screen-reader-text\">Ki\u1ec3m tra nh\u00e0 cung c\u1ea5p<\/span> \u0110\u1ecdc th\u00eam &quot;<\/a><\/p>","protected":false},"author":2,"featured_media":0,"parent":37,"menu_order":5,"comment_status":"closed","ping_status":"closed","template":"","meta":{"inline_featured_image":false,"site-sidebar-layout":"default","site-content-layout":"default","ast-global-header-display":"","ast-main-header-display":"","ast-hfb-above-header-display":"","ast-hfb-below-header-display":"","ast-hfb-mobile-header-display":"","site-post-title":"disabled","ast-breadcrumbs-content":"","ast-featured-img":"","footer-sml-layout":"","theme-transparent-header-meta":"","adv-header-id-meta":"","stick-header-meta":"","header-above-stick-meta":"","header-main-stick-meta":"","header-below-stick-meta":"","footnotes":""},"class_list":["post-188","page","type-page","status-publish","hentry"],"_links":{"self":[{"href":"https:\/\/srs-certification.com\/vi\/wp-json\/wp\/v2\/pages\/188","targetHints":{"allow":["GET"]}}],"collection":[{"href":"https:\/\/srs-certification.com\/vi\/wp-json\/wp\/v2\/pages"}],"about":[{"href":"https:\/\/srs-certification.com\/vi\/wp-json\/wp\/v2\/types\/page"}],"author":[{"embeddable":true,"href":"https:\/\/srs-certification.com\/vi\/wp-json\/wp\/v2\/users\/2"}],"replies":[{"embeddable":true,"href":"https:\/\/srs-certification.com\/vi\/wp-json\/wp\/v2\/comments?post=188"}],"version-history":[{"count":5,"href":"https:\/\/srs-certification.com\/vi\/wp-json\/wp\/v2\/pages\/188\/revisions"}],"predecessor-version":[{"id":3989,"href":"https:\/\/srs-certification.com\/vi\/wp-json\/wp\/v2\/pages\/188\/revisions\/3989"}],"up":[{"embeddable":true,"href":"https:\/\/srs-certification.com\/vi\/wp-json\/wp\/v2\/pages\/37"}],"wp:attachment":[{"href":"https:\/\/srs-certification.com\/vi\/wp-json\/wp\/v2\/media?parent=188"}],"curies":[{"name":"wp","href":"https:\/\/api.w.org\/{rel}","templated":true}]}}