{"id":203,"date":"2019-02-01T16:08:41","date_gmt":"2019-02-01T15:08:41","guid":{"rendered":"http:\/\/srs-certification.de\/?page_id=203"},"modified":"2026-03-25T14:27:54","modified_gmt":"2026-03-25T13:27:54","slug":"cac-buoc-to-chuc","status":"publish","type":"page","link":"https:\/\/srs-certification.com\/vi\/chung-nhan\/to-chuc-2\/cac-buoc-to-chuc\/","title":{"rendered":"C\u00e1c b\u01b0\u1edbc \u0111\u1ec3 \u0111\u01b0\u1ee3c ch\u1ee9ng nh\u1eadn h\u1eefu c\u01a1"},"content":{"rendered":"<p>&nbsp;<\/p>\n\n\n\n<figure class=\"wp-block-image size-large\"><img loading=\"lazy\" decoding=\"async\" width=\"1024\" height=\"576\" src=\"https:\/\/srs-certification.com\/wp-content\/uploads\/2020\/11\/SRS-Certification-Flowchart-upd-1024x576.png\" alt=\"\" class=\"wp-image-2434\" srcset=\"https:\/\/srs-certification.com\/wp-content\/uploads\/2020\/11\/SRS-Certification-Flowchart-upd-1024x576.png 1024w, https:\/\/srs-certification.com\/wp-content\/uploads\/2020\/11\/SRS-Certification-Flowchart-upd-300x169.png 300w, https:\/\/srs-certification.com\/wp-content\/uploads\/2020\/11\/SRS-Certification-Flowchart-upd-150x84.png 150w, https:\/\/srs-certification.com\/wp-content\/uploads\/2020\/11\/SRS-Certification-Flowchart-upd-768x432.png 768w, https:\/\/srs-certification.com\/wp-content\/uploads\/2020\/11\/SRS-Certification-Flowchart-upd-480x270.png 480w, https:\/\/srs-certification.com\/wp-content\/uploads\/2020\/11\/SRS-Certification-Flowchart-upd.png 1280w\" sizes=\"auto, (max-width: 1024px) 100vw, 1024px\" \/><\/figure>\n\n\n\n<p class=\"has-ast-global-color-8-color has-text-color\"><strong>N\u1ed9p \u0111\u01a1n\/T\u00e1i n\u1ed9p \u0111\u01a1n:<\/strong> Nh\u00e0 \u0111i\u1ec1u h\u00e0nh n\u1ed9p \u0111\u01a1n\/\u0111\u0103ng k\u00fd l\u1ea1i \u0111\u1ec3 xin ch\u1ee9ng nh\u1eadn b\u1eb1ng c\u00e1ch n\u1ed9p h\u1ed3 s\u01a1 \u0111\u00e3 \u0111i\u1ec1n \u0111\u1ea7y \u0111\u1ee7 <u><a href=\"https:\/\/srs-certification.com\/vi\/lien-ket-tai-lieu\/\" target=\"_blank\" rel=\"noreferrer noopener\"><span class=\"has-inline-color has-black-color\">M\u1eabu \u0111\u0103ng k\u00fd<\/span><\/a><\/u> \u0110\u1ebeN <a href=\"mailto:info@srs-certification.com\"><span class=\"has-inline-color has-black-color\">info@srscert-global.com<\/span><\/a><span class=\"has-inline-color has-black-color\">.<\/span><\/p>\n\n\n\n<p class=\"has-ast-global-color-8-color has-text-color\"><strong>Xem x\u00e9t, ph\u00ea duy\u1ec7t, \u0111\u1ec1 ngh\u1ecb v\u00e0 h\u1ee3p \u0111\u1ed3ng \u1ee9ng d\u1ee5ng:<\/strong> Nh\u00e2n vi\u00ean SRS ch\u1ecbu tr\u00e1ch nhi\u1ec7m xem x\u00e9t \u0111\u01a1n \u0111\u0103ng k\u00fd v\u00e0 c\u00f3 th\u1ec3 y\u00eau c\u1ea7u th\u00eam th\u00f4ng tin \u0111\u1ec3 ph\u00ea duy\u1ec7t \u0111\u01a1n \u0111\u0103ng k\u00fd v\u00e0 \u0111\u01b0a ra \u0111\u1ec1 ngh\u1ecb. C\u00f9ng v\u1edbi vi\u1ec7c ph\u00ea duy\u1ec7t, nh\u00e0 \u0111i\u1ec1u h\u00e0nh s\u1ebd nh\u1eadn \u0111\u01b0\u1ee3c h\u1ee3p \u0111\u1ed3ng ch\u1ee9ng nh\u1eadn \u0111\u1ec3 k\u00fd v\u00e0 n\u1ed9p cho SRS.<\/p>\n\n\n\n<p class=\"has-ast-global-color-8-color has-text-color\"><strong>N\u1ed9p B\u1ea3n m\u00f4 t\u1ea3 d\u1ef1 \u00e1n h\u1eefu c\u01a1 (OPD) \/ c\u1eadp nh\u1eadt OPD h\u00e0ng n\u0103m:<\/strong> Sau khi SRS nh\u1eadn \u0111\u01b0\u1ee3c h\u1ee3p \u0111\u1ed3ng \u0111\u00e3 k\u00fd, m\u1ed9t m\u1eabu OPD s\u1ebd \u0111\u01b0\u1ee3c g\u1eedi \u0111\u1ebfn nh\u00e0 \u0111i\u1ec1u h\u00e0nh, h\u1ecd s\u1ebd \u0111i\u1ec1n v\u00e0 g\u1eedi l\u1ea1i c\u00f9ng v\u1edbi th\u00f4ng tin \u0111\u01b0\u1ee3c y\u00eau c\u1ea7u v\u00e0 thanh to\u00e1n ph\u00ed ch\u1ee9ng nh\u1eadn. C\u00e1c nh\u00e0 khai th\u00e1c y\u00eau c\u1ea7u ch\u1ee9ng nh\u1eadn l\u1ea1i n\u1ed9p b\u1ea3n hi\u1ec7n t\u1ea1i, t\u1ee9c l\u00e0 m\u00f4 t\u1ea3 ho\u1ea1t \u0111\u1ed9ng \u0111\u01b0\u1ee3c c\u1eadp nh\u1eadt.<\/p>\n\n\n\n<p class=\"has-ast-global-color-8-color has-text-color\"><strong>\u0110\u00e1nh gi\u00e1 v\u00e0 ph\u1ea3n h\u1ed3i c\u1ee7a OPD:<\/strong> Nh\u00e2n vi\u00ean SRS s\u1ebd xem x\u00e9t OPD v\u00e0 chu\u1ea9n b\u1ecb \u0111\u00e1nh gi\u00e1 r\u1ee7i ro, \u0111\u01b0a ra ph\u1ea3n h\u1ed3i v\u1ec1 n\u00f3 cho nh\u00e0 \u0111i\u1ec1u h\u00e0nh tr\u01b0\u1edbc khi l\u00ean k\u1ebf ho\u1ea1ch ki\u1ec3m tra. Thanh tra SRS s\u1ebd nh\u1eadn \u0111\u01b0\u1ee3c nhi\u1ec7m v\u1ee5 chi ti\u1ebft cho vi\u1ec7c thanh tra. Ng\u00e0y ki\u1ec3m tra s\u1ebd \u0111\u01b0\u1ee3c \u1ea5n \u0111\u1ecbnh sau khi li\u00ean l\u1ea1c v\u1edbi nh\u00e0 \u0111i\u1ec1u h\u00e0nh (\u0111\u1ed1i v\u1edbi c\u00e1c cu\u1ed9c ki\u1ec3m tra \u0111\u00e3 th\u00f4ng b\u00e1o) ho\u1eb7c n\u1ed9i b\u1ed9 m\u00e0 kh\u00f4ng c\u1ea7n th\u00f4ng b\u00e1o cho nh\u00e0 \u0111i\u1ec1u h\u00e0nh (trong tr\u01b0\u1eddng h\u1ee3p ki\u1ec3m tra kh\u00f4ng b\u00e1o tr\u01b0\u1edbc).<\/p>\n\n\n\n<p class=\"has-ast-global-color-8-color has-text-color\"><strong>Tr\u1ea3 l\u1eddi SRS &amp; Chu\u1ea9n b\u1ecb ki\u1ec3m tra:<\/strong> Nh\u00e0 \u0111i\u1ec1u h\u00e0nh g\u1eedi cho SRS th\u00f4ng tin ho\u1eb7c t\u00e0i li\u1ec7u b\u1ed5 sung theo ph\u1ea3n h\u1ed3i v\u00e0 chu\u1ea9n b\u1ecb cho vi\u1ec7c ki\u1ec3m tra.<\/p>\n\n\n\n<p class=\"has-ast-global-color-8-color has-text-color\"><strong>Thanh tra h\u00e0ng n\u0103m:<\/strong> L\u1ea7n ki\u1ec3m tra \u0111\u1ea7u ti\u00ean s\u1ebd lu\u00f4n \u0111\u01b0\u1ee3c c\u00f4ng b\u1ed1. Thanh tra SRS s\u1ebd ti\u1ebfn h\u00e0nh ki\u1ec3m tra t\u1ea1i ch\u1ed7, bao qu\u00e1t s\u00e2u t\u1ea5t c\u1ea3 c\u00e1c l\u0129nh v\u1ef1c c\u1ee7a ho\u1ea1t \u0111\u1ed9ng h\u1eefu c\u01a1 v\u00e0 th\u00f4ng b\u00e1o t\u1ea5t c\u1ea3 c\u00e1c ph\u00e1t hi\u1ec7n cho ng\u01b0\u1eddi \u0111i\u1ec1u h\u00e0nh tr\u01b0\u1edbc khi r\u1eddi \u0111i. Trong qu\u00e1 tr\u00ecnh ki\u1ec3m tra, c\u00f3 th\u1ec3 l\u1ea5y m\u1eabu. Ngay sau khi ki\u1ec3m tra, thanh tra vi\u00ean SRS s\u1ebd ho\u00e0n th\u00e0nh b\u00e1o c\u00e1o ki\u1ec3m tra v\u00e0 g\u1eedi b\u00e1o c\u00e1o \u0111\u1ec3 xem x\u00e9t v\u00e0 ch\u1ee9ng nh\u1eadn cho SRS.<\/p>\n\n\n\n<p class=\"has-ast-global-color-8-color has-text-color\"><strong>\u0110\u00e1nh gi\u00e1 b\u00e1o c\u00e1o ki\u1ec3m tra:<\/strong> B\u00e1o c\u00e1o ki\u1ec3m tra v\u00e0 (n\u1ebfu c\u00f3) k\u1ebft qu\u1ea3 ph\u00e2n t\u00edch m\u1eabu s\u1ebd \u0111\u01b0\u1ee3c C\u00e1n b\u1ed9 \u0111\u00e1nh gi\u00e1 SRS \u0111\u00e1nh gi\u00e1. Ch\u00fang \u0111\u01b0\u1ee3c g\u1eedi \u0111\u1ebfn ho\u1ea1t \u0111\u1ed9ng c\u00f9ng v\u1edbi k\u1ebft qu\u1ea3 \u0111\u00e1nh gi\u00e1. N\u1ebfu ph\u00e1t hi\u1ec7n d\u01b0 l\u01b0\u1ee3ng ch\u1ea5t b\u1ecb c\u1ea5m ho\u1eb7c ch\u1ea5t g\u00e2y \u00f4 nhi\u1ec5m trong c\u00e1c m\u1eabu \u0111\u00e3 l\u1ea5y, quy tr\u00ecnh \u0111i\u1ec1u tra s\u1ebd \u0111\u01b0\u1ee3c b\u1eaft \u0111\u1ea7u b\u1eb1ng c\u00e1ch th\u00f4ng b\u00e1o cho ng\u01b0\u1eddi v\u1eadn h\u00e0nh.<\/p>\n\n\n\n<p class=\"has-ast-global-color-8-color has-text-color translation-block\">N\u1ebfu trong qu\u00e1 tr\u00ecnh ki\u1ec3m tra <u>kh\u00f4ng ph\u00e1t hi\u1ec7n th\u1ea5y s\u1ef1 kh\u00f4ng tu\u00e2n th\u1ee7<\/u> (NC), ho\u1ea1t \u0111\u1ed9ng s\u1ebd nh\u1eadn \u0111\u01b0\u1ee3c th\u01b0 th\u00f4ng b\u00e1o k\u00e8m theo quy\u1ebft \u0111\u1ecbnh ch\u1ee9ng nh\u1eadn v\u00e0 gi\u1ea5y ch\u1ee9ng nh\u1eadn s\u1ebd \u0111\u01b0\u1ee3c c\u1ea5p.<\/p>\n\n\n\n<p class=\"has-ast-global-color-8-color has-text-color translation-block\"><u>Trong tr\u01b0\u1eddng h\u1ee3p ph\u00e1t hi\u1ec7n NC<\/u> , nh\u00e0 \u0111i\u1ec1u h\u00e0nh s\u1ebd \u0111\u01b0\u1ee3c y\u00eau c\u1ea7u g\u1eedi c\u00e1c bi\u1ec7n ph\u00e1p kh\u1eafc ph\u1ee5c cho SRS. N\u1ebfu kh\u00e1ch h\u00e0ng th\u00e0nh c\u00f4ng trong vi\u1ec7c ch\u1ee9ng minh r\u1eb1ng NC \u0111\u00e3 \u0111\u01b0\u1ee3c s\u1eeda ch\u1eefa v\u00e0 k\u1ebf ho\u1ea1ch s\u1eeda ch\u1eefa l\u00e0 h\u1ee3p l\u00fd th\u00ec quy\u1ebft \u0111\u1ecbnh ch\u1ee9ng nh\u1eadn cu\u1ed1i c\u00f9ng s\u1ebd \u0111\u01b0\u1ee3c g\u1eedi \u0111\u1ebfn nh\u00e0 \u0111i\u1ec1u h\u00e0nh v\u00e0 ch\u1ee9ng ch\u1ec9 s\u1ebd \u0111\u01b0\u1ee3c c\u1ea5p. Trong tr\u01b0\u1eddng h\u1ee3p c\u00e1c NC \u0111\u01b0\u1ee3c ph\u00e1t hi\u1ec7n kh\u00f4ng \u0111\u01b0\u1ee3c nh\u00e0 \u0111i\u1ec1u h\u00e0nh s\u1eeda ch\u1eefa theo th\u1eddi gian \u0111\u00e3 th\u1ecfa thu\u1eadn ho\u1eb7c c\u00e1c NC kh\u00f4ng th\u1ec3 s\u1eeda \u0111\u01b0\u1ee3c, SRS s\u1ebd th\u1ef1c hi\u1ec7n c\u00e1c bi\u1ec7n ph\u00e1p x\u1eed l\u00fd th\u00edch \u0111\u00e1ng: T\u1eeb ch\u1ed1i, \u0110\u00ecnh ch\u1ec9, Thu h\u1ed3i.<\/p>\n\n\n\n<p class=\"has-ast-global-color-8-color has-text-color\">Nh\u00e0 \u0111i\u1ec1u h\u00e0nh c\u00f3 quy\u1ec1n r\u00fat l\u1ea1i y\u00eau c\u1ea7u ch\u1ee9ng nh\u1eadn c\u1ee7a m\u00ecnh b\u1ea5t c\u1ee9 l\u00fac n\u00e0o trong c\u00e1c \u0111i\u1ec1u ki\u1ec7n c\u1ee5 th\u1ec3.<\/p>\n\n\n\n<p class=\"has-ast-global-color-8-color has-text-color\"><strong>Gi\u00e1m s\u00e1t:<\/strong> Sau khi \u0111\u01b0\u1ee3c ch\u1ee9ng nh\u1eadn h\u1eefu c\u01a1 l\u1ea7n \u0111\u1ea7u, nh\u1eb1m m\u1ee5c \u0111\u00edch gi\u00e1m s\u00e1t, c\u00e1c cu\u1ed9c ki\u1ec3m tra th\u01b0\u1eddng xuy\u00ean v\u00e0 b\u1ed5 sung, c\u00f3 th\u00f4ng b\u00e1o ho\u1eb7c kh\u00f4ng b\u00e1o tr\u01b0\u1edbc, s\u1ebd \u0111\u01b0\u1ee3c ti\u1ebfn h\u00e0nh v\u00e0 c\u00f3 th\u1ec3 l\u1ea5y m\u1eabu.<\/p>","protected":false},"excerpt":{"rendered":"<p>&nbsp; Application \/ Re-application: Operator applies \/ re-applies for certification by submitting the completed Application Form to info@srscert-global.com. Application Review, Approval, Offer &amp; Contract: The responsible SRS staff reviews the application and may ask for further information to approve the application and issue an offer. Together with the approval, the operator will receive the certification &hellip;<\/p>\n<p class=\"read-more\"> <a class=\"\" href=\"https:\/\/srs-certification.com\/vi\/chung-nhan\/to-chuc-2\/cac-buoc-to-chuc\/\"> <span class=\"screen-reader-text\">C\u00e1c b\u01b0\u1edbc \u0111\u1ec3 \u0111\u01b0\u1ee3c ch\u1ee9ng nh\u1eadn h\u1eefu c\u01a1<\/span> \u0110\u1ecdc th\u00eam &quot;<\/a><\/p>","protected":false},"author":2,"featured_media":0,"parent":42,"menu_order":1,"comment_status":"closed","ping_status":"closed","template":"","meta":{"inline_featured_image":false,"site-sidebar-layout":"default","site-content-layout":"default","ast-global-header-display":"","ast-main-header-display":"","ast-hfb-above-header-display":"","ast-hfb-below-header-display":"","ast-hfb-mobile-header-display":"","site-post-title":"","ast-breadcrumbs-content":"","ast-featured-img":"","footer-sml-layout":"","theme-transparent-header-meta":"","adv-header-id-meta":"","stick-header-meta":"","header-above-stick-meta":"","header-main-stick-meta":"","header-below-stick-meta":"","footnotes":""},"class_list":["post-203","page","type-page","status-publish","hentry"],"_links":{"self":[{"href":"https:\/\/srs-certification.com\/vi\/wp-json\/wp\/v2\/pages\/203","targetHints":{"allow":["GET"]}}],"collection":[{"href":"https:\/\/srs-certification.com\/vi\/wp-json\/wp\/v2\/pages"}],"about":[{"href":"https:\/\/srs-certification.com\/vi\/wp-json\/wp\/v2\/types\/page"}],"author":[{"embeddable":true,"href":"https:\/\/srs-certification.com\/vi\/wp-json\/wp\/v2\/users\/2"}],"replies":[{"embeddable":true,"href":"https:\/\/srs-certification.com\/vi\/wp-json\/wp\/v2\/comments?post=203"}],"version-history":[{"count":5,"href":"https:\/\/srs-certification.com\/vi\/wp-json\/wp\/v2\/pages\/203\/revisions"}],"predecessor-version":[{"id":4902,"href":"https:\/\/srs-certification.com\/vi\/wp-json\/wp\/v2\/pages\/203\/revisions\/4902"}],"up":[{"embeddable":true,"href":"https:\/\/srs-certification.com\/vi\/wp-json\/wp\/v2\/pages\/42"}],"wp:attachment":[{"href":"https:\/\/srs-certification.com\/vi\/wp-json\/wp\/v2\/media?parent=203"}],"curies":[{"name":"wp","href":"https:\/\/api.w.org\/{rel}","templated":true}]}}