{"id":26,"date":"2019-02-05T10:24:14","date_gmt":"2019-02-05T09:24:14","guid":{"rendered":"http:\/\/srs-certification.de\/?page_id=26"},"modified":"2022-05-17T18:41:15","modified_gmt":"2022-05-17T16:41:15","slug":"ve-srs","status":"publish","type":"page","link":"https:\/\/srs-certification.com\/vi\/ve-srs\/","title":{"rendered":"Gi\u1edbi thi\u1ec7u v\u1ec1 SRS"},"content":{"rendered":"<h1 class=\"wp-block-heading\">Gi\u1edbi thi\u1ec7u v\u1ec1 SRS<\/h1>\n\n\n\n<p class=\"has-text-align-center\">SRS cung c\u1ea5p c\u00e1c d\u1ecbch v\u1ee5 ch\u1ee9ng nh\u1eadn v\u00e0 x\u00e1c minh \u0111\u00e1ng tin c\u1eady v\u00e0 \u0111\u00e1ng tin c\u1eady.<\/p>\n\n\n\n<h3 class=\"has-text-align-center wp-block-heading\"><strong>M\u1ee5c ti\u00eau v\u00e0 gi\u00e1 tr\u1ecb SRS<\/strong><\/h3>\n\n\n\n<p>Nh\u00f3m c\u1ee7a ch\u00fang t\u00f4i c\u1ed1 g\u1eafng cung c\u1ea5p c\u00e1c d\u1ecbch v\u1ee5 ki\u1ec3m tra v\u00e0 ch\u1ee9ng nh\u1eadn c\u00f3 th\u1ea9m quy\u1ec1n m\u00e0 ng\u01b0\u1eddi ti\u00eau d\u00f9ng c\u00f3 th\u1ec3 tin t\u01b0\u1edfng, m\u00f4i tr\u01b0\u1eddng s\u1ebd \u0111\u01b0\u1ee3c h\u01b0\u1edfng l\u1ee3i v\u00e0 c\u00e1c b\u00ean li\u00ean quan c\u00f3 th\u1ec3 tin c\u1eady.<\/p>\n\n\n\n<p>Nhi\u1ec7m v\u1ee5 c\u1ee7a ch\u00fang ta:<\/p>\n\n\n\n<ul class=\"wp-block-list\"><li>Cung c\u1ea5p t\u1ea5t c\u1ea3 c\u00e1c d\u1ecbch v\u1ee5 c\u1ee7a ch\u00fang t\u00f4i v\u1edbi s\u1ef1 tin c\u1eady, chuy\u00ean m\u00f4n, minh b\u1ea1ch, hi\u1ec7u qu\u1ea3 v\u00e0 c\u00f4ng b\u1eb1ng.<\/li><li>T\u00edch h\u1ee3p t\u00ednh \u0111\u1ed9c l\u1eadp v\u00e0 c\u00f4ng b\u1eb1ng trong c\u00e1c th\u1ee7 t\u1ee5c c\u1ee7a ch\u00fang t\u00f4i.<\/li><li>Lu\u00f4n xem x\u00e9t c\u00e1c ti\u00eau chu\u1ea9n m\u00e0 ch\u00fang t\u00f4i ch\u1ee9ng nh\u1eadn v\u00e0 \u00fd \u0111\u1ecbnh c\u1ee7a ch\u00fang, t\u1ee9c l\u00e0:\n<ul>\n<li>T\u00f4n tr\u1ecdng c\u00e1c \u0111i\u1ec1u ki\u1ec7n ti\u00ean quy\u1ebft v\u1ec1 t\u1ef1 nhi\u00ean v\u00e0 m\u00f4i tr\u01b0\u1eddng;<\/li>\n<\/ul>\n<ul>\n<li>Cho ph\u00e9p ph\u00e1t tri\u1ec3n canh t\u00e1c h\u1eefu c\u01a1;<\/li>\n<\/ul>\n<ul>\n<li>Th\u00fac \u0111\u1ea9y s\u1ef1 c\u1ea1nh tranh c\u00f4ng b\u1eb1ng gi\u1eefa c\u00e1c nh\u00e0 s\u1ea3n xu\u1ea5t th\u00f4ng qua c\u00e1c th\u1ee7 t\u1ee5c ch\u1ee9ng nh\u1eadn minh b\u1ea1ch;<\/li>\n<\/ul>\n<ul>\n<li>\u0110\u1ed1i x\u1eed b\u00ecnh \u0111\u1eb3ng v\u1edbi t\u1ea5t c\u1ea3 kh\u00e1ch h\u00e0ng;<\/li>\n<\/ul>\n<ul>\n<li>C\u00f3 t\u00ednh \u0111\u1ebfn mong \u0111\u1ee3i c\u1ee7a ng\u01b0\u1eddi ti\u00eau d\u00f9ng v\u1ec1 th\u1ef1c ph\u1ea9m l\u00e0nh m\u1ea1nh \u0111\u01b0\u1ee3c s\u1ea3n xu\u1ea5t theo c\u00e1ch th\u00e2n thi\u1ec7n v\u1edbi m\u00f4i tr\u01b0\u1eddng.<\/li>\n<\/ul>\n<\/li><li>Trong khi cung c\u1ea5p d\u1ecbch v\u1ee5 c\u1ee7a ch\u00fang t\u00f4i tr\u00ean to\u00e0n th\u1ebf gi\u1edbi, h\u00e3y t\u00f4n tr\u1ecdng n\u1ec1n t\u1ea3ng v\u0103n h\u00f3a c\u1ee7a nhau, c\u1ea3 trong SRS c\u0169ng nh\u01b0 v\u1edbi kh\u00e1ch h\u00e0ng \u1edf c\u00e1c khu v\u1ef1c kh\u00e1c nhau.<\/li><li>Cung c\u1ea5p d\u1ecbch v\u1ee5 c\u1ee7a ch\u00fang t\u00f4i m\u00e0 kh\u00f4ng ph\u00e2n bi\u1ec7t \u0111\u1ed1i x\u1eed v\u00e0 t\u00ednh gi\u00e1 h\u1ee3p l\u00fd.<\/li><li>H\u00e3y \u0111\u1ee9ng l\u00ean ch\u1ed1ng l\u1ea1i s\u1ef1 gian l\u1eadn.<\/li><\/ul>\n\n\n\n<p>V\u1ec1 v\u1ea5n \u0111\u1ec1 n\u00e0y, c\u00f4ng vi\u1ec7c c\u1ee7a ch\u00fang t\u00f4i s\u1ebd g\u00f3p ph\u1ea7n \u0111\u00e1p \u1ee9ng s\u1ef1 mong \u0111\u1ee3i c\u1ee7a kh\u00e1ch h\u00e0ng.<\/p>\n\n\n\n<p>Ch\u1ee9ng nh\u1eadn SRS theo ti\u00eau chu\u1ea9n ISO\/IEC 17065:2012 kh\u1eb3ng \u0111\u1ecbnh n\u0103ng l\u1ef1c, t\u00ednh kh\u00e1ch quan v\u00e0 c\u00f4ng b\u1eb1ng c\u1ee7a ch\u00fang t\u00f4i.<\/p>","protected":false},"excerpt":{"rendered":"<p>About SRS SRS provides reliable and credible certification and verification services. SRS Objectives and Values Our team strives to offer competent inspection and certification services that consumers can trust, that the environment will benefit from and that involved stakeholders can rely upon. Our Mission: Offer all our services with credibility, expertise, transparency, efficiency and fairness. \u2026<\/p>\n<p class=\"read-more\"> <a class=\"\" href=\"https:\/\/srs-certification.com\/vi\/ve-srs\/\"> <span class=\"screen-reader-text\">Gi\u1edbi thi\u1ec7u v\u1ec1 SRS<\/span> \u0110\u1ecdc th\u00eam &quot;<\/a><\/p>","protected":false},"author":2,"featured_media":0,"parent":0,"menu_order":1,"comment_status":"closed","ping_status":"closed","template":"","meta":{"inline_featured_image":false,"site-sidebar-layout":"default","site-content-layout":"default","ast-global-header-display":"","ast-main-header-display":"","ast-hfb-above-header-display":"","ast-hfb-below-header-display":"","ast-hfb-mobile-header-display":"","site-post-title":"","ast-breadcrumbs-content":"","ast-featured-img":"","footer-sml-layout":"","theme-transparent-header-meta":"","adv-header-id-meta":"","stick-header-meta":"","header-above-stick-meta":"","header-main-stick-meta":"","header-below-stick-meta":"","footnotes":""},"class_list":["post-26","page","type-page","status-publish","hentry"],"_links":{"self":[{"href":"https:\/\/srs-certification.com\/vi\/wp-json\/wp\/v2\/pages\/26","targetHints":{"allow":["GET"]}}],"collection":[{"href":"https:\/\/srs-certification.com\/vi\/wp-json\/wp\/v2\/pages"}],"about":[{"href":"https:\/\/srs-certification.com\/vi\/wp-json\/wp\/v2\/types\/page"}],"author":[{"embeddable":true,"href":"https:\/\/srs-certification.com\/vi\/wp-json\/wp\/v2\/users\/2"}],"replies":[{"embeddable":true,"href":"https:\/\/srs-certification.com\/vi\/wp-json\/wp\/v2\/comments?post=26"}],"version-history":[{"count":5,"href":"https:\/\/srs-certification.com\/vi\/wp-json\/wp\/v2\/pages\/26\/revisions"}],"predecessor-version":[{"id":3790,"href":"https:\/\/srs-certification.com\/vi\/wp-json\/wp\/v2\/pages\/26\/revisions\/3790"}],"wp:attachment":[{"href":"https:\/\/srs-certification.com\/vi\/wp-json\/wp\/v2\/media?parent=26"}],"curies":[{"name":"wp","href":"https:\/\/api.w.org\/{rel}","templated":true}]}}