{"id":29,"date":"2018-03-05T10:33:27","date_gmt":"2018-03-05T09:33:27","guid":{"rendered":"http:\/\/srs-certification.de\/?page_id=29"},"modified":"2026-03-23T17:53:41","modified_gmt":"2026-03-23T16:53:41","slug":"doi-srs","status":"publish","type":"page","link":"https:\/\/srs-certification.com\/vi\/ve-srs\/doi-srs\/","title":{"rendered":"\u0110\u1ed9i SRS"},"content":{"rendered":"<h4 class=\"wp-block-heading\"><strong> Martina Melapie (Ti\u1ebfn s\u0129 N\u00f4ng h\u1ecdc)<\/strong><\/h4>\n\n\n\n<p>Sau khi t\u1ed1t nghi\u1ec7p chuy\u00ean ng\u00e0nh N\u00f4ng h\u1ecdc v\u00f9ng nhi\u1ec7t \u0111\u1edbi\/c\u1eadn nhi\u1ec7t \u0111\u1edbi t\u1ea1i \u0110\u1ea1i h\u1ecdc Khoa h\u1ecdc \u0110\u1eddi s\u1ed1ng S\u00e9c \u1edf Praha, C\u1ed9ng h\u00f2a S\u00e9c, Martina ti\u1ebfp t\u1ee5c theo h\u1ecdc ch\u01b0\u01a1ng tr\u00ecnh sau \u0111\u1ea1i h\u1ecdc v\u1ec1 n\u00f4ng nghi\u1ec7p h\u1eefu c\u01a1 qu\u1ed1c t\u1ebf t\u1ea1i \u0110\u1ea1i h\u1ecdc Kassel, \u0110\u1ee9c, gi\u00fap c\u00f4 c\u00f3 \u0111\u01b0\u1ee3c n\u1ec1n t\u1ea3ng ki\u1ebfn th\u1ee9c r\u1ed9ng r\u00e3i v\u1ec1 nhi\u1ec1u h\u00ecnh th\u1ee9c canh t\u00e1c n\u00f4ng nghi\u1ec7p. Trong th\u1eddi gian h\u1ecdc ti\u1ebfn s\u0129, c\u00f4 t\u1eadp trung v\u00e0o hi\u1ec7u qu\u1ea3 s\u1eed d\u1ee5ng dinh d\u01b0\u1ee1ng trong v\u01b0\u1eddn rau \u0111\u00f4 th\u1ecb t\u1ea1i c\u00e1c th\u00e0nh ph\u1ed1 T\u00e2y Phi v\u00e0 sau \u0111\u00f3 gia nh\u1eadp Khoa Khoa h\u1ecdc N\u00f4ng nghi\u1ec7p H\u1eefu c\u01a1 c\u1ee7a \u0110\u1ea1i h\u1ecdc Kassel, n\u01a1i c\u00f4 l\u00e0m tr\u1ee3 l\u00fd nghi\u00ean c\u1ee9u v\u00e0 \u0111i\u1ec1u ph\u1ed1i vi\u00ean d\u1ef1 \u00e1n trong 5 n\u0103m. Sau \u0111\u00f3, c\u00f4 gia nh\u1eadp m\u1ed9t t\u1ed5 ch\u1ee9c ch\u1ee9ng nh\u1eadn, n\u01a1i c\u00f4 ch\u1ee7 y\u1ebfu tham gia v\u00e0o vi\u1ec7c ch\u1ee9ng nh\u1eadn h\u1eefu c\u01a1 cho c\u00e1c ho\u1ea1t \u0111\u1ed9ng t\u1ea1i Trung Qu\u1ed1c theo c\u00e1c ti\u00eau chu\u1ea9n kh\u00e1c nhau v\u00e0 \u0111\u00f3ng g\u00f3p v\u00e0o vi\u1ec7c \u0111i\u1ec1u ph\u1ed1i nh\u00f3m l\u00e0m vi\u1ec7c. K\u1ec3 t\u1eeb khi \u0111\u1ed3ng s\u00e1ng l\u1eadp SRS v\u00e0o n\u0103m 2017, c\u00f4 \u0111\u00e3 ph\u1ee5 tr\u00e1ch B\u1ed9 ph\u1eadn Ch\u1ee9ng nh\u1eadn, v\u00e0 hi\u1ec7n l\u00e0 Gi\u00e1m \u0111\u1ed1c \u0110i\u1ec1u h\u00e0nh, c\u0169ng nh\u01b0 Chuy\u00ean vi\u00ean Ch\u1ee9ng nh\u1eadn Cao c\u1ea5p v\u00e0 Tr\u01b0\u1edfng B\u1ed9 ph\u1eadn Ch\u1ee9ng nh\u1eadn.<\/p>\n\n\n\n<h4 class=\"wp-block-heading\"><strong>Alexandra zum Felde (Dr. agr.)<\/strong><\/h4>\n\n\n\n<p>Sau khi theo h\u1ecdc ng\u00e0nh sinh h\u1ecdc m\u00f4i tr\u01b0\u1eddng v\u00e0 n\u00f4ng nghi\u1ec7p h\u1eefu c\u01a1 t\u1ea1i \u0110\u1ea1i h\u1ecdc McGill \u1edf Montreal, Canada, Alexandra \u0111\u00e3 chuy\u00ean s\u00e2u v\u1ec1 ki\u1ec3m so\u00e1t d\u1ecbch h\u1ea1i sinh h\u1ecdc trong th\u1eddi gian h\u1ecdc cao h\u1ecdc t\u1ea1i \u0110\u1ea1i h\u1ecdc Bonn, \u0110\u1ee9c. C\u00f4 c\u00f3 n\u1ec1n t\u1ea3ng ki\u1ebfn th\u1ee9c r\u1ea5t r\u1ed9ng v\u1ec1 n\u00f4ng nghi\u1ec7p nhi\u1ec7t \u0111\u1edbi v\u00e0 n\u00f4ng nghi\u1ec7p h\u1eefu c\u01a1. Sau \u0111\u00f3, c\u00f4 t\u1eebng l\u00e0m vi\u1ec7c v\u1edbi t\u01b0 c\u00e1ch l\u00e0 chuy\u00ean gia n\u00f4ng h\u1ecdc v\u1ec1 chu\u1ed1i t\u1ea1i Vi\u1ec7n Nghi\u00ean c\u1ee9u N\u00f4ng nghi\u1ec7p Qu\u1ed1c t\u1ebf (IITA) \u1edf Nigeria, gi\u1ea3ng vi\u00ean v\u00e0 tr\u1ee3 l\u00fd nghi\u00ean c\u1ee9u t\u1ea1i Khoa Khoa h\u1ecdc N\u00f4ng nghi\u1ec7p H\u1eefu c\u01a1, \u0110\u1ea1i h\u1ecdc Kassel, v\u00e0 g\u1ea7n \u0111\u00e2y nh\u1ea5t l\u00e0 t\u01b0 v\u1ea5n vi\u00ean n\u00f4ng nghi\u1ec7p t\u1ef1 do, bi\u00ean t\u1eadp vi\u00ean, ng\u01b0\u1eddi ph\u1ea3n bi\u1ec7n v\u00e0 d\u1ecbch gi\u1ea3. T\u1ea1i SRS, c\u00f4 \u0111\u1ea3m nhi\u1ec7m vai tr\u00f2 Qu\u1ea3n l\u00fd Ch\u1ea5t l\u01b0\u1ee3ng, Chuy\u00ean vi\u00ean Ch\u1ee9ng nh\u1eadn Cao c\u1ea5p t\u1ea1i Ph\u00f2ng Ch\u1ee9ng nh\u1eadn v\u00e0 \u0110i\u1ec1u ph\u1ed1i vi\u00ean Khu v\u1ef1c cho Ch\u00e2u Phi.<\/p>\n\n\n\n<h4 class=\"wp-block-heading\"><strong>Regina Ordowski (Dipl.-Ing. agr.)<\/strong><\/h4>\n\n\n\n<p>Trong th\u1eddi gian theo h\u1ecdc ng\u00e0nh n\u00f4ng h\u1ecdc t\u1ea1i \u0110\u1ea1i h\u1ecdc Hohenheim, \u0110\u1ee9c, Regina \u0111\u00e3 tham gia v\u00e0o m\u1ed9t d\u1ef1 \u00e1n nghi\u00ean c\u1ee9u do ch\u00ednh ph\u1ee7 t\u00e0i tr\u1ee3, \u0111\u01b0a c\u00f4 \u0111\u1ebfn Trung Qu\u1ed1c l\u1ea7n \u0111\u1ea7u ti\u00ean. Sau \u0111\u00f3, c\u00f4 ti\u1ebfp t\u1ee5c tham gia v\u00e0o c\u00e1c d\u1ef1 \u00e1n nghi\u00ean c\u1ee9u v\u00e0 c\u00f4ng vi\u1ec7c ki\u1ec3m \u0111\u1ecbnh t\u1ea1i nhi\u1ec1u qu\u1ed1c gia, c\u1ea3 \u1edf B\u1eafc b\u00e1n c\u1ea7u l\u1eabn Nam b\u00e1n c\u1ea7u. Khi gia nh\u1eadp m\u1ed9t t\u1ed5 ch\u1ee9c ch\u1ee9ng nh\u1eadn l\u1edbn sau n\u00e0y, c\u00f4 l\u00e0 m\u1ed9t trong nh\u1eefng ng\u01b0\u1eddi \u0111\u1ea7u ti\u00ean tri\u1ec3n khai ch\u1ee9ng nh\u1eadn ti\u00eau chu\u1ea9n h\u1eefu c\u01a1 qu\u1ed1c t\u1ebf cho c\u00e1c nh\u00e0 s\u1ea3n xu\u1ea5t Trung Qu\u1ed1c. K\u1ec3 t\u1eeb \u0111\u00f3, c\u00f4 \u0111\u00e3 l\u00e0m vi\u1ec7c v\u1edbi t\u01b0 c\u00e1ch l\u00e0 chuy\u00ean gia ch\u1ee9ng nh\u1eadn, gi\u1ea3ng vi\u00ean, qu\u1ea3n l\u00fd ti\u00eau chu\u1ea9n v\u00e0 \u0111i\u1ec1u ph\u1ed1i vi\u00ean cho nhi\u1ec1u ti\u00eau chu\u1ea9n h\u1eefu c\u01a1 v\u00e0 b\u1ec1n v\u1eefng, tr\u01b0\u1edbc khi \u0111\u1ed3ng s\u00e1ng l\u1eadp SRS v\u00e0o n\u0103m 2017, n\u01a1i c\u00f4 \u0111\u1ea3m nhi\u1ec7m vai tr\u00f2 gi\u00e1m \u0111\u1ed1c \u0111i\u1ec1u h\u00e0nh cho \u0111\u1ebfn n\u0103m 2025.<\/p>\n\n\n\n<h4 class=\"wp-block-heading\"><strong>Karin Hellige<\/strong><\/h4>\n\n\n\n<p>V\u1edbi kinh nghi\u1ec7m d\u00e0y d\u1eb7n trong vi\u1ec7c \u0111i\u1ec1u h\u00e0nh v\u00e0 qu\u1ea3n l\u00fd c\u00e1c d\u1ecbch v\u1ee5 do c\u00e1c t\u1ed5 ch\u1ee9c ch\u1ee9ng nh\u1eadn cung c\u1ea5p, c\u00f4 \u0111\u00e3 c\u00f3 h\u01a1n 10 n\u0103m l\u00e0m vi\u1ec7c v\u1edbi t\u01b0 c\u00e1ch l\u00e0 chuy\u00ean vi\u00ean h\u00e0nh ch\u00ednh t\u1ea1i T\u1ed5ng c\u1ee5c. Karin ph\u1ee5 tr\u00e1ch t\u1ea5t c\u1ea3 c\u00e1c v\u1ea5n \u0111\u1ec1 h\u00e0nh ch\u00ednh, nh\u00e2n s\u1ef1 v\u00e0 h\u1ed7 tr\u1ee3 c\u00f4ng ngh\u1ec7 th\u00f4ng tin. N\u0103m 2017, c\u00f4 l\u00e0 m\u1ed9t trong nh\u1eefng ng\u01b0\u1eddi \u0111\u1ed3ng s\u00e1ng l\u1eadp SRS v\u00e0 hi\u1ec7n \u0111ang h\u1ed7 tr\u1ee3 c\u00e1c Gi\u00e1m \u0111\u1ed1c \u0111i\u1ec1u h\u00e0nh c\u0169ng nh\u01b0 c\u00e1c b\u1ed9 ph\u1eadn Ch\u1ee9ng nh\u1eadn v\u00e0 D\u1ecbch v\u1ee5 kh\u00e1ch h\u00e0ng.<\/p>\n\n\n\n<h4 class=\"wp-block-heading\"><strong>Eilika W\u00fclfing (Dipl.-Biol.)<\/strong><\/h4>\n\n\n\n<p>Eilika \u0111\u00e3 theo h\u1ecdc ng\u00e0nh vi sinh h\u1ecdc t\u1ea1i \u0110\u1ea1i h\u1ecdc G\u00f6ttingen v\u00e0 t\u00edch l\u0169y kinh nghi\u1ec7m l\u00e0m vi\u1ec7c qu\u1ed1c t\u1ebf trong hai n\u0103m nh\u1edd h\u1ecdc b\u1ed5ng nghi\u00ean c\u1ee9u v\u1ec1 virus h\u1ecdc t\u1ea1i \u0110\u1ea1i h\u1ecdc Dublin. Sau \u0111\u00f3, c\u00f4 tr\u1edf l\u1ea1i G\u00f6ttingen \u0111\u1ec3 l\u00e0m k\u1ef9 thu\u1eadt vi\u00ean ph\u00f2ng th\u00ed nghi\u1ec7m trong m\u1ed9t nh\u00f3m nghi\u00ean c\u1ee9u v\u1ec1 b\u1ec7nh h\u1ecdc th\u1ef1c v\u1eadt, tr\u01b0\u1edbc khi d\u00e0nh hai n\u0103m t\u1ea1i Ukraine tham gia c\u00e1c d\u1ef1 \u00e1n t\u00ecnh nguy\u1ec7n ph\u1ee5c v\u1ee5 c\u1ed9ng \u0111\u1ed3ng, l\u00e0m vi\u1ec7c v\u1edbi thanh thi\u1ebfu ni\u00ean v\u00e0 nghi\u00ean c\u1ee9u l\u1ecbch s\u1eed \u0111\u1ecba ph\u01b0\u01a1ng. Hi\u1ec7n t\u1ea1i, c\u00f4 \u0111ang g\u00f3p ph\u1ea7n c\u1ee7ng c\u1ed1 Ph\u00f2ng Ch\u1ee9ng nh\u1eadn v\u1edbi t\u01b0 c\u00e1ch l\u00e0 Chuy\u00ean vi\u00ean Ch\u1ee9ng nh\u1eadn C\u1ea5p cao v\u00e0 \u0110i\u1ec1u ph\u1ed1i vi\u00ean Khu v\u1ef1c t\u1ea1i Trung Qu\u1ed1c.<\/p>\n\n\n\n<h4 class=\"wp-block-heading\"><strong><strong>Jessica N. Andriamparany (Dr.agr.)<\/strong><\/strong><\/h4>\n\n\n\n<p>Sau khi theo h\u1ecdc ng\u00e0nh sinh h\u1ecdc th\u1ef1c v\u1eadt v\u00e0 sinh th\u00e1i h\u1ecdc t\u1ea1i \u0110\u1ea1i h\u1ecdc Antananarivo, Madagascar, Jessica ti\u1ebfp t\u1ee5c con \u0111\u01b0\u1eddng h\u1ecdc v\u1ea5n t\u1ea1i \u0110\u1ee9c v\u00e0 t\u1ed1t nghi\u1ec7p chuy\u00ean ng\u00e0nh n\u00f4ng nghi\u1ec7p h\u1eefu c\u01a1 qu\u1ed1c t\u1ebf t\u1ea1i \u0110\u1ea1i h\u1ecdc Kassel. Trong th\u1eddi gian h\u1ecdc ti\u1ebfn s\u0129, c\u00f4 \u0111\u00e3 ti\u1ebfn h\u00e0nh nghi\u00ean c\u1ee9u li\u00ean ng\u00e0nh v\u1ec1 vi\u1ec7c s\u1eed d\u1ee5ng v\u00e0 tr\u1ed3ng tr\u1ecdt c\u00e2y tr\u1ed3ng v\u00e0 c\u00e2y d\u1ea1i \u1edf mi\u1ec1n nam Madagascar. Sau khi nh\u1eadn b\u1eb1ng ti\u1ebfn s\u0129, c\u00f4 l\u00e0m vi\u1ec7c v\u1edbi t\u01b0 c\u00e1ch l\u00e0 nghi\u00ean c\u1ee9u vi\u00ean sau ti\u1ebfn s\u0129 t\u1ea1i c\u00e1c tr\u01b0\u1eddng \u0110\u1ea1i h\u1ecdc Kassel v\u00e0 G\u00f6ttingen, t\u1eadp trung v\u00e0o n\u00f4ng nghi\u1ec7p h\u1eefu c\u01a1 v\u00e0 qu\u1ea3n l\u00fd s\u1eed d\u1ee5ng \u0111\u1ea5t b\u1ec1n v\u1eefng, sau \u0111\u00f3 chuy\u1ec3n sang qu\u1ea3n l\u00fd d\u1ef1 \u00e1n qu\u1ed1c t\u1ebf v\u00e0 c\u00f4ng ngh\u1ec7 gi\u00e1m s\u00e1t c\u00e2y tr\u1ed3ng, tr\u01b0\u1edbc khi gia nh\u1eadp SRS, n\u01a1i c\u00f4 hi\u1ec7n gi\u1eef ch\u1ee9c v\u1ee5 Chuy\u00ean vi\u00ean Ch\u1ee9ng nh\u1eadn Cao c\u1ea5p t\u1ea1i B\u1ed9 ph\u1eadn Ch\u1ee9ng nh\u1eadn, \u0110i\u1ec1u ph\u1ed1i vi\u00ean Khu v\u1ef1c cho \u1ea4n \u0110\u1ed9 v\u00e0 Qu\u1ea3n l\u00fd Ch\u01b0\u01a1ng tr\u00ecnh cho NOP.<\/p>\n\n\n\n<h4 class=\"wp-block-heading\"><\/h4>\n\n\n\n<p><\/p>","protected":false},"excerpt":{"rendered":"<p>MartinaMelapie (Dr. agr.) After successfully completing a degree in tropical\/subtropical agronomy at the Czech University of Life Sciences in Prague, Czech Republic, Martina went on to graduate studies in international organic agriculture at the University of Kassel, Germany, giving her a broad background in many forms of agriculture. During her doctoral studies, she focused on &hellip;<\/p>\n<p class=\"read-more\"> <a class=\"\" href=\"https:\/\/srs-certification.com\/vi\/ve-srs\/doi-srs\/\"> <span class=\"screen-reader-text\">\u0110\u1ed9i SRS<\/span> \u0110\u1ecdc th\u00eam &quot;<\/a><\/p>","protected":false},"author":2,"featured_media":0,"parent":26,"menu_order":1,"comment_status":"closed","ping_status":"closed","template":"","meta":{"inline_featured_image":false,"site-sidebar-layout":"default","site-content-layout":"default","ast-global-header-display":"","ast-main-header-display":"","ast-hfb-above-header-display":"","ast-hfb-below-header-display":"","ast-hfb-mobile-header-display":"","site-post-title":"disabled","ast-breadcrumbs-content":"","ast-featured-img":"","footer-sml-layout":"","theme-transparent-header-meta":"","adv-header-id-meta":"","stick-header-meta":"","header-above-stick-meta":"","header-main-stick-meta":"","header-below-stick-meta":"","footnotes":""},"class_list":["post-29","page","type-page","status-publish","hentry"],"_links":{"self":[{"href":"https:\/\/srs-certification.com\/vi\/wp-json\/wp\/v2\/pages\/29","targetHints":{"allow":["GET"]}}],"collection":[{"href":"https:\/\/srs-certification.com\/vi\/wp-json\/wp\/v2\/pages"}],"about":[{"href":"https:\/\/srs-certification.com\/vi\/wp-json\/wp\/v2\/types\/page"}],"author":[{"embeddable":true,"href":"https:\/\/srs-certification.com\/vi\/wp-json\/wp\/v2\/users\/2"}],"replies":[{"embeddable":true,"href":"https:\/\/srs-certification.com\/vi\/wp-json\/wp\/v2\/comments?post=29"}],"version-history":[{"count":13,"href":"https:\/\/srs-certification.com\/vi\/wp-json\/wp\/v2\/pages\/29\/revisions"}],"predecessor-version":[{"id":4897,"href":"https:\/\/srs-certification.com\/vi\/wp-json\/wp\/v2\/pages\/29\/revisions\/4897"}],"up":[{"embeddable":true,"href":"https:\/\/srs-certification.com\/vi\/wp-json\/wp\/v2\/pages\/26"}],"wp:attachment":[{"href":"https:\/\/srs-certification.com\/vi\/wp-json\/wp\/v2\/media?parent=29"}],"curies":[{"name":"wp","href":"https:\/\/api.w.org\/{rel}","templated":true}]}}