{"id":3580,"date":"2022-05-03T20:26:54","date_gmt":"2022-05-03T18:26:54","guid":{"rendered":"https:\/\/srs-certification.com\/?page_id=3580"},"modified":"2025-10-22T18:29:26","modified_gmt":"2025-10-22T16:29:26","slug":"home","status":"publish","type":"page","link":"https:\/\/srs-certification.com\/vi\/","title":{"rendered":"CH\u00c0O M\u1eeaNG \u0110\u1ebeN V\u1edaI CH\u1ee8NG NH\u1eacN SRS"},"content":{"rendered":"<figure class=\"wp-block-image size-large is-resized\"><img loading=\"lazy\" decoding=\"async\" width=\"581\" height=\"151\" src=\"https:\/\/srs-certification.com\/wp-content\/uploads\/2022\/05\/srs_certification_gmbh_logo.svg\" alt=\"\" class=\"wp-image-3766\" style=\"width:911px;height:238px\"\/><\/figure>\n\n\n\n<hr class=\"wp-block-separator has-text-color has-ast-global-color-0-color has-css-opacity has-ast-global-color-0-background-color has-background\"\/>\n\n\n\n<div style=\"height:40px\" aria-hidden=\"true\" class=\"wp-block-spacer\"><\/div>\n\n\n\n<p>SRS Certification GmbH \u0e40\u0e1b\u0e47\u0e19\u0e2b\u0e19\u0e48\u0e27\u0e22\u0e23\u0e31\u0e1a\u0e23\u0e2d\u0e07\u0e02\u0e2d\u0e07\u0e40\u0e22\u0e2d\u0e23\u0e21\u0e31\u0e19 \u0e1c\u0e39\u0e49\u0e08\u0e31\u0e14\u0e01\u0e32\u0e23\u0e17\u0e35\u0e48\u0e21\u0e35\u0e1b\u0e23\u0e30\u0e2a\u0e1a\u0e01\u0e32\u0e23\u0e13\u0e4c\u0e21\u0e32\u0e01\u0e01\u0e27\u0e48\u0e32 15 \u0e1b\u0e35\u0e43\u0e19\u0e01\u0e32\u0e23\u0e27\u0e34\u0e08\u0e31\u0e22\u0e01\u0e32\u0e23\u0e40\u0e01\u0e29\u0e15\u0e23 \u0e01\u0e32\u0e23\u0e2a\u0e2d\u0e19\u0e01\u0e32\u0e23\u0e1b\u0e0f\u0e34\u0e1a\u0e31\u0e15\u0e34\u0e01\u0e32\u0e23\u0e01\u0e32\u0e23\u0e40\u0e01\u0e29\u0e15\u0e23\u0e2d\u0e34\u0e19\u0e17\u0e23\u0e35\u0e22\u0e4c\u0e41\u0e25\u0e30\u0e14\u0e35\u0e41\u0e25\u0e30\u0e01\u0e32\u0e23\u0e15\u0e23\u0e27\u0e08\u0e2a\u0e2d\u0e1a\u0e41\u0e25\u0e30\u0e01\u0e32\u0e23\u0e23\u0e31\u0e1a\u0e23\u0e2d\u0e07\u0e43\u0e19\u0e2b\u0e25\u0e32\u0e22\u0e1b\u0e23\u0e30\u0e40\u0e17\u0e28\u0e17\u0e31\u0e48\u0e27\u0e42\u0e25\u0e01 \u0e40\u0e23\u0e32\u0e40\u0e0a\u0e37\u0e48\u0e2d\u0e43\u0e19\u0e04\u0e27\u0e32\u0e21\u0e04\u0e34\u0e14\u0e02\u0e2d\u0e07\u0e01\u0e32\u0e23\u0e40\u0e01\u0e29\u0e15\u0e23\u0e2d\u0e34\u0e19\u0e17\u0e23\u0e35\u0e22\u0e4c\u0e01\u0e32\u0e23\u0e1c\u0e25\u0e34\u0e15\u0e17\u0e35\u0e48\u0e22\u0e31\u0e48\u0e07\u0e22\u0e37\u0e19\u0e04\u0e27\u0e32\u0e21\u0e2a\u0e21\u0e1a\u0e39\u0e23\u0e13\u0e4c\u0e02\u0e2d\u0e07\u0e42\u0e0b\u0e48\u0e2d\u0e38\u0e1b\u0e17\u0e32\u0e19\u0e40\u0e1b\u0e47\u0e19\u0e27\u0e34\u0e18\u0e35\u0e43\u0e19\u0e01\u0e32\u0e23\u0e1b\u0e01\u0e1b\u0e49\u0e2d\u0e07\u0e2a\u0e34\u0e48\u0e07\u0e41\u0e27\u0e14\u0e25\u0e49\u0e2d\u0e21\u0e01\u0e32\u0e23\u0e1c\u0e25\u0e34\u0e15\u0e41\u0e25\u0e30\u0e08\u0e31\u0e14\u0e2b\u0e32\u0e2d\u0e32\u0e2b\u0e32\u0e23\u0e17\u0e35\u0e48\u0e21\u0e35\u0e2a\u0e38\u0e02\u0e20\u0e32\u0e1e\u0e14\u0e35\u0e41\u0e25\u0e30\u0e2a\u0e23\u0e49\u0e32\u0e07\u0e23\u0e32\u0e22\u0e44\u0e14\u0e49\u0e2a\u0e4d\u0e32\u0e2b\u0e23\u0e31\u0e1a\u0e1c\u0e39\u0e49\u0e17\u0e35\u0e48\u0e17\u0e4d\u0e32\u0e07\u0e32\u0e19<\/p>\n\n\n\n<p>SRS \u0111\u01b0\u1ee3c c\u00f4ng nh\u1eadn theo ti\u00eau chu\u1ea9n ISO\/IEC 17065:2012 v\u00e0 hi\u1ec7n \u0111ang cung c\u1ea5p ch\u1ee9ng nh\u1eadn theo Quy \u0111\u1ecbnh (EU) 2018\/848, NOP\/USDA \u2013 Ch\u01b0\u01a1ng tr\u00ecnh H\u1eefu c\u01a1 Qu\u1ed1c gia 7 CFR Ph\u1ea7n 205 c\u1ee7a B\u1ed9 N\u00f4ng nghi\u1ec7p Hoa K\u1ef3, v\u00e0 JAS H\u1eefu c\u01a1 (Ti\u00eau chu\u1ea9n N\u00f4ng nghi\u1ec7p Nh\u1eadt B\u1ea3n) \u2013 t\u1ea1i Ch\u00e2u \u00c2u, T\u00e2y Phi, Trung Phi, \u0110\u00f4ng Phi v\u00e0 Trung Qu\u1ed1c. C\u00e1c ch\u1ee9ng nh\u1eadn v\u00e0 l\u0129nh v\u1ef1c ho\u1ea1t \u0111\u1ed9ng kh\u00e1c \u0111ang \u0111\u01b0\u1ee3c tri\u1ec3n khai. V\u1edbi \u0111\u1ea1i di\u1ec7n t\u1ea1i nhi\u1ec1u khu v\u1ef1c tr\u00ean th\u1ebf gi\u1edbi, ch\u00fang t\u00f4i c\u0169ng cung c\u1ea5p d\u1ecbch v\u1ee5 ki\u1ec3m to\u00e1n nh\u00e0 cung c\u1ea5p v\u00e0 x\u00e1c minh \u0111\u1ea7u v\u00e0o.<\/p>\n\n\n\n<p><strong>Nh\u00f3m c\u1ee7a ch\u00fang t\u00f4i c\u1ed1 g\u1eafng cung c\u1ea5p c\u00e1c d\u1ecbch v\u1ee5 ki\u1ec3m tra v\u00e0 ch\u1ee9ng nh\u1eadn c\u00f3 th\u1ea9m quy\u1ec1n m\u00e0 ng\u01b0\u1eddi ti\u00eau d\u00f9ng c\u00f3 th\u1ec3 tin t\u01b0\u1edfng, m\u00f4i tr\u01b0\u1eddng s\u1ebd \u0111\u01b0\u1ee3c h\u01b0\u1edfng l\u1ee3i v\u00e0 c\u00e1c b\u00ean li\u00ean quan c\u00f3 th\u1ec3 tin c\u1eady<\/strong>.<\/p>","protected":false},"excerpt":{"rendered":"<p>SRS Certification GmbH l\u00e0 m\u1ed9t t\u1ed5 ch\u1ee9c ch\u1ee9ng nh\u1eadn c\u1ee7a \u0110\u1ee9c, c\u00f3 c\u00e1c nh\u00e0 qu\u1ea3n l\u00fd c\u00f3 h\u01a1n 15 n\u0103m kinh nghi\u1ec7m trong nghi\u00ean c\u1ee9u n\u00f4ng nghi\u1ec7p, gi\u1ea3ng d\u1ea1y, th\u1ef1c h\u00e0nh n\u00f4ng nghi\u1ec7p h\u1eefu c\u01a1 v\u00e0 t\u1ed1t c\u0169ng nh\u01b0 ki\u1ec3m tra v\u00e0 ch\u1ee9ng nh\u1eadn t\u1ea1i nhi\u1ec1u qu\u1ed1c gia tr\u00ean to\u00e0n c\u1ea7u. Ch\u00fang t\u00f4i tin v\u00e0o \u00fd t\u01b0\u1edfng canh t\u00e1c h\u1eefu c\u01a1, s\u1ea3n xu\u1ea5t b\u1ec1n v\u1eefng, t\u00ednh to\u00e0n v\u1eb9n c\u1ee7a chu\u1ed7i cung \u1ee9ng l\u00e0 ph\u01b0\u01a1ng ti\u1ec7n b\u1ea3o v\u1ec7 m\u00f4i tr\u01b0\u1eddng, s\u1ea3n xu\u1ea5t \u2026<\/p>\n<p class=\"read-more\"> <a class=\"\" href=\"https:\/\/srs-certification.com\/vi\/\"> <span class=\"screen-reader-text\">CH\u00c0O M\u1eeaNG \u0110\u1ebeN V\u1edaI CH\u1ee8NG NH\u1eacN SRS<\/span> \u0110\u1ecdc th\u00eam &quot;<\/a><\/p>","protected":false},"author":9,"featured_media":0,"parent":0,"menu_order":0,"comment_status":"closed","ping_status":"closed","template":"","meta":{"inline_featured_image":false,"site-sidebar-layout":"default","site-content-layout":"default","ast-global-header-display":"","ast-main-header-display":"","ast-hfb-above-header-display":"","ast-hfb-below-header-display":"","ast-hfb-mobile-header-display":"","site-post-title":"","ast-breadcrumbs-content":"","ast-featured-img":"","footer-sml-layout":"","theme-transparent-header-meta":"","adv-header-id-meta":"","stick-header-meta":"","header-above-stick-meta":"","header-main-stick-meta":"","header-below-stick-meta":"","footnotes":""},"class_list":["post-3580","page","type-page","status-publish","hentry"],"_links":{"self":[{"href":"https:\/\/srs-certification.com\/vi\/wp-json\/wp\/v2\/pages\/3580","targetHints":{"allow":["GET"]}}],"collection":[{"href":"https:\/\/srs-certification.com\/vi\/wp-json\/wp\/v2\/pages"}],"about":[{"href":"https:\/\/srs-certification.com\/vi\/wp-json\/wp\/v2\/types\/page"}],"author":[{"embeddable":true,"href":"https:\/\/srs-certification.com\/vi\/wp-json\/wp\/v2\/users\/9"}],"replies":[{"embeddable":true,"href":"https:\/\/srs-certification.com\/vi\/wp-json\/wp\/v2\/comments?post=3580"}],"version-history":[{"count":6,"href":"https:\/\/srs-certification.com\/vi\/wp-json\/wp\/v2\/pages\/3580\/revisions"}],"predecessor-version":[{"id":4815,"href":"https:\/\/srs-certification.com\/vi\/wp-json\/wp\/v2\/pages\/3580\/revisions\/4815"}],"wp:attachment":[{"href":"https:\/\/srs-certification.com\/vi\/wp-json\/wp\/v2\/media?parent=3580"}],"curies":[{"name":"wp","href":"https:\/\/api.w.org\/{rel}","templated":true}]}}