{"id":37,"date":"2018-03-05T10:39:34","date_gmt":"2018-03-05T09:39:34","guid":{"rendered":"http:\/\/srs-certification.de\/?page_id=37"},"modified":"2024-11-13T13:26:03","modified_gmt":"2024-11-13T12:26:03","slug":"chung-nhan","status":"publish","type":"page","link":"https:\/\/srs-certification.com\/vi\/chung-nhan\/","title":{"rendered":"Ch\u1ee9ng nh\u1eadn &amp; D\u1ecbch v\u1ee5"},"content":{"rendered":"<h3 class=\"wp-block-heading has-ast-global-color-8-color has-text-color\">D\u1ecbch v\u1ee5 ch\u1ee9ng nh\u1eadn h\u1eefu c\u01a1<\/h3>\n\n\n\n<p class=\"has-ast-global-color-8-color has-text-color\">SRS Certification GmbH hi\u1ec7n \u0111\u01b0\u1ee3c c\u00f4ng nh\u1eadn ch\u1ee9ng nh\u1eadn s\u1ea3n ph\u1ea9m h\u1eefu c\u01a1 theo <strong>Ti\u00eau chu\u1ea9n h\u1eefu c\u01a1 SRS \u2013 <\/strong>t\u01b0\u01a1ng \u0111\u01b0\u01a1ng v\u1edbi<strong> Quy \u0111\u1ecbnh (EC) s\u1ed1 834\/2007 <\/strong>V\u00e0<strong> Regulation (EC) No 889\/2008<\/strong>, to <strong>Regulation (EU) 2018\/848<\/strong> in third countries, to <strong>NOP (USDA National Organic Program 7 CFR Part 205<\/strong>) and to <strong>JAS h\u1eefu c\u01a1 (Ti\u00eau chu\u1ea9n n\u00f4ng nghi\u1ec7p Nh\u1eadt B\u1ea3n).<\/strong><\/p>\n\n\n\n<p class=\"has-ast-global-color-8-color has-text-color\">Ch\u00fang t\u00f4i c\u00f3 th\u1ec3 \u0111\u00f3ng vai tr\u00f2 l\u00e0 t\u1ed5 ch\u1ee9c ch\u1ee9ng nh\u1eadn cho b\u1ea5t k\u1ef3 ai y\u00eau c\u1ea7u d\u1ecbch v\u1ee5 chuy\u00ean nghi\u1ec7p cho:<\/p>\n\n\n\n<ol class=\"wp-block-list has-black-color has-text-color\">\n<li style=\"margin-top:var(--wp--preset--spacing--20);margin-right:var(--wp--preset--spacing--20);margin-bottom:var(--wp--preset--spacing--20);margin-left:var(--wp--preset--spacing--20)\">Ch\u1ee9ng nh\u1eadn s\u1ea3n ph\u1ea9m h\u1eefu c\u01a1<\/li>\n\n\n\n<li style=\"margin-top:var(--wp--preset--spacing--20);margin-right:var(--wp--preset--spacing--20);margin-bottom:var(--wp--preset--spacing--20);margin-left:var(--wp--preset--spacing--20)\">H\u1eefu c\u01a1 trong chuy\u1ec3n \u0111\u1ed5i<\/li>\n\n\n\n<li style=\"margin-top:var(--wp--preset--spacing--20);margin-right:var(--wp--preset--spacing--20);margin-bottom:var(--wp--preset--spacing--20);margin-left:var(--wp--preset--spacing--20);font-style:normal;font-weight:500\">X\u00e1c nh\u1eadn l\u1ecbch s\u1eed \u0111\u1ea5t \u0111ai<\/li>\n\n\n\n<li style=\"margin-top:var(--wp--preset--spacing--20);margin-right:var(--wp--preset--spacing--20);margin-bottom:var(--wp--preset--spacing--20);margin-left:var(--wp--preset--spacing--20);font-style:normal;font-weight:500\">X\u00e1c minh tu\u00e2n th\u1ee7 \u0111\u1ea7u v\u00e0o<\/li>\n<\/ol>\n\n\n\n<h4 class=\"wp-block-heading has-black-color has-text-color\"><strong>1. Ch\u1ee9ng nh\u1eadn s\u1ea3n ph\u1ea9m h\u1eefu c\u01a1<\/strong><\/h4>\n\n\n\n<p class=\"has-link-color wp-elements-6e3594751aa34224b30346b4f77494cc\"><strong><a href=\"https:\/\/ec.europa.eu\/info\/food-farming-fisheries\/farming\/organic-farming\/legislation_en\" target=\"_blank\" rel=\"noreferrer noopener\"><mark style=\"background-color:rgba(0, 0, 0, 0)\" class=\"has-inline-color has-black-color\">EU Organic Regulations<\/mark><\/a><\/strong>: <a href=\"https:\/\/srs-certification.com\/vi\/srs-tieu-chuan-huu-co-eu-v2-1_3-01-02-2022\/\" target=\"_blank\" rel=\"noreferrer noopener\"><mark style=\"background-color:rgba(0, 0, 0, 0)\" class=\"has-inline-color has-black-color\">Ti\u00eau chu\u1ea9n h\u1eefu c\u01a1 SRS<\/mark><\/a> has been recognised by the EU Commission for offering certification equivalent to the EU organic regulations (Regulation (EC) No 834\/2007 and its implementation rules Regulation (EC) No 889\/2008). We offer this service in all countries listed in <mark style=\"background-color:rgba(0, 0, 0, 0)\" class=\"has-inline-color has-black-color\"><a href=\"https:\/\/srs-certification.com\/vi\/su-cong-nhan\/#EU-Reg-2021-2325\">R<\/a><a href=\"https:\/\/srs-certification.com\/vi\/su-cong-nhan\/#EU-Reg-2021-2325\" target=\"_blank\" rel=\"noreferrer noopener\">egulation (EU) No 2021\/2325<\/a><\/mark>.<\/p>\n\n\n\n<p class=\"has-ast-global-color-8-color has-text-color has-link-color wp-elements-595575dbf3a816031aff52d4f07273e1\">As of January 2025, only <strong><a href=\"https:\/\/srs-certification.com\/vi\/su-cong-nhan\/co-quan-lap-phap\/\" data-type=\"link\" data-id=\"https:\/\/srs-certification.com\/accreditations\/legisorg\/\">Regulation (EU) 2018\/848<\/a><\/strong> will be applicable for third countries. We offer this service in all countries listed in <mark><a href=\"https:\/\/eur-lex.europa.eu\/legal-content\/EN\/TXT\/PDF\/?uri=OJ:L_202402794&amp;qid=1730967041114\" target=\"_blank\" rel=\"noreferrer noopener\"><mark style=\"background-color:var(--ast-global-color-5)\" class=\"has-inline-color\">Regulation<\/mark><\/a><\/mark><a href=\"https:\/\/eur-lex.europa.eu\/legal-content\/EN\/TXT\/HTML\/?uri=OJ:L_202402794&amp;qid=1730967041114\" target=\"_blank\" rel=\"noreferrer noopener\">&nbsp;(EU)&nbsp;<\/a><a href=\"https:\/\/eur-lex.europa.eu\/legal-content\/EN\/TXT\/PDF\/?uri=OJ:L_202402794&amp;qid=1730967041114\" target=\"_blank\" rel=\"noreferrer noopener\">No<\/a><a href=\"https:\/\/eur-lex.europa.eu\/legal-content\/EN\/TXT\/HTML\/?uri=OJ:L_202402794&amp;qid=1730967041114\" target=\"_blank\" rel=\"noreferrer noopener\">&nbsp;2024\/2794<\/a>. See the&nbsp;<a href=\"https:\/\/srs-certification.com\/wp-content\/uploads\/2024\/11\/Extract-S14-Pol3.2-EU-Annex-I-Products-2024-02-05.pdf\">linked table<\/a>&nbsp;for products listed in Annex 1 of Regulation (EU) 2018\/848, for which we accept applications for certification.<\/p>\n\n\n\n<p class=\"has-ast-global-color-8-color has-text-color has-link-color wp-elements-728bf75942c172d409e208fe91c21627\">Our equivalent <a href=\"https:\/\/srs-certification.com\/vi\/srs-tieu-chuan-huu-co-eu-v2-1_3-01-02-2022\/\" target=\"_blank\" rel=\"noreferrer noopener\"><mark style=\"background-color:rgba(0, 0, 0, 0)\" class=\"has-inline-color has-black-color\">Ti\u00eau chu\u1ea9n h\u1eefu c\u01a1 SRS<\/mark><\/a> continues to be valid until the end of 2025 for exporters from China and Taiwan to Great Britain. <\/p>\n\n\n\n<p>Certification involves an annual inspection of your organic operation sites, including subcontractors and possible sample taking.<\/p>\n\n\n\n<h4 class=\"wp-block-heading has-ast-global-color-8-color has-text-color\"><strong>2. Kh\u00f4ng ph\u1ea3i tr\u1ea3 ti\u1ec1n trong chuy\u1ec3n \u0111\u1ed5i <\/strong><\/h4>\n\n\n\n<p class=\"has-ast-global-color-8-color has-text-color\">T\u1eeb th\u1eddi \u0111i\u1ec3m b\u1ea1n b\u1eaft \u0111\u1ea7u s\u1eed d\u1ee5ng \u0111\u1ea5t c\u1ee7a m\u00ecnh theo ph\u01b0\u01a1ng ph\u00e1p h\u1eefu c\u01a1 cho \u0111\u1ebfn khi n\u00f3 \u0111\u01b0\u1ee3c c\u00f4ng nh\u1eadn ho\u00e0n to\u00e0n \u0111\u1ec3 s\u1ea3n xu\u1ea5t h\u1eefu c\u01a1, c\u1ea7n c\u00f3 th\u1eddi gian l\u00ean t\u1edbi ba n\u0103m (36 th\u00e1ng) v\u00e0 kh\u00f4ng \u0111\u01b0\u1ee3c ph\u00e9p s\u1eed d\u1ee5ng c\u00e1c s\u1ea3n ph\u1ea9m b\u1ecb c\u1ea5m. \u0110\u00e2y l\u00e0 c\u00e1i g\u1ecdi l\u00e0 <em>th\u1eddi gian chuy\u1ec3n \u0111\u1ed5i<\/em>. \u0110i\u1ec1u khuy\u1ebfn kh\u00edch, th\u1eadm ch\u00ed l\u00e0 b\u1eaft bu\u1ed9c, l\u00e0 ph\u1ea3i \u0111\u01b0\u1ee3c ch\u1ee9ng nh\u1eadn trong th\u1eddi gian chuy\u1ec3n \u0111\u1ed5i \u0111\u1ec3 ch\u1ee9ng minh r\u1eb1ng vi\u1ec7c qu\u1ea3n l\u00fd \u0111\u1ea5t \u0111ai \u0111\u00e3 tu\u00e2n th\u1ee7 ti\u00eau chu\u1ea9n h\u1eefu c\u01a1 \u0111\u01b0\u1ee3c y\u00eau c\u1ea7u. SRS c\u00f3 th\u1ec3 ti\u1ebfn h\u00e0nh ki\u1ec3m tra v\u00e0 x\u00e1c nh\u1eadn vi\u1ec7c tu\u00e2n th\u1ee7 trong th\u1eddi gian chuy\u1ec3n \u0111\u1ed5i. S\u1ea3n ph\u1ea9m c\u1ee7a b\u1ea1n c\u00f3 th\u1ec3 \u0111\u01b0\u1ee3c ch\u1ee9ng nh\u1eadn l\u00e0 \u201cH\u1eefu c\u01a1 trong chuy\u1ec3n \u0111\u1ed5i\u201d.<\/p>\n\n\n\n<h4 class=\"wp-block-heading has-ast-global-color-8-color has-text-color\"><strong>3. X\u00e1c nh\u1eadn l\u1ecbch s\u1eed \u0111\u1ea5t \u0111ai<\/strong><\/h4>\n\n\n\n<p>Ch\u01b0\u01a1ng tr\u00ecnh n\u00e0y \u00e1p d\u1ee5ng cho c\u00e1c ho\u1ea1t \u0111\u1ed9ng \u0111ang chu\u1ea9n b\u1ecb ch\u1ee9ng nh\u1eadn h\u1eefu c\u01a1 tr\u00ean \u0111\u1ea5t m\u1edbi canh t\u00e1c ho\u1eb7c tr\u00ean \u0111\u1ea5t \u0111\u00e3 b\u1ecb b\u1ecf hoang v\u00e0 kh\u00f4ng \u0111\u01b0\u1ee3c qu\u1ea3n l\u00fd trong nhi\u1ec1u n\u0103m. Trong tr\u01b0\u1eddng h\u1ee3p n\u00e0y, \u0111i\u1ec1u n\u00ean l\u00e0m, th\u1eadm ch\u00ed l\u00e0 b\u1eaft bu\u1ed9c, l\u00e0 ki\u1ec3m tra v\u00e0 x\u00e1c nh\u1eadn l\u1ecbch s\u1eed \u0111\u1ea5t \u0111ai tr\u01b0\u1edbc khi tr\u1ed3ng c\u00e2y tr\u1ed3ng h\u1eefu c\u01a1 l\u1ea7n \u0111\u1ea7u ti\u00ean. SRS c\u00f3 th\u1ec3 ki\u1ec3m tra v\u00e0 c\u1ea5p gi\u1ea5y x\u00e1c nh\u1eadn l\u1ecbch s\u1eed \u0111\u1ea5t \u0111ai \u0111\u1ec3 x\u00e1c nh\u1eadn r\u1eb1ng kh\u00f4ng c\u00f3 ch\u1ea5t c\u1ea5m n\u00e0o \u0111\u01b0\u1ee3c \u00e1p d\u1ee5ng tr\u00ean v\u00f9ng \u0111\u1ea5t m\u00e0 b\u1ea1n d\u1ef1 \u0111\u1ecbnh canh t\u00e1c trong to\u00e0n b\u1ed9 ho\u1eb7c m\u1ed9t ph\u1ea7n th\u1eddi gian chuy\u1ec3n \u0111\u1ed5i.<\/p>\n\n\n\n<h4 class=\"wp-block-heading has-ast-global-color-8-color has-text-color\"><strong>4. X\u00e1c minh tu\u00e2n th\u1ee7 \u0111\u1ea7u v\u00e0o<\/strong><\/h4>\n\n\n\n<p class=\"has-ast-global-color-8-color has-text-color\">If you are a manufacturer of agricultural inputs, such as fertilisers, soil amendments, plant protection substances, etc., SRS may review the description of your input and its processing protocol, inspect your operation and verify your products as suitable \u201cfor use in organic agriculture\u201d, i.e. they are suitable for farms in compliance with the standards you require: Regulation (EU) 2018\/848, NOP Rule (National Organic Program) and\/or Organic JAS (Japanese Agricultural Standard).<\/p>\n\n\n\n<h3 class=\"wp-block-heading has-ast-global-color-8-color has-text-color\">Ki\u1ec3m tra nh\u00e0 cung c\u1ea5p c\u1ee7a SRS<\/h3>\n\n\n\n<p>SRS ch\u00e0o \u0111\u00f3n t\u1ea5t c\u1ea3 nh\u1eefng ng\u01b0\u1eddi ch\u01a1i qu\u1ed1c t\u1ebf trong th\u1ecb tr\u01b0\u1eddng h\u1eefu c\u01a1 mu\u1ed1n thi\u1ebft l\u1eadp m\u1ed1i quan h\u1ec7 kinh doanh v\u1edbi c\u00e1c nh\u00e0 cung c\u1ea5p. Ch\u00fang t\u00f4i cung c\u1ea5p kinh nghi\u1ec7m v\u00e0 chuy\u00ean m\u00f4n c\u1ee7a m\u00ecnh cho vi\u1ec7c ki\u1ec3m tra t\u1ea1i \u0111\u1ecba \u0111i\u1ec3m s\u1ea3n xu\u1ea5t c\u1ee7a nh\u00e0 cung c\u1ea5p c\u1ee7a b\u1ea1n v\u00e0 c\u00e1c \u0111\u1ecba \u0111i\u1ec3m ho\u1ea1t \u0111\u1ed9ng kh\u00e1c. C\u00e1c nh\u00e0 ph\u00e2n ph\u1ed1i s\u1ea3n ph\u1ea9m gi\u00e1 tr\u1ecb gia t\u0103ng bi\u1ebft r\u1eb1ng ch\u1ec9 nh\u00ecn v\u00e0o ch\u1ee9ng nh\u1eadn c\u1ee7a s\u1ea3n ph\u1ea9m kh\u00f4ng nh\u1ea5t thi\u1ebft \u0111\u1ea3m b\u1ea3o ch\u1ea5t l\u01b0\u1ee3ng nh\u01b0 mong \u0111\u1ee3i. SRS cung c\u1ea5p d\u1ecbch v\u1ee5 gi\u00e1m s\u00e1t c\u00e1c ti\u00eau ch\u00ed ch\u1ea5t l\u01b0\u1ee3ng m\u00e0 b\u1ea1n y\u00eau c\u1ea7u. \u0110\u00e2y c\u00f3 th\u1ec3 l\u00e0 ngu\u1ed3n g\u1ed1c, gi\u1ed1ng ho\u1eb7c gi\u1ed1ng \u0111\u01b0\u1ee3c \u0111\u1ea3m b\u1ea3o, x\u00e1c nh\u1eadn truy xu\u1ea5t ngu\u1ed3n g\u1ed1c, ti\u00eau chu\u1ea9n s\u1ea3n xu\u1ea5t c\u1ee5 th\u1ec3, \u0111\u00e1p \u1ee9ng c\u00e1c th\u00f4ng s\u1ed1 v\u1ec7 sinh ho\u1eb7c ch\u1ea5t l\u01b0\u1ee3ng, gi\u00e1m s\u00e1t s\u1ea3n xu\u1ea5t h\u1eefu c\u01a1, \u0111i\u1ec1u ki\u1ec7n lao \u0111\u1ed9ng, s\u1ea3n ph\u1ea9m kh\u00f4ng b\u1ecb \u00f4 nhi\u1ec5m ho\u1eb7c t\u00e0i nguy\u00ean \u0111\u01b0\u1ee3c qu\u1ea3n l\u00fd b\u1ec1n v\u1eefng. Li\u00ean h\u1ec7 v\u1edbi ch\u00fang t\u00f4i b\u1ea5t c\u1ee9 l\u00fac n\u00e0o cho d\u1ecbch v\u1ee5 n\u00e0y.<\/p>\n\n\n\n<p><\/p>","protected":false},"excerpt":{"rendered":"<p>Organic Certification Services SRS Certification GmbH is currently accredited for organic product certification according to the SRS Organic Standard \u2013 equivalent to Regulation (EC) No 834\/2007 and Regulation (EC) No 889\/2008, to Regulation (EU) 2018\/848 in third countries, to NOP (USDA National Organic Program 7 CFR Part 205) and to Organic JAS (Japanese Agricultural Standard). \u2026<\/p>\n<p class=\"read-more\"> <a class=\"\" href=\"https:\/\/srs-certification.com\/vi\/chung-nhan\/\"> <span class=\"screen-reader-text\">Ch\u1ee9ng nh\u1eadn &amp; D\u1ecbch v\u1ee5<\/span> \u0110\u1ecdc th\u00eam &quot;<\/a><\/p>","protected":false},"author":2,"featured_media":0,"parent":0,"menu_order":2,"comment_status":"closed","ping_status":"closed","template":"","meta":{"inline_featured_image":false,"site-sidebar-layout":"default","site-content-layout":"default","ast-global-header-display":"","ast-main-header-display":"","ast-hfb-above-header-display":"","ast-hfb-below-header-display":"","ast-hfb-mobile-header-display":"","site-post-title":"disabled","ast-breadcrumbs-content":"","ast-featured-img":"","footer-sml-layout":"","theme-transparent-header-meta":"","adv-header-id-meta":"","stick-header-meta":"","header-above-stick-meta":"","header-main-stick-meta":"","header-below-stick-meta":"","footnotes":""},"class_list":["post-37","page","type-page","status-publish","hentry"],"_links":{"self":[{"href":"https:\/\/srs-certification.com\/vi\/wp-json\/wp\/v2\/pages\/37","targetHints":{"allow":["GET"]}}],"collection":[{"href":"https:\/\/srs-certification.com\/vi\/wp-json\/wp\/v2\/pages"}],"about":[{"href":"https:\/\/srs-certification.com\/vi\/wp-json\/wp\/v2\/types\/page"}],"author":[{"embeddable":true,"href":"https:\/\/srs-certification.com\/vi\/wp-json\/wp\/v2\/users\/2"}],"replies":[{"embeddable":true,"href":"https:\/\/srs-certification.com\/vi\/wp-json\/wp\/v2\/comments?post=37"}],"version-history":[{"count":5,"href":"https:\/\/srs-certification.com\/vi\/wp-json\/wp\/v2\/pages\/37\/revisions"}],"predecessor-version":[{"id":4667,"href":"https:\/\/srs-certification.com\/vi\/wp-json\/wp\/v2\/pages\/37\/revisions\/4667"}],"wp:attachment":[{"href":"https:\/\/srs-certification.com\/vi\/wp-json\/wp\/v2\/media?parent=37"}],"curies":[{"name":"wp","href":"https:\/\/api.w.org\/{rel}","templated":true}]}}