{"id":42,"date":"2018-03-05T10:41:24","date_gmt":"2018-03-05T09:41:24","guid":{"rendered":"http:\/\/srs-certification.de\/?page_id=42"},"modified":"2024-11-13T13:33:15","modified_gmt":"2024-11-13T12:33:15","slug":"to-chuc-2","status":"publish","type":"page","link":"https:\/\/srs-certification.com\/vi\/chung-nhan\/to-chuc-2\/","title":{"rendered":"H\u1eefu c\u01a1"},"content":{"rendered":"<p class=\"has-ast-global-color-8-color has-text-color\">D\u01b0\u1edbi \u0111\u00e2y l\u00e0 c\u00e1c li\u00ean k\u1ebft \u0111\u1ebfn m\u1ed9t s\u1ed1 ti\u00eau chu\u1ea9n h\u1eefu c\u01a1 \u0111\u01b0\u1ee3c bi\u1ebft \u0111\u1ebfn r\u1ed9ng r\u00e3i v\u00e0 \u0111\u01b0\u1ee3c \u00e1p d\u1ee5ng r\u1ed9ng r\u00e3i.<br>S\u1ea3n ph\u1ea9m \u0111\u01b0\u1ee3c d\u00e1n nh\u00e3n h\u1eefu c\u01a1 t\u1ea1i m\u1ed9t qu\u1ed1c gia (v\u00ed d\u1ee5 M\u1ef9, Nh\u1eadt B\u1ea3n,\u2026) ho\u1eb7c khu v\u1ef1c (v\u00ed d\u1ee5 EU) ph\u1ea3i \u0111\u01b0\u1ee3c s\u1ea3n xu\u1ea5t theo ti\u00eau chu\u1ea9n t\u01b0\u01a1ng \u1ee9ng.<\/p>\n\n\n\n<p class=\"has-ast-global-color-8-color has-text-color\">Ch\u00fang t\u00f4i \u0111\u00e3 cung c\u1ea5p ch\u1ee9ng nh\u1eadn cho c\u00e1c ti\u00eau chu\u1ea9n sau:<\/p>\n\n\n\n<p class=\"has-ast-global-color-8-color has-text-color\"><span style=\"text-decoration: underline;\"><\/span><\/p>\n\n\n\n<div class=\"wp-block-columns is-layout-flex wp-container-core-columns-is-layout-28f84493 wp-block-columns-is-layout-flex\">\n<div class=\"wp-block-column is-layout-flow wp-block-column-is-layout-flow\" style=\"flex-basis:33.33%\">\n<figure class=\"wp-block-image alignleft size-thumbnail is-resized\"><img loading=\"lazy\" decoding=\"async\" width=\"150\" height=\"100\" src=\"https:\/\/srs-certification.com\/wp-content\/uploads\/2018\/06\/EU_Organic_Logo_Colour_rgb-300x200-150x100.gif\" alt=\"\" class=\"wp-image-439\" style=\"width:150px;height:100px\" srcset=\"https:\/\/srs-certification.com\/wp-content\/uploads\/2018\/06\/EU_Organic_Logo_Colour_rgb-300x200-150x100.gif 150w, https:\/\/srs-certification.com\/wp-content\/uploads\/2018\/06\/EU_Organic_Logo_Colour_rgb-300x200-300x200.gif 300w\" sizes=\"auto, (max-width: 150px) 100vw, 150px\" \/><\/figure>\n<\/div>\n\n\n\n<div class=\"wp-block-column is-layout-flow wp-block-column-is-layout-flow\" style=\"flex-basis:66.66%\">\n<p class=\"has-ast-global-color-8-color has-text-color has-link-color wp-elements-aeda7eee7e26392ea442ceed509ba8fb\"><a href=\"https:\/\/ec.europa.eu\/info\/food-farming-fisheries\/farming\/organic-farming\/legislation_en\" target=\"_blank\" rel=\"noreferrer noopener\"><mark style=\"background-color:rgba(0, 0, 0, 0)\" class=\"has-inline-color has-black-color\">EU Organic Regulations<\/mark><\/a>: <a href=\"https:\/\/srs-certification.com\/vi\/srs-tieu-chuan-huu-co-eu-v2-1_3-01-02-2022\/\" target=\"_blank\" rel=\"noreferrer noopener\"><mark style=\"background-color:rgba(0, 0, 0, 0)\" class=\"has-inline-color has-black-color\">Ti\u00eau chu\u1ea9n h\u1eefu c\u01a1 SRS<\/mark><\/a> has been recognised by the EU Commission for offering certification equivalent to the EU organic regulations (Regulation (EC) No 834\/2007 and its implementation rules Regulation (EC) No 889\/2008). We offer this service in all countries listed in <mark style=\"background-color:rgba(0, 0, 0, 0)\" class=\"has-inline-color has-black-color\"><a href=\"https:\/\/srs-certification.com\/vi\/su-cong-nhan\/#EU-Reg-2021-2325\">R<\/a><a href=\"https:\/\/srs-certification.com\/vi\/su-cong-nhan\/#EU-Reg-2021-2325\" target=\"_blank\" rel=\"noreferrer noopener\">egulation (EU) No 2021\/2325<\/a><\/mark>.<\/p>\n\n\n\n<p class=\"has-black-color has-text-color\">As of January 2025, only <a href=\"https:\/\/srs-certification.com\/vi\/su-cong-nhan\/co-quan-lap-phap\/\" data-type=\"link\" data-id=\"https:\/\/srs-certification.com\/accreditations\/legisorg\/\">Regulation (EU) 2018\/848<\/a> will be applicable for third countries. We offer this service in all countries listed in <a href=\"https:\/\/eur-lex.europa.eu\/legal-content\/EN\/TXT\/HTML\/?uri=OJ:L_202402794&amp;qid=1730967041114\">Regulation (EU)\u00a0No\u00a02024\/2794<\/a>. See the\u00a0<a href=\"https:\/\/srs-certification.com\/wp-content\/uploads\/2024\/11\/Extract-S14-Pol3.2-EU-Annex-I-Products-2024-02-05.pdf\">linked table<\/a>\u00a0for products listed in Annex 1 of Regulation (EU) 2018\/848, for which we accept applications for certification.<\/p>\n\n\n\n<p class=\"has-ast-global-color-8-color has-text-color\">Our equivalen<mark style=\"background-color:rgba(0, 0, 0, 0)\" class=\"has-inline-color has-black-color\">t <a href=\"https:\/\/srs-certification.com\/vi\/srs-tieu-chuan-huu-co-eu-v2-1_3-01-02-2022\/\">Ti\u00eau chu\u1ea9n h\u1eefu c\u01a1 SRS<\/a><\/mark> continues to be valid until the end of 2025 for exporters from China and Taiwan to Great Britain.<\/p>\n\n\n\n<p class=\"has-black-color has-text-color\">EU certification involves inspection of your organic operation sites, including subcontractors, certification of organic products and the issuance of transaction documents for organic trade, so-called Certificates of Inspection (CoI).&nbsp;<\/p>\n<\/div>\n\n\n\n<div class=\"wp-block-column is-layout-flow wp-block-column-is-layout-flow\"><\/div>\n<\/div>\n\n\n\n<p><\/p>\n\n\n\n<div class=\"wp-block-columns is-layout-flex wp-container-core-columns-is-layout-28f84493 wp-block-columns-is-layout-flex\">\n<div class=\"wp-block-column is-layout-flow wp-block-column-is-layout-flow\" style=\"flex-basis:33.33%\">\n<figure class=\"wp-block-image alignleft size-thumbnail\"><img loading=\"lazy\" decoding=\"async\" width=\"150\" height=\"100\" src=\"https:\/\/srs-certification.com\/wp-content\/uploads\/2020\/02\/jas_srs_logo_2020-250p-150x100.png\" alt=\"\" class=\"wp-image-2047\" srcset=\"https:\/\/srs-certification.com\/wp-content\/uploads\/2020\/02\/jas_srs_logo_2020-250p-150x100.png 150w, https:\/\/srs-certification.com\/wp-content\/uploads\/2020\/02\/jas_srs_logo_2020-250p.png 250w\" sizes=\"auto, (max-width: 150px) 100vw, 150px\" \/><\/figure>\n<\/div>\n\n\n\n<div class=\"wp-block-column is-layout-flow wp-block-column-is-layout-flow\" style=\"flex-basis:66.66%\">\n<p class=\"has-ast-global-color-8-color has-text-color\">JAS: <a href=\"https:\/\/www.maff.go.jp\/e\/policies\/standard\/specific\/organic_JAS.html\">Ti\u00eau chu\u1ea9n h\u1eefu c\u01a1 Nh\u1eadt B\u1ea3n<\/a><mark style=\"background-color:rgba(0, 0, 0, 0)\" class=\"has-inline-color has-black-color\"> l\u00e0 nh\u1eefng quy \u0111\u1ecbnh d\u00e0nh cho ng\u00e0nh n\u00f4ng nghi\u1ec7p v\u00e0 th\u1ef1c ph\u1ea9m, duy tr\u00ec<\/mark>\u0111\u01b0\u1ee3c Ch\u00ednh ph\u1ee7 Nh\u1eadt B\u1ea3n \u0111\u01b0a ra. N\u00f3 cung c\u1ea5p c\u00e1c ti\u00eau chu\u1ea9n cho c\u00e1c s\u1ea3n ph\u1ea9m h\u1eefu c\u01a1 \u0111\u01b0\u1ee3c ch\u1ee9ng nh\u1eadn cho th\u1ecb tr\u01b0\u1eddng Nh\u1eadt B\u1ea3n. N\u00f3 bao g\u1ed3m m\u1ed9t b\u1ed9 t\u00e0i li\u1ec7u c\u00f3 Th\u00f4ng b\u00e1o v\u1ec1 S\u1ea3n xu\u1ea5t, Ch\u1ebf bi\u1ebfn v\u00e0 \u0110\u00f3ng g\u00f3i l\u1ea1i, c\u0169ng nh\u01b0 Ti\u00eau ch\u00ed K\u1ef9 thu\u1eadt d\u00e0nh cho nh\u00e2n vi\u00ean tham gia v\u00e0o c\u00e1c ho\u1ea1t \u0111\u1ed9ng h\u1eefu c\u01a1 v\u00e0 nhi\u1ec7m v\u1ee5 c\u1ee7a h\u1ecd.<\/p>\n<\/div>\n<\/div>\n\n\n\n<p class=\"has-ast-global-color-8-color has-text-color\"><\/p>\n\n\n\n<div class=\"wp-block-columns is-layout-flex wp-container-core-columns-is-layout-28f84493 wp-block-columns-is-layout-flex\">\n<div class=\"wp-block-column is-layout-flow wp-block-column-is-layout-flow\" style=\"flex-basis:33.33%\">\n<figure class=\"wp-block-image alignleft size-thumbnail\"><img loading=\"lazy\" decoding=\"async\" width=\"150\" height=\"150\" src=\"https:\/\/srs-certification.com\/wp-content\/uploads\/2019\/02\/USDA-Organic-150x150.gif\" alt=\"\" class=\"wp-image-1322\" srcset=\"https:\/\/srs-certification.com\/wp-content\/uploads\/2019\/02\/USDA-Organic-150x150.gif 150w, https:\/\/srs-certification.com\/wp-content\/uploads\/2019\/02\/USDA-Organic-300x300.gif 300w, https:\/\/srs-certification.com\/wp-content\/uploads\/2019\/02\/USDA-Organic-768x768.gif 768w, https:\/\/srs-certification.com\/wp-content\/uploads\/2019\/02\/USDA-Organic-1024x1024.gif 1024w, https:\/\/srs-certification.com\/wp-content\/uploads\/2019\/02\/USDA-Organic-270x270.gif 270w, https:\/\/srs-certification.com\/wp-content\/uploads\/2019\/02\/USDA-Organic-50x50.gif 50w\" sizes=\"auto, (max-width: 150px) 100vw, 150px\" \/><\/figure>\n<\/div>\n\n\n\n<div class=\"wp-block-column is-layout-flow wp-block-column-is-layout-flow\" style=\"flex-basis:66.66%\">\n<p class=\"has-ast-global-color-8-color has-text-color has-link-color wp-elements-6dca1b469dc94fd6d1d2ae12c1ef190f\">NOP\/USDA: Vi\u1ebft t\u1eaft c\u1ee7a <a href=\"https:\/\/www.ecfr.gov\/current\/title-7\/subtitle-B\/chapter-I\/subchapter-M\/part-205?toc=1\" target=\"_blank\" rel=\"noreferrer noopener\">Ch\u01b0\u01a1ng tr\u00ecnh H\u1eefu c\u01a1 Qu\u1ed1c gia 7 CFR Ph\u1ea7n 205<\/a>, m\u1ed9t ch\u01b0\u01a1ng tr\u00ecnh quy \u0111\u1ecbnh c\u1ee7a D\u1ecbch v\u1ee5 Ti\u1ebfp th\u1ecb v\u00e0 N\u00f4ng nghi\u1ec7p c\u1ee7a B\u1ed9 N\u00f4ng nghi\u1ec7p Hoa K\u1ef3 (USDA). NOP ch\u1ecbu tr\u00e1ch nhi\u1ec7m ph\u00e1t tri\u1ec3n v\u00e0 th\u1ef1c thi Ti\u00eau chu\u1ea9n Hoa K\u1ef3 \u0111\u1ed1i v\u1edbi c\u00e1c s\u1ea3n ph\u1ea9m n\u00f4ng nghi\u1ec7p h\u1eefu c\u01a1.<\/p>\n<\/div>\n<\/div>\n\n\n\n<p><\/p>\n\n\n\n<div class=\"wp-block-columns is-layout-flex wp-container-core-columns-is-layout-28f84493 wp-block-columns-is-layout-flex\">\n<div class=\"wp-block-column is-layout-flow wp-block-column-is-layout-flow\" style=\"flex-basis:33.33%\">\n<figure class=\"wp-block-image alignleft size-thumbnail\"><img loading=\"lazy\" decoding=\"async\" width=\"150\" height=\"150\" src=\"https:\/\/srs-certification.com\/wp-content\/uploads\/2020\/02\/\u4e2d\u56fd\u6709\u673aGBT-150x150.png\" alt=\"\" class=\"wp-image-2033\" srcset=\"\" sizes=\"auto, (max-width: 150px) 100vw, 150px\" data-srcset=\"\" \/><\/figure>\n<\/div>\n\n\n\n<div class=\"wp-block-column is-layout-flow wp-block-column-is-layout-flow\" style=\"flex-basis:66.66%\">\n<p class=\"has-ast-global-color-8-color has-text-color has-link-color wp-elements-756ba9fd2fb3074a7ca5b0b0e26435c4\">Trung Qu\u1ed1c<mark style=\"background-color:rgba(0, 0, 0, 0)\" class=\"has-inline-color has-black-color\"> Ti\u00eau chu\u1ea9n s\u1ea3n ph\u1ea9m h\u1eefu c\u01a1 GB\/T 19630-2019<\/mark> ch\u1ee9a c\u00e1c quy t\u1eafc t\u1ea5t c\u1ea3 c\u00e1c s\u1ea3n ph\u1ea9m s\u1ebd \u0111\u01b0\u1ee3c \u0111\u01b0a v\u00e0o th\u1ecb tr\u01b0\u1eddng Trung Qu\u1ed1c d\u01b0\u1edbi d\u1ea1ng h\u1eefu c\u01a1, ph\u1ea3i \u0111\u01b0\u1ee3c s\u1ea3n xu\u1ea5t v\u00e0 ch\u1ee9ng nh\u1eadn. Ch\u00fang t\u00f4i khuy\u00ean b\u1ea1n n\u00ean li\u00ean h\u1ec7 v\u1edbi c\u00f4ng ty ch\u1ecb em c\u1ee7a ch\u00fang t\u00f4i \u2013 &nbsp;<a rel=\"noreferrer noopener\" href=\"http:\/\/srs-cert.com\/\" target=\"_blank\">C\u00f4ng ty TNHH Ch\u1ee9ng nh\u1eadn SRS (Th\u01b0\u1ee3ng H\u1ea3i)<\/a> \u4e0a\u6d77\u65f6\u8fce\u8ba4\u8bc1\u670d\u52a1\u6709\u9650\u516c\u53f8 \u2013 ng\u01b0\u1eddi \u0111\u01b0\u1ee3c c\u00f4ng nh\u1eadn ti\u00eau chu\u1ea9n n\u00e0y, n\u1ebfu b\u1ea1n quan t\u00e2m \u0111\u1ebfn vi\u1ec7c \u0111\u01b0\u1ee3c ch\u1ee9ng nh\u1eadn Ti\u00eau chu\u1ea9n H\u1eefu c\u01a1 Trung Qu\u1ed1c GB\/T 19630-2019.<\/p>\n<\/div>\n<\/div>\n\n\n\n<p><\/p>","protected":false},"excerpt":{"rendered":"<p>D\u01b0\u1edbi \u0111\u00e2y l\u00e0 c\u00e1c li\u00ean k\u1ebft \u0111\u1ebfn m\u1ed9t s\u1ed1 ti\u00eau chu\u1ea9n h\u1eefu c\u01a1 \u0111\u01b0\u1ee3c bi\u1ebft \u0111\u1ebfn r\u1ed9ng r\u00e3i v\u00e0 \u00e1p d\u1ee5ng r\u1ed9ng r\u00e3i. C\u00e1c s\u1ea3n ph\u1ea9m \u0111\u01b0\u1ee3c d\u00e1n nh\u00e3n h\u1eefu c\u01a1 \u1edf m\u1ed9t qu\u1ed1c gia (v\u00ed d\u1ee5: Hoa K\u1ef3, Nh\u1eadt B\u1ea3n,\u2026) ho\u1eb7c khu v\u1ef1c (v\u00ed d\u1ee5: EU) ph\u1ea3i \u0111\u01b0\u1ee3c s\u1ea3n xu\u1ea5t theo ti\u00eau chu\u1ea9n t\u01b0\u01a1ng \u1ee9ng. Ch\u00fang t\u00f4i \u0111\u00e3 cung c\u1ea5p ch\u1ee9ng nh\u1eadn cho c\u00e1c ti\u00eau chu\u1ea9n sau: Quy \u0111\u1ecbnh h\u1eefu c\u01a1 c\u1ee7a EU: Ti\u00eau chu\u1ea9n h\u1eefu c\u01a1 SRS \u0111\u00e3 \u0111\u01b0\u1ee3c c\u00f4ng nh\u1eadn\u2026<\/p>\n<p class=\"read-more\"> <a class=\"\" href=\"https:\/\/srs-certification.com\/vi\/chung-nhan\/to-chuc-2\/\"> <span class=\"screen-reader-text\">H\u1eefu c\u01a1<\/span> \u0110\u1ecdc th\u00eam &quot;<\/a><\/p>","protected":false},"author":5,"featured_media":0,"parent":37,"menu_order":1,"comment_status":"closed","ping_status":"closed","template":"","meta":{"inline_featured_image":false,"site-sidebar-layout":"default","site-content-layout":"default","ast-global-header-display":"","ast-main-header-display":"","ast-hfb-above-header-display":"","ast-hfb-below-header-display":"","ast-hfb-mobile-header-display":"","site-post-title":"disabled","ast-breadcrumbs-content":"","ast-featured-img":"","footer-sml-layout":"","theme-transparent-header-meta":"","adv-header-id-meta":"","stick-header-meta":"","header-above-stick-meta":"","header-main-stick-meta":"","header-below-stick-meta":"","footnotes":""},"class_list":["post-42","page","type-page","status-publish","hentry"],"_links":{"self":[{"href":"https:\/\/srs-certification.com\/vi\/wp-json\/wp\/v2\/pages\/42","targetHints":{"allow":["GET"]}}],"collection":[{"href":"https:\/\/srs-certification.com\/vi\/wp-json\/wp\/v2\/pages"}],"about":[{"href":"https:\/\/srs-certification.com\/vi\/wp-json\/wp\/v2\/types\/page"}],"author":[{"embeddable":true,"href":"https:\/\/srs-certification.com\/vi\/wp-json\/wp\/v2\/users\/5"}],"replies":[{"embeddable":true,"href":"https:\/\/srs-certification.com\/vi\/wp-json\/wp\/v2\/comments?post=42"}],"version-history":[{"count":4,"href":"https:\/\/srs-certification.com\/vi\/wp-json\/wp\/v2\/pages\/42\/revisions"}],"predecessor-version":[{"id":4672,"href":"https:\/\/srs-certification.com\/vi\/wp-json\/wp\/v2\/pages\/42\/revisions\/4672"}],"up":[{"embeddable":true,"href":"https:\/\/srs-certification.com\/vi\/wp-json\/wp\/v2\/pages\/37"}],"wp:attachment":[{"href":"https:\/\/srs-certification.com\/vi\/wp-json\/wp\/v2\/media?parent=42"}],"curies":[{"name":"wp","href":"https:\/\/api.w.org\/{rel}","templated":true}]}}