{"id":44,"date":"2018-03-05T10:41:41","date_gmt":"2018-03-05T09:41:41","guid":{"rendered":"http:\/\/srs-certification.de\/?page_id=44"},"modified":"2026-03-25T14:30:05","modified_gmt":"2026-03-25T13:30:05","slug":"phi-chung-nhan","status":"publish","type":"page","link":"https:\/\/srs-certification.com\/vi\/chung-nhan\/phi-chung-nhan\/","title":{"rendered":"Ph\u00ed ch\u1ee9ng nh\u1eadn"},"content":{"rendered":"<p class=\"has-ast-global-color-8-color has-text-color\">C\u00e1c nh\u00e0 khai th\u00e1c mu\u1ed1n \u0111\u01b0\u1ee3c c\u1ea5p ch\u1ee9ng nh\u1eadn ph\u1ea3i tr\u01b0\u1edbc ti\u00ean ho\u00e0n th\u00e0nh m\u1ed9t <a href=\"https:\/\/srs-certification.com\/vi\/lien-ket-tai-lieu\/\" target=\"_blank\" rel=\"noreferrer noopener\"><span style=\"color: #808080;\"><u><span class=\"has-inline-color has-black-color\">\u0111\u01a1n xin ch\u1ee9ng nh\u1eadn<\/span><\/u><\/span><\/a>. Sau khi SRS xem x\u00e9t nh\u1eefng \u0111i\u1ec1u n\u00e0y, kh\u00e1ch h\u00e0ng s\u1ebd nh\u1eadn \u0111\u01b0\u1ee3c ph\u1ea3n h\u1ed3i v\u00e0 \u01b0u \u0111\u00e3i bao g\u1ed3m danh s\u00e1ch c\u00e1c kho\u1ea3n ph\u00ed \u00e1p d\u1ee5ng.<\/p>\n\n\n\n<p class=\"has-ast-global-color-8-color has-text-color translation-block\">C\u1ee7a ch\u00fang t\u00f4i<span class=\"has-inline-color has-black-color\"> <\/span><span style=\"color: #808080\"><a href=\"https:\/\/srs-certification.com\/vi\/lien-ket-tai-lieu\/\" target=\"_blank\" rel=\"noreferrer noopener\"><span class=\"has-inline-color has-black-color\">ph\u00ed<\/span><\/a><\/span> \u0111\u01b0\u1ee3c t\u00ednh d\u1ef1a tr\u00ean chi ph\u00ed d\u1ecbch v\u1ee5 c\u1ee7a ch\u00fang t\u00f4i, ch\u1eb3ng h\u1ea1n nh\u01b0:<\/p>\n\n\n\n<ul class=\"wp-block-list has-ast-global-color-8-color has-text-color\">\n<li>D\u1ecbch v\u1ee5 d\u00e0nh cho ng\u01b0\u1eddi n\u1ed9p \u0111\u01a1n bao g\u1ed3m \u0111\u00e1nh gi\u00e1 c\u1ee7a M\u00f4 t\u1ea3 D\u1ef1 \u00e1n H\u1eefu c\u01a1;<\/li>\n\n\n\n<li>Ki\u1ec3m tra, bao g\u1ed3m c\u1ea3 ki\u1ec3m tra b\u1ed5 sung kh\u00f4ng b\u00e1o tr\u01b0\u1edbc;<\/li>\n\n\n\n<li>Quy\u1ebft \u0111\u1ecbnh;<\/li>\n\n\n\n<li>Ch\u1ee9ng nh\u1eadn bao g\u1ed3m vi\u1ec7c c\u1ea5p gi\u1ea5y ch\u1ee9ng nh\u1eadn;<\/li>\n\n\n\n<li>C\u00e1c d\u1ecbch v\u1ee5 \u0111\u1eb7c bi\u1ec7t, v\u00ed d\u1ee5 nh\u01b0 \u0111i\u1ec1u tra d\u01b0 l\u01b0\u1ee3ng, x\u1eed l\u00fd khi\u1ebfu n\u1ea1i, ki\u1ec3m tra b\u1ed5 sung, c\u1ea5p gi\u1ea5y ch\u1ee9ng nh\u1eadn b\u1ed5 sung\/s\u1eeda \u0111\u1ed5i bao g\u1ed3m. ch\u1ee9ng ch\u1ec9 giao d\u1ecbch, \u0111\u00e0o t\u1ea1o cho kh\u00e1ch h\u00e0ng.<\/li>\n<\/ul>\n\n\n\n<p class=\"has-ast-global-color-8-color has-text-color\">Ngo\u00e0i c\u00e1c ph\u00ed d\u1ecbch v\u1ee5 \u0111\u01b0\u1ee3c li\u1ec7t k\u00ea \u1edf tr\u00ean, nh\u00e0 \u0111i\u1ec1u h\u00e0nh c\u00f3 tr\u00e1ch nhi\u1ec7m chi tr\u1ea3 c\u00e1c chi ph\u00ed th\u1ef1c t\u1ebf c\u1ee7a:<\/p>\n\n\n\n<ul class=\"wp-block-list has-ast-global-color-8-color has-text-color\">\n<li>\u0110i l\u1ea1i c\u1ee7a thanh tra bao g\u1ed3m. \u0103n, \u1edf;<\/li>\n\n\n\n<li>Ph\u00ed c\u00f3 th\u1ec3 c\u00f3 c\u1ee7a ch\u1ee7 s\u1edf h\u1eefu ti\u00eau chu\u1ea9n.<\/li>\n<\/ul>\n\n\n\n<p><\/p>\n\n\n\n<p class=\"has-ast-global-color-8-color has-text-color\">B\u1eb1ng vi\u1ec7c k\u00fd h\u1ee3p \u0111\u1ed3ng, nh\u00e0 \u0111i\u1ec1u h\u00e0nh \u0111\u1ed3ng \u00fd v\u1edbi l\u1eddi \u0111\u1ec1 ngh\u1ecb v\u00e0 s\u1ebd nh\u1eadn \u0111\u01b0\u1ee3c h\u00f3a \u0111\u01a1n cho t\u1ed5ng chi ph\u00ed \u01b0\u1edbc t\u00ednh. C\u00e1c kho\u1ea3n ph\u00ed n\u00e0y ph\u1ea3i \u0111\u01b0\u1ee3c thanh to\u00e1n \u0111\u1ea7y \u0111\u1ee7 trong v\u00f2ng 14 ng\u00e0y k\u1ec3 t\u1eeb ng\u00e0y nh\u1eadn.<\/p>\n\n\n\n<p class=\"has-ast-global-color-8-color has-text-color\">N\u1ebfu vi\u1ec7c xem x\u00e9t t\u00e0i li\u1ec7u \u0111\u0103ng k\u00fd ho\u1eb7c OPD cho th\u1ea5y ho\u1ea1t \u0111\u1ed9ng kh\u00f4ng th\u1ec3 \u0111\u01b0\u1ee3c ch\u1ee9ng nh\u1eadn nh\u01b0 \u0111\u00e3 tr\u00ecnh b\u00e0y v\u00e0 kh\u00f4ng th\u1ec3 ch\u1ec9 \u0111\u1ecbnh ki\u1ec3m tra n\u00e0o th\u00ec SRS s\u1ebd ho\u00e0n tr\u1ea3 s\u1ed1 ti\u1ec1n \u0111\u00e3 tr\u1ea3, ngo\u1ea1i tr\u1eeb ph\u00ed \u0111\u0103ng k\u00fd v\u00e0 ph\u00ed \u0111\u00e1nh gi\u00e1 OPD.<\/p>\n\n\n\n<p class=\"has-ast-global-color-8-color has-text-color\">\u0110\u1ed1i v\u1edbi c\u00e1c cu\u1ed9c ki\u1ec3m tra b\u1ed5 sung v\u00e0 th\u1eed nghi\u1ec7m b\u1ed5 sung, kh\u00e1ch h\u00e0ng s\u1ebd nh\u1eadn \u0111\u01b0\u1ee3c th\u00f4ng b\u00e1o k\u00e8m theo \u01b0\u1edbc t\u00ednh chi ph\u00ed v\u00e0 h\u00f3a \u0111\u01a1n ph\u1ea3i \u0111\u01b0\u1ee3c thanh to\u00e1n trong v\u00f2ng 4 tu\u1ea7n. C\u00e1c cu\u1ed9c ki\u1ec3m tra b\u1ed5 sung ti\u1ebfp theo sau nh\u1eefng h\u00e0nh vi kh\u00f4ng tu\u00e2n th\u1ee7, khi\u1ebfu n\u1ea1i ho\u1eb7c \u0111i\u1ec1u tra nghi\u00eam tr\u1ecdng s\u1ebd \u0111\u01b0\u1ee3c l\u1eadp h\u00f3a \u0111\u01a1n tr\u01b0\u1edbc cu\u1ed9c ki\u1ec3m tra b\u1ed5 sung v\u00e0 s\u1ebd \u0111\u01b0\u1ee3c thanh to\u00e1n ngay l\u1eadp t\u1ee9c.<\/p>\n\n\n\n<p class=\"has-ast-global-color-8-color has-text-color\">C\u00e1c cu\u1ed9c ki\u1ec3m tra b\u1ed5 sung \u0111\u01b0\u1ee3c l\u1ef1a ch\u1ecdn ng\u1eabu nhi\u00ean kh\u00f4ng b\u00e1o tr\u01b0\u1edbc \u0111\u1ec1u mi\u1ec5n ph\u00ed.<\/p>\n\n\n\n<p class=\"has-ast-global-color-8-color has-text-color\">N\u1ebfu ph\u00ed thay \u0111\u1ed5i ho\u1eb7c khi c\u00f3 thay \u0111\u1ed5i t\u1eeb ph\u00eda nh\u00e0 \u0111i\u1ec1u h\u00e0nh, d\u1ef1 to\u00e1n chi ph\u00ed cho vi\u1ec7c gia h\u1ea1n ch\u1ee9ng nh\u1eadn h\u00e0ng n\u0103m s\u1ebd \u0111\u01b0\u1ee3c g\u1eedi \u0111\u1ebfn nh\u00e0 \u0111i\u1ec1u h\u00e0nh. N\u1ebfu kh\u00f4ng c\u00f3 thay \u0111\u1ed5i v\u1ec1 ph\u00ed x\u1ea3y ra, l\u1ec7nh thanh to\u00e1n s\u1ebd \u0111\u01b0\u1ee3c g\u1eedi \u0111i. Th\u1eddi h\u1ea1n thanh to\u00e1n s\u1ebd \u0111\u01b0\u1ee3c ch\u1ec9 \u0111\u1ecbnh v\u00e0 th\u1ef1c thi.<\/p>","protected":false},"excerpt":{"rendered":"<p>Operators wishing to be certified must first complete an application for certification. Once these have been reviewed by SRS, the client will receive feedback and the offer including a list of applicable fees. Our fees are based on the cost of our services, such as: In addition to the above listed service fees, the operator &hellip;<\/p>\n<p class=\"read-more\"> <a class=\"\" href=\"https:\/\/srs-certification.com\/vi\/chung-nhan\/phi-chung-nhan\/\"> <span class=\"screen-reader-text\">Ph\u00ed ch\u1ee9ng nh\u1eadn<\/span> \u0110\u1ecdc th\u00eam &quot;<\/a><\/p>","protected":false},"author":2,"featured_media":0,"parent":37,"menu_order":6,"comment_status":"closed","ping_status":"closed","template":"","meta":{"inline_featured_image":false,"site-sidebar-layout":"default","site-content-layout":"default","ast-global-header-display":"","ast-main-header-display":"","ast-hfb-above-header-display":"","ast-hfb-below-header-display":"","ast-hfb-mobile-header-display":"","site-post-title":"disabled","ast-breadcrumbs-content":"","ast-featured-img":"","footer-sml-layout":"","theme-transparent-header-meta":"","adv-header-id-meta":"","stick-header-meta":"","header-above-stick-meta":"","header-main-stick-meta":"","header-below-stick-meta":"","footnotes":""},"class_list":["post-44","page","type-page","status-publish","hentry"],"_links":{"self":[{"href":"https:\/\/srs-certification.com\/vi\/wp-json\/wp\/v2\/pages\/44","targetHints":{"allow":["GET"]}}],"collection":[{"href":"https:\/\/srs-certification.com\/vi\/wp-json\/wp\/v2\/pages"}],"about":[{"href":"https:\/\/srs-certification.com\/vi\/wp-json\/wp\/v2\/types\/page"}],"author":[{"embeddable":true,"href":"https:\/\/srs-certification.com\/vi\/wp-json\/wp\/v2\/users\/2"}],"replies":[{"embeddable":true,"href":"https:\/\/srs-certification.com\/vi\/wp-json\/wp\/v2\/comments?post=44"}],"version-history":[{"count":7,"href":"https:\/\/srs-certification.com\/vi\/wp-json\/wp\/v2\/pages\/44\/revisions"}],"predecessor-version":[{"id":4906,"href":"https:\/\/srs-certification.com\/vi\/wp-json\/wp\/v2\/pages\/44\/revisions\/4906"}],"up":[{"embeddable":true,"href":"https:\/\/srs-certification.com\/vi\/wp-json\/wp\/v2\/pages\/37"}],"wp:attachment":[{"href":"https:\/\/srs-certification.com\/vi\/wp-json\/wp\/v2\/media?parent=44"}],"curies":[{"name":"wp","href":"https:\/\/api.w.org\/{rel}","templated":true}]}}