{"id":46,"date":"2018-03-05T10:42:00","date_gmt":"2018-03-05T09:42:00","guid":{"rendered":"http:\/\/srs-certification.de\/?page_id=46"},"modified":"2026-03-25T14:30:43","modified_gmt":"2026-03-25T13:30:43","slug":"quyen-va-nghia-vu","status":"publish","type":"page","link":"https:\/\/srs-certification.com\/vi\/chung-nhan\/quyen-va-nghia-vu\/","title":{"rendered":"Quy\u1ec1n &amp; Ngh\u0129a v\u1ee5"},"content":{"rendered":"<p class=\"has-ast-global-color-8-color has-text-color\">Sau khi h\u1ee3p \u0111\u1ed3ng ch\u1ee9ng nh\u1eadn \u0111\u00e3 \u0111\u01b0\u1ee3c k\u00fd k\u1ebft, c\u00e1c b\u00ean (nh\u00e0 \u0111i\u1ec1u h\u00e0nh &amp; SRS) c\u00f3 c\u00e1c ngh\u0129a v\u1ee5 v\u00e0 quy\u1ec1n l\u1ee3i sau:<\/p>\n\n\n\n<p class=\"has-ast-global-color-8-color has-text-color\"><strong>Nhi\u1ec7m v\u1ee5 c\u1ee7a SRS bao g\u1ed3m:<\/strong><\/p>\n\n\n\n<ul class=\"wp-block-list has-ast-global-color-8-color has-text-color\">\n<li>x\u00e1c minh s\u1ef1 tu\u00e2n th\u1ee7 c\u1ee7a ng\u01b0\u1eddi v\u1eadn h\u00e0nh \u0111\u1ed1i v\u1edbi c\u00e1c ti\u00eau chu\u1ea9n \u0111\u00e3 ch\u1ecdn;<\/li>\n\n\n\n<li>th\u1ef1c hi\u1ec7n ki\u1ec3m tra h\u00e0ng n\u0103m v\u00e0 ki\u1ec3m tra b\u1ed5 sung, n\u1ebfu c\u00f3;<\/li>\n\n\n\n<li>thu\u00ea thanh tra vi\u00ean c\u00f3 n\u0103ng l\u1ef1c v\u00e0 \u0111\u00e1ng tin c\u1eady;<\/li>\n\n\n\n<li>gi\u1ea3i quy\u1ebft khi\u1ebfu n\u1ea1i; V\u00e0<\/li>\n\n\n\n<li>xu\u1ea5t b\u1ea3n v\u00e0 th\u00f4ng b\u00e1o cho nh\u00e0 \u0111i\u1ec1u h\u00e0nh v\u1ec1 t\u1ea5t c\u1ea3 nh\u1eefng thay \u0111\u1ed5i trong ti\u00eau chu\u1ea9n.<\/li>\n<\/ul>\n\n\n\n<p><\/p>\n\n\n\n<p class=\"has-ast-global-color-8-color has-text-color\"><strong>Nhi\u1ec7m v\u1ee5 c\u1ee7a ng\u01b0\u1eddi v\u1eadn h\u00e0nh bao g\u1ed3m:<\/strong><\/p>\n\n\n\n<ul class=\"wp-block-list has-ast-global-color-8-color has-text-color\">\n<li>l\u00e0m vi\u1ec7c tu\u00e2n th\u1ee7 c\u00e1c ti\u00eau chu\u1ea9n \u0111\u00e3 ch\u1ecdn;<\/li>\n\n\n\n<li>ho\u00e0n th\u00e0nh b\u1ea3n m\u00f4 t\u1ea3 ho\u1ea1t \u0111\u1ed9ng v\u00e0 cung c\u1ea5p th\u00f4ng tin b\u1ed5 sung cho SRS;<\/li>\n\n\n\n<li>cho ph\u00e9p ti\u1ebfn h\u00e0nh ki\u1ec3m tra;<\/li>\n\n\n\n<li>cung c\u1ea5p cho thanh tra vi\u00ean quy\u1ec1n ti\u1ebfp c\u1eadn t\u1ea5t c\u1ea3 c\u00e1c \u0111\u1ecba \u0111i\u1ec3m v\u00e0 nh\u1eefng ng\u01b0\u1eddi tham gia v\u00e0o ho\u1ea1t \u0111\u1ed9ng b\u1ea5t c\u1ee9 l\u00fac n\u00e0o, c\u0169ng nh\u01b0 xu\u1ea5t tr\u00ecnh c\u00e1c t\u00e0i li\u1ec7u c\u1ea7n thi\u1ebft cho thanh tra vi\u00ean;<\/li>\n\n\n\n<li>th\u00f4ng b\u00e1o cho SRS v\u1ec1 b\u1ea5t k\u1ef3 thay \u0111\u1ed5i n\u00e0o trong ho\u1ea1t \u0111\u1ed9ng;<\/li>\n\n\n\n<li>tr\u01b0\u1eddng h\u1ee3p c\u00f3 khi\u1ebfu n\u1ea1i ho\u1eb7c ph\u00e1t hi\u1ec7n kh\u00f4ng tu\u00e2n th\u1ee7 th\u00ec h\u1ee3p t\u00e1c gi\u1ea3i quy\u1ebft.<\/li>\n<\/ul>\n\n\n\n<p><\/p>\n\n\n\n<p class=\"has-ast-global-color-8-color has-text-color\">Hai b\u00ean c\u00f3 quy\u1ec1n ch\u1ea5m d\u1ee9t h\u1ee3p \u0111\u1ed3ng n\u1ebfu m\u1ed9t trong hai b\u00ean kh\u00f4ng ho\u00e0n th\u00e0nh ngh\u0129a v\u1ee5 c\u1ee7a m\u00ecnh.<\/p>\n\n\n\n<p class=\"has-ast-global-color-8-color has-text-color\"><\/p>\n\n\n\n<p class=\"has-ast-global-color-8-color has-text-color\">Th\u00f4ng tin chi ti\u1ebft h\u01a1n v\u1ec1 quy\u1ec1n v\u00e0 ngh\u0129a v\u1ee5 \u0111\u01b0\u1ee3c n\u00eau trong\u00a0<span class=\"has-inline-color has-black-color\"><a href=\"https:\/\/srs-certification.com\/vi\/lien-ket-tai-lieu\/\" target=\"_blank\" rel=\"noreferrer noopener\">H\u1ee3p \u0111\u1ed3ng ch\u1ee9ng nh\u1eadn SRS<\/a>, Cung c\u1ea5p theo y\u00eau c\u1ea7u. Xin vui l\u00f2ng g\u1eedi email:\u00a0<a href=\"mailto:info@srs-certification.com\">info@srscert-global.com<\/a><\/span><\/p>\n\n\n\n<p><\/p>","protected":false},"excerpt":{"rendered":"<p>Once a certification contract has been signed, the parties (the operator &amp; SRS) have the following duties and rights: SRS\u2019 duties include: The operator\u2019s duties include: Both parties have the right to terminate the contract, should either party not fullfill their duties. Further details regarding rights and duties are contained in the\u00a0SRS Certification\u00a0Contract, available upon &hellip;<\/p>\n<p class=\"read-more\"> <a class=\"\" href=\"https:\/\/srs-certification.com\/vi\/chung-nhan\/quyen-va-nghia-vu\/\"> <span class=\"screen-reader-text\">Quy\u1ec1n &amp; Ngh\u0129a v\u1ee5<\/span> \u0110\u1ecdc th\u00eam &quot;<\/a><\/p>","protected":false},"author":2,"featured_media":0,"parent":37,"menu_order":7,"comment_status":"closed","ping_status":"closed","template":"","meta":{"inline_featured_image":false,"site-sidebar-layout":"default","site-content-layout":"default","ast-global-header-display":"","ast-main-header-display":"","ast-hfb-above-header-display":"","ast-hfb-below-header-display":"","ast-hfb-mobile-header-display":"","site-post-title":"disabled","ast-breadcrumbs-content":"","ast-featured-img":"","footer-sml-layout":"","theme-transparent-header-meta":"","adv-header-id-meta":"","stick-header-meta":"","header-above-stick-meta":"","header-main-stick-meta":"","header-below-stick-meta":"","footnotes":""},"class_list":["post-46","page","type-page","status-publish","hentry"],"_links":{"self":[{"href":"https:\/\/srs-certification.com\/vi\/wp-json\/wp\/v2\/pages\/46","targetHints":{"allow":["GET"]}}],"collection":[{"href":"https:\/\/srs-certification.com\/vi\/wp-json\/wp\/v2\/pages"}],"about":[{"href":"https:\/\/srs-certification.com\/vi\/wp-json\/wp\/v2\/types\/page"}],"author":[{"embeddable":true,"href":"https:\/\/srs-certification.com\/vi\/wp-json\/wp\/v2\/users\/2"}],"replies":[{"embeddable":true,"href":"https:\/\/srs-certification.com\/vi\/wp-json\/wp\/v2\/comments?post=46"}],"version-history":[{"count":6,"href":"https:\/\/srs-certification.com\/vi\/wp-json\/wp\/v2\/pages\/46\/revisions"}],"predecessor-version":[{"id":4907,"href":"https:\/\/srs-certification.com\/vi\/wp-json\/wp\/v2\/pages\/46\/revisions\/4907"}],"up":[{"embeddable":true,"href":"https:\/\/srs-certification.com\/vi\/wp-json\/wp\/v2\/pages\/37"}],"wp:attachment":[{"href":"https:\/\/srs-certification.com\/vi\/wp-json\/wp\/v2\/media?parent=46"}],"curies":[{"name":"wp","href":"https:\/\/api.w.org\/{rel}","templated":true}]}}